{"id":3348,"date":"2023-10-17T20:06:00","date_gmt":"2023-10-17T23:06:00","guid":{"rendered":"https:\/\/hificlub.com.br\/loja2\/produto\/bw-asw608-8-200-watts\/"},"modified":"2026-03-03T22:20:46","modified_gmt":"2026-03-04T01:20:46","slug":"bw-asw608-8-200-watts","status":"publish","type":"product","link":"https:\/\/hificlub.com.br\/loja\/produto\/bw-asw608-8-200-watts\/","title":{"rendered":"B&#038;W ASW608  8&#8243;  200 Watts"},"content":{"rendered":"<p>Estado de conserva\u00e7\u00e3o: Novo<strong><br \/>\n<\/strong><\/p>\n<p>Para um grande som em espa\u00e7os menores, voc\u00ea n\u00e3o pode bater o ASW608, o mais compacto dos subwoofers da s\u00e9rie 600.<\/p>\n<p>O Bowers &amp; Wilkins ASW608 \u00e9 a prova de que voc\u00ea n\u00e3o precisa de um subwoofer enorme para desfrutar de graves s\u00f3lidos.\u00a0Com menos de um p\u00e9 c\u00fabico de volume, este subwoofer compacto \u00e9 ideal para salas pequenas e m\u00e9dias, onde voc\u00ea deseja graves precisos e responsivos para m\u00fasica e filmes.<\/p>\n<p>O ASW608 possui um woofer de disparo frontal de 8&#8243; que \u00e9 acionado por um amplificador RMS de 200 watts. \u00c9 um complemento ideal para os alto-falantes de estante e de ch\u00e3o da s\u00e9rie Bowers &amp; Wilkins 600.<\/p>\n<table class=\"specTable\">\n<tbody>\n<tr class=\"odd\">\n<td>Model<\/td>\n<td>ASW608<\/td>\n<\/tr>\n<tr>\n<td>Drive unit<\/td>\n<td>200mm (8in) paper \/ Kevlar\u00ae cone long-throw<\/td>\n<\/tr>\n<tr class=\"odd\">\n<td>Power output<\/td>\n<td>200W<\/td>\n<\/tr>\n<tr>\n<td>Rated power consumption<\/td>\n<td>40W<\/td>\n<\/tr>\n<tr class=\"odd\">\n<td>Standby power consumption<\/td>\n<td>0.5W<\/td>\n<\/tr>\n<tr>\n<td>Input impedance<\/td>\n<td>33k<\/td>\n<\/tr>\n<tr class=\"odd\">\n<td>Signal \/ noise<\/td>\n<td>&gt;90dB<\/td>\n<\/tr>\n<tr>\n<td>Functions<\/td>\n<td>Volume level \u2013 line in<br \/>\nVolume level \u2013 speaker in<br \/>\nLow-pass filter frequency<br \/>\nLow-pass filter bypass (line in only)<br \/>\nBass extension<br \/>\nBass roll-off alignment<br \/>\nAuto sense on\/standby<br \/>\nPhase switch<\/td>\n<\/tr>\n<\/tbody>\n<\/table>\n<div class=\"col\">\n<table class=\"specTable\">\n<tbody>\n<tr class=\"odd\">\n<td>Inputs<\/td>\n<td>Stereo Line In (RCA Phono)<br \/>\nSpeaker In (Binding post)<br \/>\n12v trigger (3.5mm jack)<\/td>\n<\/tr>\n<tr>\n<td>Height<\/td>\n<td>260mm (10.2in) not including feet<\/td>\n<\/tr>\n<tr class=\"odd\">\n<td>Width<\/td>\n<td>260mm (10.2in)<\/td>\n<\/tr>\n<tr>\n<td>Depth<\/td>\n<td>330mm (13in) including grille and controls<\/td>\n<\/tr>\n<\/tbody>\n<\/table>\n<\/div>\n","protected":false},"excerpt":{"rendered":"<p>Estado de conserva\u00e7\u00e3o: Novo Para um grande som em espa\u00e7os menores, voc\u00ea n\u00e3o pode bater o ASW608, o mais compacto dos subwoofers da s\u00e9rie 600. O Bowers &amp; Wilkins ASW608 \u00e9 a prova de que voc\u00ea n\u00e3o precisa de um subwoofer enorme para desfrutar de graves s\u00f3lidos.\u00a0Com menos de um p\u00e9 c\u00fabico de volume, este [&hellip;]<\/p>\n","protected":false},"featured_media":4698,"template":"","meta":{"_acf_changed":false},"product_brand":[],"product_cat":[19,17,36],"product_tag":[],"class_list":{"0":"post-3348","1":"product","2":"type-product","3":"status-publish","4":"has-post-thumbnail","6":"product_cat-bw","7":"product_cat-caixas","8":"product_cat-subwoofer","10":"first","11":"instock","12":"sold-individually","13":"shipping-taxable","14":"product-type-simple"},"acf":[],"aioseo_notices":[],"_links":{"self":[{"href":"https:\/\/hificlub.com.br\/loja\/wp-json\/wp\/v2\/product\/3348","targetHints":{"allow":["GET"]}}],"collection":[{"href":"https:\/\/hificlub.com.br\/loja\/wp-json\/wp\/v2\/product"}],"about":[{"href":"https:\/\/hificlub.com.br\/loja\/wp-json\/wp\/v2\/types\/product"}],"wp:featuredmedia":[{"embeddable":true,"href":"https:\/\/hificlub.com.br\/loja\/wp-json\/wp\/v2\/media\/4698"}],"wp:attachment":[{"href":"https:\/\/hificlub.com.br\/loja\/wp-json\/wp\/v2\/media?parent=3348"}],"wp:term":[{"taxonomy":"product_brand","embeddable":true,"href":"https:\/\/hificlub.com.br\/loja\/wp-json\/wp\/v2\/product_brand?post=3348"},{"taxonomy":"product_cat","embeddable":true,"href":"https:\/\/hificlub.com.br\/loja\/wp-json\/wp\/v2\/product_cat?post=3348"},{"taxonomy":"product_tag","embeddable":true,"href":"https:\/\/hificlub.com.br\/loja\/wp-json\/wp\/v2\/product_tag?post=3348"}],"curies":[{"name":"wp","href":"https:\/\/api.w.org\/{rel}","templated":true}]}}