{"id":3272,"date":"2023-10-17T20:05:41","date_gmt":"2023-10-17T23:05:41","guid":{"rendered":"https:\/\/hificlub.com.br\/loja2\/produto\/rega-aria-v2-mm-mc-phono-stage\/"},"modified":"2026-03-03T22:20:46","modified_gmt":"2026-03-04T01:20:46","slug":"rega-aria-v2-mm-mc-phono-stage","status":"publish","type":"product","link":"https:\/\/hificlub.com.br\/loja\/produto\/rega-aria-v2-mm-mc-phono-stage\/","title":{"rendered":"REGA ARIA V2  MM MC PHONO STAGE"},"content":{"rendered":"<p><strong>\u00a0<\/strong><\/p>\n<p>O Aria \u00e9 um \u201camplificador totalmente anal\u00f3gico\u201d sem circuitos de controle digital.\u00a0A caixa totalmente em alum\u00ednio protege o circuito interno de quaisquer sinais RFI dispersos.\u00a0Nossos designers evitaram incluir dispositivos sup\u00e9rfluos, pois obstruem o caminho do sinal e degradam a qualidade do som.\u00a0O Aria incorpora muitas id\u00e9ias de design inovadoras, incluindo um servocontrole auto-ajust\u00e1vel para manter o circuito de entrada MC em sua melhor forma, compensando quaisquer varia\u00e7\u00f5es na temperatura ambiente ou operacional.<\/p>\n<p>Ambos os est\u00e1gios t\u00eam seus pr\u00f3prios soquetes de entrada separados e circuitos de pr\u00e9-amplificador de entrada.\u00a0Isso nos permitiu projetar circuitos de entrada sob medida para cada tipo de cartucho sem compromisso.\u00a0A comuta\u00e7\u00e3o do sinal \u00e9 realizada em alto n\u00edvel e baixa imped\u00e2ncia (atrav\u00e9s de rel\u00e9s), garantindo que n\u00e3o haja degrada\u00e7\u00e3o do sinal.<\/p>\n<p class=\"heading-5 uppercase\">CARACTER\u00cdSTICAS PRINCIPAIS<\/p>\n<ul class=\"bullet-list green-bullets\">\n<li>Est\u00e1gio MC e MM comut\u00e1vel de alto desempenho<\/li>\n<li>Palco MC totalmente ajust\u00e1vel<\/li>\n<li>A entrada MC usa FETs de baixo ru\u00eddo conectados em paralelo<\/li>\n<li>A entrada MM usa transistores bipolares de baixo ru\u00eddo<\/li>\n<li>Caso projetado sob medida<\/li>\n<li>Todos amplificador anal\u00f3gico<\/li>\n<li>Circuitos de entrada sob medida para MM e MC<\/li>\n<li><a id=\"n6u8c7-smooth-scroll\" href=\"https:\/\/www-rega-co-uk.translate.goog\/products\/aria-mk3?_x_tr_sl=en&amp;_x_tr_tl=pt&amp;_x_tr_hl=pt-BR&amp;_x_tr_pto=sc#lifetime-warranty\" data-smooth-scroll=\"q84dl2-smooth-scroll\">Garantia vital\u00edcia<\/a>\u00a0contra defeitos de fabrica\u00e7\u00e3o<\/li>\n<li>Design e recursos do palco MM\n<p>A entrada MM usa transistores de entrada bipolar de baixo ru\u00eddo tamb\u00e9m configurados como um par composto.\u00a0Existem duas fontes de alimenta\u00e7\u00e3o separadas para cada canal e outras fontes de alimenta\u00e7\u00e3o secund\u00e1rias para cada um dos circuitos de entrada de baixo ru\u00eddo.\u00a0Os capacitores eletrol\u00edticos Nichicon FG foram usados \u200b\u200bem posi\u00e7\u00f5es cr\u00edticas em todas as fontes de alimenta\u00e7\u00e3o.\u00a0Capacitores de polipropileno t\u00eam sido usados \u200b\u200bno caminho do sinal e nas redes de equaliza\u00e7\u00e3o.\u00a0Circuitos discretos s\u00e3o usados \u200b\u200bem todo o caminho do sinal, garantindo o controle total do projeto do circuito.<\/li>\n<li>Design e recursos do palco do MC\n<p>A entrada MC usa FETs (transistores de efeito de campo) conectados em paralelo e de baixo ru\u00eddo configurados como um par composto.\u00a0O uso de transistores FET garante que n\u00e3o haja corrente de polariza\u00e7\u00e3o fluindo na bobina do cartucho para n\u00e3o perturbar a delicada geometria magn\u00e9tica do cartucho.\u00a0A entrada MC tem a possibilidade de selecionar carga de entrada resistiva de 70 \u03a9 a 400 \u03a9 e carga capacitiva de 1000 pF a 4200 pF.\u00a0A sensibilidade de entrada pode ser alterada em 6 dB atrav\u00e9s do painel traseiro.<\/li>\n<li>\n<p class=\"heading-5 uppercase\">ESPECIFICA\u00c7\u00d5ES T\u00c9CNICAS<\/p>\n<dl class=\"dl-ruled dl-ruled--specs\">\n<dt>N\u00edvel m\u00e1ximo de sa\u00edda<\/dt>\n<dd>11 V RMS<\/dd>\n<dt>N\u00edvel de sa\u00edda nominal<\/dt>\n<dd>200 mV<\/dd>\n<dt>Resist\u00eancia de sa\u00edda<\/dt>\n<dd>100\u03a9<\/dd>\n<dt>Resist\u00eancia de sa\u00edda m\u00ednima para -3 dB @ 15Hz<\/dt>\n<dd>1k<\/dd>\n<dt>Consumo de energia<\/dt>\n<dd>10 W<\/dd>\n<dt>Temperatura ambiente de opera\u00e7\u00e3o<\/dt>\n<dd>5 a 35\u00b0C<\/dd>\n<dt>Dimens\u00f5es (L \u00d7 A \u00d7 P)<\/dt>\n<dd>218 x 78 x 315 mil\u00edmetros<\/dd>\n<dt>Peso<\/dt>\n<dd>3,1Kg<\/dd>\n<\/dl>\n<p class=\"dl-footnote\">Para especifica\u00e7\u00f5es t\u00e9cnicas completas, baixe\u00a0o Manual do Usu\u00e1rio do Aria MK3\u00a0abaixo.<\/p>\n<p class=\"heading-5 uppercase\">CARREGAR CONFIGURA\u00c7\u00d5ES PARA EST\u00c1GIOS MC AJUST\u00c1VEIS<\/p>\n<dl class=\"dl-ruled dl-ruled--specs\">\n<dt>Rega MC Resist\u00eancia de Carga L &amp; R<\/dt>\n<dd>100\u03a9<\/dd>\n<dt>Capacit\u00e2ncia de Carga Rega MC L &amp; R<\/dt>\n<dd>1000 pF<\/dd>\n<dt>Rega MC Ganho L&amp;R<\/dt>\n<dd>69,3 dB 9 (configura\u00e7\u00e3o alta para modelos Rega MC)<\/dd>\n<\/dl>\n<\/li>\n<\/ul>\n","protected":false},"excerpt":{"rendered":"<p>\u00a0 O Aria \u00e9 um \u201camplificador totalmente anal\u00f3gico\u201d sem circuitos de controle digital.\u00a0A caixa totalmente em alum\u00ednio protege o circuito interno de quaisquer sinais RFI dispersos.\u00a0Nossos designers evitaram incluir dispositivos sup\u00e9rfluos, pois obstruem o caminho do sinal e degradam a qualidade do som.\u00a0O Aria incorpora muitas id\u00e9ias de design inovadoras, incluindo um servocontrole auto-ajust\u00e1vel para [&hellip;]<\/p>\n","protected":false},"featured_media":3269,"template":"","meta":{"_acf_changed":false},"product_brand":[],"product_cat":[78,79,55],"product_tag":[],"class_list":{"0":"post-3272","1":"product","2":"type-product","3":"status-publish","4":"has-post-thumbnail","6":"product_cat-analogico-audio","7":"product_cat-pre-de-phono","8":"product_cat-rega","10":"first","11":"instock","12":"sold-individually","13":"shipping-taxable","14":"purchasable","15":"product-type-simple"},"acf":[],"aioseo_notices":[],"_links":{"self":[{"href":"https:\/\/hificlub.com.br\/loja\/wp-json\/wp\/v2\/product\/3272","targetHints":{"allow":["GET"]}}],"collection":[{"href":"https:\/\/hificlub.com.br\/loja\/wp-json\/wp\/v2\/product"}],"about":[{"href":"https:\/\/hificlub.com.br\/loja\/wp-json\/wp\/v2\/types\/product"}],"wp:featuredmedia":[{"embeddable":true,"href":"https:\/\/hificlub.com.br\/loja\/wp-json\/wp\/v2\/media\/3269"}],"wp:attachment":[{"href":"https:\/\/hificlub.com.br\/loja\/wp-json\/wp\/v2\/media?parent=3272"}],"wp:term":[{"taxonomy":"product_brand","embeddable":true,"href":"https:\/\/hificlub.com.br\/loja\/wp-json\/wp\/v2\/product_brand?post=3272"},{"taxonomy":"product_cat","embeddable":true,"href":"https:\/\/hificlub.com.br\/loja\/wp-json\/wp\/v2\/product_cat?post=3272"},{"taxonomy":"product_tag","embeddable":true,"href":"https:\/\/hificlub.com.br\/loja\/wp-json\/wp\/v2\/product_tag?post=3272"}],"curies":[{"name":"wp","href":"https:\/\/api.w.org\/{rel}","templated":true}]}}