{"id":3264,"date":"2023-10-17T20:05:39","date_gmt":"2023-10-17T23:05:39","guid":{"rendered":"https:\/\/hificlub.com.br\/loja2\/produto\/focal-sub-600p-12-600-watts\/"},"modified":"2026-03-31T18:20:52","modified_gmt":"2026-03-31T21:20:52","slug":"focal-sub-600p-12-600-watts","status":"publish","type":"product","link":"https:\/\/hificlub.com.br\/loja\/produto\/focal-sub-600p-12-600-watts\/","title":{"rendered":"FOCAL SUB 600P 12&#8243; 600 Watts"},"content":{"rendered":"<p>ESTADO NOVO<\/p>\n<p>Projetado pelos engenheiros da Focal para audi\u00e7\u00e3o Hi-Fi e uso de Home Cinema, o subwoofer Sub 600P\u00a0<strong>completa sua instala\u00e7\u00e3o de \u00e1udio<\/strong>\u00a0fornecendo\u00a0<strong>graves profundos, impactantes e controlados<\/strong>\u00a0.\u00a0Combinado com seu sistema de Home Cinema, sua pot\u00eancia oferece uma imers\u00e3o ainda mais sensacional e realista.<br \/>\nSeu\u00a0<strong>amplificador Classe D de 600 watts<\/strong>\u00a0fornece um driver de alto-falante Polyflex de 11\u00a0<sup>13\/16\u201d<\/sup>\u00a0(30 cm) de di\u00e2metro, um cone mais pesado e r\u00edgido que promove\u00a0<strong>alto manuseio de pot\u00eancia<\/strong>\u00a0.\u00a0Seu design fechado permite evitar qualquer ru\u00eddo de interfer\u00eancia, reproduzindo o sinal sonoro original da forma mais fiel poss\u00edvel.<br \/>\nPor fim, com seu\u00a0<strong>painel frontal com acabamento em preto High Gloss<\/strong>, seu corpo de gabinete em MDF escovado e sua grade magn\u00e9tica, o Sub 600P \u00e9 um complemento\u00a0<strong>moderno e discreto<\/strong>\u00a0para sua sala de audi\u00e7\u00e3o.<\/p>\n<p>Key points<\/p>\n<p>\u2022 Closed subwoofer for faithful reproduction of bass frequencies \u2022 600-watt class-D amplifier \u2022 Polyflex cone: perfect bass impact<\/p>\n<p>Type Active closed subwoofer Speaker driver 12&#8243; (30cm) Polyflex woofer Frequency response at -6dB 26Hz Frequency response (+\/-3dB) 28Hz\u2013270Hz RCA input Right, left LFE Crossover frequency Variable 40Hz-200Hz (LFE) Phase adjustment Phase inverter 0\u00b0\/180\u00b0 Power modes AutoStandby enable\/disable Amplifier power 600W Dynamic (300W RMS) Dimensions (HxWxD) 153\/4\u2033x153\/4\u2033x163\/4\u2033 (400x400x425mm) Weight 46.3lbs (21kg)<\/p>\n","protected":false},"excerpt":{"rendered":"<p>ESTADO NOVO Projetado pelos engenheiros da Focal para audi\u00e7\u00e3o Hi-Fi e uso de Home Cinema, o subwoofer Sub 600P\u00a0completa sua instala\u00e7\u00e3o de \u00e1udio\u00a0fornecendo\u00a0graves profundos, impactantes e controlados\u00a0.\u00a0Combinado com seu sistema de Home Cinema, sua pot\u00eancia oferece uma imers\u00e3o ainda mais sensacional e realista. Seu\u00a0amplificador Classe D de 600 watts\u00a0fornece um driver de alto-falante Polyflex de [&hellip;]<\/p>\n","protected":false},"featured_media":3260,"template":"","meta":{"_acf_changed":false},"product_brand":[],"product_cat":[17,36,143],"product_tag":[],"class_list":{"0":"post-3264","1":"product","2":"type-product","3":"status-publish","4":"has-post-thumbnail","6":"product_cat-caixas","7":"product_cat-subwoofer","8":"product_cat-velodyne","10":"first","11":"instock","12":"sold-individually","13":"shipping-taxable","14":"purchasable","15":"product-type-simple"},"acf":[],"aioseo_notices":[],"_links":{"self":[{"href":"https:\/\/hificlub.com.br\/loja\/wp-json\/wp\/v2\/product\/3264","targetHints":{"allow":["GET"]}}],"collection":[{"href":"https:\/\/hificlub.com.br\/loja\/wp-json\/wp\/v2\/product"}],"about":[{"href":"https:\/\/hificlub.com.br\/loja\/wp-json\/wp\/v2\/types\/product"}],"wp:featuredmedia":[{"embeddable":true,"href":"https:\/\/hificlub.com.br\/loja\/wp-json\/wp\/v2\/media\/3260"}],"wp:attachment":[{"href":"https:\/\/hificlub.com.br\/loja\/wp-json\/wp\/v2\/media?parent=3264"}],"wp:term":[{"taxonomy":"product_brand","embeddable":true,"href":"https:\/\/hificlub.com.br\/loja\/wp-json\/wp\/v2\/product_brand?post=3264"},{"taxonomy":"product_cat","embeddable":true,"href":"https:\/\/hificlub.com.br\/loja\/wp-json\/wp\/v2\/product_cat?post=3264"},{"taxonomy":"product_tag","embeddable":true,"href":"https:\/\/hificlub.com.br\/loja\/wp-json\/wp\/v2\/product_tag?post=3264"}],"curies":[{"name":"wp","href":"https:\/\/api.w.org\/{rel}","templated":true}]}}