{"id":3189,"date":"2023-10-17T20:05:14","date_gmt":"2023-10-17T23:05:14","guid":{"rendered":"https:\/\/hificlub.com.br\/loja2\/produto\/rega-planar-3\/"},"modified":"2026-03-03T22:20:47","modified_gmt":"2026-03-04T01:20:47","slug":"rega-planar-3","status":"publish","type":"product","link":"https:\/\/hificlub.com.br\/loja\/produto\/rega-planar-3\/","title":{"rendered":"REGA PLANAR 3 Toca Disco Belt Drive"},"content":{"rendered":"<p><strong><span style=\"font-size: small\">REGA PLANAR 3<\/span><\/strong><\/p>\n<div class=\"intro\">\n<p>Substituindo o premiado What Hi-Fi?\u00a0Produto do Ano (RP3) nunca seria uma tarefa f\u00e1cil.\u00a0Nossa equipe de designers liderada por Roy Gandy, da Rega, levou dois anos para desenvolver o novo &#8216;Planar 3&#8217; ap\u00f3s o maior redesenho do ic\u00f4nico modelo &#8216;Three&#8217; j\u00e1 visto.\u00a0O &#8216;Planar 3&#8217; \u00e9 um toca-discos completamente novo que transporta apenas dois componentes do modelo RP anterior.<\/p>\n<p>Nossa equipe trabalhou incansavelmente para melhorar todos os aspectos desta plataforma girat\u00f3ria, oferecendo melhor ergonomia, usabilidade e, acima de tudo, desempenho.<\/p>\n<h2 class=\"heading-2\"><span style=\"font-size: small\">O ic\u00f4nico Planar 3<\/span><\/h2>\n<p>A Rega foi pioneira no uso de plintos r\u00edgidos e leves.\u00a0O uso inteligente de n\u00facleo particulado leve com uma pel\u00edcula de resina fen\u00f3lica altamente r\u00edgida tornou-se a base do alto n\u00edvel de desempenho alcan\u00e7ado pela agora ic\u00f4nica linha Planar original.<\/p>\n<p>O novo Planar 3 leva essa filosofia de design para o pr\u00f3ximo n\u00edvel.\u00a0Um pedestal laminado de acr\u00edlico leve refor\u00e7ado usando um novo sistema de suporte duplo aprimorado montado especificamente onde \u00e9 necess\u00e1ria maior rigidez (entre a montagem do bra\u00e7o e o rolamento do cubo principal) que forma um conjunto de \u201cviga tensionada\u201d estruturalmente s\u00f3lido.\u00a0Este design de pedestal r\u00edgido evita a absor\u00e7\u00e3o de energia e resson\u00e2ncia indesejada, o que adicionar\u00e1 distor\u00e7\u00f5es n\u00e3o naturais \u00e0 m\u00fasica.\u00a0Da mesma forma, uma massa mais pesada pode transferir mais energia indesejada, como ru\u00eddo de motor ou rolamento diretamente para o disco rotativo.\u00a0O uso de suspens\u00f3rios em vez da pele completa permite resina fen\u00f3lica de espessura dupla nessas \u00e1reas-chave, ao mesmo tempo em que proporciona maior redu\u00e7\u00e3o de peso ao pedestal, o que aborda diretamente a quest\u00e3o da absor\u00e7\u00e3o de massa e transmiss\u00e3o de energia indesejada.<\/p>\n<h2><span style=\"font-size: small\">Bra\u00e7o RB330<\/span><\/h2>\n<p>O bra\u00e7o RB330 foi projetado usando a mais recente tecnologia 3D CAD &amp; CAM e \u00e9 o culminar de mais de 35 anos de experi\u00eancia em design de bra\u00e7o.\u00a0Apresentando um novo alojamento de rolamento e nosso mais recente tubo de bra\u00e7o projetado usando redistribui\u00e7\u00e3o inteligente de massa, garantem que este bra\u00e7o exiba menos pontos de resson\u00e2ncia poss\u00edvel.\u00a0A estabilidade extrema com movimento quase sem atrito dos novos conjuntos de rolamentos de alta precis\u00e3o garante a coleta de mais informa\u00e7\u00f5es do seu vinil do que nunca.<\/p>\n<h2><span style=\"font-size: small\">Tampa Acrilica<\/span><\/h2>\n<p>Acr\u00edlico de alto brilho, base laminada, apar\u00eancia mais r\u00edgida e amplamente aprimorada, interruptor de energia posicionado ergonomicamente.\u00a0Dispon\u00edvel em tr\u00eas impressionantes acabamentos de alto brilho, preto, branco e vermelho.<\/p>\n<h2><span style=\"font-size: small\">TECNOLOGIA DE CINTA DUPLA<\/span><\/h2>\n<p>Bra\u00e7adeira inferior fen\u00f3lica de 3 mm melhorada e nova cinta superior fen\u00f3lica de pele metalizada.<\/p>\n<h2><span style=\"font-size: small\">CARCA\u00c7A DE ROLAMENTO<\/span><\/h2>\n<p>Rolamento central do cubo principal de lat\u00e3o reprojetado, ajuste e constru\u00e7\u00e3o aprimorados, reduzindo o estresse no pr\u00f3prio rolamento.<\/p>\n<h2><span style=\"font-size: small\">ISOLAMENTO<\/span><\/h2>\n<p>Novo p\u00e9 melhorado para aumentar a estabilidade e reduzir a transfer\u00eancia de vibra\u00e7\u00e3o.<\/p>\n<h2><span style=\"font-size: small\">MOTOR DE 24 V<\/span><\/h2>\n<p>Novo PCB de controle de motor aprimorado com integra\u00e7\u00e3o para a adi\u00e7\u00e3o de\u00a0<a href=\"https:\/\/www-rega-co-uk.translate.goog\/accessories\/neo-psu-mk2?_x_tr_sl=en&amp;_x_tr_tl=pt&amp;_x_tr_hl=pt-BR&amp;_x_tr_pto=sc\">Neo PSU<\/a>\u00a0para mudan\u00e7a eletr\u00f4nica de velocidade e circuito antivibra\u00e7\u00e3o avan\u00e7ado aprimorado (vendido separadamente).<\/p>\n<p>Nova bandeja de cobertura do motor com refrigera\u00e7\u00e3o integrada.<\/p>\n<h2><span style=\"font-size: small\">COBERTURA CONTRA POEIRA<\/span><\/h2>\n<p>Fornecido como tampa padr\u00e3o \/ opcional &#8211; protetores de rodap\u00e9 &#8211; fornecidos para evitar marcas no rodap\u00e9 e mant\u00ea-lo com a melhor apar\u00eancia.<\/p>\n<h2><span style=\"font-size: small\">CONFIGURA\u00c7\u00c3O SIMPLES<\/span><\/h2>\n<p>Guia de in\u00edcio r\u00e1pido multil\u00edngue f\u00e1cil de usar para f\u00e1cil configura\u00e7\u00e3o<\/p>\n<h2><span style=\"font-size: small\">SUB PRATO<\/span><\/h2>\n<p>Subplaca reprojetada, precis\u00e3o aprimorada e rigidez aprimorada.<\/p>\n<h2><span style=\"font-size: small\">PRATO<\/span><\/h2>\n<p>Novo vidro float &#8216;Optiwhite&#8217; borda polida 12 mm \u2013 Maior precis\u00e3o na fabrica\u00e7\u00e3o e apar\u00eancia deslumbrante.<\/p>\n<p>&nbsp;<\/p>\n<h3 class=\"heading-5 uppercase\">ESPECIFICA\u00c7\u00d5ES T\u00c9CNICAS<\/h3>\n<dl class=\"dl-ruled dl-ruled--specs\">\n<dt>Tonearm<\/dt>\n<dd>Bra\u00e7o RB330 de precis\u00e3o montado \u00e0 m\u00e3o<\/dd>\n<dt>Motor<\/dt>\n<dd>Motor de baixo ru\u00eddo 24 V<\/dd>\n<dt>prato<\/dt>\n<dd>borda polida de vidro de 12 mm<\/dd>\n<dt>Conectividade<\/dt>\n<dd>RCA \/ Fono<\/dd>\n<dt>Pot\u00eancia (adicional)<\/dt>\n<dd>Mini DIN para conex\u00e3o com Neo PSU (atualiza\u00e7\u00e3o opcional)<\/dd>\n<dt>Dimens\u00f5es (tampa fechada) (L x A x P)<\/dt>\n<dd>447 x 117 x 360 mm<\/dd>\n<dt>Peso<\/dt>\n<dd>6,0kg<\/dd>\n<\/dl>\n<\/div>\n<p>N\u00e3o acompanha Capsula<\/p>\n","protected":false},"excerpt":{"rendered":"<p>REGA PLANAR 3 Substituindo o premiado What Hi-Fi?\u00a0Produto do Ano (RP3) nunca seria uma tarefa f\u00e1cil.\u00a0Nossa equipe de designers liderada por Roy Gandy, da Rega, levou dois anos para desenvolver o novo &#8216;Planar 3&#8217; ap\u00f3s o maior redesenho do ic\u00f4nico modelo &#8216;Three&#8217; j\u00e1 visto.\u00a0O &#8216;Planar 3&#8217; \u00e9 um toca-discos completamente novo que transporta apenas dois [&hellip;]<\/p>\n","protected":false},"featured_media":26417,"template":"","meta":{"_acf_changed":false},"product_brand":[],"product_cat":[78,55,98],"product_tag":[],"class_list":{"0":"post-3189","1":"product","2":"type-product","3":"status-publish","4":"has-post-thumbnail","6":"product_cat-analogico-audio","7":"product_cat-rega","8":"product_cat-toca-discos","10":"first","11":"instock","12":"sold-individually","13":"shipping-taxable","14":"purchasable","15":"product-type-simple"},"acf":[],"aioseo_notices":[],"_links":{"self":[{"href":"https:\/\/hificlub.com.br\/loja\/wp-json\/wp\/v2\/product\/3189","targetHints":{"allow":["GET"]}}],"collection":[{"href":"https:\/\/hificlub.com.br\/loja\/wp-json\/wp\/v2\/product"}],"about":[{"href":"https:\/\/hificlub.com.br\/loja\/wp-json\/wp\/v2\/types\/product"}],"wp:featuredmedia":[{"embeddable":true,"href":"https:\/\/hificlub.com.br\/loja\/wp-json\/wp\/v2\/media\/26417"}],"wp:attachment":[{"href":"https:\/\/hificlub.com.br\/loja\/wp-json\/wp\/v2\/media?parent=3189"}],"wp:term":[{"taxonomy":"product_brand","embeddable":true,"href":"https:\/\/hificlub.com.br\/loja\/wp-json\/wp\/v2\/product_brand?post=3189"},{"taxonomy":"product_cat","embeddable":true,"href":"https:\/\/hificlub.com.br\/loja\/wp-json\/wp\/v2\/product_cat?post=3189"},{"taxonomy":"product_tag","embeddable":true,"href":"https:\/\/hificlub.com.br\/loja\/wp-json\/wp\/v2\/product_tag?post=3189"}],"curies":[{"name":"wp","href":"https:\/\/api.w.org\/{rel}","templated":true}]}}