{"id":3183,"date":"2023-10-17T20:05:13","date_gmt":"2023-10-17T23:05:13","guid":{"rendered":"https:\/\/hificlub.com.br\/loja2\/produto\/kef-reference-ls50-nocture-amplificada-wireless-bluetooth\/"},"modified":"2026-03-03T22:20:47","modified_gmt":"2026-03-04T01:20:47","slug":"kef-reference-ls50-nocture-amplificada-wireless-bluetooth","status":"publish","type":"product","link":"https:\/\/hificlub.com.br\/loja\/produto\/kef-reference-ls50-nocture-amplificada-wireless-bluetooth\/","title":{"rendered":"KEF LS50 Wireless Black Piano"},"content":{"rendered":"<p>Se\u00e7\u00e3o de \u00c1udioUni-Q Driver Array: Os alto-falantes LS50 possuem a configura\u00e7\u00e3o patenteada do driver KEF Uni-Q, em que o tweeter \u00e9 montado no centro ac\u00fastico do cone de m\u00e9dio porte. Com ambos agindo como uma \u00fanica fonte pontual, o som \u00e9 dispersa amplamente e uniformemente em toda a \u00e1rea de audi\u00e7\u00e3o, permitindo que voc\u00ea experimente imagens est\u00e9reo soberbamente definidas e perfeitamente equilibradas com um amplo \u201csweet spot\u201d. O conjunto de drivers Uni-Q \u00e9 composto por um tweeter de ventila\u00e7\u00e3o em c\u00fapula de alum\u00ednio de 1 \u201ce um woofer de cone de liga de magn\u00e9sio \/ alum\u00ednio de 5,25\u201d.Tweeter de altifalante com ventila\u00e7\u00e3o de alum\u00ednio de 1 \u201c: A geometria do domo do tweeter coincide com a do cone de m\u00e9dio porte para evitar a interrup\u00e7\u00e3o da forma de onda.Aliviando a resposta de alta freq\u00fc\u00eancia, isso ajuda a contabilizar os agudos detalhados e surpreendentemente naturais soar. Tweeter de c\u00fapula ventilada utiliza uma guia de onda de tangerina para incentivar o som a irradiar esf\u00e9rica para dispers\u00e3o mais ampla, mais uniforme para que todos na sala goza da mesma qualidade de som excelente. Um grande ventilador interno impede que as altas press\u00f5es potencialmente distorcidas se acumulem atr\u00e1s da c\u00fapula na regi\u00e3o vocal cr\u00edtica, preservando toda a nuance e detalhes finos do desempenho original.<br \/>\nWoofer de liga de magn\u00e9sio \/ alum\u00ednio de 5,25 \u201d : O woofer de 5,25\u2033 utiliza um cone de liga de magn\u00e9sio \/ alum\u00ednio que \u00e9 leve, r\u00edgido e suave para sons m\u00e9dios de midrange e midbass. Um bem como permitindo que o cone midrange sua extens\u00e3o completa, KEF engenhoso Z-flex surround guia o som do tweeter atrav\u00e9s do surround sem qualquer perturba\u00e7\u00e3o ou radia\u00e7\u00e3o secund\u00e1ria. A resposta de agudos \u00e9 mais clara e mais doce.<br \/>\nNota: O sistema de altifalantes LS50 n\u00e3o inclui grelhas.<br \/>\nConfigura\u00e7\u00e3o de bi-amplificador: O tweeter de ventila\u00e7\u00e3o de c\u00fapula de alum\u00ednio de 1 \u201ce o woofer de liga de magn\u00e9sio \/ alum\u00ednio de 5,25\u201d s\u00e3o alimentados por um incr\u00edvel amplificador de 230 watts limpo e r\u00e1pido em uma configura\u00e7\u00e3o bi-amp dupla mono (200 watts para o woofer e 30 watts para O tweeter) que produz som de alta fidelidade.Nota: Como o sistema de altifalantes sem fios LS50 \u00e9 auto-alimentado, cada altifalante ter\u00e1 de ser ligado a uma tomada de parede CA.<br \/>\nCorre\u00e7\u00e3o de Tempo Avan\u00e7ada DSP: O LS50 Wireless emprega um crossover DSP de corre\u00e7\u00e3o de tempo avan\u00e7ado que corrige os atrasos de tempo inerentes introduzidos no est\u00e1gio de crossover.Gabinete FEA-projetado : O arm\u00e1rio projetado por FEA com sua camada restrita que amortece o refor\u00e7o e o deflector curvado projetado de precis\u00e3o, junto com a porta el\u00edptica flex\u00edvel todo o trabalho no concert para impedir a vibra\u00e7\u00e3o e as resson\u00e2ncias do arm\u00e1rio que produzem a colora\u00e7\u00e3o sadia indesej\u00e1vel para claro, Som livre.Baffle curvo: O defletor curvo \u00e9 dado forma de modo que as ondas sadias espalhadas dos excitadores com reflex\u00e3o m\u00ednima das bordas que d\u00e3o um som spacious muito agrad\u00e1vel. A curvatura tamb\u00e9m melhora a rigidez do defletor que reduz a vibra\u00e7\u00e3o e a colora\u00e7\u00e3o do som.<br \/>\nAmortecimento de Camada Restrita: O amortecimento de camada restrita que est\u00e1 entre a cinta e as paredes do gabinete e tamb\u00e9m o defletor dianteiro, evita que o gabinete vibre e irradie som. Isso ajuda a evitar a colora\u00e7\u00e3o no intervalo m\u00e9dio.<br \/>\nTubo de porta flex\u00edvel: O tubo de porta de queima traseira tem uma parede flex\u00edvel que permite que o som de m\u00e9dio alcance que est\u00e1 viajando abaixo do tubo de porta para escapar de volta para o gabinete e evita resson\u00e2ncias longitudinais; Que pode irradiar de outra forma e causar colora\u00e7\u00e3o de m\u00e9dio porte. O tubo porta tamb\u00e9m tem paredes muito cuidadosamente acinzentado para evitar os ru\u00eddos chuffing que voc\u00ea pode ouvir quando voc\u00ea recebe turbul\u00eancia de ar dentro da porta.<br \/>\nDACs de 24 bits \/ 192kHz: O LS50 Wireless possui um caminho de sinal digital de alta resolu\u00e7\u00e3o de 192 kHz \/ 24 bits de ponta a ponta com dois DACs separados para cada canal, totalizando quatro.Speaker EQ: O sistema de alto-falantes sem fio LS50 fornece um EQ de alto-falante embutido para adaptar o som do sistema \u00e0 coloca\u00e7\u00e3o do alto-falante. Selecione de \u201cDesk\u201d, \u201cStand\u201d, \u201cWall\u201d, ou \u201cFree Space\u201d.Configura\u00e7\u00f5es Avan\u00e7adas de \u00c1udio: Atrav\u00e9s do aplicativo KEF LS50 Wireless para Apple iOS 8.0+ e Android OS 4.1+ voc\u00ea tem acesso a configura\u00e7\u00f5es avan\u00e7adas de \u00e1udio para adaptar habilmente o som do sistema ao seu ambiente e prefer\u00eancia.Ac\u00fastica de Sala: Voc\u00ea pode selecionar o tamanho de seu quarto (Pequeno, M\u00e9dio ou Grande), bem como indicar a configura\u00e7\u00e3o da sala (Damped, Moderate ou Lively). Al\u00e9m disso, voc\u00ea pode indicar at\u00e9 que ponto os alto-falantes s\u00e3o da parede traseira.<br \/>\nBaixo e Agudos: Voc\u00ea ajusta os agudos de -2dB para + 2dB. A extens\u00e3o de graves pode ser definida como Menos, Padr\u00e3o ou Extra. H\u00e1 tamb\u00e9m corre\u00e7\u00e3o de fase entre os dois alto-falantes.<br \/>\nControles Sub: Se voc\u00ea conectar um subwoofer alimentado, voc\u00ea pode ativar um crossover passa-alta vari\u00e1vel (50-120Hz) e passagem baixa (40-250Hz). Voc\u00ea tamb\u00e9m pode ajustar a sub polaridade eo ganho secund\u00e1rio (-10 a +10dB), bem como o equil\u00edbrio entre o subwoofer eo alto-falante.<br \/>\nCabo atado: Os alto-falantes s\u00e3o rotulados \u201cDIREITO\u201d e \u201cESQUERDO\u201d. O cabo 10 \u2018Cat-6 inclu\u00eddo se conecta na parte de tr\u00e1s de cada alto-falante para conect\u00e1-los como um par est\u00e9reo. Voc\u00ea pode definir o equil\u00edbrio entre o alto-falante direito e esquerdo.Sa\u00edda do Subwoofer: O sistema de altifalantes sem fios KEF LS50 est\u00e1 equipado com uma sa\u00edda de subwoofer mono-RCA para ligar um sub alimentado (vendido separadamente).Variedade de FontesConectividade de rede sem fio ou com fio: O sistema de alto-falantes KEF LS50 pode ser conectado \u00e0 sua rede dom\u00e9stica por meio de uma conex\u00e3o com fio (Ethernet) ou sem fio (WiFi). H\u00e1 uma porta Ethernet RJ-45 (10 \/ 100Mbps) na parte traseira do alto-falante que permite uma conex\u00e3o hardwired. Built-in 2,4 \/ 5 GHz dual-band WiFi (802.11 a \/ b \/ g \/ n) permite que o sistema de alto-falante LS50 para conectar sem fio \u00e0 sua rede dom\u00e9stica.Nota: A KEF recomenda a transmiss\u00e3o de ficheiros de m\u00fasica Hi-Res atrav\u00e9s de uma rede WiFi de 5 GHz com uma velocidade de transmiss\u00e3o do router de pelo menos 1300Mbps<br \/>\nCompat\u00edvel com DLNA: O LS50 Wireless \u00e9 um processador de m\u00eddia digital DLNA e pode reproduzir arquivos de m\u00fasica de alta resolu\u00e7\u00e3o (at\u00e9 24 bits \/ 192kHz) de outros servidores DLNA e dispositivos NAS (Network Attached Storage). Os seguintes arquivos de m\u00fasica podem ser transmitidos sem fio via DLNA.Porta USB-B ass\u00edncrona: O sistema de altifalantes sem fios LS50 est\u00e1 equipado com uma porta USB-B ass\u00edncrona para reprodu\u00e7\u00e3o de ficheiros de m\u00fasica PCM de 2 canais (at\u00e9 24 bits \/ 192 kHz) a partir do computador PC Windows (7-up) ou Mac (OSX 10,6-up). Se voc\u00ea estiver usando um PC com Windows, voc\u00ea precisar\u00e1 baixar um driver de \u00e1udio USB dedicado no site da KEF.Nota: Tamb\u00e9m existe uma porta USB-A, mas esta \u00e9 apenas para actualiza\u00e7\u00f5es de servi\u00e7o e software \/ firmware. Ele n\u00e3o pode ser usado para streaming de m\u00fasica.<br \/>\nEntrada Digital \u00d3ptica: O alto-falante sem fio LS50 possui uma entrada digital \u00f3tica (toslink) com suporte para \u00e1udio PCM 2ch (at\u00e9 24 bits \/ 96kHz). A entrada digital \u00f3ptica n\u00e3o suporta Dolby Digital, DTS ou outros formatos multicanal.Entrada est\u00e9reo RCA: O alto-falante sem fio LS50 oferece uma sa\u00edda RCA est\u00e9reo anal\u00f3gica para conex\u00e3o de um dispositivo de fonte de \u00e1udio anal\u00f3gico. Se voc\u00ea quiser conectar uma mesa girat\u00f3ria, voc\u00ea precisar\u00e1 de uma mesa girat\u00f3ria com um pr\u00e9-amplificador phono interno ou um pr\u00e9-amplificador phono externo (vendido separadamente).Bluetooth 4.0: Com o Bluetooth incorporado (vers\u00e3o 4.0), voc\u00ea \u00e9 capaz de transmitir de forma sem fio m\u00fasica armazenada e aplicativos de m\u00fasica de seu iPod \/ iPhone \/ iPad Bluetooth habilitado, smartphone \/ tablet Android, Windows Phone \/ PC, Laptop e outros dispositivos fonte Bluetooth para o alto-falante KEF LS50. Voc\u00ea ainda precisar\u00e1 controlar a reprodu\u00e7\u00e3o de m\u00fasica e exibir informa\u00e7\u00f5es de m\u00fasicas \/ m\u00fasicas de seu dispositivo fonte Bluetooth.AptX: Al\u00e9m de suportar o codec Bluetooth SBC padr\u00e3o, o KEF LS50 oferece suporte para aptX. Com o aptX, voc\u00ea pode transmitir som de qualidade de CD a partir de dispositivos compat\u00edveis com aptX (como o Android OS 4.0+). Agora, sua m\u00fasica sem fio soa rica, completa e natural com menos compacta\u00e7\u00e3o.<br \/>\nSSP: Com SSP (Simple Secure Pairing), os dispositivos de fonte Bluetooth podem ser emparelhados com uma \u00fanica press\u00e3o de um bot\u00e3o e sem digitar o c\u00f3digo PIN. At\u00e9 8 dispositivos podem ser emparelhados com os alto-falantes LS50 e dois dispositivos podem permanecer conectados, mas apenas um dispositivo pode ser reproduzido por vez.<br \/>\nNota: Devido \u00e0s diferen\u00e7as na tecnologia Bluetooth, alguns dispositivos habilitados para Bluetooth podem ser incompat\u00edveis, funcionar incorretamente ou n\u00e3o suportam todos os recursos quando usados ??com o KEF LS50.<br \/>\nRecursos de conveni\u00eanciaPainel Superior e Controle Remoto: O KEF LS50 Wireless possui controles sens\u00edveis ao toque do painel superior para alimenta\u00e7\u00e3o, sele\u00e7\u00e3o de fontes, emparelhamento Bluetooth e volume. O controle remoto IR fornecido fornece opera\u00e7\u00e3o sem fio das mesmas fun\u00e7\u00f5es, al\u00e9m de Play \/ Pause, Previous \/ Next Track e Mute.Aplica\u00e7\u00e3o remota para iOS e Android: O aplicativo KEF LS50 Wireless para Apple iOS 8.0+ e Android OS 4.1+ fornece controles abrangentes e intuitivos para o sistema de alto-falantes sem fio LS50 atrav\u00e9s de seu smartphone ou tablet compat\u00edvel. O aplicativo sem fio KEF LS50 oferece configura\u00e7\u00e3o simples, ajuste de som flex\u00edvel e fluxo de m\u00fasica de seu dispositivo m\u00f3vel compat\u00edvel e \/ ou servidor de m\u00fasica DLNA com controle de reprodu\u00e7\u00e3o completo, informa\u00e7\u00f5es de m\u00fasica \/ artista e arte do \u00e1lbum.Cabos de alimenta\u00e7\u00e3o CA destac\u00e1veis: Cada alto-falante \u00e9 alimentado por corrente dom\u00e9stica padr\u00e3o usando a fonte de alimenta\u00e7\u00e3o interna e um cabo de alimenta\u00e7\u00e3o CA destac\u00e1vel.<\/p>\n<p>Destaques do produto:<br \/>\n?Frequ\u00eancia: 45-28.000 Hz (\u00b1 3 dB)<br \/>\nProjeto bi-amplificado com woofer Classe D separado e amplificadores de tweeter para maior espa\u00e7o livre e menor distor\u00e7\u00e3o<br \/>\nPoder do amplificador do woofer: 200 watts<br \/>\nPot\u00eancia do amplificador do tweeter: 30 watts<br \/>\nA tecnologia Uni-Q Driver Array faz com que todo o seu quarto soe como o \u201csweet spot\u201d<br \/>\nDAC individual de 192kHz \/ 24-bit para cada driver<br \/>\nWoofer de liga de alum\u00ednio \/ magn\u00e9sio de 5-1 \/ 2 \u201c<br \/>\nTweeter de c\u00fapula de alum\u00ednio ventilado de 1 \u201c<br \/>\nSPL m\u00e1ximo: 106 dB<br \/>\nBluetooth\u00ae 4.0 com aptX\u00ae para desempenho de streaming de \u00e1udio de alta qualidade<br \/>\nBuilt-in de banda dupla Wi-Fi \u00ae para streaming de \u00e1udio a partir de dispositivos DLNA em sua rede<br \/>\nControles de processamento de sinais digitais precisos permitem uma \u00f3tima integra\u00e7\u00e3o de salas<br \/>\nAplicativo gratuito para download permite que voc\u00ea fa\u00e7a ajustes precisos de EQ com seu dispositivo Apple\u00ae ou Android \u2122<br \/>\nGabinete bass-reflex com porta traseira el\u00edptica para um baixo preciso e musical<br \/>\nCaixa MDF com elegante defletor dianteiro curvo<br \/>\nConex\u00f5es (localizadas na parte traseira do alto-falante direito):Entrada RCA de n\u00edvel de linha est\u00e9reo<br \/>\nToslink entrada \u00f3ptica digital (aceita sinais at\u00e9 24-bit \/ 96kHz)<br \/>\nEntrada USB tipo B ass\u00edncrona (aceita sinais de at\u00e9 24 bits \/ 192kHz)<br \/>\nEntrada Ethernet 10\/100 Mbps RJ45<br \/>\nSa\u00edda de subwoofer RCA mono<br \/>\nCabo de alimenta\u00e7\u00e3o destac\u00e1velDimens\u00f5es<br \/>\n7-15 \/ 16 \u201cW x 11-13 \/ 16\u201d H x 12-1 \/ 8 \u201cD<br \/>\nPeso: 22 lbs. (Alto-falante esquerdo), 22,5 lbs. (Alto-falante direito)<\/p>\n","protected":false},"excerpt":{"rendered":"<p>Se\u00e7\u00e3o de \u00c1udioUni-Q Driver Array: Os alto-falantes LS50 possuem a configura\u00e7\u00e3o patenteada do driver KEF Uni-Q, em que o tweeter \u00e9 montado no centro ac\u00fastico do cone de m\u00e9dio porte. Com ambos agindo como uma \u00fanica fonte pontual, o som \u00e9 dispersa amplamente e uniformemente em toda a \u00e1rea de audi\u00e7\u00e3o, permitindo que voc\u00ea experimente [&hellip;]<\/p>\n","protected":false},"featured_media":14744,"template":"","meta":{"_acf_changed":false},"product_brand":[],"product_cat":[25,17,152,56],"product_tag":[],"class_list":{"0":"post-3183","1":"product","2":"type-product","3":"status-publish","4":"has-post-thumbnail","6":"product_cat-bookshelf","7":"product_cat-caixas","8":"product_cat-caixas-amplificadas","9":"product_cat-kef","11":"first","12":"instock","13":"sold-individually","14":"shipping-taxable","15":"purchasable","16":"product-type-simple"},"acf":[],"aioseo_notices":[],"_links":{"self":[{"href":"https:\/\/hificlub.com.br\/loja\/wp-json\/wp\/v2\/product\/3183","targetHints":{"allow":["GET"]}}],"collection":[{"href":"https:\/\/hificlub.com.br\/loja\/wp-json\/wp\/v2\/product"}],"about":[{"href":"https:\/\/hificlub.com.br\/loja\/wp-json\/wp\/v2\/types\/product"}],"wp:featuredmedia":[{"embeddable":true,"href":"https:\/\/hificlub.com.br\/loja\/wp-json\/wp\/v2\/media\/14744"}],"wp:attachment":[{"href":"https:\/\/hificlub.com.br\/loja\/wp-json\/wp\/v2\/media?parent=3183"}],"wp:term":[{"taxonomy":"product_brand","embeddable":true,"href":"https:\/\/hificlub.com.br\/loja\/wp-json\/wp\/v2\/product_brand?post=3183"},{"taxonomy":"product_cat","embeddable":true,"href":"https:\/\/hificlub.com.br\/loja\/wp-json\/wp\/v2\/product_cat?post=3183"},{"taxonomy":"product_tag","embeddable":true,"href":"https:\/\/hificlub.com.br\/loja\/wp-json\/wp\/v2\/product_tag?post=3183"}],"curies":[{"name":"wp","href":"https:\/\/api.w.org\/{rel}","templated":true}]}}