{"id":3172,"date":"2023-10-17T20:05:07","date_gmt":"2023-10-17T23:05:07","guid":{"rendered":"https:\/\/hificlub.com.br\/loja2\/produto\/wilson-audio-cub-2\/"},"modified":"2026-01-20T14:27:26","modified_gmt":"2026-01-20T17:27:26","slug":"wilson-audio-cub-2","status":"publish","type":"product","link":"https:\/\/hificlub.com.br\/loja\/produto\/wilson-audio-cub-2\/","title":{"rendered":"WILSON AUDIO CUB 2"},"content":{"rendered":"<p><b><span dir=\"auto\">Descri\u00e7\u00e3o:<\/span><\/b><br \/>\n<span dir=\"auto\">O CUB \u2014 sigla para Center Unitized Bass (Baixo Central Unitizado) \u2014 utiliza um par de woofers de 6,5&#8243; com cone de papel tratado (fabricados pela SEAS) e um tweeter de domo met\u00e1lico invertido. Os woofers parecem ser semelhantes ao driver de m\u00e9dios do Wilson WITT, que por sua vez remete ao woofer do WATT original (posteriormente modificado). \u00c9 evidente que Dave Wilson gosta deste woofer e, a julgar pelo sucesso de seus modelos anteriores, sua confian\u00e7a \u00e9 bem fundamentada. O tweeter possui um design de domo de tit\u00e2nio invertido revestido com di\u00f3xido de tit\u00e2nio, material que, segundo a Focal, amortece eficazmente as resson\u00e2ncias que frequentemente afetam tweeters de domo met\u00e1lico. A Focal, fabricante do tweeter, denomina este material de revestimento de Tioxid.<\/span><\/p>\n<p><span dir=\"auto\">Cada um dos dois woofers \u00e9 montado em seu pr\u00f3prio subpainel separado, ambos localizados logo \u00e0 frente do tweeter central. Esses subpain\u00e9is, feitos de um composto de ultra-alta densidade id\u00eantico ao usado no Wilson X-1 Grand SLAMM, s\u00e3o afilados nas laterais voltadas para o tweeter e possuem um acabamento em preto brilhante que confere \u00e0 caixa ac\u00fastica uma apar\u00eancia \u00fanica e elegante. No entanto, sempre tenho reservas quanto a sali\u00eancias na caixa que possam causar difra\u00e7\u00e3o, mesmo que aqui existam algumas almofadas de espuma bastante finas na \u00e1rea do tweeter para minimizar esse efeito. A \u00fanica justificativa para essa configura\u00e7\u00e3o de tweeter recuado \u00e9 o alinhamento temporal, e somente as medi\u00e7\u00f5es e a audi\u00e7\u00e3o nos dir\u00e3o se o esfor\u00e7o trouxe mais benef\u00edcios do que desvantagens.<\/span><\/p>\n<p><span dir=\"auto\">A conex\u00e3o com o CUB \u00e9 feita atrav\u00e9s de um \u00fanico par de terminais de alta qualidade. Estes s\u00e3o incomuns, pois\u00a0<\/span><i><span dir=\"auto\">s\u00f3<\/span><\/i><span dir=\"auto\">\u00a0podem ser usados \u200b\u200bcom terminais de p\u00e1 ou fios desencapados \u2014 conectores banana n\u00e3o s\u00e3o compat\u00edveis. (A Wilson afirma que isso reflete as regulamenta\u00e7\u00f5es europeias atuais.) A aus\u00eancia de uma op\u00e7\u00e3o de bi-fia\u00e7\u00e3o \u00e9 comum nos alto-falantes da Wilson Audio, mas n\u00e3o se trata de uma medida para reduzir custos; aparentemente, a Wilson n\u00e3o \u00e9 adepta da bi-fia\u00e7\u00e3o, pelo menos n\u00e3o em seus pr\u00f3prios projetos. Um benef\u00edcio \u00f3bvio disso \u00e9 que voc\u00ea pode investir em um \u00fanico par de cabos de alto-falante &#8220;melhor&#8221; em vez de dois pares mais baratos. (Ainda assim, n\u00e3o h\u00e1 garantia de que um conjunto espec\u00edfico de cabos mais caros soar\u00e1 melhor.)<\/span><\/p>\n<p><span dir=\"auto\">Na parte traseira do CUB, existem dois pontos de teste identificados como &#8220;Resistor Test Port High Frequency&#8221; (Porta de Teste de Resistor de Alta Frequ\u00eancia), que servem para diagnosticar problemas no tweeter. Mais especificamente, se voc\u00ea medir aproximadamente 1 ohm entre os pontos de teste, tudo est\u00e1 funcionando corretamente. Caso contr\u00e1rio, um fus\u00edvel resistivo no circuito do tweeter aparentemente queimou e \u00e9 necess\u00e1rio realizar manuten\u00e7\u00e3o. (Em nossas unidades de teste, medi 0,8 ohm entre esses pontos \u2014 bem dentro da faixa &#8220;normal&#8221;.)<\/span><\/p>\n<p><span dir=\"auto\">O gabinete do CUB, com sua estrutura r\u00edgida e extremamente s\u00f3lida, \u00e9 constru\u00eddo com uma combina\u00e7\u00e3o de MDF e materiais compostos sint\u00e9ticos. E pesa 34 kg, ent\u00e3o, a menos que voc\u00ea passe muito tempo na academia, provavelmente precisar\u00e1 de ajuda para mont\u00e1-lo. Aplicar o velho teste de bater com os n\u00f3s dos dedos no gabinete do CUB produziu pouco resultado al\u00e9m de n\u00f3s dos dedos doloridos. Saindo da parte traseira do gabinete, parecendo transformadores que escaparam de um amplificador de alta pot\u00eancia, est\u00e3o dois blocos cinza \u2014 as redes de crossover encapsuladas e blindadas eletromagneticamente.<\/span><\/p>\n<p><span dir=\"auto\">Uma ampla variedade de acabamentos padr\u00e3o e personalizados est\u00e1 dispon\u00edvel; nossas amostras de CUB tinham um acabamento em um bel\u00edssimo folheado de jacarand\u00e1, t\u00e3o liso e polido que minha primeira rea\u00e7\u00e3o foi &#8220;laminado pl\u00e1stico&#8221;. Mas os cantos n\u00e3o revelaram nenhum sinal de acabamento laminado, com raz\u00e3o: este folheado de madeira verdadeira, revestido com uma laca de alto brilho, me lembra muito o acabamento interno de madeira de um Mercedes. O acabamento \u00e9 completamente coberto com uma pel\u00edcula semitransparente na f\u00e1brica, que o protege de arranh\u00f5es durante o manuseio e o transporte. A pel\u00edcula deve ser removida; Wilson recomenda que ela seja deixada no lugar enquanto voc\u00ea encontra as posi\u00e7\u00f5es adequadas para os CUBs. Mas ela deixar\u00e1 marcas no acabamento se permanecer por um longo per\u00edodo; remova-a assim que a instala\u00e7\u00e3o estiver conclu\u00edda.<\/span><\/p>\n<p><span style=\"font-size: small\">O alto-falante de precis\u00e3o CUB foi cuidadosamente projetado para fornecer uma resposta soberba, incolor e limitada em toda a faixa de frequ\u00eancia em um \u00fanico gabinete.\u00a0Devido \u00e0 pesquisa bem-sucedida sobre os sistemas WATT\/PUPPY e X-1 Grand SLAMM, o CUB tem um car\u00e1ter sonoro bastante semelhante aos seus antecessores maiores.<\/span><\/p>\n<p>Usando gabinete estrutural, driver de alto-falante e tecnologias de alinhamento de tempo desenvolvidas para o WATT\/PUPPY e o X-1 Grand SLAMM, o CUB \u00e9 verdadeiramente o puro-sangue de sua classe e \u00e9 adequado para continuar a heran\u00e7a dos alto-falantes Wilson Audio.<\/p>\n<h2 class=\"t_\"><b><span dir=\"auto\">Especifica\u00e7\u00f5es:<\/span><\/b><span dir=\"auto\">\u00a0<\/span><\/h2>\n<h2 class=\"t_\"><span dir=\"auto\">Caixa ac\u00fastica de duas vias com sistema de reflexo de graves. Unidades de acionamento: tweeter de domo met\u00e1lico invertido de 1&#8243;, dois woofers de cone de papel tratado de 6,5&#8243;. Frequ\u00eancia de crossover: 1,8 kHz. Resposta de frequ\u00eancia: 50 Hz\u201325 kHz, \u00b13 dB; 55 Hz\u201322 kHz, \u00b11,5 dB. Sensibilidade: 94 dB\/W\/m. Imped\u00e2ncia nominal\/m\u00ednima: 4 ohms\/2,8 ohms a 400 Hz. Pot\u00eancia m\u00ednima recomendada do amplificador: 7 W.<\/span><br \/>\n<b><span dir=\"auto\">Dimens\u00f5es:<\/span><\/b><span dir=\"auto\">\u00a056 cm (A) x 25 cm (L) x 56 cm (P) (aproximadamente, incluindo os copos de crossover). Peso: 34 kg cada.<\/span><\/h2>\n","protected":false},"excerpt":{"rendered":"<p>Descri\u00e7\u00e3o: O CUB \u2014 sigla para Center Unitized Bass (Baixo Central Unitizado) \u2014 utiliza um par de woofers de 6,5&#8243; com cone de papel tratado (fabricados pela SEAS) e um tweeter de domo met\u00e1lico invertido. Os woofers parecem ser semelhantes ao driver de m\u00e9dios do Wilson WITT, que por sua vez remete ao woofer do [&hellip;]<\/p>\n","protected":false},"featured_media":3166,"template":"","meta":{"_acf_changed":false},"product_brand":[],"product_cat":[25,17,87],"product_tag":[],"class_list":{"0":"post-3172","1":"product","2":"type-product","3":"status-publish","4":"has-post-thumbnail","6":"product_cat-bookshelf","7":"product_cat-caixas","8":"product_cat-wilson-audio","10":"first","11":"instock","12":"sold-individually","13":"shipping-taxable","14":"purchasable","15":"product-type-simple"},"acf":[],"aioseo_notices":[],"_links":{"self":[{"href":"https:\/\/hificlub.com.br\/loja\/wp-json\/wp\/v2\/product\/3172","targetHints":{"allow":["GET"]}}],"collection":[{"href":"https:\/\/hificlub.com.br\/loja\/wp-json\/wp\/v2\/product"}],"about":[{"href":"https:\/\/hificlub.com.br\/loja\/wp-json\/wp\/v2\/types\/product"}],"wp:featuredmedia":[{"embeddable":true,"href":"https:\/\/hificlub.com.br\/loja\/wp-json\/wp\/v2\/media\/3166"}],"wp:attachment":[{"href":"https:\/\/hificlub.com.br\/loja\/wp-json\/wp\/v2\/media?parent=3172"}],"wp:term":[{"taxonomy":"product_brand","embeddable":true,"href":"https:\/\/hificlub.com.br\/loja\/wp-json\/wp\/v2\/product_brand?post=3172"},{"taxonomy":"product_cat","embeddable":true,"href":"https:\/\/hificlub.com.br\/loja\/wp-json\/wp\/v2\/product_cat?post=3172"},{"taxonomy":"product_tag","embeddable":true,"href":"https:\/\/hificlub.com.br\/loja\/wp-json\/wp\/v2\/product_tag?post=3172"}],"curies":[{"name":"wp","href":"https:\/\/api.w.org\/{rel}","templated":true}]}}