{"id":3156,"date":"2023-10-17T20:04:59","date_gmt":"2023-10-17T23:04:59","guid":{"rendered":"https:\/\/hificlub.com.br\/loja2\/produto\/bw-asw610-10-200-watts\/"},"modified":"2026-03-03T22:20:48","modified_gmt":"2026-03-04T01:20:48","slug":"bw-asw610-10-200-watts","status":"publish","type":"product","link":"https:\/\/hificlub.com.br\/loja\/produto\/bw-asw610-10-200-watts\/","title":{"rendered":"B&#038;W ASW610  10&#8243;  200 Watts"},"content":{"rendered":"<p>Estado de conserva\u00e7\u00e3o: Novo<strong><br \/>\n<\/strong><\/p>\n<p><span style=\"font-size: small;\">Eu sempre sei que estou gostando da m\u00fasica que estou ouvindo quando me pego balan\u00e7ando a cabe\u00e7a\u00a0<em>e<\/em>\u00a0batendo os p\u00e9s na linha de baixo.\u00a0O Bowers &amp; Wilkins ASW610 \u00e9 exatamente o tipo de sub que pode fornecer esse tipo de baixo envolvente para voc\u00ea.\u00a0\u00c9 robusto o suficiente para fazer sua presen\u00e7a sonora ser ouvida e sentida, mas n\u00e3o muito grande onde se torna arrogante em seu quarto.<\/span><\/p>\n<p><span style=\"font-size: small;\">O ASW610 possui um woofer frontal de 10&#8243; que \u00e9 acionado por um amplificador de 200 watts. \u00c9 um complemento ideal para os alto-falantes de estante e de ch\u00e3o da s\u00e9rie Bowers &amp; Wilkins 600. Use-o com confian\u00e7a para filmes e m\u00fasica.<\/span><\/p>\n<h2><span style=\"font-size: small;\">Destaques do produto:<\/span><\/h2>\n<ul>\n<li><span style=\"font-size: small;\">Amplificador ICEpower\u00ae de 200 watts<\/span><\/li>\n<li><span style=\"font-size: small;\">Woofer h\u00edbrido de papel\/fibra de aramida de 10&#8243;<\/span><\/li>\n<li><span style=\"font-size: small;\">resposta de frequ\u00eancia: 27-140 Hz (\u00b13dB)<\/span><\/li>\n<li><span style=\"font-size: small;\">crossover continuamente vari\u00e1vel de 25-140 Hz<\/span><\/li>\n<li><span style=\"font-size: small;\">gabinete de suspens\u00e3o ac\u00fastica (selado)<\/span><\/li>\n<li><span style=\"font-size: small;\">entradas RCA est\u00e9reo de n\u00edvel de alto-falante e n\u00edvel de linhaInterruptor de extens\u00e3o de graves de 3 posi\u00e7\u00f5es<\/span>\n<ul>\n<li>bot\u00f5es de controle de volume independentes para cada fonte de entrada<\/li>\n<li>chave de filtro passa-baixa para uso com entradas de n\u00edvel de linha<\/li>\n<\/ul>\n<\/li>\n<li><\/li>\n<li><span style=\"font-size: small;\">O interruptor de equaliza\u00e7\u00e3o de graves ajuda voc\u00ea a ajustar o som para combinar com o seu quarto<\/span><\/li>\n<li><span style=\"font-size: small;\">interruptor de fase ajuda a combinar o subwoofer com seus alto-falantes principais<\/span><\/li>\n<li><span style=\"font-size: small;\">ligar\/desligar autom\u00e1tico<\/span><\/li>\n<li><span style=\"font-size: small;\">12-1\/4&#8243;L x 13-1\/2&#8243;H x 15-1\/2&#8243;D (com pontas)<\/span><\/li>\n<li><span style=\"font-size: small;\">27,6 libras.<\/span><\/li>\n<\/ul>\n<h2><\/h2>\n","protected":false},"excerpt":{"rendered":"<p>Estado de conserva\u00e7\u00e3o: Novo Eu sempre sei que estou gostando da m\u00fasica que estou ouvindo quando me pego balan\u00e7ando a cabe\u00e7a\u00a0e\u00a0batendo os p\u00e9s na linha de baixo.\u00a0O Bowers &amp; Wilkins ASW610 \u00e9 exatamente o tipo de sub que pode fornecer esse tipo de baixo envolvente para voc\u00ea.\u00a0\u00c9 robusto o suficiente para fazer sua presen\u00e7a sonora [&hellip;]<\/p>\n","protected":false},"featured_media":3153,"template":"","meta":{"_acf_changed":false},"product_brand":[],"product_cat":[19,17,36],"product_tag":[],"class_list":{"0":"post-3156","1":"product","2":"type-product","3":"status-publish","4":"has-post-thumbnail","6":"product_cat-bw","7":"product_cat-caixas","8":"product_cat-subwoofer","10":"first","11":"instock","12":"sold-individually","13":"shipping-taxable","14":"product-type-simple"},"acf":[],"aioseo_notices":[],"_links":{"self":[{"href":"https:\/\/hificlub.com.br\/loja\/wp-json\/wp\/v2\/product\/3156","targetHints":{"allow":["GET"]}}],"collection":[{"href":"https:\/\/hificlub.com.br\/loja\/wp-json\/wp\/v2\/product"}],"about":[{"href":"https:\/\/hificlub.com.br\/loja\/wp-json\/wp\/v2\/types\/product"}],"wp:featuredmedia":[{"embeddable":true,"href":"https:\/\/hificlub.com.br\/loja\/wp-json\/wp\/v2\/media\/3153"}],"wp:attachment":[{"href":"https:\/\/hificlub.com.br\/loja\/wp-json\/wp\/v2\/media?parent=3156"}],"wp:term":[{"taxonomy":"product_brand","embeddable":true,"href":"https:\/\/hificlub.com.br\/loja\/wp-json\/wp\/v2\/product_brand?post=3156"},{"taxonomy":"product_cat","embeddable":true,"href":"https:\/\/hificlub.com.br\/loja\/wp-json\/wp\/v2\/product_cat?post=3156"},{"taxonomy":"product_tag","embeddable":true,"href":"https:\/\/hificlub.com.br\/loja\/wp-json\/wp\/v2\/product_tag?post=3156"}],"curies":[{"name":"wp","href":"https:\/\/api.w.org\/{rel}","templated":true}]}}