{"id":3123,"date":"2023-10-17T20:04:40","date_gmt":"2023-10-17T23:04:40","guid":{"rendered":"https:\/\/hificlub.com.br\/loja2\/produto\/hifi-rose-rs150b-reference-network-streamer-server-dac\/"},"modified":"2026-03-03T22:20:48","modified_gmt":"2026-03-04T01:20:48","slug":"hifi-rose-rs150b-reference-network-streamer-server-dac","status":"publish","type":"product","link":"https:\/\/hificlub.com.br\/loja\/produto\/hifi-rose-rs150b-reference-network-streamer-server-dac\/","title":{"rendered":"HIFI ROSE RS150B Reference Network Streamer Server DAC"},"content":{"rendered":"<h1><span style=\"font-size: small\">Streamer de rede de refer\u00eancia HiFi Rose RS150B<\/span><\/h1>\n<h3><span style=\"font-size: small\">Um DAC de streaming com certifica\u00e7\u00e3o MQA e Roon Ready baseado em um chip Sabre com uma fonte de alimenta\u00e7\u00e3o linear e uma tela sens\u00edvel ao toque Ultra HD 4K de 14,9&#8243;<\/span><\/h3>\n<p>O carro-chefe RS150B \u00e9 fresado a partir de um bloco s\u00f3lido de alum\u00ednio de alta pureza, usa um femto clock e oferece uma grande tela intuitiva.\u00a0Oferece sa\u00edda I2S, entrada ARC e oferece Wi-Fi e Bluetooth apenas por meio de um dongle externo.\u00a0Uma entrada de linha anal\u00f3gica \u00e9 oferecida, permitindo que funcione como um pr\u00e9-amplificador.<\/p>\n<p>Eleve a est\u00e9tica da sua sala de audi\u00e7\u00e3o e o som do seu sistema com este DAC de streaming de rede com desempenho de \u00e1udio de ponta e fonte de alimenta\u00e7\u00e3o linear, e muitas maneiras de controlar direta e remotamente a unidade.<\/p>\n<h4>Os controles<\/h4>\n<p>O HiFi Rose \u00e9 justamente elogiado por sua bela tela sens\u00edvel ao toque Ultra HD 4K com um amplo \u00e2ngulo de vis\u00e3o e cores ricas.\u00a0Ele oferece uma interface intuitiva e conveniente, al\u00e9m de exibir informa\u00e7\u00f5es do \u00e1lbum em alta defini\u00e7\u00e3o e reproduzir v\u00eddeos a 60 FPS.\u00a0O controle \u00e9 aumentado com um bot\u00e3o de volume frontal.<\/p>\n<p>O RS150B vem com um controle remoto Bluetooth f\u00edsico e tamb\u00e9m pode ser controlado por meio do aplicativo ROSE Connect para iOs ou Android.<\/p>\n<h4>o DAC<\/h4>\n<p>O RS150B usa o chip ES9038PRO Sabre com processamento propriet\u00e1rio que oferece som de baixo ru\u00eddo, baixa distor\u00e7\u00e3o e ultra-alta resolu\u00e7\u00e3o com rica densidade anal\u00f3gica.\u00a0As taxas de amostragem v\u00e3o at\u00e9 PCM 32 bit\/768 KHz e DSD512 nativa (22,5792 Mhz).<\/p>\n<h4>Muitas maneiras de jogar<\/h4>\n<p>Al\u00e9m de todos os servi\u00e7os online esperados, voc\u00ea pode conectar uma unidade \u00f3ptica via USB e reproduzir ou copiar CDs.\u00a0H\u00e1 Qobuz, Tidal, Spotify, r\u00e1dio na Internet e muito mais, e o RS150B est\u00e1 pronto para Roon.\u00a0Tamb\u00e9m \u00e9 totalmente certificado pela MQA.<\/p>\n<p>O RS150B permite armazenamento integrado e pode reconhecer um SSD interno de at\u00e9 4 TB e um HDD externo de 10 TB.\u00a0Um slot MicroSD tamb\u00e9m est\u00e1 dispon\u00edvel.\u00a0O RS150 encontrar\u00e1 e reproduzir\u00e1 m\u00fasica em seu NAS e outros servidores de m\u00fasica.<\/p>\n<p>Adicione uma unidade de CD e ripper com o\u00a0<a title=\"Unidade de CD HiFi Rose RSA780\" href=\"https:\/\/upscaleaudio-com.translate.goog\/products\/hifi-rose-rsa780-cd-drive?_x_tr_sl=en&amp;_x_tr_tl=pt&amp;_x_tr_hl=pt-BR&amp;_x_tr_pto=sc\">HiFi Rose RSA780<\/a>\u00a0.<\/p>\n<p>Assista a v\u00eddeos de alta resolu\u00e7\u00e3o na tela frontal do TIDAL Video, Bugs Video e RoseTube.<\/p>\n<p><strong>Nota:<\/strong>\u00a0O RS150 com o chip AKM DAC n\u00e3o est\u00e1 dispon\u00edvel nos EUA.<\/p>\n<h3>Especifica\u00e7\u00f5es<\/h3>\n<p><strong>Tela:<\/strong>\u00a0LCD sens\u00edvel ao toque HD IPS de 14,9&#8243;<\/p>\n<p><strong>Chip DAC:\u00a0<\/strong>ES9038PRO<\/p>\n<p><strong>Imped\u00e2ncia de sa\u00edda:\u00a0<\/strong>\u00a05\u00a00 \u03a9<\/p>\n<p><strong>Rede:\u00a0<\/strong>\u00a0Ethernet 10\/100\/1000 BASE-T, dongle USB Wi-Fi externo suportado<\/p>\n<p><strong>Bluetooth:\u00a0<\/strong>dongle USB BT WiFi externo suportado (A2DP Sink, AVRCP v1.3)<\/p>\n<p><strong>Entradas<br \/>\n<\/strong><strong>Anal\u00f3gicas:\u00a0<\/strong>1 x linha RCA est\u00e9reo\u00a0<strong>Digital:\u00a0<\/strong>1 x \u00f3ptica, 1 x coaxial S\/PDIF, 1 x AES\/EBU, 1 x \u00c1udio USB, 1 x HDMI ARC<br \/>\n<strong>Sa\u00eddas<br \/>\n<\/strong><strong>Anal\u00f3gicas:\u00a0<\/strong>1 x pr\u00e9 RCA est\u00e9reo, 1 x pr\u00e9 XLR balanceado, 1 x fone de ouvido\u00a0<strong>Digital:<\/strong><br \/>\n1 x \u00f3ptico,\u00a0\u00a0<span data-mce-fragment=\"1\">1 x coaxial S\/PDIF, 1 x \u00e1udio USB, 1 x\u00a0\u00a0<\/span><span data-mce-fragment=\"1\">I2S-DVI, 1 x I2S-RJ45, 1 x AES\/EBU digital XLR<\/span><\/p>\n<p><strong>Sa\u00edda de v\u00eddeo:<\/strong>\u00a0\u00a01 x HDMI 2.0 (at\u00e9 3840 x 2160 \/ 60 Hz)<\/p>\n<p><strong><br \/>\nSistemas de arquivos\u00a0de conex\u00e3o de m\u00eddia<\/strong>\u00a0: SMBv1, SMBv2, FTP, WebDav, NTFS, eXfat, FAT32<br data-mce-fragment=\"1\" \/><strong>Interface de armazenamento:<\/strong>\u00a0\u00a02 x USB3.0, 1 x MicroSD, 1 x SSD<\/p>\n<p><strong>Dimens\u00f5es (WDH):<\/strong>\u00a0\u00a017&#8243; x 12,4&#8243; x 4,8&#8243; (430 x 316 x 123 mm)<\/p>\n<p><strong>Peso:\u00a0<\/strong>\u00a028,6\u00a0\u00a0libras<\/p>\n","protected":false},"excerpt":{"rendered":"<p>Streamer de rede de refer\u00eancia HiFi Rose RS150B Um DAC de streaming com certifica\u00e7\u00e3o MQA e Roon Ready baseado em um chip Sabre com uma fonte de alimenta\u00e7\u00e3o linear e uma tela sens\u00edvel ao toque Ultra HD 4K de 14,9&#8243; O carro-chefe RS150B \u00e9 fresado a partir de um bloco s\u00f3lido de alum\u00ednio de alta [&hellip;]<\/p>\n","protected":false},"featured_media":3118,"template":"","meta":{"_acf_changed":false},"product_brand":[],"product_cat":[43,41,210,50,142],"product_tag":[],"class_list":{"0":"post-3123","1":"product","2":"type-product","3":"status-publish","4":"has-post-thumbnail","6":"product_cat-dac","7":"product_cat-digital","8":"product_cat-hifi-rose","9":"product_cat-music-server","10":"product_cat-streamers","12":"first","13":"instock","14":"sold-individually","15":"shipping-taxable","16":"product-type-simple"},"acf":[],"aioseo_notices":[],"_links":{"self":[{"href":"https:\/\/hificlub.com.br\/loja\/wp-json\/wp\/v2\/product\/3123","targetHints":{"allow":["GET"]}}],"collection":[{"href":"https:\/\/hificlub.com.br\/loja\/wp-json\/wp\/v2\/product"}],"about":[{"href":"https:\/\/hificlub.com.br\/loja\/wp-json\/wp\/v2\/types\/product"}],"wp:featuredmedia":[{"embeddable":true,"href":"https:\/\/hificlub.com.br\/loja\/wp-json\/wp\/v2\/media\/3118"}],"wp:attachment":[{"href":"https:\/\/hificlub.com.br\/loja\/wp-json\/wp\/v2\/media?parent=3123"}],"wp:term":[{"taxonomy":"product_brand","embeddable":true,"href":"https:\/\/hificlub.com.br\/loja\/wp-json\/wp\/v2\/product_brand?post=3123"},{"taxonomy":"product_cat","embeddable":true,"href":"https:\/\/hificlub.com.br\/loja\/wp-json\/wp\/v2\/product_cat?post=3123"},{"taxonomy":"product_tag","embeddable":true,"href":"https:\/\/hificlub.com.br\/loja\/wp-json\/wp\/v2\/product_tag?post=3123"}],"curies":[{"name":"wp","href":"https:\/\/api.w.org\/{rel}","templated":true}]}}