{"id":31227,"date":"2026-02-24T17:17:31","date_gmt":"2026-02-24T20:17:31","guid":{"rendered":"https:\/\/hificlub.com.br\/loja\/?post_type=product&#038;p=31227"},"modified":"2026-02-27T06:10:26","modified_gmt":"2026-02-27T09:10:26","slug":"marantz-mm8077-amplificador-de-potencia-7-x-150-watts","status":"publish","type":"product","link":"https:\/\/hificlub.com.br\/loja\/produto\/marantz-mm8077-amplificador-de-potencia-7-x-150-watts\/","title":{"rendered":"MARANTZ MM8077   Amplificador Multicanal 7x 150 watts"},"content":{"rendered":"<p>Projetado para a m\u00fasica final e filme experi\u00eancia de som surround, o <strong>Marantz MM8077<\/strong> amplificador de pot\u00eancia de 7 canais oferece pot\u00eancia e detalhe, e \u00e9 avaliado em 150 watts por canal em 8 ohms e 180 watts por canal a 6 ohms.<\/p>\n<p>A\u00a0 fonte de alimenta\u00e7\u00e3o possui um transformador de energia de alta corrente toroidal com alta pot\u00eancia (71WVDC) capacitores de filtro, com um total de capacit\u00e2ncia mF 100.000 para lidar facilmente com afiadas curto prazo picos transit\u00f3rios.<\/p>\n<p>Apresentando os nossos \u00fanicos atuais de feedback discretos de energia est\u00e1gios amp\u00e8res de sa\u00edda que s\u00e3o id\u00eanticos para todos os canais, o MM8077 \u00e9 equipado com m\u00faltiplos elevados atuais transistores de pot\u00eancia discretos que apresentam taxa de varia\u00e7\u00e3o de altura e largura de banda operacional de largura para extrair o m\u00e1ximo de detalhes de formatos atuais de \u00e1udio de alta resolu\u00e7\u00e3o.<\/p>\n<p>Os dispositivos de sa\u00edda s\u00e3o montados em nossa \u00fanica liga de alum\u00ednio extrudado duplo dissipador de calor, configurado em um arranjo t\u00fanel que fornece refrigera\u00e7\u00e3o passiva e activa. Os dissipadores de calor grandes apresentam v\u00e1rias aletas com nervuras que fornecem uma grande \u00e1rea de resfriamento passivo, ea montagem \u00e9 livro acabou com um ventilador silenciosa que automaticamente entra em a\u00e7\u00e3o para fornecer perto de resfriamento ativo em sil\u00eancio quando a trilha sonora se aquece. Como o ventilador \u00e9 montado internamente diretamente para os dissipadores de calor, e n\u00e3o externamente para a tampa do gabinete, como \u00e9 frequentemente o caso, mesmo quando ele est\u00e1 correndo, ele \u00e9 projetado para ser silenciosa.<\/p>\n<p>Para a conectividade m\u00e1xima, os recursos de ambos os desequilibrados MM8077 (RCA) e equilibrado (XLR) entradas, e cada canal amplificador pode ser configurado para usar a sua escolha de conector de entrada. Os terminais de altifalantes apresentam audiophile-grade de constru\u00e7\u00e3o, e s\u00e3o banhados a ouro para m\u00e1xima transfer\u00eancia de sinal, e eles podem facilmente lidar com uma ampla gama de conectores de cabo audiophile alto-falante.<\/p>\n<p>Os <strong>MM8077<\/strong> possui uma entrada de disparo DC para alimenta\u00e7\u00e3o externa controle on \/ off, e h\u00e1 tamb\u00e9m dupla RC-5 de controlo remoto IN \/ OUT para conex\u00e3o a um Marantz compat\u00edvel com A \/ V pre-amp\/processor.<\/p>\n<p>O chassi de cobre banhado fornece isolamento de ru\u00eddos externos, e apresenta uma multi-camada conjunto do painel de fundo refor\u00e7ado para m\u00e1xima rigidez juntamente com tripla camada de cobertura superior. Elegantemente terminou em cetim preto anodizado, as caracter\u00edsticas do cl\u00e1ssico MM8077 Marantz exibi\u00e7\u00e3o vigia an\u00e9is com um sotaque ilumina\u00e7\u00e3o azul que inclui um display on \/ off fun\u00e7\u00e3o.<\/p>\n<p>&nbsp;<\/p>\n","protected":false},"excerpt":{"rendered":"<p>Projetado para a m\u00fasica final e filme experi\u00eancia de som surround, o Marantz MM8077 amplificador de pot\u00eancia de 7 canais oferece pot\u00eancia e detalhe, e \u00e9 avaliado em 150 watts por canal em 8 ohms e 180 watts por canal a 6 ohms. A\u00a0 fonte de alimenta\u00e7\u00e3o possui um transformador de energia de alta corrente [&hellip;]<\/p>\n","protected":false},"featured_media":2200,"template":"","meta":{"_acf_changed":false},"product_brand":[],"product_cat":[27,92,48],"product_tag":[],"class_list":{"0":"post-31227","1":"product","2":"type-product","3":"status-publish","4":"has-post-thumbnail","6":"product_cat-amplificador","7":"product_cat-marantz","8":"product_cat-multicanal","10":"first","11":"instock","12":"sold-individually","13":"shipping-taxable","14":"purchasable","15":"product-type-simple"},"acf":[],"aioseo_notices":[],"_links":{"self":[{"href":"https:\/\/hificlub.com.br\/loja\/wp-json\/wp\/v2\/product\/31227","targetHints":{"allow":["GET"]}}],"collection":[{"href":"https:\/\/hificlub.com.br\/loja\/wp-json\/wp\/v2\/product"}],"about":[{"href":"https:\/\/hificlub.com.br\/loja\/wp-json\/wp\/v2\/types\/product"}],"wp:featuredmedia":[{"embeddable":true,"href":"https:\/\/hificlub.com.br\/loja\/wp-json\/wp\/v2\/media\/2200"}],"wp:attachment":[{"href":"https:\/\/hificlub.com.br\/loja\/wp-json\/wp\/v2\/media?parent=31227"}],"wp:term":[{"taxonomy":"product_brand","embeddable":true,"href":"https:\/\/hificlub.com.br\/loja\/wp-json\/wp\/v2\/product_brand?post=31227"},{"taxonomy":"product_cat","embeddable":true,"href":"https:\/\/hificlub.com.br\/loja\/wp-json\/wp\/v2\/product_cat?post=31227"},{"taxonomy":"product_tag","embeddable":true,"href":"https:\/\/hificlub.com.br\/loja\/wp-json\/wp\/v2\/product_tag?post=31227"}],"curies":[{"name":"wp","href":"https:\/\/api.w.org\/{rel}","templated":true}]}}