{"id":3078,"date":"2023-10-17T20:04:26","date_gmt":"2023-10-17T23:04:26","guid":{"rendered":"https:\/\/hificlub.com.br\/loja2\/produto\/wilson-audio-witt-2\/"},"modified":"2024-10-07T17:07:19","modified_gmt":"2024-10-07T20:07:19","slug":"wilson-audio-witt-2","status":"publish","type":"product","link":"https:\/\/hificlub.com.br\/loja\/produto\/wilson-audio-witt-2\/","title":{"rendered":"WILSON AUDIO WITT 2"},"content":{"rendered":"<p>Estado de conserva\u00e7\u00e3o: <strong>9\/10<\/strong><\/p>\n<p><strong>O WITT \u00e9 projetado em torno de um inv\u00f3lucro maci\u00e7o utilizando tecnologia propriet\u00e1ria de materiais polim\u00e9ricos.\u00a0O material do inv\u00f3lucro apresenta um excelente amortecimento interno e uma correspond\u00eancia de imped\u00e2ncia mec\u00e2nica correta com os quadros dos drivers.\u00a0O ajuste mec\u00e2nico adicional \u00e9 fornecido pelo refor\u00e7o cruzado r\u00edgido. atua\u00e7\u00e3o.\u00a0A rede de crossover usa v\u00e1rias inclina\u00e7\u00f5es para obter linearidade de fase ac\u00fastica.\u00a0O comportamento m\u00ednimo de armazenamento de energia\/tempo no crossover \u00e9 alcan\u00e7ado usando apenas os melhores capacitores de propileno de qualidade de \u00e1udio, indutores de n\u00facleo de ar OFC e fio coerente no tempo.\u00a0Os componentes s\u00e3o compat\u00edveis com uma toler\u00e2ncia melhor que 0,1%.<\/strong><\/p>\n<p>&nbsp;<\/p>\n<div class=\"text-center\">\n<h2>Drivers<\/h2>\n<\/div>\n<div class=\"row mt-3 mb-5\">\n<div class=\"col-5 text-right\">Tweeter<\/div>\n<div class=\"col-7\">C\u00fapula de \u00f3xido de tit\u00e2nio invertido de 1 &#8211; 1 polegada<\/div>\n<div class=\"col-5 text-right\">Intervalo m\u00e9dio<\/div>\n<div class=\"col-7\">1 &#8211; 6 polegadas<\/div>\n<div class=\"col-5 text-right\">Woofer<\/div>\n<div class=\"col-7\">1 &#8211; 13 polegadas<\/div>\n<\/div>\n<ul>\n<li><span style=\"font-size: 1.5em\">Medidas<\/span><\/li>\n<li>\n<div class=\"row mt-3 mb-5\">\n<div class=\"col-5 text-right\">Imped\u00e2ncia<\/div>\n<div class=\"col-7\">4 ohm nominal &#8211; 4 ohm m\u00ednimo<\/div>\n<div class=\"col-5 text-right\">Resposta de Frequ\u00eancia<\/div>\n<div class=\"col-7\">+\/- 3 dB 28 Hz &#8211; 22 kHz<\/div>\n<div class=\"col-5 text-right\">Sensibilidade<\/div>\n<div class=\"col-7\">91 dB @ 1 watt @ 1 metro<\/div>\n<div class=\"col-5 text-right\">Amplifica\u00e7\u00e3o M\u00ednima<\/div>\n<div class=\"col-7\">7 watts por canal<\/div>\n<div class=\"col-7\"><\/div>\n<div class=\"col-7\">\n<div class=\"text-center\">\n<h2>Dimens\u00f5es<\/h2>\n<\/div>\n<div class=\"row mt-3 mb-5\">\n<div class=\"col-5 text-right\">Portado<\/div>\n<div class=\"col-7\">Frente<\/div>\n<div class=\"col-5 text-right\">Altura<\/div>\n<div class=\"col-7\">43 polegadas<\/div>\n<div class=\"col-5 text-right\">Largura<\/div>\n<div class=\"col-7\">16 polegadas<\/div>\n<div class=\"col-5 text-right\">Profundidade<\/div>\n<div class=\"col-7\">17 polegadas<\/div>\n<div class=\"col-5 text-right\">Peso<\/div>\n<div class=\"col-7\"><span class=\"goog-text-highlight\">230 libras.<\/span><\/div>\n<\/div>\n<\/div>\n<\/div>\n<\/li>\n<\/ul>\n","protected":false},"excerpt":{"rendered":"<p>Estado de conserva\u00e7\u00e3o: 9\/10 O WITT \u00e9 projetado em torno de um inv\u00f3lucro maci\u00e7o utilizando tecnologia propriet\u00e1ria de materiais polim\u00e9ricos.\u00a0O material do inv\u00f3lucro apresenta um excelente amortecimento interno e uma correspond\u00eancia de imped\u00e2ncia mec\u00e2nica correta com os quadros dos drivers.\u00a0O ajuste mec\u00e2nico adicional \u00e9 fornecido pelo refor\u00e7o cruzado r\u00edgido. atua\u00e7\u00e3o.\u00a0A rede de crossover usa v\u00e1rias [&hellip;]<\/p>\n","protected":false},"featured_media":3076,"template":"","meta":{"_acf_changed":false},"product_brand":[],"product_cat":[17,18,87],"product_tag":[],"class_list":{"0":"post-3078","1":"product","2":"type-product","3":"status-publish","4":"has-post-thumbnail","6":"product_cat-caixas","7":"product_cat-torres","8":"product_cat-wilson-audio","10":"first","11":"instock","12":"sold-individually","13":"shipping-taxable","14":"purchasable","15":"product-type-simple"},"acf":[],"aioseo_notices":[],"_links":{"self":[{"href":"https:\/\/hificlub.com.br\/loja\/wp-json\/wp\/v2\/product\/3078","targetHints":{"allow":["GET"]}}],"collection":[{"href":"https:\/\/hificlub.com.br\/loja\/wp-json\/wp\/v2\/product"}],"about":[{"href":"https:\/\/hificlub.com.br\/loja\/wp-json\/wp\/v2\/types\/product"}],"wp:featuredmedia":[{"embeddable":true,"href":"https:\/\/hificlub.com.br\/loja\/wp-json\/wp\/v2\/media\/3076"}],"wp:attachment":[{"href":"https:\/\/hificlub.com.br\/loja\/wp-json\/wp\/v2\/media?parent=3078"}],"wp:term":[{"taxonomy":"product_brand","embeddable":true,"href":"https:\/\/hificlub.com.br\/loja\/wp-json\/wp\/v2\/product_brand?post=3078"},{"taxonomy":"product_cat","embeddable":true,"href":"https:\/\/hificlub.com.br\/loja\/wp-json\/wp\/v2\/product_cat?post=3078"},{"taxonomy":"product_tag","embeddable":true,"href":"https:\/\/hificlub.com.br\/loja\/wp-json\/wp\/v2\/product_tag?post=3078"}],"curies":[{"name":"wp","href":"https:\/\/api.w.org\/{rel}","templated":true}]}}