{"id":30629,"date":"2026-02-04T12:04:58","date_gmt":"2026-02-04T15:04:58","guid":{"rendered":"https:\/\/hificlub.com.br\/loja\/?post_type=product&#038;p=30629"},"modified":"2026-02-18T06:34:40","modified_gmt":"2026-02-18T09:34:40","slug":"ortofon-ds-1","status":"publish","type":"product","link":"https:\/\/hificlub.com.br\/loja\/produto\/ortofon-ds-1\/","title":{"rendered":"ORTOFON DS-1 Balan\u00e7a Digital"},"content":{"rendered":"<p>&nbsp;<\/p>\n<h3><span dir=\"auto\">Ortofon DS-1\u00a0 um medidor digital de press\u00e3o da agulha de alta precis\u00e3o<\/span><\/h3>\n<p><span dir=\"auto\">O DS-1 \u00e9 um novo modelo de medidor de press\u00e3o de agulha digital, leve e compacto. <\/span><\/p>\n<p><span dir=\"auto\">Trata-se de um instrumento miniatura de ultraprecis\u00e3o e n\u00e3o magn\u00e9tico que ajusta o bra\u00e7o do toca-discos com a m\u00e1xima precis\u00e3o poss\u00edvel. <\/span><\/p>\n<p><span dir=\"auto\">A escala do DS-1 vem pr\u00e9-calibrada de f\u00e1brica para medi\u00e7\u00f5es de alta exatid\u00e3o, com toler\u00e2ncia de +\/- 0,01 g.<\/span><\/p>\n","protected":false},"excerpt":{"rendered":"<p>&nbsp; Ortofon DS-1\u00a0 um medidor digital de press\u00e3o da agulha de alta precis\u00e3o O DS-1 \u00e9 um novo modelo de medidor de press\u00e3o de agulha digital, leve e compacto. Trata-se de um instrumento miniatura de ultraprecis\u00e3o e n\u00e3o magn\u00e9tico que ajusta o bra\u00e7o do toca-discos com a m\u00e1xima precis\u00e3o poss\u00edvel. A escala do DS-1 vem [&hellip;]<\/p>\n","protected":false},"featured_media":30998,"template":"","meta":{"_acf_changed":false},"product_brand":[],"product_cat":[169,78,100],"product_tag":[],"class_list":{"0":"post-30629","1":"product","2":"type-product","3":"status-publish","4":"has-post-thumbnail","6":"product_cat-acessorios-analogico-audio","7":"product_cat-analogico-audio","8":"product_cat-ortofon","10":"first","11":"instock","12":"sold-individually","13":"shipping-taxable","14":"purchasable","15":"product-type-simple"},"acf":[],"aioseo_notices":[],"_links":{"self":[{"href":"https:\/\/hificlub.com.br\/loja\/wp-json\/wp\/v2\/product\/30629","targetHints":{"allow":["GET"]}}],"collection":[{"href":"https:\/\/hificlub.com.br\/loja\/wp-json\/wp\/v2\/product"}],"about":[{"href":"https:\/\/hificlub.com.br\/loja\/wp-json\/wp\/v2\/types\/product"}],"wp:featuredmedia":[{"embeddable":true,"href":"https:\/\/hificlub.com.br\/loja\/wp-json\/wp\/v2\/media\/30998"}],"wp:attachment":[{"href":"https:\/\/hificlub.com.br\/loja\/wp-json\/wp\/v2\/media?parent=30629"}],"wp:term":[{"taxonomy":"product_brand","embeddable":true,"href":"https:\/\/hificlub.com.br\/loja\/wp-json\/wp\/v2\/product_brand?post=30629"},{"taxonomy":"product_cat","embeddable":true,"href":"https:\/\/hificlub.com.br\/loja\/wp-json\/wp\/v2\/product_cat?post=30629"},{"taxonomy":"product_tag","embeddable":true,"href":"https:\/\/hificlub.com.br\/loja\/wp-json\/wp\/v2\/product_tag?post=30629"}],"curies":[{"name":"wp","href":"https:\/\/api.w.org\/{rel}","templated":true}]}}