{"id":30625,"date":"2026-02-04T11:54:15","date_gmt":"2026-02-04T14:54:15","guid":{"rendered":"https:\/\/hificlub.com.br\/loja\/?post_type=product&#038;p=30625"},"modified":"2026-02-04T11:54:16","modified_gmt":"2026-02-04T14:54:16","slug":"tascam-42b","status":"publish","type":"product","link":"https:\/\/hificlub.com.br\/loja\/produto\/tascam-42b\/","title":{"rendered":"TASCAM 42B"},"content":{"rendered":"<p>Gravador\/reprodutor TASCAM 42B, 2 canais\/2 trilhas de alto desempenho, ideal para mixagem e masteriza\u00e7\u00e3o.<\/p>\n<ul>\n<li>Velocidade da Fita: Opera a 15 ips (polegadas por segundo) e 7-1\/2 ips.<\/li>\n<li>Sistema de Fita: Utiliza fita de 1\/4 de polegada e pode acomodar bobinas de 5, 7 ou 10-1\/2 polegadas.<\/li>\n<li>Configura\u00e7\u00e3o de Cabe\u00e7as: Possui 3 cabe\u00e7as (apagar\/gravar\/reproduzir).<\/li>\n<li>Resposta de Frequ\u00eancia:\n<ul>\n<li>15 ips: 30 Hz a 22 kHz (\u00b12dB a 0 VU).<\/li>\n<li>7-1\/2 ips: 30 Hz a 16 kHz (\u00b12dB a 0 VU).<\/li>\n<\/ul>\n<\/li>\n<li>Sistema de Tra\u00e7\u00e3o: Possui 3 motores direct drive com sistema servo de tens\u00e3o, garantindo movimento de fita est\u00e1vel e preciso<\/li>\n<\/ul>\n","protected":false},"excerpt":{"rendered":"<p>Gravador\/reprodutor TASCAM 42B, 2 canais\/2 trilhas de alto desempenho, ideal para mixagem e masteriza\u00e7\u00e3o. Velocidade da Fita: Opera a 15 ips (polegadas por segundo) e 7-1\/2 ips. Sistema de Fita: Utiliza fita de 1\/4 de polegada e pode acomodar bobinas de 5, 7 ou 10-1\/2 polegadas. Configura\u00e7\u00e3o de Cabe\u00e7as: Possui 3 cabe\u00e7as (apagar\/gravar\/reproduzir). Resposta de [&hellip;]<\/p>\n","protected":false},"featured_media":30626,"template":"","meta":{"_acf_changed":false},"product_brand":[],"product_cat":[78,332],"product_tag":[],"class_list":{"0":"post-30625","1":"product","2":"type-product","3":"status-publish","4":"has-post-thumbnail","6":"product_cat-analogico-audio","7":"product_cat-gravador-de-rolo-analogico-audio","9":"first","10":"instock","11":"sold-individually","12":"shipping-taxable","13":"purchasable","14":"product-type-simple"},"acf":[],"aioseo_notices":[],"_links":{"self":[{"href":"https:\/\/hificlub.com.br\/loja\/wp-json\/wp\/v2\/product\/30625","targetHints":{"allow":["GET"]}}],"collection":[{"href":"https:\/\/hificlub.com.br\/loja\/wp-json\/wp\/v2\/product"}],"about":[{"href":"https:\/\/hificlub.com.br\/loja\/wp-json\/wp\/v2\/types\/product"}],"wp:featuredmedia":[{"embeddable":true,"href":"https:\/\/hificlub.com.br\/loja\/wp-json\/wp\/v2\/media\/30626"}],"wp:attachment":[{"href":"https:\/\/hificlub.com.br\/loja\/wp-json\/wp\/v2\/media?parent=30625"}],"wp:term":[{"taxonomy":"product_brand","embeddable":true,"href":"https:\/\/hificlub.com.br\/loja\/wp-json\/wp\/v2\/product_brand?post=30625"},{"taxonomy":"product_cat","embeddable":true,"href":"https:\/\/hificlub.com.br\/loja\/wp-json\/wp\/v2\/product_cat?post=30625"},{"taxonomy":"product_tag","embeddable":true,"href":"https:\/\/hificlub.com.br\/loja\/wp-json\/wp\/v2\/product_tag?post=30625"}],"curies":[{"name":"wp","href":"https:\/\/api.w.org\/{rel}","templated":true}]}}