{"id":30491,"date":"2026-01-30T13:22:20","date_gmt":"2026-01-30T16:22:20","guid":{"rendered":"https:\/\/hificlub.com.br\/loja\/?post_type=product&#038;p=30491"},"modified":"2026-01-30T13:22:21","modified_gmt":"2026-01-30T16:22:21","slug":"audio-technica-at-oc9xsl-mc","status":"publish","type":"product","link":"https:\/\/hificlub.com.br\/loja\/produto\/audio-technica-at-oc9xsl-mc\/","title":{"rendered":"AUDIO TECHNICA AT-OC9XSL MC"},"content":{"rendered":"<ul>\n<li>Modelo: AT-OC9XSL<\/li>\n<li>Tipo: C\u00e1psula de MC (Moving Coil)<\/li>\n<li>Frequ\u00eancia de resposta: 5 &#8211; 45.000 Hz<\/li>\n<li>Sa\u00edda de canal balanceado (1 kHz, 5 cm\/s): 0,4 mV<\/li>\n<li>Imped\u00e2ncia interna: 12 ohms<\/li>\n<li>Press\u00e3o de rastreamento recomendada: 1,8 &#8211; 2,2 g (0,18 &#8211; 0,22 mN)<\/li>\n<li>Peso: 9,4 g<\/li>\n<li>Estilo de montagem: Padr\u00e3o internacional (com parafusos de fixa\u00e7\u00e3o)<\/li>\n<li>Condi\u00e7\u00e3o: Seminova &#8211; aproximadamente 150 horas de uso<\/li>\n<\/ul>\n","protected":false},"excerpt":{"rendered":"<p>Modelo: AT-OC9XSL Tipo: C\u00e1psula de MC (Moving Coil) Frequ\u00eancia de resposta: 5 &#8211; 45.000 Hz Sa\u00edda de canal balanceado (1 kHz, 5 cm\/s): 0,4 mV Imped\u00e2ncia interna: 12 ohms Press\u00e3o de rastreamento recomendada: 1,8 &#8211; 2,2 g (0,18 &#8211; 0,22 mN) Peso: 9,4 g Estilo de montagem: Padr\u00e3o internacional (com parafusos de fixa\u00e7\u00e3o) Condi\u00e7\u00e3o: Seminova [&hellip;]<\/p>\n","protected":false},"featured_media":30496,"template":"","meta":{"_acf_changed":false},"product_brand":[],"product_cat":[169,78],"product_tag":[],"class_list":{"0":"post-30491","1":"product","2":"type-product","3":"status-publish","4":"has-post-thumbnail","6":"product_cat-acessorios-analogico-audio","7":"product_cat-analogico-audio","9":"first","10":"instock","11":"sold-individually","12":"shipping-taxable","13":"purchasable","14":"product-type-simple"},"acf":[],"aioseo_notices":[],"_links":{"self":[{"href":"https:\/\/hificlub.com.br\/loja\/wp-json\/wp\/v2\/product\/30491","targetHints":{"allow":["GET"]}}],"collection":[{"href":"https:\/\/hificlub.com.br\/loja\/wp-json\/wp\/v2\/product"}],"about":[{"href":"https:\/\/hificlub.com.br\/loja\/wp-json\/wp\/v2\/types\/product"}],"wp:featuredmedia":[{"embeddable":true,"href":"https:\/\/hificlub.com.br\/loja\/wp-json\/wp\/v2\/media\/30496"}],"wp:attachment":[{"href":"https:\/\/hificlub.com.br\/loja\/wp-json\/wp\/v2\/media?parent=30491"}],"wp:term":[{"taxonomy":"product_brand","embeddable":true,"href":"https:\/\/hificlub.com.br\/loja\/wp-json\/wp\/v2\/product_brand?post=30491"},{"taxonomy":"product_cat","embeddable":true,"href":"https:\/\/hificlub.com.br\/loja\/wp-json\/wp\/v2\/product_cat?post=30491"},{"taxonomy":"product_tag","embeddable":true,"href":"https:\/\/hificlub.com.br\/loja\/wp-json\/wp\/v2\/product_tag?post=30491"}],"curies":[{"name":"wp","href":"https:\/\/api.w.org\/{rel}","templated":true}]}}