{"id":3038,"date":"2023-10-17T20:04:13","date_gmt":"2023-10-17T23:04:13","guid":{"rendered":"https:\/\/hificlub.com.br\/loja2\/produto\/cambridge-cxc-v2-cd-transporte\/"},"modified":"2026-03-18T12:27:02","modified_gmt":"2026-03-18T15:27:02","slug":"cambridge-cxc-v2-cd-transporte","status":"publish","type":"product","link":"https:\/\/hificlub.com.br\/loja\/produto\/cambridge-cxc-v2-cd-transporte\/","title":{"rendered":"CAMBRIDGE CXC V2 &#8211; CD Player Digital Transporte"},"content":{"rendered":"<div class=\"container pt-sm-5 pt-3 bPlay-produto-spec\">\n<div class=\"product-info\" data-target=\"info\">\n<div class=\"productDescription\">CAMBRIDGE CXC V2 CD Transporte<\/div>\n<div class=\"productDescription\"><\/div>\n<div class=\"productDescription\">S\u00c9RIE CX 2. O SOM DO PROGRESSO.<br \/>\nMeia d\u00e9cada ap\u00f3s a linha CX redefinir o desempenho em seu pre\u00e7o, \u00e9 hora de reimaginar, reengenharia e revigorar.Agora conclu\u00eddo em Lunar Grey para combinar com o restante da linha CX Series 2, o premiado CXC oferece uma qualidade de \u00e1udio impressionante da sua cole\u00e7\u00e3o de CDs.<\/div>\n<div class=\"productDescription\">\n<p>Reprodu\u00e7\u00e3o detalhada de CDs de \u00e1udio.<br \/>\nServo S3 propriet\u00e1rio e de \u00faltima gera\u00e7\u00e3o para regular a velocidade do disco e garantir uma reprodu\u00e7\u00e3o sem erros.<br \/>\nSa\u00edda digital apenas para um sinal limpo.<br \/>\nToda a caixa de metal isola os componentes, garantindo desempenho m\u00e1ximo.<br \/>\nDesign flutuante.<\/p>\n<p>S\u00c9RIE CX 2. O SOM DO PROGRESSO.<br \/>\nMeia d\u00e9cada ap\u00f3s a linha CX redefinir o desempenho em seu pre\u00e7o, \u00e9 hora de reimaginar, reengenharia e revigorar.<\/p>\n<p>Agora conclu\u00eddo em Lunar Grey para combinar com o restante da linha CX Series 2,<\/p>\n<\/div>\n<\/div>\n<\/div>\n<p>&nbsp;<\/p>\n","protected":false},"excerpt":{"rendered":"<p>CAMBRIDGE CXC V2 CD Transporte S\u00c9RIE CX 2. O SOM DO PROGRESSO. Meia d\u00e9cada ap\u00f3s a linha CX redefinir o desempenho em seu pre\u00e7o, \u00e9 hora de reimaginar, reengenharia e revigorar.Agora conclu\u00eddo em Lunar Grey para combinar com o restante da linha CX Series 2, o premiado CXC oferece uma qualidade de \u00e1udio impressionante da [&hellip;]<\/p>\n","protected":false},"featured_media":14395,"template":"","meta":{"_acf_changed":false},"product_brand":[],"product_cat":[52,41,88],"product_tag":[],"class_list":{"0":"post-3038","1":"product","2":"type-product","3":"status-publish","4":"has-post-thumbnail","6":"product_cat-cambridge","7":"product_cat-digital","8":"product_cat-transporte","10":"first","11":"instock","12":"sold-individually","13":"shipping-taxable","14":"purchasable","15":"product-type-simple"},"acf":[],"aioseo_notices":[],"_links":{"self":[{"href":"https:\/\/hificlub.com.br\/loja\/wp-json\/wp\/v2\/product\/3038","targetHints":{"allow":["GET"]}}],"collection":[{"href":"https:\/\/hificlub.com.br\/loja\/wp-json\/wp\/v2\/product"}],"about":[{"href":"https:\/\/hificlub.com.br\/loja\/wp-json\/wp\/v2\/types\/product"}],"wp:featuredmedia":[{"embeddable":true,"href":"https:\/\/hificlub.com.br\/loja\/wp-json\/wp\/v2\/media\/14395"}],"wp:attachment":[{"href":"https:\/\/hificlub.com.br\/loja\/wp-json\/wp\/v2\/media?parent=3038"}],"wp:term":[{"taxonomy":"product_brand","embeddable":true,"href":"https:\/\/hificlub.com.br\/loja\/wp-json\/wp\/v2\/product_brand?post=3038"},{"taxonomy":"product_cat","embeddable":true,"href":"https:\/\/hificlub.com.br\/loja\/wp-json\/wp\/v2\/product_cat?post=3038"},{"taxonomy":"product_tag","embeddable":true,"href":"https:\/\/hificlub.com.br\/loja\/wp-json\/wp\/v2\/product_tag?post=3038"}],"curies":[{"name":"wp","href":"https:\/\/api.w.org\/{rel}","templated":true}]}}