{"id":3009,"date":"2023-10-17T20:04:03","date_gmt":"2023-10-17T23:04:03","guid":{"rendered":"https:\/\/hificlub.com.br\/loja2\/produto\/project-phono-box-mm-mc\/"},"modified":"2024-10-07T17:07:20","modified_gmt":"2024-10-07T20:07:20","slug":"project-phono-box-mm-mc","status":"publish","type":"product","link":"https:\/\/hificlub.com.br\/loja\/produto\/project-phono-box-mm-mc\/","title":{"rendered":"PROJECT PHONO BOX  MM\/MC"},"content":{"rendered":"<p>ESTADO 9\/10<\/p>\n<p class=\"sub-h\">Pr\u00e9-amplificador MM\/MC Phono com sa\u00edda de linha<\/p>\n<div class=\"textual \">\n<p>Phono Box: Best buy classic para puro prazer de ouvir vinil!<\/p>\n<p>Hoje, muitos amplificadores n\u00e3o possuem uma entrada de cartucho phono espec\u00edfica.\u00a0O Phono Box \u00e9 um pr\u00e9-amplificador phono ideal para esses sistemas de alta fidelidade e aceita cartuchos MM e MC.\u00a0A sa\u00edda anal\u00f3gica da Phono Box pode ser facilmente ligada a uma entrada de linha (AUX,\u2026) do seu amplificador.<\/p>\n<p><strong>Caracter\u00edsticas<\/strong><\/p>\n<ul>\n<li>Pr\u00e9-amplificador para MM ou MC com interruptor no painel traseiro<\/li>\n<li>Melhor comprar cl\u00e1ssico<\/li>\n<li>Fonte de alimenta\u00e7\u00e3o CC (&lt; 1 watt de energia em espera)<\/li>\n<li>Equaliza\u00e7\u00e3o RIAA precisa<\/li>\n<li>CIs de baixo ru\u00eddo<\/li>\n<li>Est\u00e1gio de sa\u00edda com imped\u00e2ncia ultrabaixa<\/li>\n<li>Soquetes RCA banhados a ouro<\/li>\n<li>Tamanho pequeno para instala\u00e7\u00e3o perto de toca-discos<\/li>\n<li>Painel frontal dispon\u00edvel em preto e prata<\/li>\n<\/ul>\n<\/div>\n","protected":false},"excerpt":{"rendered":"<p>ESTADO 9\/10 Pr\u00e9-amplificador MM\/MC Phono com sa\u00edda de linha Phono Box: Best buy classic para puro prazer de ouvir vinil! Hoje, muitos amplificadores n\u00e3o possuem uma entrada de cartucho phono espec\u00edfica.\u00a0O Phono Box \u00e9 um pr\u00e9-amplificador phono ideal para esses sistemas de alta fidelidade e aceita cartuchos MM e MC.\u00a0A sa\u00edda anal\u00f3gica da Phono Box [&hellip;]<\/p>\n","protected":false},"featured_media":3008,"template":"","meta":{"_acf_changed":false},"product_brand":[],"product_cat":[78,79],"product_tag":[],"class_list":{"0":"post-3009","1":"product","2":"type-product","3":"status-publish","4":"has-post-thumbnail","6":"product_cat-analogico-audio","7":"product_cat-pre-de-phono","9":"first","10":"instock","11":"sold-individually","12":"shipping-taxable","13":"purchasable","14":"product-type-simple"},"acf":[],"aioseo_notices":[],"_links":{"self":[{"href":"https:\/\/hificlub.com.br\/loja\/wp-json\/wp\/v2\/product\/3009","targetHints":{"allow":["GET"]}}],"collection":[{"href":"https:\/\/hificlub.com.br\/loja\/wp-json\/wp\/v2\/product"}],"about":[{"href":"https:\/\/hificlub.com.br\/loja\/wp-json\/wp\/v2\/types\/product"}],"wp:featuredmedia":[{"embeddable":true,"href":"https:\/\/hificlub.com.br\/loja\/wp-json\/wp\/v2\/media\/3008"}],"wp:attachment":[{"href":"https:\/\/hificlub.com.br\/loja\/wp-json\/wp\/v2\/media?parent=3009"}],"wp:term":[{"taxonomy":"product_brand","embeddable":true,"href":"https:\/\/hificlub.com.br\/loja\/wp-json\/wp\/v2\/product_brand?post=3009"},{"taxonomy":"product_cat","embeddable":true,"href":"https:\/\/hificlub.com.br\/loja\/wp-json\/wp\/v2\/product_cat?post=3009"},{"taxonomy":"product_tag","embeddable":true,"href":"https:\/\/hificlub.com.br\/loja\/wp-json\/wp\/v2\/product_tag?post=3009"}],"curies":[{"name":"wp","href":"https:\/\/api.w.org\/{rel}","templated":true}]}}