{"id":3000,"date":"2023-10-17T20:04:01","date_gmt":"2023-10-17T23:04:01","guid":{"rendered":"https:\/\/hificlub.com.br\/loja2\/produto\/conrad-johnson-et2-valvulado\/"},"modified":"2024-10-07T17:07:20","modified_gmt":"2024-10-07T20:07:20","slug":"conrad-johnson-et2-valvulado","status":"publish","type":"product","link":"https:\/\/hificlub.com.br\/loja\/produto\/conrad-johnson-et2-valvulado\/","title":{"rendered":"CONRAD JOHNSON ET2 Valvulado"},"content":{"rendered":"<p>ESTADO 9\/10<\/p>\n<h3>O ET2 \u00e9 um pr\u00e9-amplificador de tubo de v\u00e1cuo controlado remotamente projetado para servir como centro de controle para sistemas de \u00e1udio e \u00e1udio\/v\u00eddeo de alto desempenho.<\/h3>\n<p>O ET2 apresenta um sofisticado circuito de controle de n\u00edvel projetado para permitir ajustes precisos de n\u00edvel e equil\u00edbrio repet\u00edveis com ajustes feitos em incrementos de 0,5db.\u00a0Com sete entradas, o ET2 acomodar\u00e1 sistemas de \u00e1udio elaborados.\u00a0O ET2 inclui um Theatre Loop que fornece uma configura\u00e7\u00e3o de ganho de unidade bloqueada, tornando-o o componente ideal para ouvintes que desejam integrar o home theater em seus aparelhos de som sem comprometer o desempenho de seu sistema de m\u00fasica principal.<\/p>\n<h4>O circuito de est\u00e1gio de linha de feedback zero ET2 consiste em um amplificador de triodo de termina\u00e7\u00e3o \u00fanica usando um tubo de v\u00e1cuo de alta corrente.<\/h4>\n<p>Um est\u00e1gio de buffer acoplado direto fornece uma baixa imped\u00e2ncia de sa\u00edda para garantir que o ET2 possa conduzir confortavelmente praticamente qualquer combina\u00e7\u00e3o de cabo de interconex\u00e3o e amplificador de pot\u00eancia.\u00a0A simplicidade deste circuito paga dividendos em integridade tonal e musicalidade sedutora, ao mesmo tempo em que oferece flexibilidade na correspond\u00eancia do sistema.<\/p>\n<h4>O ET2 est\u00e1 opcionalmente dispon\u00edvel com uma escolha de dois est\u00e1gios pr\u00e9-amplificadores de equaliza\u00e7\u00e3o phono integrados (um est\u00e1gio de alto ganho e um est\u00e1gio de baixo ganho) para fornecer o ganho adicional e equaliza\u00e7\u00e3o RIAA que os cartuchos phono exigem.<\/h4>\n<p>O circuito phono usa dois est\u00e1gios amplificadores de triodo para ganho de tens\u00e3o.\u00a0Uma rede passiva de componentes de precis\u00e3o fornece com precis\u00e3o a compensa\u00e7\u00e3o de frequ\u00eancia necess\u00e1ria.\u00a0Um est\u00e1gio de buffer acoplado direto isola o palco de cabos externos e componentes conectados ao EPL e \u00e0s sa\u00eddas do teatro.\u00a0O circuito n\u00e3o emprega loop de feedback negativo, eliminando erros de temporiza\u00e7\u00e3o induzidos por feedback que comprometem a din\u00e2mica e a imagem.\u00a0O est\u00e1gio phono de alto ganho \u00e9 adequado para uso com cartuchos de bobina m\u00f3vel de sa\u00edda baixa a m\u00e9dia com sa\u00edda nominal de 1,0 mV ou menos.\u00a0O est\u00e1gio de baixo ganho \u00e9 recomendado para cartuchos com sa\u00edda acima de 1,0 mV.<\/p>\n<h4>Especifica\u00e7\u00f5es:<\/h4>\n<p>est\u00e1gio de linha ET2<\/p>\n<ul>\n<li>Ganho: 28,5 dB<\/li>\n<li>Sa\u00edda m\u00e1xima: 5,5 vrms<\/li>\n<li>Distor\u00e7\u00e3o: menos de 0,1% THD<\/li>\n<li>Frequencia.\u00a0Resposta: 2 Hz a 100 KHz +0\/-1 dB<\/li>\n<li>Hum e Ru\u00eddo: 95 dB abaixo de 2,5 V<\/li>\n<li>Fase: invers\u00e3o de fase<\/li>\n<\/ul>\n<p>Est\u00e1gio fono opcional de alto ganho ET2<\/p>\n<ul>\n<li>Ganho: 54dB<\/li>\n<li>Equaliza\u00e7\u00e3o RIAA: +\/- 0,5 db 20 Hz a 20 kHz<\/li>\n<li>Fase: fase correta<\/li>\n<\/ul>\n<p>Est\u00e1gio fono opcional de baixo ganho ET2<\/p>\n<ul>\n<li>Ganho: 40dB<\/li>\n<li>Equaliza\u00e7\u00e3o RIAA: +\/- 0,5 db 20 Hz a 20 kHz<\/li>\n<li>Fase: fase correta<\/li>\n<\/ul>\n<h4>Mec\u00e2nico:<\/h4>\n<ul>\n<li>Dimens\u00f5es: 13,75 P x 19 L x 3,315 A polegadas<\/li>\n<li>Peso: 15 libras<\/li>\n<\/ul>\n","protected":false},"excerpt":{"rendered":"<p>ESTADO 9\/10 O ET2 \u00e9 um pr\u00e9-amplificador de tubo de v\u00e1cuo controlado remotamente projetado para servir como centro de controle para sistemas de \u00e1udio e \u00e1udio\/v\u00eddeo de alto desempenho. O ET2 apresenta um sofisticado circuito de controle de n\u00edvel projetado para permitir ajustes precisos de n\u00edvel e equil\u00edbrio repet\u00edveis com ajustes feitos em incrementos de [&hellip;]<\/p>\n","protected":false},"featured_media":14060,"template":"","meta":{"_acf_changed":false},"product_brand":[],"product_cat":[32,38],"product_tag":[],"class_list":{"0":"post-3000","1":"product","2":"type-product","3":"status-publish","4":"has-post-thumbnail","6":"product_cat-conrad-johnson","7":"product_cat-pre-amplificador","9":"first","10":"instock","11":"sold-individually","12":"shipping-taxable","13":"purchasable","14":"product-type-simple"},"acf":[],"aioseo_notices":[],"_links":{"self":[{"href":"https:\/\/hificlub.com.br\/loja\/wp-json\/wp\/v2\/product\/3000","targetHints":{"allow":["GET"]}}],"collection":[{"href":"https:\/\/hificlub.com.br\/loja\/wp-json\/wp\/v2\/product"}],"about":[{"href":"https:\/\/hificlub.com.br\/loja\/wp-json\/wp\/v2\/types\/product"}],"wp:featuredmedia":[{"embeddable":true,"href":"https:\/\/hificlub.com.br\/loja\/wp-json\/wp\/v2\/media\/14060"}],"wp:attachment":[{"href":"https:\/\/hificlub.com.br\/loja\/wp-json\/wp\/v2\/media?parent=3000"}],"wp:term":[{"taxonomy":"product_brand","embeddable":true,"href":"https:\/\/hificlub.com.br\/loja\/wp-json\/wp\/v2\/product_brand?post=3000"},{"taxonomy":"product_cat","embeddable":true,"href":"https:\/\/hificlub.com.br\/loja\/wp-json\/wp\/v2\/product_cat?post=3000"},{"taxonomy":"product_tag","embeddable":true,"href":"https:\/\/hificlub.com.br\/loja\/wp-json\/wp\/v2\/product_tag?post=3000"}],"curies":[{"name":"wp","href":"https:\/\/api.w.org\/{rel}","templated":true}]}}