{"id":30,"date":"2023-10-17T19:49:39","date_gmt":"2023-10-17T22:49:39","guid":{"rendered":"https:\/\/hificlub.com.br\/loja2\/produto\/rotel-rap-1580-mkii-processador-amplificado-4k-dolby-atmos-7-2-135-watts\/"},"modified":"2026-02-04T10:15:12","modified_gmt":"2026-02-04T13:15:12","slug":"rotel-rap-1580-mkii-processador-amplificado-4k-dolby-atmos-7-2-135-watts","status":"publish","type":"product","link":"https:\/\/hificlub.com.br\/loja\/produto\/rotel-rap-1580-mkii-processador-amplificado-4k-dolby-atmos-7-2-135-watts\/","title":{"rendered":"ROTEL RAP-1580  Processador Amplificado 4K Dolby Atmos 7.2 135 Watts"},"content":{"rendered":"<p>&nbsp;<\/p>\n<h2>Obra-prima do cinema em casa do Rotel<\/h2>\n<p>A Rotel tem uma propens\u00e3o a criar componentes de alto desempenho que sejam simples de operar.\u00a0Um excelente exemplo \u00e9 o processador de home theater amplificado RAP-1580MKII.\u00a0Esta unidade de elite oferece imagem e som realistas, gra\u00e7as em parte \u00e0 amplifica\u00e7\u00e3o ultra-limpa, uma fonte de alimenta\u00e7\u00e3o toroidal robusta e personalizada e controles intuitivos.<\/p>\n<div class=\"containerImageCaptionMedium floatRight\">\n<p>O cora\u00e7\u00e3o do RAP-1580MKII \u00e9 uma enorme fonte de alimenta\u00e7\u00e3o toroidal personalizada.<\/p>\n<\/div>\n<h3>Tudo que voc\u00ea precisa, e nada que voc\u00ea n\u00e3o precisa<\/h3>\n<p>Receptores de home theater convencionais geralmente apresentam uma lista de recursos que podem n\u00e3o ser diretamente relevantes para uma configura\u00e7\u00e3o de home theater, como distribui\u00e7\u00e3o multizona ou um sintonizador AM\/FM.<\/p>\n<p>O RAP-1580MKII n\u00e3o \u00e9 um receptor no sentido tradicional, pois n\u00e3o possui sintonizador embutido.\u00a0\u00c9 o que Rotel chama de &#8220;processador amplificado surround&#8221;, um design especializado projetado para fornecer som de qualidade de refer\u00eancia em uma zona a partir de um \u00fanico chassi.<\/p>\n<h3>Quer expandir?\u00a0Considere os amplificadores de pot\u00eancia correspondentes da Rotel<\/h3>\n<p>O RAP-1580MKII alimentar\u00e1 at\u00e9 sete alto-falantes ao mesmo tempo, incluindo canais surround laterais e traseiros.<\/p>\n<p>Se voc\u00ea deseja expandir &#8211; digamos, para um sistema Dolby Atmos de 7.1.4 canais &#8211; voc\u00ea pode alimentar as informa\u00e7\u00f5es de efeitos a\u00e9reos para sua escolha de amplificadores de pot\u00eancia externos usando\u00a0cabos\u00a0 n\u00e3o balanceados (\u00a0<a href=\"https:\/\/www-crutchfield-com.translate.goog\/g_20110\/RCA-Audio-Cables.html?_x_tr_sl=en&amp;_x_tr_tl=pt&amp;_x_tr_hl=pt-BR&amp;_x_tr_pto=sc\">RCA ).<\/a><\/p>\n<p><a href=\"https:\/\/www-crutchfield-com.translate.goog\/g_10450\/Power-Amplifiers.html?tp=48757?&amp;nvpair=FFBrand%7Crotel&amp;_x_tr_sl=en&amp;_x_tr_tl=pt&amp;_x_tr_hl=pt-BR&amp;_x_tr_pto=sc\">A linha de amplificadores de pot\u00eancia premium<\/a>\u00a0da Rotel\u00a0\u00e9 uma combina\u00e7\u00e3o particularmente boa com o RAP-1580MKII, e essa \u00e9 a dire\u00e7\u00e3o que eu seguiria se estivesse construindo um sistema Rotel de alto desempenho.<\/p>\n<h3>Calibra\u00e7\u00e3o de sala avan\u00e7ada com Dirac Live\u00ae<\/h3>\n<p>O RAP-1580MKII usa o sistema de calibra\u00e7\u00e3o de \u00e1udio altamente aclamado do Dirac Live &#8211; uma das melhores plataformas de corre\u00e7\u00e3o de sala do setor.\u00a0Ele mede a ac\u00fastica da sua sala com o microfone inclu\u00eddo e, em seguida, ajusta a sa\u00edda do seu sistema para melhor corresponder \u00e0s caracter\u00edsticas sonoras exclusivas do seu espa\u00e7o.<\/p>\n<p><em>Observa\u00e7\u00e3o:<\/em>\u00a0voc\u00ea precisar\u00e1 instalar o software Dirac Live em seu Mac\u00ae ou PC antes da calibra\u00e7\u00e3o.\u00a0A licen\u00e7a LE (edi\u00e7\u00e3o limitada) inclu\u00edda fornece corre\u00e7\u00f5es para a faixa de frequ\u00eancia mais cr\u00edtica (20-500 Hz).<\/p>\n<p>Uma atualiza\u00e7\u00e3o opcional do Dirac Live\u00a0<a href=\"https:\/\/translate.google.com\/website?sl=en&amp;tl=pt&amp;hl=pt-BR&amp;prev=search&amp;u=https:\/\/live.dirac.com\/home-audio-2\/\" target=\"_blank\" rel=\"noopener\">pode ser adquirida<\/a>\u00a0para corre\u00e7\u00e3o de frequ\u00eancia total (20-20.000 Hz), al\u00e9m de di\u00e1logos e imagens musicais aprimorados.<\/p>\n<h5>Pot\u00eancia e processamento:<\/h5>\n<ul>\n<li>amplificador de 7 canais\n<ul>\n<li>135 watts por canal em 8 ohms (20-20.000 Hz) a 0,05% THD, com 2 canais acionados<\/li>\n<li>200 watts por canal em 4 ohms (20-20.000 Hz) a 0,05% THD, com 2 canais acionados<\/li>\n<\/ul>\n<\/li>\n<li>Decodifica\u00e7\u00e3o de som surround Dolby\u00ae e DTS\u00ae\n<ul>\n<li>Processamento Dolby Atmos\u00ae e DTS:X para uso com alto-falantes de teto ou &#8220;altura&#8221; para um som de home theater mais envolvente<\/li>\n<li>suporta uma configura\u00e7\u00e3o Atmos de 7.1.4 canais com\u00a0<a href=\"https:\/\/www-crutchfield-com.translate.goog\/g_10450\/Power-Amplifiers.html?tp=48757&amp;_x_tr_sl=en&amp;_x_tr_tl=pt&amp;_x_tr_hl=pt-BR&amp;_x_tr_pto=sc#&amp;nvpair=FFBrand|rotel&amp;nvpair=FFNumber_of_Channels|[rank2]2\">amplificadores de pot\u00eancia externos opcionais<\/a><\/li>\n<\/ul>\n<\/li>\n<li>O sistema avan\u00e7ado de calibra\u00e7\u00e3o de alto-falante Dirac Live\u00ae ajuda a ajustar seu sistema para melhor corresponder \u00e0 ac\u00fastica da sua sala\n<ul>\n<li>requer a instala\u00e7\u00e3o do software Dirac Live em um Mac ou PC antes da calibra\u00e7\u00e3o<\/li>\n<li>a licen\u00e7a LE (edi\u00e7\u00e3o limitada) inclu\u00edda fornece corre\u00e7\u00f5es para a faixa de frequ\u00eancia mais cr\u00edtica (20-500 Hz)<\/li>\n<li>A atualiza\u00e7\u00e3o opcional do Dirac Live\u00a0<a href=\"https:\/\/translate.google.com\/website?sl=en&amp;tl=pt&amp;hl=pt-BR&amp;prev=search&amp;u=https:\/\/live.dirac.com\/home-audio-2\/\" target=\"_blank\" rel=\"noopener\">pode ser adquirida<\/a>\u00a0para corre\u00e7\u00e3o de frequ\u00eancia total (20-20.000 Hz), al\u00e9m de di\u00e1logo e imagem musical aprimorados<\/li>\n<\/ul>\n<\/li>\n<li>fonte de alimenta\u00e7\u00e3o toroidal personalizada garante imagem e som de baixo ru\u00eddo e alto desempenho<\/li>\n<li>grande visor do painel frontal fornece atualiza\u00e7\u00f5es de status f\u00e1ceis de ler em um piscar de olhos<\/li>\n<li>seis DACs Wolfson de 24 bits \/ 192kHz de n\u00edvel audi\u00f3filo (conversores digitais para anal\u00f3gicos)<\/li>\n<\/ul>\n<h5>Caracter\u00edsticas HDMI:<\/h5>\n<ul>\n<li>Comuta\u00e7\u00e3o de \u00e1udio\/v\u00eddeo HDMI 2.0b: 8 entradas, 2 sa\u00eddas, incluindo 1 entrada no painel frontal<\/li>\n<li>3 entradas e 2 sa\u00eddas suportam a tecnologia HDCP 2.2 para compatibilidade com fontes Ultra HD e TVs, incluindo v\u00eddeo 4K\/60Hz\n<ul>\n<li>essas conex\u00f5es HDMI s\u00e3o compat\u00edveis com HDR para contraste e brilho de imagem estendidos com TVs compat\u00edveis e conte\u00fado codificado em HDR<\/li>\n<li>A fun\u00e7\u00e3o Audio Return Channel (ARC) recebe sinais de \u00e1udio digital de um sintonizador de HDTV compat\u00edvel ou conte\u00fado &#8220;inteligente&#8221; via HDMI<\/li>\n<\/ul>\n<\/li>\n<\/ul>\n<h5>Outras conex\u00f5es:<\/h5>\n<ul>\n<li>entradas de \u00e1udio digital: 3 \u00f3pticas Toslink, 3 coaxiais<\/li>\n<li>3 entradas de \u00e1udio RCA est\u00e9reo anal\u00f3gicas<\/li>\n<li>1 entrada XLR est\u00e9reo balanceada<\/li>\n<li>Entrada fono MM (\u00edman m\u00f3vel) para conectar um toca-discos<\/li>\n<li>entrada USB Tipo B no painel traseiro para reprodu\u00e7\u00e3o de m\u00fasica de alta resolu\u00e7\u00e3o a partir de um computador (resolu\u00e7\u00e3o de at\u00e9 24 bits\/192kHz)<\/li>\n<li>Entradas de pr\u00e9-amplificador de 7.1 canais<\/li>\n<li>Sa\u00eddas de pr\u00e9-amplificador RCA de 11,2 canais<\/li>\n<li>sa\u00eddas para 7 alto-falantes (Front L\/R, Center, Surround L\/R, Center Back L\/R)<\/li>\n<li>Bluetooth integrado com aptX\u2122 para ouvir m\u00fasica sem fio com smartphones, tablets e computadores compat\u00edveis<\/li>\n<li>A porta USB tipo A no painel frontal lida com sinais de \u00e1udio de um iPod\u00ae, iPhone\u00ae ou iPad\u00ae<\/li>\n<li>A porta Ethernet conecta o amplificador \u00e0 sua rede dom\u00e9stica para atualiza\u00e7\u00f5es de software e integra\u00e7\u00e3o com sistemas de controle de terceiros<\/li>\n<li>Porta RS-232 para uso com sistemas de controle de terceiros<\/li>\n<\/ul>\n<h5>Garantia e outras informa\u00e7\u00f5es:<\/h5>\n<ul>\n<li>orelhas de montagem em rack inclu\u00eddas<\/li>\n<li>17&#8243; L x 7-9\/16&#8243; A x 18-1\/2&#8243; P<\/li>\n<li>peso: 50,3 libras.<\/li>\n<li><em>sem sintonizador AM\/FM integrado<\/em><\/li>\n<\/ul>\n","protected":false},"excerpt":{"rendered":"<p>&nbsp; Obra-prima do cinema em casa do Rotel A Rotel tem uma propens\u00e3o a criar componentes de alto desempenho que sejam simples de operar.\u00a0Um excelente exemplo \u00e9 o processador de home theater amplificado RAP-1580MKII.\u00a0Esta unidade de elite oferece imagem e som realistas, gra\u00e7as em parte \u00e0 amplifica\u00e7\u00e3o ultra-limpa, uma fonte de alimenta\u00e7\u00e3o toroidal robusta e [&hellip;]<\/p>\n","protected":false},"featured_media":18721,"template":"","meta":{"_acf_changed":false},"product_brand":[],"product_cat":[21,23,22,24],"product_tag":[],"class_list":{"0":"post-30","1":"product","2":"type-product","3":"status-publish","4":"has-post-thumbnail","6":"product_cat-home-theater","7":"product_cat-processador","8":"product_cat-receivers","9":"product_cat-rotel","11":"first","12":"instock","13":"sold-individually","14":"shipping-taxable","15":"purchasable","16":"product-type-simple"},"acf":[],"aioseo_notices":[],"_links":{"self":[{"href":"https:\/\/hificlub.com.br\/loja\/wp-json\/wp\/v2\/product\/30","targetHints":{"allow":["GET"]}}],"collection":[{"href":"https:\/\/hificlub.com.br\/loja\/wp-json\/wp\/v2\/product"}],"about":[{"href":"https:\/\/hificlub.com.br\/loja\/wp-json\/wp\/v2\/types\/product"}],"wp:featuredmedia":[{"embeddable":true,"href":"https:\/\/hificlub.com.br\/loja\/wp-json\/wp\/v2\/media\/18721"}],"wp:attachment":[{"href":"https:\/\/hificlub.com.br\/loja\/wp-json\/wp\/v2\/media?parent=30"}],"wp:term":[{"taxonomy":"product_brand","embeddable":true,"href":"https:\/\/hificlub.com.br\/loja\/wp-json\/wp\/v2\/product_brand?post=30"},{"taxonomy":"product_cat","embeddable":true,"href":"https:\/\/hificlub.com.br\/loja\/wp-json\/wp\/v2\/product_cat?post=30"},{"taxonomy":"product_tag","embeddable":true,"href":"https:\/\/hificlub.com.br\/loja\/wp-json\/wp\/v2\/product_tag?post=30"}],"curies":[{"name":"wp","href":"https:\/\/api.w.org\/{rel}","templated":true}]}}