{"id":2987,"date":"2023-10-17T20:03:58","date_gmt":"2023-10-17T23:03:58","guid":{"rendered":"https:\/\/hificlub.com.br\/loja2\/produto\/focal-stella-utopia-em-evo\/"},"modified":"2026-03-03T22:20:49","modified_gmt":"2026-03-04T01:20:49","slug":"focal-stella-utopia-em-evo","status":"publish","type":"product","link":"https:\/\/hificlub.com.br\/loja\/produto\/focal-stella-utopia-em-evo\/","title":{"rendered":"FOCAL STELLA UTOPIA EM EVO Metallic Blue"},"content":{"rendered":"<p>Stella Utopia EM Evo junta-se \u00e0 linha Utopia III Evo.\u00a0Verdadeira irm\u00e3 g\u00e9mea tecnol\u00f3gica da Grande Utopia EM Evo, absorveu o essencial das inova\u00e7\u00f5es mais marcantes, numa vers\u00e3o de 3 vias e com dimens\u00f5es mais c\u00f3modas.\u00a0Com seu woofer &#8220;W&#8221; de 33 cm e tecnologias de ponta, sua afina\u00e7\u00e3o sonora reproduz maravilhosamente os m\u00e9dios.\u00a0Este alto-falante de alta fidelidade produz uma defini\u00e7\u00e3o perfeita em toda a faixa de frequ\u00eancia, com o equil\u00edbrio ideal entre os registros\u2026 A arquitetura sonora do Utopia III foi preservada, para reduzir a distor\u00e7\u00e3o harm\u00f4nica no fr\u00e1gil registro de m\u00e9dios, t\u00e3o crucial para revelar as emo\u00e7\u00f5es do artista.<\/p>\n<p>Ambos os altifalantes est\u00e3o equipados com as mais recentes inova\u00e7\u00f5es da Focal: o NIC (Neutral Inductance Circuit) e a suspens\u00e3o TMD (Tuned Mass Damper).\u00a0Todo o sistema de crossover nos novos drivers de alto-falante foi redesenhado.\u00a0A rigidez do gabinete Stella Utopia EM Evo foi aprimorada usando an\u00e9is de refor\u00e7o posicionados ao redor dos drivers dos alto-falantes.\u00a0Os melhores componentes de sua gera\u00e7\u00e3o tamb\u00e9m chegaram \u00e0 linha Utopia Evo: cabos fabricados na Fran\u00e7a, um material ac\u00fastico mais denso dentro do subwoofer e as placas de terminais duplos.\u00a0Novos acabamentos adicionam o elemento de design a uma silhueta atemporal.<\/p>\n<p>Utopia III Evo continua sendo uma linha ic\u00f4nica.\u00a0Integra toda uma s\u00e9rie de inova\u00e7\u00f5es e detalhes essenciais para criar algo \u00fanico.\u00a0E ainda ruas \u00e0 frente do resto.<\/p>\n<h6 class=\"hoverText-title\">REGISTRO DE M\u00cdDIA EXCLUSIVO<\/h6>\n<div class=\"hoverText-text wysiwyg\">\n<p><em>Foi natural para a Focal capitalizar as pesquisas realizadas em 2008, que resultaram em inova\u00e7\u00f5es in\u00e9ditas e exclusivas, principalmente no registro de m\u00e9dio porte.\u00a0<\/em><\/p>\n<p>Suspens\u00e3o TMD: esta tecnologia fornece uma curva de resposta\u00a0<strong>de frequ\u00eancia linear<\/strong>\u00a0entre 1 e 4kHz, reduzindo significativamente a distor\u00e7\u00e3o nesta faixa.\u00a0O registo de gama m\u00e9dia beneficia de uma not\u00e1vel neutralidade.<\/p>\n<p>Circuito de Indut\u00e2ncia Neutra: estabilizar o campo magn\u00e9tico foi um desafio a ser superado, a fim de\u00a0<strong>\u00a0evitar distor\u00e7\u00f5es harm\u00f4nicas<\/strong>\u00a0\u00a0e intermodula\u00e7\u00e3o.\u00a0A pesquisa realizada permitiu aos engenheiros da Focal criar um circuito magn\u00e9tico extremamente est\u00e1vel.<\/p>\n<h6 class=\"hoverText-title\">REQUINTE AC\u00daSTICO<\/h6>\n<div class=\"hoverText-text wysiwyg\">\n<p>Todo o sistema de crossover nos novos drivers de alto-falante foi redesenhado meticulosamente, para uma precis\u00e3o ainda maior.\u00a0A rigidez do gabinete Stella Utopia EM Evo foi aprimorada usando an\u00e9is de refor\u00e7o posicionados ao redor dos drivers dos alto-falantes, aprimorando a coer\u00eancia ac\u00fastica geral.<\/p>\n<h6 class=\"hoverText-title\">COMPONENTES TESTADOS\u00a0\u00a0EM CONDI\u00c7\u00d5ES REAIS<\/h6>\n<div class=\"hoverText-text wysiwyg\">\n<p>Os engenheiros da Focal selecionaram os melhores componentes do mercado, escolhendo-os entre as melhores marcas depois de test\u00e1-los em condi\u00e7\u00f5es reais.<\/p>\n<p>Toda a fia\u00e7\u00e3o interna das unidades \u00e9\u00a0<strong>fabricada na Fran\u00e7a.\u00a0<\/strong>Ao analisar os aspectos da fia\u00e7\u00e3o desses novos alto-falantes, a Focal decidiu aumentar a bitola do cabeamento em 20%.\u00a0Os resultados podem ser ouvidos imediatamente: o som \u00e9 ainda mais claro e natural.<\/p>\n<p>Finalmente, para o registro de graves, o forro de enchimento ac\u00fastico que inclu\u00edmos dentro do gabinete foi engrossado para graves ainda mais firmes com mais controle e maior precis\u00e3o.<\/p>\n<p>&nbsp;<\/p>\n<\/div>\n<\/div>\n<\/div>\n<h3>Especifica\u00e7\u00f5es<\/h3>\n<p><strong>Tipo:<\/strong>\u00a0alto-falante bass-reflex de 3 vias, de ch\u00e3o<br \/>\n<strong>Drivers:<\/strong><\/p>\n<ul>\n<li>Woofer eletromagn\u00e9tico de 13&#8243; (33 cm) &#8216;W&#8217;<\/li>\n<li>2 drivers de m\u00e9dio porte Power Flower 61\/2&#8243; (16,5 cm) &#8216;W&#8217; com suspens\u00e3o TMD e \u00edm\u00e3 NIC<\/li>\n<li>Tweeter IAL2 de c\u00fapula invertida de ber\u00edlio puro de 1&#8243; (27 mm)<\/li>\n<\/ul>\n<p><strong>Resposta de frequ\u00eancia (+\/- 3dB):<\/strong>\u00a022Hz &#8211; 40kHz<br \/>\n<strong>Resposta em &#8211; 6dB:<\/strong>\u00a018Hz<br \/>\n<strong>Sensibilidade (2,83V \/ 1m):<\/strong>\u00a094dB<br \/>\n<strong>Imped\u00e2ncia nominal:<\/strong>\u00a08 \u03a9<br \/>\n<strong>Imped\u00e2ncia m\u00ednima:<\/strong>\u00a02,8 \u03a9<br \/>\n<strong>Frequ\u00eancias de filtragem:<\/strong>\u00a0230Hz \/ 2.200Hz<br \/>\n<strong>Pot\u00eancia de amplificador recomendada:<\/strong>\u00a0100 &#8211; 1.000 W<br \/>\n<strong>Dimens\u00f5es (A x L x P):<\/strong>\u00a061 1\/3&#8243; x 21 3\/4&#8243; x 32 11\/16&#8243; (1.558 x 553 x 830 mm)<br \/>\n<strong>Peso:<\/strong>\u00a0374 libras (170 kg)<\/p>\n","protected":false},"excerpt":{"rendered":"<p>Stella Utopia EM Evo junta-se \u00e0 linha Utopia III Evo.\u00a0Verdadeira irm\u00e3 g\u00e9mea tecnol\u00f3gica da Grande Utopia EM Evo, absorveu o essencial das inova\u00e7\u00f5es mais marcantes, numa vers\u00e3o de 3 vias e com dimens\u00f5es mais c\u00f3modas.\u00a0Com seu woofer &#8220;W&#8221; de 33 cm e tecnologias de ponta, sua afina\u00e7\u00e3o sonora reproduz maravilhosamente os m\u00e9dios.\u00a0Este alto-falante de alta [&hellip;]<\/p>\n","protected":false},"featured_media":14446,"template":"","meta":{"_acf_changed":false},"product_brand":[],"product_cat":[17,45,18],"product_tag":[],"class_list":{"0":"post-2987","1":"product","2":"type-product","3":"status-publish","4":"has-post-thumbnail","6":"product_cat-caixas","7":"product_cat-focal","8":"product_cat-torres","10":"first","11":"instock","12":"sold-individually","13":"shipping-taxable","14":"product-type-simple"},"acf":[],"aioseo_notices":[],"_links":{"self":[{"href":"https:\/\/hificlub.com.br\/loja\/wp-json\/wp\/v2\/product\/2987","targetHints":{"allow":["GET"]}}],"collection":[{"href":"https:\/\/hificlub.com.br\/loja\/wp-json\/wp\/v2\/product"}],"about":[{"href":"https:\/\/hificlub.com.br\/loja\/wp-json\/wp\/v2\/types\/product"}],"wp:featuredmedia":[{"embeddable":true,"href":"https:\/\/hificlub.com.br\/loja\/wp-json\/wp\/v2\/media\/14446"}],"wp:attachment":[{"href":"https:\/\/hificlub.com.br\/loja\/wp-json\/wp\/v2\/media?parent=2987"}],"wp:term":[{"taxonomy":"product_brand","embeddable":true,"href":"https:\/\/hificlub.com.br\/loja\/wp-json\/wp\/v2\/product_brand?post=2987"},{"taxonomy":"product_cat","embeddable":true,"href":"https:\/\/hificlub.com.br\/loja\/wp-json\/wp\/v2\/product_cat?post=2987"},{"taxonomy":"product_tag","embeddable":true,"href":"https:\/\/hificlub.com.br\/loja\/wp-json\/wp\/v2\/product_tag?post=2987"}],"curies":[{"name":"wp","href":"https:\/\/api.w.org\/{rel}","templated":true}]}}