{"id":298,"date":"2023-10-17T19:50:59","date_gmt":"2023-10-17T22:50:59","guid":{"rendered":"https:\/\/hificlub.com.br\/loja2\/produto\/manley-mahi-40-watts\/"},"modified":"2025-04-08T05:21:23","modified_gmt":"2025-04-08T08:21:23","slug":"manley-mahi-40-watts","status":"publish","type":"product","link":"https:\/\/hificlub.com.br\/loja\/produto\/manley-mahi-40-watts\/","title":{"rendered":"MANLEY MAHI Amplificadores Mono Ulta Linear 40 watts e Triodo 20 watts"},"content":{"rendered":"<p>ESTADO 9\/10<\/p>\n<p>Amplificadores Monobloco Manley Mahi<br \/>\nEsses pequenos e fofos amplificadores monobloco Mahi produzem cerca de 40 watts RMS no modo Ultra-Linear ou cerca de 20 watts no TRIODE de um quarteto de v\u00e1lvulas EL84 \/ 6BQ5 acionadas por um driver de triodo duplo 6414 e um triodo duplo de entrada 12AT7EH. A EL84 tem sido uma das v\u00e1lvulas favoritas da Manley Labs por muitos anos; extremamente dur\u00e1vel e confi\u00e1vel, e pode ser considerada a irm\u00e3 menor da muito amada EL34: realmente r\u00e1pida no som tanto no baixo quanto especialmente no topo. E, claro, isso tem muito a ver com o transformador de sa\u00edda Manley, o mesmo constru\u00eddo para os Manley Stingrays .<\/p>\n<p>Nosso caso de amor de longa data com o EL84 nunca soou mais firme, r\u00e1pido ou profundo do que no MAHI. O armazenamento de trilho B+ maior significa controle, impacto e um baixo potente. \u00c1gil e animado, o MAHI fornece 20 Watts no modo TRIODE e 40 Watts no modo Ultra-Linear por meio de nossos pr\u00f3prios transformadores personalizados, projetados e enrolados no Manley Labs. O interruptor de feedback vari\u00e1vel fornece uma paleta sonora que varia de doce e sedutor a poderoso e rockin&#8217;. Vendido em pares. (Mahi-Mahi!)<\/p>\n<p>DETALHES<br \/>\nEsses carinhas fofos produzem cerca de 40 watts RMS no modo Ultra-Linear ou cerca de 20 watts no TRIODE de um quarteto de v\u00e1lvulas EL84 \/ 6BQ5 acionadas por um driver de triodo duplo 12BH7 (ou 6414) e um triodo duplo de entrada 12AT7EH. A EL84 tem sido uma das nossas v\u00e1lvulas favoritas por muitos anos, extremamente dur\u00e1vel e confi\u00e1vel, e pode ser considerada a irm\u00e3 menor da muito amada EL34: realmente r\u00e1pida no som tanto no baixo quanto especialmente no topo. E, claro, isso tem muito a ver com nosso transformador de sa\u00edda Manley, o mesmo que constru\u00edmos para os Manley Stingrays.<\/p>\n<p>N\u00f3s constru\u00edmos amplificadores EL84 por mais de uma d\u00e9cada. Os Tiny Triodes da marca Manley foram muito aclamados no in\u00edcio dos anos 1990. Em 1993, depois que a empresa Manley se separou da VTL, os Tiny Triodes da Manley passaram por uma reformula\u00e7\u00e3o do chassi para se tornarem os Monoblocks de 35 watts da Manley, logo seguidos pelos Monoblocks de 50 watts. A opera\u00e7\u00e3o mais potente do modo Ultra-Linear se tornou o padr\u00e3o com opera\u00e7\u00e3o Triode com fio ou comuta\u00e7\u00e3o Triode\/UL dispon\u00edvel mediante solicita\u00e7\u00e3o especial.<\/p>\n<p>Ap\u00f3s a introdu\u00e7\u00e3o do amplificador integrado Stingray em 1998, voltamos e incorporamos os novos refinamentos de design de circuito do Stingray nos Monoblocos de 50 Watts. Finalmente, um grande baixo em um pequeno amplificador! Ent\u00e3o, em termos de topologia, os 50 watts p\u00f3s-1998 eram a vers\u00e3o monobloco do Stingray est\u00e9reo, com o recurso adicional de feedback vari\u00e1vel. Ap\u00f3s a introdu\u00e7\u00e3o dos fabulosos Manley Snappers em 2002, ficou \u00f3bvio que t\u00ednhamos que atualizar nossos cl\u00e1ssicos monoblocos EL84 de 50 watts, tanto em termos est\u00e9ticos quanto de recursos. Hora da reforma!<\/p>\n<p>Todos sempre nos pediam para comuta\u00e7\u00e3o Triode\/Ultra-Linear. Ouvimos seus pedidos e apresentamos a comuta\u00e7\u00e3o Triode-UL como equipamento padr\u00e3o nos MAHIs. Assim como os belos bornes alem\u00e3es WBT. Tamb\u00e9m aumentamos a capacidade do trilho B+ de uma forma importante. Os monos de 50 Watts tinham apenas cerca de 45 Joules ou armazenamento de energia no trilho B+. Agora os MAHIs t\u00eam quase 115 Joules de armazenamento de energia para o trilho B+. Voc\u00ea pode ouvir essa melhoria especialmente na regi\u00e3o dos graves: mais firme, mais r\u00e1pido, mais profundo. Mais \u00e9 mais neste caso.<\/p>\n<p>O design do chassi \u00e9 como um mini-Snapper. Eles s\u00e3o t\u00e3o fofos! E, claro, eles v\u00eam como padr\u00e3o como um par, ent\u00e3o voc\u00ea ganha&#8230; &#8220;Mahi-Mahi&#8221;.<\/p>\n<p>Acreditamos que os MANLEY MAHI&#8217;s oferecem muito valor por um pre\u00e7o acess\u00edvel e achamos que voc\u00ea ficar\u00e1 surpreso com o qu\u00e3o grande esses pequenos caras soam. Voc\u00ea n\u00e3o tem ideia de qu\u00e3o fabulosos esses amplificadores s\u00e3o.<\/p>\n<p>ESPECIFICA\u00c7\u00d5ES<br \/>\nTubo de entrada (cada bloco mono): 1 x 12AT7EH placa grande Eletcro-Harmonix Russo<\/p>\n<p>Tubo de driver (cada bloco mono): 1 x 12BH7EH (ou anteriormente 6414)<\/p>\n<p>Tubos de sa\u00edda (cada bloco mono): 4 x EL84 Enviado com NOS russo EL84M (tamb\u00e9m conhecido como 6Pi14Pi-EB)<\/p>\n<p>Corrente de repouso do tubo de sa\u00edda: 25mA<\/p>\n<p>Defina a polariza\u00e7\u00e3o para 250 mVDC medidos em cada resistor de c\u00e1todo de 10 Ohm<\/p>\n<p>Imped\u00e2ncia de entrada: 110 kOhm<\/p>\n<p>Feedback negativo: MIN= 3dB; STD=6dB; MAX=10dB de NFB global<\/p>\n<p>Ganho:<\/p>\n<p>FB MIN: 30,7 dB TRIODO; 32,1 dB UL<\/p>\n<p>FB STD: 28,5 dB TRIODO; 29,1 dB UL<\/p>\n<p>FB M\u00c1X.: 26,1 dB TRIODO; 27,1 dB UL<\/p>\n<p>Sensibilidade de entrada para pot\u00eancia m\u00e1xima de sa\u00edda, definida como a tens\u00e3o de entrada necess\u00e1ria para produzir pot\u00eancia m\u00e1xima de sa\u00edda atingindo 1,5% THD a 1 KHz:<\/p>\n<p>FB MIN: 175mV TRIODO; 155mV UL<\/p>\n<p>FB STD: TRIODO 312mV; UL 340mV<\/p>\n<p>FB M\u00c1X.: 480 mV TRIODO; 566 mV UL<\/p>\n<p>Sensibilidade de entrada para 1 W em 8 Ohms: 61 mV 53 mV<\/p>\n<p>Pot\u00eancia m\u00e1xima de sa\u00edda, definida como pot\u00eancia de sa\u00edda atingindo 1,5% THD a 1 KHz:<\/p>\n<p>em 5 Ohms:<\/p>\n<p>FB M\u00cdN: 18 W TRIODO; 20 W UL<\/p>\n<p>FB STD: TRIODO 27W; UL 42W<\/p>\n<p>FB MAX: TRIODO DE 28 W; UL DE 46 W<\/p>\n<p>em 8 Ohms:<\/p>\n<p>FB M\u00cdN: 14 W TRIODO; 24 W UL<\/p>\n<p>FB STD: TRIODO 24 W; UL 40 W<\/p>\n<p>FB MAX: TRIODO DE 25 W; UL DE 41 W<\/p>\n<p>Rela\u00e7\u00e3o sinal-ru\u00eddo Ref. 1W: Normalmente 82 dB A-WGT 20-20K<\/p>\n<p>Ru\u00eddo de fundo: Normalmente 150\u00b5V = -74dBu A-WGT<\/p>\n<p>Ru\u00eddo de fundo: Normalmente 650\u00b5V = -62dBu n\u00e3o ponderado<\/p>\n<p>Arranhar\u00e1 seu piso: Use moedas de um centavo sob os p\u00e9s pontudos para evitar estragar os arm\u00e1rios. Experimente moedas de 25 centavos se voc\u00ea estiver em faixas de impostos mais altas. O melhor desempenho seria o de n\u00edqueis. O papel-moeda n\u00e3o funciona t\u00e3o bem. As moedas de euro funcionam 1,54 vezes melhor. Pavimentos de concreto ou blocos de corte de madeira servem bem para plataformas de amplificadores.<\/p>\n<p>Faixa din\u00e2mica: 83dB<\/p>\n<p>THD+Ru\u00eddo @ 5W: menos de 0,15%<\/p>\n<p>Resposta de frequ\u00eancia em modo UL de pot\u00eancia m\u00e1xima com NFB MAX: 20 Hz a 20 kHz FLAT<\/p>\n<p>Resposta de frequ\u00eancia a 5 W em 5 Ohms: 10 Hz a 30 kHz FLAT, -3,75 dB a 100 KHz<\/p>\n<p>Carga de alto-falante recomendada: otimizada para 5 Ohms<\/p>\n<p>Imped\u00e2ncia de sa\u00edda:<\/p>\n<p>FB MIN: 1,22 Ohms TRIODO; 1,35 Ohms UL<\/p>\n<p>FB STD: 0,80 Ohms TRIODO; 0,83 Ohms UL<\/p>\n<p>FB MAX: 0,54 Ohms TRIODO; 0,54 Ohms UL<\/p>\n<p>Fator de amortecimento:<\/p>\n<p>FB M\u00cdN: 4,10 TRIODO; 3,70 UL<\/p>\n<p>FB STD: 5,45 TRIODO; 4,78 UL<\/p>\n<p>FB M\u00c1X.: 9,26 TRIODO; 9,26 UL<\/p>\n<p>Consumo de energia (inativo): 102 Watts (0,85 A a 120 VCA)<\/p>\n<p>Consumo m\u00e1ximo de energia (em pot\u00eancia m\u00e1xima): 168 Watts (1,4 A a 120 VCA)<\/p>\n<p>Tens\u00e3o de rede operacional: configura\u00e7\u00e3o de f\u00e1brica para opera\u00e7\u00e3o em 100 V, 120 V ou 220-240 VCA para a tens\u00e3o de rede do pa\u00eds de destino original.<\/p>\n<p>Tens\u00e3o de opera\u00e7\u00e3o da rede el\u00e9trica: alter\u00e1vel com a nova fia\u00e7\u00e3o do transformador de pot\u00eancia e altera\u00e7\u00e3o do valor do fus\u00edvel.<\/p>\n<p>Frequ\u00eancia da tens\u00e3o da rede: 50 ~ 60 Hz<\/p>\n<p>Tipo de fus\u00edvel e classifica\u00e7\u00f5es @ opera\u00e7\u00e3o de 117 VAC:<br \/>\nFus\u00edvel de rede el\u00e9trica: 3 Amp 3AG de queima lenta, corpo de vidro Littlefuse S\u00e9rie 239<\/p>\n<p>Tipo de fus\u00edvel e classifica\u00e7\u00f5es @ opera\u00e7\u00e3o de 230 VAC:<br \/>\nFus\u00edvel de rede el\u00e9trica: 1,6 Amp 3AG de queima lenta, corpo de vidro Littlefuse S\u00e9rie 239<\/p>\n<p>Fus\u00edvel B+: MDA 400 mA SLO-BLO fus\u00edvel de retardo de cer\u00e2mica<\/p>\n<p>Ilumina\u00e7\u00e3o do emblema: Unidades produzidas antes de 3\/2003 usam &#8220;L\u00e2mpada de fus\u00edvel&#8221; de 8 V, 0,3 A 1\/4&#8243; X 1 1\/4&#8243; &#8211; N\u00fameros de s\u00e9rie ap\u00f3s MAHI036 usam ilumina\u00e7\u00e3o LED que provavelmente n\u00e3o queimar\u00e1<\/p>\n<p>Dimens\u00f5es: 11&#8243; de profundidade x 10&#8243; de largura x 5&#8243; de altura<\/p>\n<p>Peso de envio cada: 18 libras<\/p>\n","protected":false},"excerpt":{"rendered":"<p>ESTADO 9\/10 Amplificadores Monobloco Manley Mahi Esses pequenos e fofos amplificadores monobloco Mahi produzem cerca de 40 watts RMS no modo Ultra-Linear ou cerca de 20 watts no TRIODE de um quarteto de v\u00e1lvulas EL84 \/ 6BQ5 acionadas por um driver de triodo duplo 6414 e um triodo duplo de entrada 12AT7EH. A EL84 tem [&hellip;]<\/p>\n","protected":false},"featured_media":20761,"template":"","meta":{"_acf_changed":false},"product_brand":[],"product_cat":[27,57,31],"product_tag":[],"class_list":{"0":"post-298","1":"product","2":"type-product","3":"status-publish","4":"has-post-thumbnail","6":"product_cat-amplificador","7":"product_cat-manley","8":"product_cat-mono","10":"first","11":"instock","12":"sold-individually","13":"shipping-taxable","14":"purchasable","15":"product-type-simple"},"acf":[],"aioseo_notices":[],"_links":{"self":[{"href":"https:\/\/hificlub.com.br\/loja\/wp-json\/wp\/v2\/product\/298","targetHints":{"allow":["GET"]}}],"collection":[{"href":"https:\/\/hificlub.com.br\/loja\/wp-json\/wp\/v2\/product"}],"about":[{"href":"https:\/\/hificlub.com.br\/loja\/wp-json\/wp\/v2\/types\/product"}],"wp:featuredmedia":[{"embeddable":true,"href":"https:\/\/hificlub.com.br\/loja\/wp-json\/wp\/v2\/media\/20761"}],"wp:attachment":[{"href":"https:\/\/hificlub.com.br\/loja\/wp-json\/wp\/v2\/media?parent=298"}],"wp:term":[{"taxonomy":"product_brand","embeddable":true,"href":"https:\/\/hificlub.com.br\/loja\/wp-json\/wp\/v2\/product_brand?post=298"},{"taxonomy":"product_cat","embeddable":true,"href":"https:\/\/hificlub.com.br\/loja\/wp-json\/wp\/v2\/product_cat?post=298"},{"taxonomy":"product_tag","embeddable":true,"href":"https:\/\/hificlub.com.br\/loja\/wp-json\/wp\/v2\/product_tag?post=298"}],"curies":[{"name":"wp","href":"https:\/\/api.w.org\/{rel}","templated":true}]}}