{"id":29643,"date":"2026-01-15T17:25:49","date_gmt":"2026-01-15T20:25:49","guid":{"rendered":"https:\/\/hificlub.com.br\/loja\/?post_type=product&#038;p=29643"},"modified":"2026-01-27T12:03:44","modified_gmt":"2026-01-27T15:03:44","slug":"raidho-d-2-1-caixa-torre-50-watts-minimo","status":"publish","type":"product","link":"https:\/\/hificlub.com.br\/loja\/produto\/raidho-d-2-1-caixa-torre-50-watts-minimo\/","title":{"rendered":"RAIDHO C-2.1   Caixa Torre Hi-End"},"content":{"rendered":"<p>A Raidho C2.1 (US$ 28.000 o par) \u00e9 o menor modelo de ch\u00e3o da s\u00e9rie C da empresa. A nova designa\u00e7\u00e3o &#8220;.1&#8221; (o modelo anterior era o C2.0) decorre de mudan\u00e7as feitas no desenvolvimento do modelo principal da Raidho, o C4.0. Acima da C2.1 est\u00e1 uma caixa ac\u00fastica de ch\u00e3o maior, a C3.1 de tr\u00eas vias, e abaixo dela, a C1.1 de duas vias para suporte. A C2.1 (115,5 cm de altura x 52 cm de profundidade x 20,3 cm de largura, 50 kg cada) \u00e9 um modelo de 2,5 vias, o que significa que seus dois drivers superiores \u2014 um tweeter de fita de 1 polegada com parte traseira selada e um woofer de m\u00e9dio-grave de 4,5 polegadas \u2014 s\u00e3o basicamente configurados como um sistema de duas vias padr\u00e3o (n\u00e3o h\u00e1 filtro passa-alta no woofer de m\u00e9dio-grave). A diferen\u00e7a \u00e9 que o terceiro driver da C2.1 \u2014 o woofer inferior \u2014 complementa a resposta de graves do woofer de m\u00e9dio-grave acima dele abaixo de 180 Hz. Essa configura\u00e7\u00e3o de 2,5 vias est\u00e1 se tornando cada vez mais popular em caixas ac\u00fasticas de ch\u00e3o compactas porque mant\u00e9m grande parte da simplicidade de um crossover de duas vias, ao mesmo tempo que adiciona mais graves e capacidade de pot\u00eancia do que um projeto com um \u00fanico woofer poderia oferecer.<\/p>\n<p>O alto-falante de graves usado nas caixas ac\u00fasticas da s\u00e9rie C original da Raidho foi desenvolvido h\u00e1 oito anos. Alguns diriam que estava \u00e0 frente de seu tempo, devido \u00e0 sua excelente rigidez na faixa de frequ\u00eancia e ao uso de \u00edm\u00e3s de neod\u00edmio. Outra inova\u00e7\u00e3o \u00e9 o m\u00e9todo de montagem: a face frontal do chassi de cada alto-falante, usinada em alum\u00ednio de qualidade aeron\u00e1utica, tamb\u00e9m funciona como parte do painel frontal da caixa ac\u00fastica. As novas vers\u00f5es dos alto-falantes Raidho oferecem melhorias evolutivas. B\u00f8rresen: \u201cTudo se resume \u00e0s n\u00e3o linearidades din\u00e2micas presentes em todos os projetos de alto-falantes. H\u00e1 deflex\u00e3o na suspens\u00e3o e na borda, indut\u00e2ncia na bobina m\u00f3vel e perdas por histerese no suporte da bobina, s\u00f3 para citar alguns dos itens que foram aprimorados. Na pr\u00e1tica, isso significa que a geometria foi otimizada, o material do suporte da bobina foi alterado para tit\u00e2nio e a indut\u00e2ncia na bobina foi reduzida a um ter\u00e7o! O tit\u00e2nio est\u00e1 livre do amortecimento por histerese din\u00e2mica t\u00e3o presente no alum\u00ednio usado anteriormente.\u201d<\/p>\n<p><span dir=\"auto\">Quanto ao crossover do C2.1, este tamb\u00e9m foi aprimorado em termos de fia\u00e7\u00e3o e qualidade dos componentes. Sobre a abordagem geral da empresa para o projeto de crossovers, B\u00f8rresen afirmou: \u201cNos alto-falantes Raidho, os drivers s\u00e3o conectados em s\u00e9rie e as frequ\u00eancias indesejadas s\u00e3o desviadas ao redor do driver pelos componentes do crossover. Isso tem uma grande vantagem: na regi\u00e3o do crossover, os drivers recebem exatamente a mesma corrente. Isso mant\u00e9m a resposta de fase est\u00e1vel sob cargas din\u00e2micas. O resultado s\u00e3o alto-falantes que n\u00e3o alteram suas caracter\u00edsticas quando carregados, e a imagem ac\u00fastica permanece est\u00e1vel. No C2.1, o ponto de crossover est\u00e1 em 3kHz. O driver de graves inferior no sistema de 2,5 vias tem seu corte em aproximadamente 180Hz. A fia\u00e7\u00e3o do Cx.1 agora \u00e9 uma combina\u00e7\u00e3o de cabos Nordost Valhalla e Odin.\u201d\u00a0<\/span><\/p>\n<p><span dir=\"auto\">Por fim, fiquei impressionado com o fato de a Raidho n\u00e3o apenas conseguir produzir uma caixa ac\u00fastica com resposta de frequ\u00eancia plana, mas tamb\u00e9m possuir o conhecimento psicoac\u00fastico e a expertise em engenharia para torn\u00e1-la\u00a0<\/span><i><span dir=\"auto\">n\u00e3o<\/span><\/i><span dir=\"auto\">\u00a0plana de uma maneira muito espec\u00edfica. B\u00f8rresen: \u201cA regi\u00e3o de crossover torna-se crucial e, embora os livros did\u00e1ticos recomendem que essa regi\u00e3o seja reta e plana, eu n\u00e3o a fa\u00e7o plana, porque plana significa que se destaca! Nossa audi\u00e7\u00e3o reconhecer\u00e1 imediatamente as pequenas diferen\u00e7as que ocorrem nessa regi\u00e3o e, portanto, desviar\u00e1 nossa aten\u00e7\u00e3o para l\u00e1. A solu\u00e7\u00e3o \u00e9 criar uma atenua\u00e7\u00e3o deliberada na regi\u00e3o de crossover, onde a resposta de frequ\u00eancia apresenta uma queda de 2 a 3 dB centrada no ponto de crossover. Assim, as caixas ac\u00fasticas da Raidho n\u00e3o s\u00e3o medidas retas deliberadamente, elas\u00a0<\/span><i><span dir=\"auto\">soam<\/span><\/i><span dir=\"auto\">\u00a0retas. Isso foi o resultado acidental do famoso monitor BBC LS3\/5A; muitas vezes, as pessoas consideram essa curva como uma curva alvo para o projeto de caixas ac\u00fasticas, e at\u00e9 mesmo algumas unidades de corre\u00e7\u00e3o digital t\u00eam essa curva BBC integrada para ajustar a resposta da caixa, o que \u00e9 um erro. A curva BBC n\u00e3o \u00e9 universal, mas se encaixa perfeitamente nesses drivers nessa implementa\u00e7\u00e3o espec\u00edfica.\u201d\u00a0<\/span><\/p>\n<p><span dir=\"auto\">O C2.1 possui uma sensibilidade declarada de 87dB (2,83V\/1m), imped\u00e2ncia nominal de 4 ohms e resposta de frequ\u00eancia de 40Hz a 50kHz. H\u00e1 tr\u00eas portas no painel traseiro e um \u00fanico par de bornes de liga\u00e7\u00e3o de cinco vias. As op\u00e7\u00f5es de acabamento s\u00e3o folheado de nogueira, preto brilhante e branco brilhante. O C2.1, de formato relativamente estreito, possui uma base com uma \u00e1rea de contato maior que a pr\u00f3pria caixa ac\u00fastica, para garantir s\u00f3lida estabilidade lateral. Considero a qualidade de constru\u00e7\u00e3o geral muito boa, condizente com o que se espera nessa faixa de pre\u00e7o.\u00a0<\/span><\/p>\n<p><span dir=\"auto\">Pode-se afirmar que as caixas ac\u00fasticas Raidho s\u00e3o de alta engenharia e projetadas especificamente para produzir um som que \u00e9 exclusivamente Raidho. A quest\u00e3o era: o que eu acharia desse som?\u00a0<\/span><\/p>\n<div class=\"Y3BBE\" data-sfc-cp=\"\" data-hveid=\"CAEQAA\" data-processed=\"true\"><span dir=\"auto\">O Raidho Acoustics C-2.1 \u00e9 um<\/span><mark class=\"HxTRcb\" data-processed=\"true\"><span dir=\"auto\">Caixa ac\u00fastica de ch\u00e3o de 2,5 vias com tweeter de fita selado propriet\u00e1rio e dois drivers de m\u00e9dio-grave de cer\u00e2mica de 100 mm.<\/span><\/mark><span dir=\"auto\">Ele foi projetado com uma caixa ac\u00fastica ventilada na parte traseira, oferecendo uma resposta de frequ\u00eancia de 40Hz a 50kHz com sensibilidade de 87dB (2,83V\/m) e imped\u00e2ncia nominal de 4 ohms, proporcionando um som de alta resolu\u00e7\u00e3o, r\u00e1pido e n\u00e3o fatigante.<\/span><span class=\"uJ19be notranslate\" data-wiz-uids=\"gUN7ne_g\" data-processed=\"true\"><span class=\"vKEkVd\" data-animation-atomic=\"\" data-wiz-attrbind=\"class=gUN7ne_f\/TKHnVd\" data-processed=\"true\">\u00a0<button class=\"rBl3me\" data-amic=\"true\" data-icl-uuid=\"abc4fcfc-671f-4130-a2cc-13814de5abb9\" aria-label=\"Mostrar links relacionados\" data-wiz-attrbind=\"disabled=gUN7ne_f\/C5gNJc;aria-label=gUN7ne_f\/bOjMyf;class=gUN7ne_f\/UpSNec\" data-ved=\"2ahUKEwjEtuCv_quSAxV7H7kGHZNWH8AQye0OegQIARAE\" data-processed=\"true\"><\/button><\/span><\/span><\/div>\n<div class=\"Y3BBE\" data-sfc-cp=\"\" data-hveid=\"CAIQAA\" data-processed=\"true\"><strong class=\"Yjhzub\" data-processed=\"true\"><span dir=\"auto\">Especifica\u00e7\u00f5es principais do Raidho C-2.1:<\/span><\/strong><button class=\"rBl3me\" data-amic=\"true\" data-icl-uuid=\"019e5837-837c-4264-b7e8-61c5ad6a5f5d\" aria-label=\"Mostrar links relacionados\" data-wiz-attrbind=\"disabled=gUN7ne_n\/C5gNJc;aria-label=gUN7ne_n\/bOjMyf;class=gUN7ne_n\/UpSNec\" data-ved=\"2ahUKEwjEtuCv_quSAxV7H7kGHZNWH8AQye0OegQIAhAB\" data-processed=\"true\"><\/button><\/div>\n<ul class=\"KsbFXc U6u95\" data-processed=\"true\">\n<li data-hveid=\"CAMQAA\" data-processed=\"true\"><span class=\"T286Pc\" data-sfc-cp=\"\" data-processed=\"true\"><strong class=\"Yjhzub\" data-processed=\"true\"><span dir=\"auto\">Tipo:<\/span><\/strong><span dir=\"auto\">\u00a0Caixa ac\u00fastica de ch\u00e3o de 2,5 vias<\/span><\/span><\/li>\n<li data-hveid=\"CAMQAQ\" data-processed=\"true\"><span class=\"T286Pc\" data-sfc-cp=\"\" data-processed=\"true\"><strong class=\"Yjhzub\" data-processed=\"true\"><span dir=\"auto\">Motoristas:<\/span><\/strong><\/span>\n<ul class=\"KsbFXc U6u95\" data-processed=\"true\">\n<li data-hveid=\"CAMQAg\" data-processed=\"true\"><span class=\"T286Pc\" data-sfc-cp=\"\" data-processed=\"true\"><span dir=\"auto\">1x Tweeter de Fita Selado (propriet\u00e1rio)<\/span><\/span><\/li>\n<li data-hveid=\"CAMQAw\" data-processed=\"true\"><span class=\"T286Pc\" data-sfc-cp=\"\" data-processed=\"true\"><span dir=\"auto\">2 alto-falantes de m\u00e9dio-grave de cer\u00e2mica de 100 mm (aproximadamente 4 polegadas)<\/span><\/span><\/li>\n<\/ul>\n<\/li>\n<li data-hveid=\"CAMQBA\" data-processed=\"true\"><span class=\"T286Pc\" data-sfc-cp=\"\" data-processed=\"true\"><strong class=\"Yjhzub\" data-processed=\"true\"><span dir=\"auto\">Resposta de frequ\u00eancia:<\/span><\/strong><span dir=\"auto\">\u00a040 Hz \u2013 50 kHz<\/span><\/span><\/li>\n<li data-hveid=\"CAMQBQ\" data-processed=\"true\"><span class=\"T286Pc\" data-sfc-cp=\"\" data-processed=\"true\"><strong class=\"Yjhzub\" data-processed=\"true\"><span dir=\"auto\">Sensibilidade:<\/span><\/strong><span dir=\"auto\">\u00a087 dB 2,83 V\/m<\/span><\/span><\/li>\n<li data-hveid=\"CAMQBg\" data-processed=\"true\"><span class=\"T286Pc\" data-sfc-cp=\"\" data-processed=\"true\"><strong class=\"Yjhzub\" data-processed=\"true\"><span dir=\"auto\">Imped\u00e2ncia:<\/span><\/strong><span dir=\"auto\">\u00a04 Ohms<\/span><\/span><\/li>\n<li data-hveid=\"CAMQBw\" data-processed=\"true\"><span class=\"T286Pc\" data-sfc-cp=\"\" data-processed=\"true\"><strong class=\"Yjhzub\" data-processed=\"true\"><span dir=\"auto\">Crossover:<\/span><\/strong><span dir=\"auto\">\u00a02\u00aa Ordem<\/span><\/span><\/li>\n<li data-hveid=\"CAMQCA\" data-processed=\"true\"><span class=\"T286Pc\" data-sfc-cp=\"\" data-processed=\"true\"><strong class=\"Yjhzub\" data-processed=\"true\"><span dir=\"auto\">Gabinete:<\/span><\/strong><span dir=\"auto\">\u00a0Design ventilado com portas voltadas para tr\u00e1s<\/span><\/span><\/li>\n<li data-hveid=\"CAMQCQ\" data-processed=\"true\"><span class=\"T286Pc\" data-sfc-cp=\"\" data-processed=\"true\"><strong class=\"Yjhzub\" data-processed=\"true\"><span dir=\"auto\">Dimens\u00f5es (LxAxP):<\/span><\/strong><span dir=\"auto\">\u00a0Aproximadamente 143 x 1270 x 410 mm (sem os p\u00e9s)<\/span><\/span><\/li>\n<li data-hveid=\"CAMQCg\" data-processed=\"true\"><span class=\"T286Pc\" data-sfc-cp=\"\" data-processed=\"true\"><strong class=\"Yjhzub\" data-processed=\"true\"><span dir=\"auto\">Peso:<\/span><\/strong><span dir=\"auto\">\u00a040 kg (por alto-falante)<\/span><\/span><\/li>\n<\/ul>\n<p>&nbsp;<\/p>\n","protected":false},"excerpt":{"rendered":"<p>A Raidho C2.1 (US$ 28.000 o par) \u00e9 o menor modelo de ch\u00e3o da s\u00e9rie C da empresa. A nova designa\u00e7\u00e3o &#8220;.1&#8221; (o modelo anterior era o C2.0) decorre de mudan\u00e7as feitas no desenvolvimento do modelo principal da Raidho, o C4.0. Acima da C2.1 est\u00e1 uma caixa ac\u00fastica de ch\u00e3o maior, a C3.1 de tr\u00eas [&hellip;]<\/p>\n","protected":false},"featured_media":29650,"template":"","meta":{"_acf_changed":false},"product_brand":[],"product_cat":[17,157,18],"product_tag":[],"class_list":{"0":"post-29643","1":"product","2":"type-product","3":"status-publish","4":"has-post-thumbnail","6":"product_cat-caixas","7":"product_cat-raidho","8":"product_cat-torres","10":"first","11":"instock","12":"sold-individually","13":"shipping-taxable","14":"purchasable","15":"product-type-simple"},"acf":[],"aioseo_notices":[],"_links":{"self":[{"href":"https:\/\/hificlub.com.br\/loja\/wp-json\/wp\/v2\/product\/29643","targetHints":{"allow":["GET"]}}],"collection":[{"href":"https:\/\/hificlub.com.br\/loja\/wp-json\/wp\/v2\/product"}],"about":[{"href":"https:\/\/hificlub.com.br\/loja\/wp-json\/wp\/v2\/types\/product"}],"wp:featuredmedia":[{"embeddable":true,"href":"https:\/\/hificlub.com.br\/loja\/wp-json\/wp\/v2\/media\/29650"}],"wp:attachment":[{"href":"https:\/\/hificlub.com.br\/loja\/wp-json\/wp\/v2\/media?parent=29643"}],"wp:term":[{"taxonomy":"product_brand","embeddable":true,"href":"https:\/\/hificlub.com.br\/loja\/wp-json\/wp\/v2\/product_brand?post=29643"},{"taxonomy":"product_cat","embeddable":true,"href":"https:\/\/hificlub.com.br\/loja\/wp-json\/wp\/v2\/product_cat?post=29643"},{"taxonomy":"product_tag","embeddable":true,"href":"https:\/\/hificlub.com.br\/loja\/wp-json\/wp\/v2\/product_tag?post=29643"}],"curies":[{"name":"wp","href":"https:\/\/api.w.org\/{rel}","templated":true}]}}