{"id":2955,"date":"2023-10-17T20:03:48","date_gmt":"2023-10-17T23:03:48","guid":{"rendered":"https:\/\/hificlub.com.br\/loja2\/produto\/hegel-hd30-dual-mono-dac-streaming-32-bit-192-khz\/"},"modified":"2025-09-24T07:38:19","modified_gmt":"2025-09-24T10:38:19","slug":"hegel-hd30-dual-mono-dac-streaming-32-bit-192-khz","status":"publish","type":"product","link":"https:\/\/hificlub.com.br\/loja\/produto\/hegel-hd30-dual-mono-dac-streaming-32-bit-192-khz\/","title":{"rendered":"HEGEL HD30 DUAL MONO DAC\/ Streaming  32 bit \/ 192 KHz"},"content":{"rendered":"<h3>Informa\u00e7\u00f5es\u00a0do Produto:<\/h3>\n<p>O Hegel HD30 \u00e9 o melhor centro de controle digital.\u00a0Ele faz tudo o que voc\u00ea pode sonhar e com\u00a0qualidade de classe\u00a0mundial\u00a0.\u00a0H\u00e1 uma abund\u00e2ncia de entradas, variando de conectores AES \/ EBU e BNC balanceados, a conex\u00f5es de rede e USB &#8211;\u00a0sendo que este \u00faltimo tamb\u00e9m aceita sinais DSD.\u00a0O\u00a0atenuador de volume embutido permite conectar diretamente a um amplificador de pot\u00eancia ou a um par de alto-falantes ativos.\u00a0Fontes de alimenta\u00e7\u00e3o altamente avan\u00e7adas e layouts cuidadosos\u00a0reduzem o ru\u00eddo a um\u00a0incr\u00edvel alvoro\u00e7o\u00a0&#8211;\u00a0150dB.\u00a0Em suma &#8230; Voc\u00ea se atreve a tentar?<\/p>\n<h3><strong>Hegel HD30\u00a0\u00a0Audiologica, um verdadeiro\u00a0DAC de classe\u00a0mundial\u00a0da Hegel<\/strong><\/h3>\n<p>O Hegel HD30 \u00e9 o melhor centro de controle digital.\u00a0Ele faz tudo o que voc\u00ea pode sonhar e com\u00a0qualidade de classe\u00a0mundial\u00a0.\u00a0H\u00e1 uma abund\u00e2ncia de entradas, variando de conectores AES \/ EBU e BNC balanceados, a conex\u00f5es de rede e USB &#8211;\u00a0sendo que este \u00faltimo tamb\u00e9m aceita sinais DSD.\u00a0O\u00a0atenuador de volume embutido permite conectar diretamente a um amplificador de pot\u00eancia ou a um par de alto-falantes ativos.\u00a0Fontes de alimenta\u00e7\u00e3o altamente avan\u00e7adas e layouts cuidadosos\u00a0reduzem o ru\u00eddo a um\u00a0incr\u00edvel alvoro\u00e7o\u00a0&#8211;\u00a0150dB.\u00a0Em suma &#8230; Voc\u00ea se atreve a tentar?<\/p>\n<p>Ao projetar um digital-\u00a0para-\u00a0anal\u00f3gico de classe mundial, que s\u00e3o essencialmente fazer uma obra-prima.\u00a0Um para os outros tentarem copiar.\u00a0N\u00e3o basta selecionar os melhores componentes do mercado e apresent\u00e1-los de maneira inteligente.\u00a0Ao criar uma obra-prima, voc\u00ea deve questionar se pode torn\u00e1-la melhor que a melhor.\u00a0O HD30 era apenas um projeto de obra-prima.\u00a0Para alcan\u00e7ar metas que, at\u00e9 agora, eram consideradas imposs\u00edveis de alcan\u00e7ar, precisamos ajustar o melhor equipamento de medi\u00e7\u00e3o dispon\u00edvel no mundo.\u00a0Apenas para poderajustar nossos cristais de rel\u00f3gio e fontes de alimenta\u00e7\u00e3o.\u00a0Projetamos rel\u00f3gios mestres desde o in\u00edcio e esfor\u00e7amo-nos ao m\u00e1ximo para projetar fontes de alimenta\u00e7\u00e3o com ru\u00eddo ultra baixo e proteger contra interfer\u00eancias externas.\u00a0Os resultados s\u00e3o impressionantes.\u00a0A musicalidade do HD30 est\u00e1 em um n\u00edvel nunca antes ouvido.\u00a0Voc\u00ea pode experimentar instrumentos e praticamente sentir a sala em que tocam. Voc\u00ea sente o sorriso se ampliando em seu rosto e os cabelos subindo em seus bra\u00e7os quando o HD30 come\u00e7a a tocar.\u00a0O dedo tocando a corda, um milissegundo antes que o viol\u00e3o comece a tocar.\u00a0O cantor desenha esse suspiro de antecipa\u00e7\u00e3o antes de come\u00e7ar a tocar na frente de uma multid\u00e3o ao vivo.<\/p>\n<p>Se voc\u00ea optar por usar o Apple AirPlay, um CD\u00a0player, um computador ou qualquer outro dispositivo.\u00a0O HD30 trar\u00e1 toda a m\u00fasica e entusiasmo que existe na grava\u00e7\u00e3o.<\/p>\n<p>&nbsp;<\/p>\n<p><strong>DAC resolution:<\/strong>\u00a0Dual mono 32 bit\/192 kHz multilevel sigma-delta DAC<br \/>\n<strong>Line output:<\/strong>\u00a02.6 VRMS<br \/>\n<strong>Digital inputs:<\/strong>\u00a01 coaxial, 3 optical, 1 USB, 1 ethernet, 1 BNC, 1 AES\/EBU<br \/>\n<strong>Analog outputs:<\/strong>\u00a01 fixed line level (RCA), 1 fixed line level (Balanced XLR)<br \/>\n<strong>Distortion:<\/strong>\u00a0Typical 0.0005%<br \/>\n<strong>Frequency response:<\/strong>\u00a00 Hz &#8211; 50 kHz<br \/>\n<strong>Noise floor:<\/strong>\u00a0Typically -150 dB<br \/>\n<strong>Power supply:<\/strong>\u00a0Separate torodial transformers for analog\/digital 54,000 uF capacitors<br \/>\n<strong>Output impedance:<\/strong>\u00a022 ohms unbalanced and 44 ohms balanced<br \/>\n<strong>Control input:<\/strong>\u00a01 IR-direct mini-jack<br \/>\n<strong>Dimensions\/weight:<\/strong>\u00a08cm (10cm w\/feet) x 43cm x 31cm (HxWxD), 6,5 Kg<\/p>\n","protected":false},"excerpt":{"rendered":"<p>Informa\u00e7\u00f5es\u00a0do Produto: O Hegel HD30 \u00e9 o melhor centro de controle digital.\u00a0Ele faz tudo o que voc\u00ea pode sonhar e com\u00a0qualidade de classe\u00a0mundial\u00a0.\u00a0H\u00e1 uma abund\u00e2ncia de entradas, variando de conectores AES \/ EBU e BNC balanceados, a conex\u00f5es de rede e USB &#8211;\u00a0sendo que este \u00faltimo tamb\u00e9m aceita sinais DSD.\u00a0O\u00a0atenuador de volume embutido permite conectar [&hellip;]<\/p>\n","protected":false},"featured_media":2953,"template":"","meta":{"_acf_changed":false},"product_brand":[],"product_cat":[43,41,93,142],"product_tag":[],"class_list":{"0":"post-2955","1":"product","2":"type-product","3":"status-publish","4":"has-post-thumbnail","6":"product_cat-dac","7":"product_cat-digital","8":"product_cat-hegel","9":"product_cat-streamers","11":"first","12":"instock","13":"sold-individually","14":"shipping-taxable","15":"purchasable","16":"product-type-simple"},"acf":[],"aioseo_notices":[],"_links":{"self":[{"href":"https:\/\/hificlub.com.br\/loja\/wp-json\/wp\/v2\/product\/2955","targetHints":{"allow":["GET"]}}],"collection":[{"href":"https:\/\/hificlub.com.br\/loja\/wp-json\/wp\/v2\/product"}],"about":[{"href":"https:\/\/hificlub.com.br\/loja\/wp-json\/wp\/v2\/types\/product"}],"wp:featuredmedia":[{"embeddable":true,"href":"https:\/\/hificlub.com.br\/loja\/wp-json\/wp\/v2\/media\/2953"}],"wp:attachment":[{"href":"https:\/\/hificlub.com.br\/loja\/wp-json\/wp\/v2\/media?parent=2955"}],"wp:term":[{"taxonomy":"product_brand","embeddable":true,"href":"https:\/\/hificlub.com.br\/loja\/wp-json\/wp\/v2\/product_brand?post=2955"},{"taxonomy":"product_cat","embeddable":true,"href":"https:\/\/hificlub.com.br\/loja\/wp-json\/wp\/v2\/product_cat?post=2955"},{"taxonomy":"product_tag","embeddable":true,"href":"https:\/\/hificlub.com.br\/loja\/wp-json\/wp\/v2\/product_tag?post=2955"}],"curies":[{"name":"wp","href":"https:\/\/api.w.org\/{rel}","templated":true}]}}