{"id":2951,"date":"2023-10-17T20:03:47","date_gmt":"2023-10-17T23:03:47","guid":{"rendered":"https:\/\/hificlub.com.br\/loja2\/produto\/hegel-h390-dual-mono-250-watts-mqa-dac-e-streamer\/"},"modified":"2026-03-03T22:20:49","modified_gmt":"2026-03-04T01:20:49","slug":"hegel-h390-dual-mono-250-watts-mqa-dac-e-streamer","status":"publish","type":"product","link":"https:\/\/hificlub.com.br\/loja\/produto\/hegel-h390-dual-mono-250-watts-mqa-dac-e-streamer\/","title":{"rendered":"HEGEL H390 Amplificador Integrado Dual Mono com MQA DAC e Streamer 250 watts"},"content":{"rendered":"<p>O H390 \u00e9 um REBELDE por oferecer muito do desempenho dos nossos produtos de refer\u00eancia, embora a um pre\u00e7o inferior. Um REBELDE que em um produto integrado oferece o mesmo que outros em dois ou tr\u00eas. Um REBEL que oferece som de classe mundial, pot\u00eancia de cair o queixo e vem repleto de servi\u00e7os convenientes.<br \/>\nApelidar o H390 de \u201cRobin Hood\u201d \u00e9 um pouco ousado, voc\u00ea pode pensar. Afinal de contas, n\u00e3o se trata de dinheiro de bolso e n\u00e3o o estamos a dar aos pobres. Mas \u00e9 uma rebeli\u00e3o contra o estabelecido. \u00c9 uma rebeli\u00e3o porque oferece resolu\u00e7\u00e3o e qualidade musical extraordin\u00e1rias, normalmente encontradas apenas nos produtos mais esot\u00e9ricos, mas a um pre\u00e7o razo\u00e1vel.<\/p>\n<p>\u00c9 uma rebeli\u00e3o contra o estabelecimento de \u201cfor\u00e7ar\u201d os consumidores a uma interface de usu\u00e1rio definida pelo fabricante do amplificador\/streamer. O H390 est\u00e1 na ponta da lan\u00e7a na busca de Hegel de fazer com que as fontes convencionais soem da melhor maneira poss\u00edvel. O que significa que o H390 n\u00e3o \u00e9 apenas para audi\u00f3filos. \u00c9 um produto para toda a fam\u00edlia desfrutar.<\/p>\n<p>No cora\u00e7\u00e3o do H390 est\u00e1 a se\u00e7\u00e3o de amplificador SoundEngine 2 patenteada da Hegel. O SoundEngine 2, em muitos aspectos, funciona como um fone de ouvido com cancelamento de ru\u00eddo. Um computador interno ir\u00e1 amostrar o que entra no amplificador e compar\u00e1-lo com o que sai. O computador subtrai a diferen\u00e7a (distor\u00e7\u00e3o) e depois adiciona-a \u00e0 m\u00fasica, mas na fase inversa. O resultado \u00e9 que, sem qualquer atraso, o SoundEngine cancela quase todos os erros cometidos pelo amplificador. Deixando voc\u00ea com o som mais musical e natural que voc\u00ea j\u00e1 experimentou.<\/p>\n<p>Depois h\u00e1 o digital. Se n\u00e3o estiver usando um toca-discos, provavelmente voc\u00ea est\u00e1 usando conex\u00f5es digitais. Hegel projeta as se\u00e7\u00f5es anal\u00f3gicas e digitais desde o in\u00edcio e internamente. A se\u00e7\u00e3o digital no H390 \u00e9 \u00fanica porque, independentemente do tipo de sinal ou entrada, o sinal de m\u00fasica permanece inalterado e inalterado no H390. N\u00f3s o chamamos de conversor DA \u201cpouco perfeito\u201d. Isso \u00e9 digital em sua forma mais pura. Para os interessados \u200b\u200bem deep tech, projetamos at\u00e9 rel\u00f3gios digitais que seguir\u00e3o a frequ\u00eancia de amostragem da m\u00fasica e \u201cdown-clock\u201d ao receber um arquivo de baixa resolu\u00e7\u00e3o. Para quem n\u00e3o \u00e9 t\u00e9cnico, o resultado \u00e9 um som muito mais natural e \u201canal\u00f3gico\u201d, bem como um palco sonoro e realismo inacredit\u00e1veis.<\/p>\n<p>Finalmente, vamos falar sobre conectividade. O H390 possui Apple Airplay e streaming UPnP. Oferecemos atualiza\u00e7\u00f5es gratuitas com servi\u00e7os como Spotify Connect, IP Control, Control4 e Roon. Suporta a maioria dos formatos de \u00e1udio como DSD e MQA. Todas as entradas s\u00e3o configur\u00e1veis \u200b\u200bpara desvio de volume, para que voc\u00ea possa integr\u00e1-las em um home theater ou com Bluesound ou Sonos. Quase tudo o que voc\u00ea quiser, voc\u00ea pode fazer com o H390.<\/p>\n<p>O H390 \u00e9 um produto completo. Muito cuidado foi tomado em cada etapa do design. Desde selecionar e combinar componentes cuidadosamente at\u00e9 usar os melhores equipamentos de medi\u00e7\u00e3o do mundo, em combina\u00e7\u00e3o com nossos pr\u00f3prios ouvidos. Pessoas reais nos deram sugest\u00f5es sobre como gostariam de usar um sistema est\u00e9reo. Voc\u00ea pode conectar praticamente tudo o que quiser. Chamamos-lhe Robin Hood porque tira partido dos nossos produtos de refer\u00eancia e das nossas ofertas a um pre\u00e7o mais baixo.<\/p>\n<p>Especifica\u00e7\u00f5es t\u00e9cnicas<br \/>\nPot\u00eancia de sa\u00edda: 2 x 250 W em 8 \u03a9, Dual Mono<br \/>\nCarga m\u00ednima: 2\u03a9<br \/>\nEntradas anal\u00f3gicas: 1 x balanceada (XLR), 2 x n\u00e3o balanceada (RCA)<br \/>\nSa\u00eddas digitais: 1 x coaxial (BNC)<br \/>\nEntradas Digitais: 1 x coaxial (BNC), 1 x coaxial (RCA), 3 x \u00f3ptica, 1 x USB, 1 x Rede<br \/>\nSa\u00edda de n\u00edvel de linha: 1 x fixo n\u00e3o balanceado (RCA), 1 x vari\u00e1vel n\u00e3o balanceado (RCA)<br \/>\nEntradas suportadas por MQA: USB, BNC, \u00f3ptica e coaxial<br \/>\nResposta de frequ\u00eancia: 5 Hz \u2013 180 kHz<br \/>\nRela\u00e7\u00e3o sinal-ru\u00eddo: mais de 100 dB<br \/>\nCrosstalk: Menos de -100 dB<br \/>\nDistor\u00e7\u00e3o: Menos de 0,005% @ 50 W\/8 \u03a9\/1 kHz<br \/>\nIntermodula\u00e7\u00e3o: Menos de 0,01% (19 kHz + 20 kHz)<br \/>\nFator de amortecimento: Mais de 4000 (est\u00e1gio de sa\u00edda de energia principal)<br \/>\nDimens\u00f5es incluindo p\u00e9s: 14,5 cm x 43 cm x 44 cm (AxLxP), peso unit\u00e1rio de 20 kg<br \/>\nDimens\u00f5es (EUA): 5,71\u2033 x 16,93\u2033 x 17,32\u2033 (AxLxP), peso unit\u00e1rio de 44 libras<br \/>\nRecursos especiais: Definir volume de inicializa\u00e7\u00e3o | Definir volume m\u00e1ximo | Software atualiz\u00e1vel | Configure todas as entradas como entradas de n\u00edvel fixo | Controle de IP<\/p>\n","protected":false},"excerpt":{"rendered":"<p>O H390 \u00e9 um REBELDE por oferecer muito do desempenho dos nossos produtos de refer\u00eancia, embora a um pre\u00e7o inferior. Um REBELDE que em um produto integrado oferece o mesmo que outros em dois ou tr\u00eas. Um REBEL que oferece som de classe mundial, pot\u00eancia de cair o queixo e vem repleto de servi\u00e7os convenientes. [&hellip;]<\/p>\n","protected":false},"featured_media":2947,"template":"","meta":{"_acf_changed":false},"product_brand":[],"product_cat":[27,93,51],"product_tag":[],"class_list":{"0":"post-2951","1":"product","2":"type-product","3":"status-publish","4":"has-post-thumbnail","6":"product_cat-amplificador","7":"product_cat-hegel","8":"product_cat-integrado","10":"first","11":"instock","12":"sold-individually","13":"shipping-taxable","14":"purchasable","15":"product-type-simple"},"acf":[],"aioseo_notices":[],"_links":{"self":[{"href":"https:\/\/hificlub.com.br\/loja\/wp-json\/wp\/v2\/product\/2951","targetHints":{"allow":["GET"]}}],"collection":[{"href":"https:\/\/hificlub.com.br\/loja\/wp-json\/wp\/v2\/product"}],"about":[{"href":"https:\/\/hificlub.com.br\/loja\/wp-json\/wp\/v2\/types\/product"}],"wp:featuredmedia":[{"embeddable":true,"href":"https:\/\/hificlub.com.br\/loja\/wp-json\/wp\/v2\/media\/2947"}],"wp:attachment":[{"href":"https:\/\/hificlub.com.br\/loja\/wp-json\/wp\/v2\/media?parent=2951"}],"wp:term":[{"taxonomy":"product_brand","embeddable":true,"href":"https:\/\/hificlub.com.br\/loja\/wp-json\/wp\/v2\/product_brand?post=2951"},{"taxonomy":"product_cat","embeddable":true,"href":"https:\/\/hificlub.com.br\/loja\/wp-json\/wp\/v2\/product_cat?post=2951"},{"taxonomy":"product_tag","embeddable":true,"href":"https:\/\/hificlub.com.br\/loja\/wp-json\/wp\/v2\/product_tag?post=2951"}],"curies":[{"name":"wp","href":"https:\/\/api.w.org\/{rel}","templated":true}]}}