{"id":2941,"date":"2023-10-17T20:03:42","date_gmt":"2023-10-17T23:03:42","guid":{"rendered":"https:\/\/hificlub.com.br\/loja2\/produto\/hegel-h30a-1100-watts\/"},"modified":"2026-03-13T07:45:03","modified_gmt":"2026-03-13T10:45:03","slug":"hegel-h30a-1100-watts","status":"publish","type":"product","link":"https:\/\/hificlub.com.br\/loja\/produto\/hegel-h30a-1100-watts\/","title":{"rendered":"HEGEL H30A Dual Mono Full Balanced 1100 Watts"},"content":{"rendered":"<p>O H30A \u00e9 a Orquestra. Com seu imenso poder, a correspond\u00eancia de alto-falantes n\u00e3o \u00e9 mais um problema. A Orquestra pode tocar em qualquer &#8220;local&#8221;, sejam grandes est\u00e1dios ou pequenos clubes de por\u00e3o, e com sua habilidade inigual\u00e1vel e aten\u00e7\u00e3o aos detalhes, nenhuma m\u00fasica \u00e9 muito desafiadora. Ele transmite toda a m\u00fasica como voc\u00ea nunca pensou ser poss\u00edvel. N\u00e3o importa o que ou onde toca, a Orquestra sempre apresentar\u00e1 o seu melhor. O H30A \u00e9 a melhor orquestra que voc\u00ea j\u00e1 experimentou.<\/p>\n<p>O H30A \u00e9 o nosso amplificador de pot\u00eancia de refer\u00eancia. N\u00f3s a apelidamos de The Orchestra porque \u00e9 isso que ela \u00e9. O trabalho do H30A \u00e9 assumir o comando de qualquer m\u00fasica em qualquer alto-falante e faz\u00ea-la soar o melhor poss\u00edvel, sem nunca suar, e n\u00e3o podemos pensar em m\u00fasica mais desafiadora do que uma grande pe\u00e7a orquestral. O H30A \u00e9 uma pot\u00eancia absoluta de um amplificador. Em seu estado mono, ele fornece impressionantes 1100 watts em 8 ohms e \u00e9 completamente est\u00e1vel mesmo com cargas de 1 ohm. Para conseguir isso, aplicamos todas as nossas habilidades e conhecimentos em design de amplificadores e combinamos isso com a melhor eletr\u00f4nica. A fonte de alimenta\u00e7\u00e3o H30A usa 2 transformadores toroidais separados de 1.000 VA para resposta r\u00e1pida e zumbido minimizado no transformador. Com um banco de pot\u00eancia de capacitores de 270.000 \u03bcF, o H30A pode lidar at\u00e9 com a m\u00fasica mais desafiadora em qualquer volume, sempre com energia suficiente de reserva. No est\u00e1gio de sa\u00edda, usamos 56 transistores bipolares de 15A 200W de alta velocidade e distor\u00e7\u00e3o ultrabaixa. Com tanta pot\u00eancia pronta a qualquer momento, coisas como sensibilidade do alto-falante e varia\u00e7\u00e3o nas cargas n\u00e3o entram mais em jogo. Com o H30A, voc\u00ea pode dirigir com confian\u00e7a qualquer alto-falante que desejar.<\/p>\n<p>No entanto, o poder n\u00e3o \u00e9 nada sem os detalhes a condizer. Em um amplificador de grande pot\u00eancia como este, o est\u00e1gio de entrada \u00e9 especialmente vulner\u00e1vel \u00e0 interfer\u00eancia el\u00e9trica que distorce o sinal da m\u00fasica. Um tipo problem\u00e1tico de distor\u00e7\u00e3o \u00e9 a distor\u00e7\u00e3o harm\u00f4nica de ordem superior. \u00c9 um tipo de distor\u00e7\u00e3o muito distante das frequ\u00eancias originais da m\u00fasica e muitas vezes pode fazer com que o amplificador soe \u00e1spero e n\u00e3o musical. No est\u00e1gio de entrada do H30A, eliminamos isso usando transistores FET de par \u00fanico. Estes s\u00e3o transistores cuidadosamente combinados que t\u00eam exatamente os mesmos valores e, portanto, n\u00e3o t\u00eam distor\u00e7\u00e3o harm\u00f4nica de ordem superior. N\u00f3s cancelamos outros tipos de distor\u00e7\u00e3o com nossa tecnologia patenteada SoundEngine. Isso monitora ativamente o sinal de m\u00fasica em busca de corrup\u00e7\u00f5es e corrige a distor\u00e7\u00e3o usando um design de avan\u00e7o de alimenta\u00e7\u00e3o. O SoundEngine remove efetivamente a distor\u00e7\u00e3o em tempo real \u00e0 medida que o sinal \u00e9 amplificado. Essas medidas tornam o som do H30A muito suave e natural, sem comprometer os detalhes.<\/p>\n<p>O H30A foi projetado como um amplificador de pot\u00eancia mono, mas tamb\u00e9m pode ser usado como um amplificador de pot\u00eancia est\u00e9reo. Possui entradas balanceadas (XLR) e n\u00e3o balanceadas (RCA) e uma entrada de acionamento de 12V. Para a melhor conex\u00e3o poss\u00edvel, o H30A possui postes de encaderna\u00e7\u00e3o de alto-falante banhados a ouro de alta qualidade. Normalmente, ao passar de um amplificador para outro mais potente, voc\u00ea experimenta mais de tudo. Mais graves, mais detalhes, mais envolvimento &#8211; tudo \u00e9 apenas mais. Com o H30A atingimos um n\u00edvel totalmente novo de diferen\u00e7as. Como o H30A \u00e9 extremamente poderoso e detalhado, o conceito de &#8220;mais&#8221; simplesmente se torna irrelevante. No H30A os graves s\u00e3o tremendamente profundos, mas nunca dominadores. As altas frequ\u00eancias s\u00e3o excepcionalmente detalhadas, mas nunca cansativas. E a articula\u00e7\u00e3o dos vocais nos m\u00e9dios \u00e9 simplesmente sublime. Nesse n\u00edvel, o que voc\u00ea experimenta \u00e9 simplesmente o controle total. O H30A \u00e9 um amplificador que pode acionar praticamente todos os alto-falantes conhecidos com autoridade e facilidade. Nunca soa for\u00e7ado, apenas relaxado e musical. O H30A \u00e9 a ponta de lan\u00e7a da nossa tecnologia de amplificadores. \u00c9 a grande orquestra que d\u00e1 vida a qualquer m\u00fasica em qualquer local.<\/p>\n<p>Especifica\u00e7\u00f5es t\u00e9cnicas<br \/>\nPot\u00eancia de sa\u00edda: Mais de 1100 W em 8 ohms (mono)<br \/>\nm\u00edn. imped\u00e2ncia de carga: carga de 1 ohm<br \/>\nEntradas: RCA n\u00e3o balanceada e XLR balanceada<br \/>\nSa\u00eddas de alto-falante: Um par de terminais banhados a ouro para servi\u00e7o pesado<br \/>\nImped\u00e2ncia de entrada: balanceada 20 kohm, desbalanceada 10 kohm<br \/>\nRela\u00e7\u00e3o sinal\/ru\u00eddo: mais de 100 dB<br \/>\nDiafonia: Menos de -100 dB<br \/>\nDistor\u00e7\u00e3o: Menos de 0,003% a 100 W em 8 ohm<br \/>\nIntermodula\u00e7\u00e3o: Menos de 0,01% (19 kHz + 20 kHz)<br \/>\nFator de amortecimento: Mais de 500 (mono)<br \/>\nFonte de alimenta\u00e7\u00e3o: 2.000 VA mono duplo, capacitores de 270.000 \u03bcF<br \/>\nEst\u00e1gio de sa\u00edda: 56 unidades 15 A 200 W de alta velocidade, transistores bipolares de distor\u00e7\u00e3o ultrabaixa<br \/>\nConsumo de energia: 120 W no modo inativo<br \/>\nAcabamento: Preto<br \/>\nDimens\u00f5es\/peso: 24 cm x 43 cm x 57,5 cm (AxLxP), peso 47,4 kg<br \/>\nDimens\u00f5es\/peso EUA: 9,4&#8243; x 17&#8243; x 25,6&#8243; (AxLxP), 104,5 lbs<\/p>\n","protected":false},"excerpt":{"rendered":"<p>O H30A \u00e9 a Orquestra. Com seu imenso poder, a correspond\u00eancia de alto-falantes n\u00e3o \u00e9 mais um problema. A Orquestra pode tocar em qualquer &#8220;local&#8221;, sejam grandes est\u00e1dios ou pequenos clubes de por\u00e3o, e com sua habilidade inigual\u00e1vel e aten\u00e7\u00e3o aos detalhes, nenhuma m\u00fasica \u00e9 muito desafiadora. Ele transmite toda a m\u00fasica como voc\u00ea nunca [&hellip;]<\/p>\n","protected":false},"featured_media":2936,"template":"","meta":{"_acf_changed":false},"product_brand":[],"product_cat":[27,28,93],"product_tag":[],"class_list":{"0":"post-2941","1":"product","2":"type-product","3":"status-publish","4":"has-post-thumbnail","6":"product_cat-amplificador","7":"product_cat-estereo","8":"product_cat-hegel","10":"first","11":"instock","12":"sold-individually","13":"shipping-taxable","14":"purchasable","15":"product-type-simple"},"acf":[],"aioseo_notices":[],"_links":{"self":[{"href":"https:\/\/hificlub.com.br\/loja\/wp-json\/wp\/v2\/product\/2941","targetHints":{"allow":["GET"]}}],"collection":[{"href":"https:\/\/hificlub.com.br\/loja\/wp-json\/wp\/v2\/product"}],"about":[{"href":"https:\/\/hificlub.com.br\/loja\/wp-json\/wp\/v2\/types\/product"}],"wp:featuredmedia":[{"embeddable":true,"href":"https:\/\/hificlub.com.br\/loja\/wp-json\/wp\/v2\/media\/2936"}],"wp:attachment":[{"href":"https:\/\/hificlub.com.br\/loja\/wp-json\/wp\/v2\/media?parent=2941"}],"wp:term":[{"taxonomy":"product_brand","embeddable":true,"href":"https:\/\/hificlub.com.br\/loja\/wp-json\/wp\/v2\/product_brand?post=2941"},{"taxonomy":"product_cat","embeddable":true,"href":"https:\/\/hificlub.com.br\/loja\/wp-json\/wp\/v2\/product_cat?post=2941"},{"taxonomy":"product_tag","embeddable":true,"href":"https:\/\/hificlub.com.br\/loja\/wp-json\/wp\/v2\/product_tag?post=2941"}],"curies":[{"name":"wp","href":"https:\/\/api.w.org\/{rel}","templated":true}]}}