{"id":2935,"date":"2023-10-17T20:03:40","date_gmt":"2023-10-17T23:03:40","guid":{"rendered":"https:\/\/hificlub.com.br\/loja2\/produto\/hegel-h190-com-dac-streamer-150-watts\/"},"modified":"2026-03-03T22:20:50","modified_gmt":"2026-03-04T01:20:50","slug":"hegel-h190-com-dac-streamer-150-watts","status":"publish","type":"product","link":"https:\/\/hificlub.com.br\/loja\/produto\/hegel-h190-com-dac-streamer-150-watts\/","title":{"rendered":"HEGEL H190 com  DAC e Streamer  150 watts"},"content":{"rendered":"<p>Hegel apresenta o H190, um amplificador com capacidades de transmiss\u00e3o de DLNA que podem reproduzir m\u00fasica de qualquer plataforma de transmiss\u00e3o incluindo AirPlay. Com entradas configur\u00e1veis, um DAC de ponta alta e uma sa\u00edda de fone frontal, voc\u00ea pode desfrutar de facilidade de uso com a melhor qualidade de som. Em alum\u00ednio preto anodizado com uma tela oled, o H190 \u00e9 lindo o suficiente para ser a pe\u00e7a central em qualquer sistema e poderoso o suficiente para conduzir quase qualquer alto-falante no mercado.<\/p>\n<p>Com um fator amortecedor de mais de 4000, o H190 \u00e9 poderoso o suficiente para conduzir quase qualquer alto-falante atualmente no mercado, especialmente os grandes! Conecte seus alto-falantes e comece a transmitir m\u00fasicas sobre o AirPlay, ou qualquer outro streamer DLNA, de forma r\u00e1pida e f\u00e1cil. O DAC de alta qualidade garante a decodifica\u00e7\u00e3o de precis\u00e3o, proporcionando a melhor base de som para toda a sua configura\u00e7\u00e3o. O amplificador de cancelamento de erros SoundEngine2 de 2\u00d7150 watts evita a distor\u00e7\u00e3o e preserva os detalhes e o intervalo din\u00e2mico no sinal de m\u00fasica original.<\/p>\n<p>O H190 tamb\u00e9m possui uma sa\u00edda robusta de fone de ouvido de 6,3 mm que est\u00e1 voltada para a frente, para que voc\u00ea possa se conectar e desconectar facilmente \u00e0 medida que seu estilo de escuta muda ao longo de um dia. Com tecnologia poderosa dentro de uma caixa moderna, o H190 \u00e9 a encarna\u00e7\u00e3o Hegel de Powerful Design.<\/p>\n<p>Especifica\u00e7\u00f5es<\/p>\n<p>Pot\u00eancia 2 x 150W em 8 Ohms, 2 x 250W em 4 Ohms<br \/>\nCarga m\u00ednima 2 ohms<br \/>\nEntradas anal\u00f3gicas 1 x balanceadas (XLR), 2<br \/>\nentradas digitais n\u00e3o balanceadas (RCA) 1 x coaxial S \/ PDIF, 3 x S \/ PDIF \u00f3ptico, 1 x USB, 1 x<br \/>\nN\u00edvel de linha de rede Sa\u00edda 1 x fixo n\u00e3o equilibrado (RCA), 1 x vari\u00e1vel desequilibrada (RCA)<br \/>\nResposta de frequ\u00eancia 5Hz-100kHz<br \/>\nRela\u00e7\u00e3o sinal-ru\u00eddo Mais de 100dB<br \/>\nCrosstalk Menos de -100dB<br \/>\nDistor\u00e7\u00e3o Menos de 0,01% @ 25W 8 Ohms 1kHz<br \/>\nIntermodula\u00e7\u00e3o Menos de 0.01% (19kHz + 20kHz)<br \/>\nFator de amortecimento Mais de 4000<br \/>\nDimens\u00f5es 12cm x 43cm x 41cm (HxLxD), peso de carregamento de 19kg<br \/>\nDimens\u00f5es (EUA) 7,72 \u201cx 16,93\u201d x 16,15 \u201c(HxLxD), peso de carregamento de 41,89 lb<\/p>\n<p><strong>\u00a0<\/strong><\/p>\n","protected":false},"excerpt":{"rendered":"<p>Hegel apresenta o H190, um amplificador com capacidades de transmiss\u00e3o de DLNA que podem reproduzir m\u00fasica de qualquer plataforma de transmiss\u00e3o incluindo AirPlay. Com entradas configur\u00e1veis, um DAC de ponta alta e uma sa\u00edda de fone frontal, voc\u00ea pode desfrutar de facilidade de uso com a melhor qualidade de som. Em alum\u00ednio preto anodizado com [&hellip;]<\/p>\n","protected":false},"featured_media":15373,"template":"","meta":{"_acf_changed":false},"product_brand":[],"product_cat":[27,93,51],"product_tag":[],"class_list":{"0":"post-2935","1":"product","2":"type-product","3":"status-publish","4":"has-post-thumbnail","6":"product_cat-amplificador","7":"product_cat-hegel","8":"product_cat-integrado","10":"first","11":"instock","12":"sold-individually","13":"shipping-taxable","14":"purchasable","15":"product-type-simple"},"acf":[],"aioseo_notices":[],"_links":{"self":[{"href":"https:\/\/hificlub.com.br\/loja\/wp-json\/wp\/v2\/product\/2935","targetHints":{"allow":["GET"]}}],"collection":[{"href":"https:\/\/hificlub.com.br\/loja\/wp-json\/wp\/v2\/product"}],"about":[{"href":"https:\/\/hificlub.com.br\/loja\/wp-json\/wp\/v2\/types\/product"}],"wp:featuredmedia":[{"embeddable":true,"href":"https:\/\/hificlub.com.br\/loja\/wp-json\/wp\/v2\/media\/15373"}],"wp:attachment":[{"href":"https:\/\/hificlub.com.br\/loja\/wp-json\/wp\/v2\/media?parent=2935"}],"wp:term":[{"taxonomy":"product_brand","embeddable":true,"href":"https:\/\/hificlub.com.br\/loja\/wp-json\/wp\/v2\/product_brand?post=2935"},{"taxonomy":"product_cat","embeddable":true,"href":"https:\/\/hificlub.com.br\/loja\/wp-json\/wp\/v2\/product_cat?post=2935"},{"taxonomy":"product_tag","embeddable":true,"href":"https:\/\/hificlub.com.br\/loja\/wp-json\/wp\/v2\/product_tag?post=2935"}],"curies":[{"name":"wp","href":"https:\/\/api.w.org\/{rel}","templated":true}]}}