{"id":2920,"date":"2023-10-17T20:03:39","date_gmt":"2023-10-17T23:03:39","guid":{"rendered":"https:\/\/hificlub.com.br\/loja2\/produto\/hegel-p30-full-balanced\/"},"modified":"2026-01-16T08:22:43","modified_gmt":"2026-01-16T11:22:43","slug":"hegel-p30-full-balanced","status":"publish","type":"product","link":"https:\/\/hificlub.com.br\/loja\/produto\/hegel-p30-full-balanced\/","title":{"rendered":"HEGEL P30 Preamplificador Full Balanced"},"content":{"rendered":"<p>O P30 \u00e9 o melhor pr\u00e9-amplificador j\u00e1 desenvolvido por Hegel. Com seus componentes tecnologia patenteada e m\u00e3o correspondentes, o P30 \u00e9 um concorrente confiante na corrida para ser o melhor amplificador pre no mundo. Independentemente do pre\u00e7o. Apesar do que muitos entusiastas de alta fidelidade acreditam, pr\u00e9 amplificadores s\u00e3o realmente um dos componentes de \u00e1udio mais dif\u00edceis de desenvolver. Ao mesmo tempo, \u00e9 um dos componentes mais importantes de um sistema de som bem. A raz\u00e3o \u00e9 que a intensidade do sinal \u00e9 muito baixo quando entra no pr\u00e9-amplificador, e \u00e9, portanto, muito sens\u00edveis ru\u00eddo e distor\u00e7\u00e3o elementos de alta frequ\u00eancia. A fase mais cr\u00edtica no pr\u00e9-amplificador \u00e9 a regula\u00e7\u00e3o do volume e, no P30 esta \u00e9 uma obra de arte em si mesma. O bot\u00e3o de controle de volume f\u00edsico s\u00f3 \u00e9 usado para descrever o n\u00edvel de sa\u00edda de volume desejado para a matriz de Gigahertz MOS-transistores. Estes dirigir o sinal de m\u00fasica atrav\u00e9s de uma rede de resist\u00eancias de alta qualidade que reduzem o n\u00edvel de sinal.<\/p>\n<p>Depois o circuito de controlo de volume, o sinal \u00e9 dirigido atrav\u00e9s do circuito de amplifica\u00e7\u00e3o. Pela primeira vez estamos usando a tecnologia patenteada SoundEngine no pr\u00e9-amplificador. Combinado com o uso de correspond\u00eancia m\u00e3o transistores FET de Hegel, isso resulta em n\u00edveis inigual\u00e1veis ??de distor\u00e7\u00e3o musical e ru\u00eddo. No total, o sinal de m\u00fasica s\u00f3 vai passar por 2 transistores e entre 1 a 3 resist\u00eancias em seu caminho atrav\u00e9s do P30. O som que voc\u00ea ouve a partir do P30 s\u00f3 pode ser descrito como org\u00e2nicos e muito natural. Para citar um jornalista: \u201cO Hegel soa muito mais natural do que a minha refer\u00eancia anterior e f\u00e1-lo sem piscar-se com ouro e diamantes.\u201d.<\/p>\n<p>O P30 Hegel tem 2 pares de entradas balanceadas (XLR) e 3 desequilibrada regulares (RCA). Al\u00e9m de isso, tem uma entrada de cinema em casa que lhe permitem integr\u00e1-lo em um sistema de cinema em casa. O P30 tamb\u00e9m tem uma entrada de IR-direta 3,5 mm e um conector de sa\u00edda de disparo de 12V. O P30 Hegel est\u00e1 dispon\u00edvel em prata e acabamento em preto, assim ele pode ser combinado com ambos os amplificadores de pot\u00eancia H30 e H20.<\/p>\n<h3 data-fontsize=\"18\" data-lineheight=\"27\">Descri\u00e7\u00e3o<\/h3>\n<p><b><strong>Controle remoto:<\/strong>\u00a0\u00a0Volume, fonte e mudo controlados por Hegel RC2<br \/>\n<strong>Entradas:<\/strong>\u00a0\u00a02 x entradas XLR balanceadas, 3 x entradas RCA n\u00e3o balanceadas e Home Theater<br \/>\n<strong>Sa\u00eddas:<\/strong>\u00a0\u00a01 x sa\u00eddas XLR balanceadas e 2 x sa\u00eddas RCA n\u00e3o balanceadas<br \/>\n<strong>Outras conex\u00f5es:<\/strong>\u00a0\u00a0conector IR-direct de 3,5mm, Jack de 3,5 mm Sa\u00edda de disparo de 12V<br \/>\n<strong>Rela\u00e7\u00e3o sinal-ru\u00eddo:<\/strong>\u00a0\u00a0Mais de 130 dB modo balanceado<br \/>\n<strong>Crosstalk:<\/strong>\u00a0\u00a0Menos de -100 dB<br \/>\n<strong>Distor\u00e7\u00e3o:<\/strong>\u00a0\u00a0Menos de 0,005%<br \/>\n<strong>Intermodula\u00e7\u00e3o:<\/strong>\u00a0\u00a0Menos de 0,01% (19kHz+20kHz)<br \/>\n<strong>Acabamento:<\/strong>\u00a0\u00a0Preto e Prata<br \/>\n<strong>Dimens\u00f5es\/ peso:<\/strong>\u00a0\u00a08cm x 43cm x 30cm (AxLxP), 10kg<\/b><\/p>\n","protected":false},"excerpt":{"rendered":"<p>O P30 \u00e9 o melhor pr\u00e9-amplificador j\u00e1 desenvolvido por Hegel. Com seus componentes tecnologia patenteada e m\u00e3o correspondentes, o P30 \u00e9 um concorrente confiante na corrida para ser o melhor amplificador pre no mundo. Independentemente do pre\u00e7o. Apesar do que muitos entusiastas de alta fidelidade acreditam, pr\u00e9 amplificadores s\u00e3o realmente um dos componentes de \u00e1udio [&hellip;]<\/p>\n","protected":false},"featured_media":2917,"template":"","meta":{"_acf_changed":false},"product_brand":[],"product_cat":[93,38],"product_tag":[],"class_list":{"0":"post-2920","1":"product","2":"type-product","3":"status-publish","4":"has-post-thumbnail","6":"product_cat-hegel","7":"product_cat-pre-amplificador","9":"first","10":"instock","11":"sold-individually","12":"shipping-taxable","13":"purchasable","14":"product-type-simple"},"acf":[],"aioseo_notices":[],"_links":{"self":[{"href":"https:\/\/hificlub.com.br\/loja\/wp-json\/wp\/v2\/product\/2920","targetHints":{"allow":["GET"]}}],"collection":[{"href":"https:\/\/hificlub.com.br\/loja\/wp-json\/wp\/v2\/product"}],"about":[{"href":"https:\/\/hificlub.com.br\/loja\/wp-json\/wp\/v2\/types\/product"}],"wp:featuredmedia":[{"embeddable":true,"href":"https:\/\/hificlub.com.br\/loja\/wp-json\/wp\/v2\/media\/2917"}],"wp:attachment":[{"href":"https:\/\/hificlub.com.br\/loja\/wp-json\/wp\/v2\/media?parent=2920"}],"wp:term":[{"taxonomy":"product_brand","embeddable":true,"href":"https:\/\/hificlub.com.br\/loja\/wp-json\/wp\/v2\/product_brand?post=2920"},{"taxonomy":"product_cat","embeddable":true,"href":"https:\/\/hificlub.com.br\/loja\/wp-json\/wp\/v2\/product_cat?post=2920"},{"taxonomy":"product_tag","embeddable":true,"href":"https:\/\/hificlub.com.br\/loja\/wp-json\/wp\/v2\/product_tag?post=2920"}],"curies":[{"name":"wp","href":"https:\/\/api.w.org\/{rel}","templated":true}]}}