{"id":29079,"date":"2025-12-29T12:29:01","date_gmt":"2025-12-29T15:29:01","guid":{"rendered":"https:\/\/hificlub.com.br\/loja\/?post_type=product&#038;p=29079"},"modified":"2026-03-10T16:47:11","modified_gmt":"2026-03-10T19:47:11","slug":"elipson-prestige-facet-34f-caixa-torre-300-watts-par","status":"publish","type":"product","link":"https:\/\/hificlub.com.br\/loja\/produto\/elipson-prestige-facet-34f-caixa-torre-300-watts-par\/","title":{"rendered":"ELIPSON Prestige Facet 34F   Caixa Torre, 300 watts"},"content":{"rendered":"<p>O caixa <strong>Elipson Prestige Facet 34F<\/strong> inaugura muitas inova\u00e7\u00f5es tecnol\u00f3gicas. O mais vis\u00edvel \u00e9, sem d\u00favida, a coroa de facetas esculpidas que envolve cada alto-falante do qual a linha leva o nome. O design rigoroso otimiza o desempenho ac\u00fastico e o acabamento elegante facilita a sua integra\u00e7\u00e3o em qualquer interior.<\/p>\n<p>O <strong>Prestige Facet 34F<\/strong> est\u00e1 dispon\u00edvel em preto, nogueira e branco.\u00a0Testemunha do acabamento, a fachada \u00e9 forrada e depois lacada a preto ou branco.<br \/>\nEsta coluna de 3 vias possui dois alto-falantes de graves de 25 cm e dois alto-falantes de m\u00e9dios de 17 cm de di\u00e2metro.\u00a0Estes \u00faltimos s\u00e3o dotados de uma ogiva central que limita as turbul\u00eancias, causadoras de distor\u00e7\u00f5es.\u00a0Um tweeter de c\u00fapula macia de 25 mm de di\u00e2metro reproduz altas frequ\u00eancias com sutileza e precis\u00e3o.\u00a0O contorno de silicone esculpido multifacetado que envolve cada driver reduz o efeito defletor e a difra\u00e7\u00e3o.\u00a0Como resultado, a curva de resposta \u00e9 mais linear e a audi\u00e7\u00e3o mais suave.<\/p>\n<p>Um cuidado especial foi tomado no gabinete do gabinete.\u00a0A fachada \u00e9 feita de dois materiais densos e espessos, refor\u00e7ados por numerosos refor\u00e7os internos.\u00a0A filtragem de inclina\u00e7\u00e3o acentuada usa componentes audi\u00f3filos de alta qualidade.\u00a0Quanto ao acabamento, n\u00e3o fica atr\u00e1s com vinil de excelente qualidade e frente laqueada.<\/p>\n<p>Na Elipson, as costas contam tanto quanto a frente.\u00a0\u00c9 por isso que nossos designers projetaram um bloco de terminais redondo duplo topo de gama, compat\u00edvel com bi-cabeamento e bi-amplifica\u00e7\u00e3o, cujos contatos s\u00e3o banhados a prata para maximizar a transmiss\u00e3o do sinal.\u00a0Tamb\u00e9m oferece a possibilidade de conectar plugues banana.<\/p>\n<p>Neutro e justo esse alto falante entrega um som sem colora\u00e7\u00e3o, fiel a grava\u00e7\u00e3o original.\u00a0Sensa\u00e7\u00f5es de suavidade e serenidade emergem de cada pe\u00e7a reproduzida com maestria e sem agressividade.<\/p>\n<p>A alta sensibilidade do <strong>Prestige Facet 34F<\/strong> permite que ele seja combinado com qualquer amplificador com pot\u00eancia menor ou igual a 300 watts por canal.\u00a0Seu desempenho din\u00e2mico tamb\u00e9m os torna uma excelente escolha como canal frontal esquerdo e direito de um sistema de home theater multicanal.<\/p>\n<hr \/>\n<p><a href=\"https:\/\/www.hifichoice.com\/content\/elipson-introduces-prestige-facet-34f\" target=\"_blank\" rel=\"noopener\"><img loading=\"lazy\" decoding=\"async\" class=\"alignnone wp-image-23068 \" src=\"https:\/\/hificlub.com.br\/loja\/wp-content\/uploads\/2025\/06\/Hifi-Choice-award.jpg\" alt=\"\" width=\"306\" height=\"65\" srcset=\"https:\/\/hificlub.com.br\/loja\/wp-content\/uploads\/2025\/06\/Hifi-Choice-award.jpg 353w, https:\/\/hificlub.com.br\/loja\/wp-content\/uploads\/2025\/06\/Hifi-Choice-award-300x64.jpg 300w\" sizes=\"auto, (max-width: 306px) 100vw, 306px\" \/>\u00a0\u00a0\u00a0\u00a0\u00a0 <\/a><a href=\"https:\/\/www.whathifi.com\/news\/elipson-expands-prestige-facet-series-with-new-flagship-floorstander\" target=\"_blank\" rel=\"noopener\"><img loading=\"lazy\" decoding=\"async\" class=\"alignnone wp-image-22447\" src=\"https:\/\/hificlub.com.br\/loja\/wp-content\/uploads\/2024\/01\/what-hifi-awards-10.png\" alt=\"\" width=\"120\" height=\"61\" srcset=\"https:\/\/hificlub.com.br\/loja\/wp-content\/uploads\/2024\/01\/what-hifi-awards-10.png 316w, https:\/\/hificlub.com.br\/loja\/wp-content\/uploads\/2024\/01\/what-hifi-awards-10-300x152.png 300w\" sizes=\"auto, (max-width: 120px) 100vw, 120px\" \/><\/a><\/p>\n","protected":false},"excerpt":{"rendered":"<p>O caixa Elipson Prestige Facet 34F inaugura muitas inova\u00e7\u00f5es tecnol\u00f3gicas. O mais vis\u00edvel \u00e9, sem d\u00favida, a coroa de facetas esculpidas que envolve cada alto-falante do qual a linha leva o nome. O design rigoroso otimiza o desempenho ac\u00fastico e o acabamento elegante facilita a sua integra\u00e7\u00e3o em qualquer interior. O Prestige Facet 34F est\u00e1 [&hellip;]<\/p>\n","protected":false},"featured_media":29080,"template":"","meta":{"_acf_changed":false},"product_brand":[],"product_cat":[17,214,18],"product_tag":[],"class_list":{"0":"post-29079","1":"product","2":"type-product","3":"status-publish","4":"has-post-thumbnail","6":"product_cat-caixas","7":"product_cat-elipson","8":"product_cat-torres","10":"first","11":"instock","12":"sold-individually","13":"shipping-taxable","14":"purchasable","15":"product-type-simple"},"acf":[],"aioseo_notices":[],"_links":{"self":[{"href":"https:\/\/hificlub.com.br\/loja\/wp-json\/wp\/v2\/product\/29079","targetHints":{"allow":["GET"]}}],"collection":[{"href":"https:\/\/hificlub.com.br\/loja\/wp-json\/wp\/v2\/product"}],"about":[{"href":"https:\/\/hificlub.com.br\/loja\/wp-json\/wp\/v2\/types\/product"}],"wp:featuredmedia":[{"embeddable":true,"href":"https:\/\/hificlub.com.br\/loja\/wp-json\/wp\/v2\/media\/29080"}],"wp:attachment":[{"href":"https:\/\/hificlub.com.br\/loja\/wp-json\/wp\/v2\/media?parent=29079"}],"wp:term":[{"taxonomy":"product_brand","embeddable":true,"href":"https:\/\/hificlub.com.br\/loja\/wp-json\/wp\/v2\/product_brand?post=29079"},{"taxonomy":"product_cat","embeddable":true,"href":"https:\/\/hificlub.com.br\/loja\/wp-json\/wp\/v2\/product_cat?post=29079"},{"taxonomy":"product_tag","embeddable":true,"href":"https:\/\/hificlub.com.br\/loja\/wp-json\/wp\/v2\/product_tag?post=29079"}],"curies":[{"name":"wp","href":"https:\/\/api.w.org\/{rel}","templated":true}]}}