{"id":2881,"date":"2023-10-17T20:03:32","date_gmt":"2023-10-17T23:03:32","guid":{"rendered":"https:\/\/hificlub.com.br\/loja2\/produto\/reavon-ubr-x200-blu-ray-dolby-vision-4k-ultra-hd-universal-player-220-volts\/"},"modified":"2026-03-03T22:20:51","modified_gmt":"2026-03-04T01:20:51","slug":"reavon-ubr-x200-blu-ray-dolby-vision-4k-ultra-hd-universal-player-220-volts","status":"publish","type":"product","link":"https:\/\/hificlub.com.br\/loja\/produto\/reavon-ubr-x200-blu-ray-dolby-vision-4k-ultra-hd-universal-player-220-volts\/","title":{"rendered":"REAVON UBR-X200   BLURAY DOLBY VISION 4K ULTRA HD Universal Player 220 Volts"},"content":{"rendered":"<div class=\"elementor-element elementor-element-4fb03dde elementor-widget elementor-widget-heading\" data-id=\"4fb03dde\" data-element_type=\"widget\" data-widget_type=\"heading.default\">\n<div class=\"elementor-widget-container\">\n<h2 class=\"elementor-heading-title elementor-size-default\">Leitor de Blu-ray audi\u00f3filo Dolby Vision 4K UHD<\/h2>\n<\/div>\n<\/div>\n<div class=\"elementor-element elementor-element-72fdfde8 elementor-widget elementor-widget-text-editor\" data-id=\"72fdfde8\" data-element_type=\"widget\" data-widget_type=\"text-editor.default\">\n<div class=\"elementor-widget-container\">\n<p>Este reprodutor de discos universal foi projetado com precis\u00e3o para a reprodu\u00e7\u00e3o ideal de discos.\u00a0O UBR-X200 possui uma constru\u00e7\u00e3o extremamente r\u00edgida para alcan\u00e7ar uma alta rela\u00e7\u00e3o S\/R para um desempenho de \u00e1udio e v\u00eddeo de qualidade.\u00a0Com suporte para o espetacular formato Ultra HD Blu-ray\u2122, voc\u00ea pode desfrutar de uma bela experi\u00eancia com quatro vezes a resolu\u00e7\u00e3o de 1080p Full HD.\u00a0O UBR-X200 \u00e9 compat\u00edvel com o formato Dolby Vision\u00ae mais recente que oferece uma impressionante tecnologia de imagem HDR com cores, contraste e brilho extraordin\u00e1rios para a tela.\u00a0Os DACs da s\u00e9rie PCM1690 Audio Burr-Brown da Texas Instruments s\u00e3o usados \u200b\u200bpara fornecer som audi\u00f3filo.\u00a0Outros recursos incluem SDR\/HDR Preset Mode, Direct\/Transport Function, compatibilidade SACD\/DSD, capacidade anal\u00f3gica de \u00e1udio multicanal e terminal de sa\u00edda balanceado XLR.<\/p>\n<p>Leitor universal<\/p>\n<div class=\"elementor-element elementor-element-5a5afbe9 elementor-widget elementor-widget-text-editor\" data-id=\"5a5afbe9\" data-element_type=\"widget\" data-widget_type=\"text-editor.default\">\n<div class=\"elementor-widget-container\">Como um leitor de disco universal, o UBR-X200 pode reproduzir v\u00e1rios discos \u00f3pticos, incluindo o mais recente formato de disco Ultra HD Blu-ray que tem quatro vezes a resolu\u00e7\u00e3o de 1080p Full HD, bem como Blu-ray, Blu-ray 3D, DVD, CD, SACD e arquivos de m\u00fasica, v\u00eddeo e \u00e1udio como FLAC, AIFF, DFF, DSF, JPG, TIFF, MKV e M2TS.\u00a0O UBR-X200 tamb\u00e9m pode reproduzir seu conte\u00fado de \u00e1udio e v\u00eddeo de uma unidade externa via USB ou DLNA.<\/div>\n<div class=\"elementor-widget-container\"><\/div>\n<div class=\"elementor-widget-container\">Exibi\u00e7\u00e3o na tela de informa\u00e7\u00f5es de m\u00eddia<\/div>\n<div class=\"elementor-widget-container\"><\/div>\n<div class=\"elementor-widget-container\">\n<div class=\"elementor-element elementor-element-48f92ead elementor-widget elementor-widget-text-editor\" data-id=\"48f92ead\" data-element_type=\"widget\" data-widget_type=\"text-editor.default\">\n<div class=\"elementor-widget-container\">Voc\u00ea pode exibir as informa\u00e7\u00f5es do disco na tela pressionando e segurando o bot\u00e3o INFO do controle remoto.\u00a0Al\u00e9m dos detalhes do disco em reprodu\u00e7\u00e3o, voc\u00ea pode verificar facilmente informa\u00e7\u00f5es de masteriza\u00e7\u00e3o como MaxFALL (N\u00edvel de luz m\u00e9dio de quadro m\u00e1ximo) e MaxCLL (N\u00edvel de luz de conte\u00fado m\u00e1ximo) dispon\u00edvel em alguns conte\u00fados HDR, bem como informa\u00e7\u00f5es de sa\u00edda HDR e HDMI.<\/div>\n<div class=\"elementor-widget-container\"><\/div>\n<div class=\"elementor-widget-container\">Constru\u00e7\u00e3o ultra-r\u00edgida<\/div>\n<div class=\"elementor-widget-container\"><\/div>\n<div class=\"elementor-widget-container\">\n<div class=\"elementor-element elementor-element-6ea58fb7 elementor-widget elementor-widget-text-editor\" data-id=\"6ea58fb7\" data-element_type=\"widget\" data-widget_type=\"text-editor.default\">\n<div class=\"elementor-widget-container\">A base do chassi de 1,6 mm de espessura \u00e9 refor\u00e7ada com uma chapa de a\u00e7o de 3 mm de espessura sob a base r\u00edgida para minimizar o ru\u00eddo do movimento mec\u00e2nico do conjunto \u00f3ptico.\u00a0O resultado \u00e9 uma estrutura de chassi significativamente mais silenciosa, r\u00edgida e est\u00e1vel.\u00a0Isso resulta em vibra\u00e7\u00e3o reduzida para maior desempenho e melhor opera\u00e7\u00e3o geral dos componentes do player para uma audi\u00e7\u00e3o mais fiel.<\/div>\n<div class=\"elementor-widget-container\"><\/div>\n<div class=\"elementor-widget-container\">Sa\u00edda de \u00e1udio anal\u00f3gico XLR\/RCA<\/div>\n<div class=\"elementor-widget-container\"><\/div>\n<div class=\"elementor-widget-container\">\n<div class=\"elementor-element elementor-element-1c0e86df elementor-widget elementor-widget-text-editor\" data-id=\"1c0e86df\" data-element_type=\"widget\" data-widget_type=\"text-editor.default\">\n<div class=\"elementor-widget-container\">As sa\u00eddas anal\u00f3gicas do Reavon UBR-X200 s\u00e3o controladas por dois DACs de \u00e1udio Burr-Brown da Texas Instruments.\u00a0O PCM1795 de 2 canais para as sa\u00eddas est\u00e9reo RCA n\u00e3o balanceadas e XLR balanceadas de qualidade Hi-Fi e o PCM1690 de 8 canais para as sa\u00eddas de \u00e1udio anal\u00f3gicas 7.1\/5.1.<\/div>\n<div class=\"elementor-widget-container\"><\/div>\n<div class=\"elementor-widget-container\">Transformador toro\u00efdal<\/div>\n<div class=\"elementor-widget-container\"><\/div>\n<div class=\"elementor-widget-container\">\n<div class=\"elementor-element elementor-element-5644052 elementor-widget elementor-widget-text-editor\" data-id=\"5644052\" data-element_type=\"widget\" data-widget_type=\"text-editor.default\">\n<div class=\"elementor-widget-container\">O Reavon UBR-X200 \u00e9 alimentado por um transformador toroidal que apresenta baixo ru\u00eddo e baixa interfer\u00eancia eletromagn\u00e9tica.\u00a0Isso se deve principalmente em parte \u00e0 sua forma e simetria.\u00a0A quantidade de fluxo magn\u00e9tico que escapa para fora do n\u00facleo \u00e9 baixa e contida na forma de rosquinha.\u00a0O resultado \u00e9 menor distor\u00e7\u00e3o de \u00e1udio e degrada\u00e7\u00e3o da qualidade do som, garantindo assim que o som resultante seja limpo e preciso.<\/div>\n<div class=\"elementor-widget-container\"><\/div>\n<div class=\"elementor-widget-container\">Controle remoto com luz de fundo<\/div>\n<div class=\"elementor-widget-container\"><\/div>\n<div class=\"elementor-widget-container\">\n<div class=\"elementor-element elementor-element-6c0a00d1 elementor-widget elementor-widget-text-editor\" data-id=\"6c0a00d1\" data-element_type=\"widget\" data-widget_type=\"text-editor.default\">\n<div class=\"elementor-widget-container\">O bot\u00e3o info permite consultar as informa\u00e7\u00f5es t\u00e9cnicas detalhadas do programa, como par\u00e2metros de sa\u00edda de \u00e1udio e v\u00eddeo.\u00a0O Reavon UBR-X200 pode ser controlado pelas principais marcas de controles remotos universais, como RTI, Crestron, Control4 ou Logitech Harmony.<\/div>\n<\/div>\n<\/div>\n<\/div>\n<\/div>\n<\/div>\n<\/div>\n<\/div>\n<\/div>\n<\/div>\n<\/div>\n<div class=\"elementor-widget-container\">\n<ul>\n<li>Alimenta\u00e7\u00e3o: CA 220-240 V, 50\/60 Hz<\/li>\n<li>Consumo de energia: 42 W<\/li>\n<li>Consumo de energia durante o modo de espera: 0,45 W<\/li>\n<li>Dimens\u00f5es (L x A x P): 430 x 85 x 300 mm<\/li>\n<li>Peso: 6,8 Kg \/ 15 lbs<\/li>\n<\/ul>\n<\/div>\n<\/div>\n<\/div>\n<\/div>\n","protected":false},"excerpt":{"rendered":"<p>Leitor de Blu-ray audi\u00f3filo Dolby Vision 4K UHD Este reprodutor de discos universal foi projetado com precis\u00e3o para a reprodu\u00e7\u00e3o ideal de discos.\u00a0O UBR-X200 possui uma constru\u00e7\u00e3o extremamente r\u00edgida para alcan\u00e7ar uma alta rela\u00e7\u00e3o S\/R para um desempenho de \u00e1udio e v\u00eddeo de qualidade.\u00a0Com suporte para o espetacular formato Ultra HD Blu-ray\u2122, voc\u00ea pode desfrutar [&hellip;]<\/p>\n","protected":false},"featured_media":14972,"template":"","meta":{"_acf_changed":false},"product_brand":[],"product_cat":[21,101,212],"product_tag":[],"class_list":{"0":"post-2881","1":"product","2":"type-product","3":"status-publish","4":"has-post-thumbnail","6":"product_cat-home-theater","7":"product_cat-players-dvd-blu-ray","8":"product_cat-reavon","10":"first","11":"instock","12":"sold-individually","13":"shipping-taxable","14":"purchasable","15":"product-type-simple"},"acf":[],"aioseo_notices":[],"_links":{"self":[{"href":"https:\/\/hificlub.com.br\/loja\/wp-json\/wp\/v2\/product\/2881","targetHints":{"allow":["GET"]}}],"collection":[{"href":"https:\/\/hificlub.com.br\/loja\/wp-json\/wp\/v2\/product"}],"about":[{"href":"https:\/\/hificlub.com.br\/loja\/wp-json\/wp\/v2\/types\/product"}],"wp:featuredmedia":[{"embeddable":true,"href":"https:\/\/hificlub.com.br\/loja\/wp-json\/wp\/v2\/media\/14972"}],"wp:attachment":[{"href":"https:\/\/hificlub.com.br\/loja\/wp-json\/wp\/v2\/media?parent=2881"}],"wp:term":[{"taxonomy":"product_brand","embeddable":true,"href":"https:\/\/hificlub.com.br\/loja\/wp-json\/wp\/v2\/product_brand?post=2881"},{"taxonomy":"product_cat","embeddable":true,"href":"https:\/\/hificlub.com.br\/loja\/wp-json\/wp\/v2\/product_cat?post=2881"},{"taxonomy":"product_tag","embeddable":true,"href":"https:\/\/hificlub.com.br\/loja\/wp-json\/wp\/v2\/product_tag?post=2881"}],"curies":[{"name":"wp","href":"https:\/\/api.w.org\/{rel}","templated":true}]}}