{"id":28564,"date":"2025-12-16T10:14:06","date_gmt":"2025-12-16T13:14:06","guid":{"rendered":"https:\/\/hificlub.com.br\/loja\/?post_type=product&#038;p=28564"},"modified":"2026-03-03T22:14:56","modified_gmt":"2026-03-04T01:14:56","slug":"epson-epiqvision-ultra-ls800-projeto-a-laser-com-tecnologia-3-chip-3lcd","status":"publish","type":"product","link":"https:\/\/hificlub.com.br\/loja\/produto\/epson-epiqvision-ultra-ls800-projeto-a-laser-com-tecnologia-3-chip-3lcd\/","title":{"rendered":"EPSON EpiqVision Ultra LS800 &#8211; Projeto a Laser com Tecnologia 3-Chip 3LCD"},"content":{"rendered":"<p>O\u00a0projetor laser<strong> Epson EpiqVision\u00ae Ultra LS800<\/strong>, com a tecnologia 3-Chip 3LCD, produz imagens amplas e realistas de at\u00e9 150&#8243;. Tenha uma experi\u00eancia 4K HDR<sup>1<\/sup>\u00a0surpreendente.<\/p>\n<p>Conta com a tecnologia patenteada 4K PRO-UHD\u00ae<sup>2<\/sup>, 3 chips 3LCD e um brilho incr\u00edvel de 4.000 l\u00famens em cores e branco<sup>3<\/sup>.Est\u00e1 equipado com uma lente avan\u00e7ada de alcance ultracurto e uma fonte de luz de matriz de laser, juntamente com uma tela de rejei\u00e7\u00e3o de luz ambiente de alta resolu\u00e7\u00e3o Epson SilverFlex\u00ae opcional<sup>4<\/sup>. Al\u00e9m disso, o\u00a0<strong>projetor produz cores vivas e pretos profundos para uma imagem brilhante, colorida e n\u00edtida<\/strong>\u00a0em praticamente qualquer ambiente de visualiza\u00e7\u00e3o &#8211; mesmo em salas com muita luz.<\/p>\n<p>Oferecendo um design elegante e moderno, o EpiqVision Ultra LS800 se encaixa perfeitamente em uma variedade de estilos de decora\u00e7\u00e3o e complementa toda a gama de m\u00f3veis de \u00e1udio\/v\u00eddeo para criar um sistema de apar\u00eancia moderna. Sua exclusiva lente de alcance ultracurto permite que o projetor seja colocado a poucos cent\u00edmetros da parede, possibilitando uma visualiza\u00e7\u00e3o sem obstru\u00e7\u00f5es.<\/p>\n<p>Quer esteja assistindo a um evento esportivo ao vivo, transmitindo suas s\u00e9ries favoritas, jogando na \u00faltima gera\u00e7\u00e3o de consoles ou assistindo a um filme de grande sucesso, o EpiqVision Ultra LS800 da Epson simplesmente surpreender\u00e1 voc\u00ea.<\/p>\n<ul>\n<li>Tela imersiva de at\u00e9 150 polegadas\u00a0a menos de 30cm da parede<\/li>\n<li>Tecnologia 4K PRO-UHD<sup>2<\/sup><\/li>\n<li>Imagem incrivelmente brilhante de at\u00e9 4.000 l\u00famens<sup>3<\/sup><\/li>\n<li>Design moderno<\/li>\n<li>Tecnologia laser de alcance ultra curto<\/li>\n<li>Compat\u00edvel com os mais recentes aparelhos de streaming, jogos e TV a cabo<sup>7<\/sup><\/li>\n<\/ul>\n","protected":false},"excerpt":{"rendered":"<p>O\u00a0projetor laser Epson EpiqVision\u00ae Ultra LS800, com a tecnologia 3-Chip 3LCD, produz imagens amplas e realistas de at\u00e9 150&#8243;. Tenha uma experi\u00eancia 4K HDR1\u00a0surpreendente. Conta com a tecnologia patenteada 4K PRO-UHD\u00ae2, 3 chips 3LCD e um brilho incr\u00edvel de 4.000 l\u00famens em cores e branco3.Est\u00e1 equipado com uma lente avan\u00e7ada de alcance ultracurto e uma [&hellip;]<\/p>\n","protected":false},"featured_media":28574,"template":"","meta":{"_acf_changed":false},"product_brand":[],"product_cat":[86,259,85],"product_tag":[],"class_list":{"0":"post-28564","1":"product","2":"type-product","3":"status-publish","4":"has-post-thumbnail","6":"product_cat-projetor","7":"product_cat-projetor-2","8":"product_cat-video","10":"first","11":"instock","12":"sold-individually","13":"shipping-taxable","14":"purchasable","15":"product-type-simple"},"acf":[],"aioseo_notices":[],"_links":{"self":[{"href":"https:\/\/hificlub.com.br\/loja\/wp-json\/wp\/v2\/product\/28564","targetHints":{"allow":["GET"]}}],"collection":[{"href":"https:\/\/hificlub.com.br\/loja\/wp-json\/wp\/v2\/product"}],"about":[{"href":"https:\/\/hificlub.com.br\/loja\/wp-json\/wp\/v2\/types\/product"}],"wp:featuredmedia":[{"embeddable":true,"href":"https:\/\/hificlub.com.br\/loja\/wp-json\/wp\/v2\/media\/28574"}],"wp:attachment":[{"href":"https:\/\/hificlub.com.br\/loja\/wp-json\/wp\/v2\/media?parent=28564"}],"wp:term":[{"taxonomy":"product_brand","embeddable":true,"href":"https:\/\/hificlub.com.br\/loja\/wp-json\/wp\/v2\/product_brand?post=28564"},{"taxonomy":"product_cat","embeddable":true,"href":"https:\/\/hificlub.com.br\/loja\/wp-json\/wp\/v2\/product_cat?post=28564"},{"taxonomy":"product_tag","embeddable":true,"href":"https:\/\/hificlub.com.br\/loja\/wp-json\/wp\/v2\/product_tag?post=28564"}],"curies":[{"name":"wp","href":"https:\/\/api.w.org\/{rel}","templated":true}]}}