{"id":28545,"date":"2025-12-15T21:46:37","date_gmt":"2025-12-16T00:46:37","guid":{"rendered":"https:\/\/hificlub.com.br\/loja\/?post_type=product&#038;p=28545"},"modified":"2026-04-17T11:30:45","modified_gmt":"2026-04-17T14:30:45","slug":"denon-dth-s216e2-soundbar-com-bluetooth-audio-3d-dts-virtualx-e-subwoofer-integrado","status":"publish","type":"product","link":"https:\/\/hificlub.com.br\/loja\/produto\/denon-dth-s216e2-soundbar-com-bluetooth-audio-3d-dts-virtualx-e-subwoofer-integrado\/","title":{"rendered":"DENON DTH-S216E2 &#8211; Soundbar, com Bluetooth, \u00c1udio 3D, DTS Virtual:X, e Subwoofer Integrado"},"content":{"rendered":"<div id=\"model-response-message-contentr_92236ee4da0baf9d\" class=\"markdown markdown-main-panel enable-updated-hr-color\" dir=\"ltr\" aria-live=\"polite\">\n<p data-path-to-node=\"2\">A <strong>Denon DHT-S216<\/strong> \u00e9 uma soundbar moderna e discreta projetada para melhorar drasticamente a experi\u00eancia de \u00e1udio da sua TV, oferecendo som de home theater sem a necessidade de caixas ac\u00fasticas volumosas ou um subwoofer externo. Seu design \u00e9 elegante e de baixo perfil, permitindo que ela seja colocada em frente \u00e0 maioria das TVs sem bloquear a tela ou o sensor de controle remoto, ou que seja facilmente montada na parede.<\/p>\n<p data-path-to-node=\"3\"><strong>Configura\u00e7\u00e3o de \u00c1udio e Decodifica\u00e7\u00e3o<\/strong><\/p>\n<p data-path-to-node=\"4\">Esta soundbar \u00e9 equipada com uma configura\u00e7\u00e3o de driver de matriz completa (full-range), que inclui dois subwoofers integrados voltados para baixo (built-in subwoofers), dois drivers de m\u00e9dio alcance e dois tweeters. Essa arquitetura de 2.1 canais, totalmente interna, elimina a necessidade de um m\u00f3dulo de sub grave separado. Um de seus grandes destaques \u00e9 o suporte \u00e0 tecnologia de decodifica\u00e7\u00e3o de \u00e1udio DTS Virtual:X, que utiliza algoritmos psicoac\u00fasticos para criar uma experi\u00eancia de som tridimensional imersiva e virtualmente &#8220;altura&#8221;, simulando o \u00e1udio que se move ao seu redor e acima de voc\u00ea.<\/p>\n<p data-path-to-node=\"5\"><strong>Conectividade e Facilidade de Uso<\/strong><\/p>\n<p data-path-to-node=\"6\">A conectividade \u00e9 um ponto forte da DHT-S216. Ela possui uma entrada HDMI com eARC (Enhanced Audio Return Channel), que permite o envio do \u00e1udio da TV para a soundbar com um \u00fanico cabo e suporta a transmiss\u00e3o de \u00e1udio de alta resolu\u00e7\u00e3o. Al\u00e9m disso, ela inclui entradas digitais \u00d3ptica e uma entrada auxiliar (AUX) anal\u00f3gica. A tecnologia Bluetooth integrada permite a f\u00e1cil transmiss\u00e3o de m\u00fasica sem fio a partir de smartphones e outros dispositivos compat\u00edveis.<\/p>\n<p data-path-to-node=\"7\"><strong>Recursos e Modos de Som<\/strong><\/p>\n<p data-path-to-node=\"8\">A soundbar oferece tr\u00eas modos de som pr\u00e9-definidos para otimizar o \u00e1udio para diferentes tipos de conte\u00fado: Modo Filme, Modo Noite e Modo M\u00fasica. Outro recurso importante \u00e9 o Denon Dialogue Enhancer, uma tecnologia que melhora a clareza dos di\u00e1logos em filmes e programas de TV sem aumentar o volume geral do sistema, garantindo que as falas sejam sempre compreens\u00edveis, mesmo em cenas de a\u00e7\u00e3o intensa. O volume e as fun\u00e7\u00f5es principais podem ser controlados pelo controle remoto da TV atrav\u00e9s da conex\u00e3o HDMI-CEC\/eARC.<\/p>\n<p data-path-to-node=\"9\">\n<\/div>\n","protected":false},"excerpt":{"rendered":"<p>A Denon DHT-S216 \u00e9 uma soundbar moderna e discreta projetada para melhorar drasticamente a experi\u00eancia de \u00e1udio da sua TV, oferecendo som de home theater sem a necessidade de caixas ac\u00fasticas volumosas ou um subwoofer externo. Seu design \u00e9 elegante e de baixo perfil, permitindo que ela seja colocada em frente \u00e0 maioria das TVs [&hellip;]<\/p>\n","protected":false},"featured_media":28546,"template":"","meta":{"_acf_changed":false},"product_brand":[],"product_cat":[279,17,150,384],"product_tag":[],"class_list":{"0":"post-28545","1":"product","2":"type-product","3":"status-publish","4":"has-post-thumbnail","6":"product_cat-caixa-soundbar","7":"product_cat-caixas","8":"product_cat-denon","9":"product_cat-soundbar","11":"first","12":"instock","13":"sold-individually","14":"shipping-taxable","15":"purchasable","16":"product-type-simple"},"acf":[],"aioseo_notices":[],"_links":{"self":[{"href":"https:\/\/hificlub.com.br\/loja\/wp-json\/wp\/v2\/product\/28545","targetHints":{"allow":["GET"]}}],"collection":[{"href":"https:\/\/hificlub.com.br\/loja\/wp-json\/wp\/v2\/product"}],"about":[{"href":"https:\/\/hificlub.com.br\/loja\/wp-json\/wp\/v2\/types\/product"}],"wp:featuredmedia":[{"embeddable":true,"href":"https:\/\/hificlub.com.br\/loja\/wp-json\/wp\/v2\/media\/28546"}],"wp:attachment":[{"href":"https:\/\/hificlub.com.br\/loja\/wp-json\/wp\/v2\/media?parent=28545"}],"wp:term":[{"taxonomy":"product_brand","embeddable":true,"href":"https:\/\/hificlub.com.br\/loja\/wp-json\/wp\/v2\/product_brand?post=28545"},{"taxonomy":"product_cat","embeddable":true,"href":"https:\/\/hificlub.com.br\/loja\/wp-json\/wp\/v2\/product_cat?post=28545"},{"taxonomy":"product_tag","embeddable":true,"href":"https:\/\/hificlub.com.br\/loja\/wp-json\/wp\/v2\/product_tag?post=28545"}],"curies":[{"name":"wp","href":"https:\/\/api.w.org\/{rel}","templated":true}]}}