{"id":28533,"date":"2025-12-15T17:55:53","date_gmt":"2025-12-15T20:55:53","guid":{"rendered":"https:\/\/hificlub.com.br\/loja\/?post_type=product&#038;p=28533"},"modified":"2026-03-03T22:14:56","modified_gmt":"2026-03-04T01:14:56","slug":"denon-dcd-900ne-cd-player-com-processamento-avancado-al32-plus-e-usb","status":"publish","type":"product","link":"https:\/\/hificlub.com.br\/loja\/produto\/denon-dcd-900ne-cd-player-com-processamento-avancado-al32-plus-e-usb\/","title":{"rendered":"DENON DCD-900NE &#8211; CD Player com Processamento Avan\u00e7ado AL32 Plus e USB"},"content":{"rendered":"<p data-path-to-node=\"2\">O <strong>Denon DCD-900NE<\/strong> \u00e9 um CD Player e reprodutor de discos de dados de alta resolu\u00e7\u00e3o que se encaixa na categoria de equipamento de m\u00e9dio alcance da Denon. Ele \u00e9 projetado para quem busca uma melhoria significativa na qualidade de \u00e1udio em compara\u00e7\u00e3o com modelos de entrada, focando na reprodu\u00e7\u00e3o detalhada e precisa de CDs e arquivos digitais de alta resolu\u00e7\u00e3o. Ele \u00e9 o complemento perfeito para o amplificador integrado Denon PMA-900HNE, com o qual compartilha a mesma est\u00e9tica e filosofia de engenharia.<\/p>\n<p data-path-to-node=\"3\"><strong>Tecnologia de Processamento<\/strong><\/p>\n<p data-path-to-node=\"4\">A qualidade sonora do DCD-900NE \u00e9 impulsionada pelo uso do Advanced AL32 Processing Plus, a tecnologia propriet\u00e1ria da Denon. Este processamento interpola e eleva o n\u00edvel dos dados digitais, restaurando as informa\u00e7\u00f5es que foram perdidas durante a grava\u00e7\u00e3o digital para produzir uma forma de onda mais suave e detalhada, mais fiel ao som anal\u00f3gico original. O player tamb\u00e9m utiliza um projeto de clock mestre DAC de alta precis\u00e3o para garantir que a convers\u00e3o digital para anal\u00f3gica seja livre de jitter e extremamente precisa.<\/p>\n<p data-path-to-node=\"5\"><strong>Constru\u00e7\u00e3o e Vibra\u00e7\u00e3o<\/strong><\/p>\n<p data-path-to-node=\"6\">A Denon aplica em seu design o conceito de constru\u00e7\u00e3o de aterramento mec\u00e2nico direto (Direct Mechanical Ground Construction), onde as partes que geram vibra\u00e7\u00e3o, como o transformador de pot\u00eancia, s\u00e3o montadas pr\u00f3ximas aos p\u00e9s do equipamento. Esta abordagem minimiza as vibra\u00e7\u00f5es indesejadas que podem colorir ou degradar o sinal de \u00e1udio. O chassis \u00e9 rigidamente constru\u00eddo para suportar o mecanismo de acionamento do disco e manter a integridade do sinal em todos os momentos.<\/p>\n<p data-path-to-node=\"7\"><strong>M\u00eddia Suportada e Conectividade USB<\/strong><\/p>\n<p data-path-to-node=\"8\">Al\u00e9m de reproduzir CDs de \u00e1udio padr\u00e3o, o DCD-900NE \u00e9 um reprodutor vers\u00e1til de discos de dados (CD-R\/RW, DVD-R\/RW) que suporta arquivos de alta resolu\u00e7\u00e3o, incluindo DSD (at\u00e9 5.6 MHz) e PCM (at\u00e9 192 kHz \/ 24 bits), o que amplia consideravelmente as op\u00e7\u00f5es de audi\u00e7\u00e3o. Um diferencial importante \u00e9 a porta USB-A frontal, que permite a conex\u00e3o direta de pendrives ou outros dispositivos de armazenamento para a reprodu\u00e7\u00e3o de arquivos de \u00e1udio de alta resolu\u00e7\u00e3o, aumentando a sua conveni\u00eancia e funcionalidade. Ele oferece sa\u00eddas anal\u00f3gicas est\u00e9reo (RCA) e sa\u00eddas digitais (Coaxial e \u00d3ptica).<\/p>\n","protected":false},"excerpt":{"rendered":"<p>O Denon DCD-900NE \u00e9 um CD Player e reprodutor de discos de dados de alta resolu\u00e7\u00e3o que se encaixa na categoria de equipamento de m\u00e9dio alcance da Denon. Ele \u00e9 projetado para quem busca uma melhoria significativa na qualidade de \u00e1udio em compara\u00e7\u00e3o com modelos de entrada, focando na reprodu\u00e7\u00e3o detalhada e precisa de CDs [&hellip;]<\/p>\n","protected":false},"featured_media":28534,"template":"","meta":{"_acf_changed":false},"product_brand":[],"product_cat":[42,150,41],"product_tag":[],"class_list":{"0":"post-28533","1":"product","2":"type-product","3":"status-publish","4":"has-post-thumbnail","6":"product_cat-cd-players","7":"product_cat-denon","8":"product_cat-digital","10":"first","11":"instock","12":"sold-individually","13":"shipping-taxable","14":"purchasable","15":"product-type-simple"},"acf":[],"aioseo_notices":[],"_links":{"self":[{"href":"https:\/\/hificlub.com.br\/loja\/wp-json\/wp\/v2\/product\/28533","targetHints":{"allow":["GET"]}}],"collection":[{"href":"https:\/\/hificlub.com.br\/loja\/wp-json\/wp\/v2\/product"}],"about":[{"href":"https:\/\/hificlub.com.br\/loja\/wp-json\/wp\/v2\/types\/product"}],"wp:featuredmedia":[{"embeddable":true,"href":"https:\/\/hificlub.com.br\/loja\/wp-json\/wp\/v2\/media\/28534"}],"wp:attachment":[{"href":"https:\/\/hificlub.com.br\/loja\/wp-json\/wp\/v2\/media?parent=28533"}],"wp:term":[{"taxonomy":"product_brand","embeddable":true,"href":"https:\/\/hificlub.com.br\/loja\/wp-json\/wp\/v2\/product_brand?post=28533"},{"taxonomy":"product_cat","embeddable":true,"href":"https:\/\/hificlub.com.br\/loja\/wp-json\/wp\/v2\/product_cat?post=28533"},{"taxonomy":"product_tag","embeddable":true,"href":"https:\/\/hificlub.com.br\/loja\/wp-json\/wp\/v2\/product_tag?post=28533"}],"curies":[{"name":"wp","href":"https:\/\/api.w.org\/{rel}","templated":true}]}}