{"id":28520,"date":"2025-12-15T17:29:21","date_gmt":"2025-12-15T20:29:21","guid":{"rendered":"https:\/\/hificlub.com.br\/loja\/?post_type=product&#038;p=28520"},"modified":"2026-03-03T22:14:57","modified_gmt":"2026-03-04T01:14:57","slug":"denon-dcd-3000ne-cd-player-super-audio-cd-sacd","status":"publish","type":"product","link":"https:\/\/hificlub.com.br\/loja\/produto\/denon-dcd-3000ne-cd-player-super-audio-cd-sacd\/","title":{"rendered":"DENON DCD-3000NE &#8211; CD Player, Super Audio CD (SACD)"},"content":{"rendered":"<p data-path-to-node=\"2\">O <strong>Denon DCD-3000NE<\/strong> \u00e9 um CD Player e reprodutor de Super Audio CD (SACD) de refer\u00eancia que representa o \u00e1pice da engenharia digital da marca. Ele \u00e9 projetado para ser o parceiro ideal do Amplificador Integrado Denon PMA-2500NE, formando uma dupla de alta fidelidade que visa extrair a m\u00e1xima pureza e detalhe de qualquer disco. Sua constru\u00e7\u00e3o \u00e9 voltada para a elimina\u00e7\u00e3o de vibra\u00e7\u00f5es e ru\u00eddos, resultando em uma reprodu\u00e7\u00e3o sonora incrivelmente fiel.<\/p>\n<p data-path-to-node=\"3\"><strong>Processamento de Sinal e Convers\u00e3o<\/strong><\/p>\n<p data-path-to-node=\"4\">No cora\u00e7\u00e3o do DCD-3000NE est\u00e1 o processamento Advanced AL32 Processing Plus, a vers\u00e3o mais recente e aprimorada da tecnologia de interpola\u00e7\u00e3o anal\u00f3gica de forma de onda da Denon. Esta tecnologia expande os dados digitais para 32 bits e utiliza algoritmos sofisticados para suavizar a forma de onda, aproximando-a da grava\u00e7\u00e3o anal\u00f3gica original. O player emprega um projeto de clock mestre DAC (DAC Master Clock Design) para suprimir o jitter, garantindo que a convers\u00e3o digital-anal\u00f3gica seja realizada com a maior precis\u00e3o poss\u00edvel.<\/p>\n<p data-path-to-node=\"5\"><strong>Mecanismo de Acionamento e Constru\u00e7\u00e3o<\/strong><\/p>\n<p data-path-to-node=\"6\">O <strong>DCD-3000NE<\/strong> possui o avan\u00e7ado mecanismo de acionamento Denon S.V.H. (Suppress Vibration Hybrid) de alta precis\u00e3o. Este mecanismo \u00e9 constru\u00eddo com materiais de alta qualidade e um centro de gravidade baixo para minimizar a vibra\u00e7\u00e3o, que \u00e9 um inimigo da precis\u00e3o de leitura do disco. O chassi \u00e9 ultra-r\u00edgido e apresenta a constru\u00e7\u00e3o de aterramento mec\u00e2nico direto, que isola as fontes de ru\u00eddo interno, como os transformadores, do resto do circuito de \u00e1udio, preservando a integridade do sinal. O design do circuito de fonte de alimenta\u00e7\u00e3o \u00e9 otimizado para as se\u00e7\u00f5es digital e anal\u00f3gica.<\/p>\n<p data-path-to-node=\"7\"><strong>M\u00eddia Suportada e Conectividade<\/strong><\/p>\n<p data-path-to-node=\"8\">Este player lida com uma ampla variedade de m\u00eddias, incluindo CDs padr\u00e3o, Super Audio CDs (SACD) e discos de dados (CD-R\/RW, DVD-R\/RW) que cont\u00eam arquivos de \u00e1udio de alta resolu\u00e7\u00e3o, como DSD de 5.6 MHz e PCM de at\u00e9 192 kHz \/ 24 bits. Em termos de conex\u00f5es, ele oferece sa\u00eddas anal\u00f3gicas est\u00e9reo (RCA) e sa\u00eddas digitais (Coaxial e \u00d3ptica), permitindo a conex\u00e3o flex\u00edvel com diversos amplificadores e processadores.<\/p>\n","protected":false},"excerpt":{"rendered":"<p>O Denon DCD-3000NE \u00e9 um CD Player e reprodutor de Super Audio CD (SACD) de refer\u00eancia que representa o \u00e1pice da engenharia digital da marca. Ele \u00e9 projetado para ser o parceiro ideal do Amplificador Integrado Denon PMA-2500NE, formando uma dupla de alta fidelidade que visa extrair a m\u00e1xima pureza e detalhe de qualquer disco. [&hellip;]<\/p>\n","protected":false},"featured_media":28521,"template":"","meta":{"_acf_changed":false},"product_brand":[],"product_cat":[42,150,41,304],"product_tag":[],"class_list":{"0":"post-28520","1":"product","2":"type-product","3":"status-publish","4":"has-post-thumbnail","6":"product_cat-cd-players","7":"product_cat-denon","8":"product_cat-digital","9":"product_cat-sacd","11":"first","12":"instock","13":"sold-individually","14":"shipping-taxable","15":"purchasable","16":"product-type-simple"},"acf":[],"aioseo_notices":[],"_links":{"self":[{"href":"https:\/\/hificlub.com.br\/loja\/wp-json\/wp\/v2\/product\/28520","targetHints":{"allow":["GET"]}}],"collection":[{"href":"https:\/\/hificlub.com.br\/loja\/wp-json\/wp\/v2\/product"}],"about":[{"href":"https:\/\/hificlub.com.br\/loja\/wp-json\/wp\/v2\/types\/product"}],"wp:featuredmedia":[{"embeddable":true,"href":"https:\/\/hificlub.com.br\/loja\/wp-json\/wp\/v2\/media\/28521"}],"wp:attachment":[{"href":"https:\/\/hificlub.com.br\/loja\/wp-json\/wp\/v2\/media?parent=28520"}],"wp:term":[{"taxonomy":"product_brand","embeddable":true,"href":"https:\/\/hificlub.com.br\/loja\/wp-json\/wp\/v2\/product_brand?post=28520"},{"taxonomy":"product_cat","embeddable":true,"href":"https:\/\/hificlub.com.br\/loja\/wp-json\/wp\/v2\/product_cat?post=28520"},{"taxonomy":"product_tag","embeddable":true,"href":"https:\/\/hificlub.com.br\/loja\/wp-json\/wp\/v2\/product_tag?post=28520"}],"curies":[{"name":"wp","href":"https:\/\/api.w.org\/{rel}","templated":true}]}}