{"id":28510,"date":"2025-12-15T17:13:47","date_gmt":"2025-12-15T20:13:47","guid":{"rendered":"https:\/\/hificlub.com.br\/loja\/?post_type=product&#038;p=28510"},"modified":"2026-03-03T22:14:57","modified_gmt":"2026-03-04T01:14:57","slug":"denon-dcd-1700ne-cd-player-super-audio-cd-sacd-preto-ou-prata","status":"publish","type":"product","link":"https:\/\/hificlub.com.br\/loja\/produto\/denon-dcd-1700ne-cd-player-super-audio-cd-sacd-preto-ou-prata\/","title":{"rendered":"DENON DCD-1700NE &#8211; Cd Player, Super Audio CD (SACD), Preto ou Prata"},"content":{"rendered":"<p data-path-to-node=\"2\">O <strong>Denon DCD-1700NE<\/strong> \u00e9 um CD Player e reprodutor de <strong>Super Audio CD (SACD)<\/strong> projetado para oferecer alta qualidade de \u00e1udio e precis\u00e3o na reprodu\u00e7\u00e3o. Ele se posiciona como um componente central na linha New Era (NE) da Denon, focando em extrair detalhes e nuances da sua cole\u00e7\u00e3o de discos. O design \u00e9 s\u00f3lido e minimalista, refletindo o compromisso da marca com a estabilidade e a pureza do sinal.<\/p>\n<p data-path-to-node=\"3\"><strong>Tecnologias de Reprodu\u00e7\u00e3o<\/strong><\/p>\n<p data-path-to-node=\"4\">Para garantir a mais alta fidelidade, o DCD-1700NE incorpora o processamento Advanced AL32 Processing Plus, que \u00e9 uma tecnologia propriet\u00e1ria da Denon. Esta tecnologia realiza o oversampling e a interpola\u00e7\u00e3o dos dados de \u00e1udio, restaurando informa\u00e7\u00f5es que foram perdidas durante a grava\u00e7\u00e3o digital para criar uma forma de onda mais suave e mais pr\u00f3xima do sinal anal\u00f3gico original. O player utiliza conversores D\/A de alta qualidade para assegurar uma convers\u00e3o precisa do sinal digital.<\/p>\n<p data-path-to-node=\"5\"><strong>Mecanismo e Constru\u00e7\u00e3o<\/strong><\/p>\n<p data-path-to-node=\"6\">A estabilidade e o isolamento contra vibra\u00e7\u00f5es s\u00e3o cruciais para a qualidade do som. O DCD-1700NE utiliza o Denon original, um mecanismo de acionamento S.V.H. (Suppress Vibration Hybrid) de alta qualidade, que minimiza caminhos de sinal e suprime vibra\u00e7\u00f5es internas e externas. A constru\u00e7\u00e3o do chassi conta com um design de constru\u00e7\u00e3o de aterramento mec\u00e2nico direto (Direct Mechanical Ground Construction), onde o transformador, uma fonte de vibra\u00e7\u00e3o, \u00e9 colocado pr\u00f3ximo aos p\u00e9s do equipamento para aterrar as vibra\u00e7\u00f5es diretamente, protegendo os circuitos de \u00e1udio.<\/p>\n<p data-path-to-node=\"7\"><strong>M\u00eddia Suportada e Conectividade<\/strong><\/p>\n<p data-path-to-node=\"8\">O DCD-1700NE \u00e9 capaz de reproduzir discos CD padr\u00e3o e Super Audio CD (SACD). Ele tamb\u00e9m suporta a reprodu\u00e7\u00e3o de arquivos de \u00e1udio de alta resolu\u00e7\u00e3o (como FLAC, AIFF, ALAC e DSD) gravados em discos DVD-R\/RW ou CD-R\/RW. Em termos de conectividade, ele oferece uma sa\u00edda digital coaxial e uma sa\u00edda digital \u00f3ptica, al\u00e9m das sa\u00eddas de \u00e1udio anal\u00f3gico est\u00e9reo (RCA) para conex\u00e3o com um amplificador ou pr\u00e9-amplificador.<\/p>\n","protected":false},"excerpt":{"rendered":"<p>O Denon DCD-1700NE \u00e9 um CD Player e reprodutor de Super Audio CD (SACD) projetado para oferecer alta qualidade de \u00e1udio e precis\u00e3o na reprodu\u00e7\u00e3o. Ele se posiciona como um componente central na linha New Era (NE) da Denon, focando em extrair detalhes e nuances da sua cole\u00e7\u00e3o de discos. O design \u00e9 s\u00f3lido e [&hellip;]<\/p>\n","protected":false},"featured_media":28511,"template":"","meta":{"_acf_changed":false},"product_brand":[],"product_cat":[42,150,41,304],"product_tag":[],"class_list":{"0":"post-28510","1":"product","2":"type-product","3":"status-publish","4":"has-post-thumbnail","6":"product_cat-cd-players","7":"product_cat-denon","8":"product_cat-digital","9":"product_cat-sacd","11":"first","12":"instock","13":"sold-individually","14":"shipping-taxable","15":"purchasable","16":"product-type-simple"},"acf":[],"aioseo_notices":[],"_links":{"self":[{"href":"https:\/\/hificlub.com.br\/loja\/wp-json\/wp\/v2\/product\/28510","targetHints":{"allow":["GET"]}}],"collection":[{"href":"https:\/\/hificlub.com.br\/loja\/wp-json\/wp\/v2\/product"}],"about":[{"href":"https:\/\/hificlub.com.br\/loja\/wp-json\/wp\/v2\/types\/product"}],"wp:featuredmedia":[{"embeddable":true,"href":"https:\/\/hificlub.com.br\/loja\/wp-json\/wp\/v2\/media\/28511"}],"wp:attachment":[{"href":"https:\/\/hificlub.com.br\/loja\/wp-json\/wp\/v2\/media?parent=28510"}],"wp:term":[{"taxonomy":"product_brand","embeddable":true,"href":"https:\/\/hificlub.com.br\/loja\/wp-json\/wp\/v2\/product_brand?post=28510"},{"taxonomy":"product_cat","embeddable":true,"href":"https:\/\/hificlub.com.br\/loja\/wp-json\/wp\/v2\/product_cat?post=28510"},{"taxonomy":"product_tag","embeddable":true,"href":"https:\/\/hificlub.com.br\/loja\/wp-json\/wp\/v2\/product_tag?post=28510"}],"curies":[{"name":"wp","href":"https:\/\/api.w.org\/{rel}","templated":true}]}}