{"id":28502,"date":"2025-12-15T16:48:29","date_gmt":"2025-12-15T19:48:29","guid":{"rendered":"https:\/\/hificlub.com.br\/loja\/?post_type=product&#038;p=28502"},"modified":"2026-03-03T22:14:57","modified_gmt":"2026-03-04T01:14:57","slug":"mcintosh-c2800-pre-amplificador-valvulado-vacuum-tube","status":"publish","type":"product","link":"https:\/\/hificlub.com.br\/loja\/produto\/mcintosh-c2800-pre-amplificador-valvulado-vacuum-tube\/","title":{"rendered":"McINTOSH C2800   Pr\u00e9-Amplificador Valvulado"},"content":{"rendered":"<p data-path-to-node=\"2\">O <strong>McIntosh C2800<\/strong> \u00e9 um pr\u00e9-amplificador de dois canais que se destaca por sua arquitetura valvulada (Vacuum Tube), utilizando tr\u00eas v\u00e1lvulas 12AX7A e uma 12AT7 para moldar o seu som. Ele \u00e9 a companhia ideal para sistemas de \u00e1udio de alta fidelidade e \u00e9 apresentado em um chassi robusto de duas camadas, que separa a se\u00e7\u00e3o digital da se\u00e7\u00e3o anal\u00f3gica superior para otimizar o gerenciamento de ru\u00eddo. O design \u00e9 marcado pela eleg\u00e2ncia do a\u00e7o inoxid\u00e1vel polido e a unidade pesa 12,5 kg.<\/p>\n<p data-path-to-node=\"3\"><strong>Conectividade e Modularidade<\/strong><\/p>\n<p data-path-to-node=\"4\">A versatilidade \u00e9 um dos pontos fortes do C2800, que oferece um total impressionante de 16 entradas. Deste total, s\u00e3o 9 conex\u00f5es anal\u00f3gicas e 7 digitais. As entradas digitais s\u00e3o gerenciadas pelo M\u00f3dulo de \u00c1udio Digital DA2, que suporta arquivos de at\u00e9 24 bits\/192kHz e DSD512. Ele possui at\u00e9 duas entradas phono configur\u00e1veis para c\u00e1psulas Moving Coil (MC) ou Moving Magnet (MM), com configura\u00e7\u00f5es de carga ajust\u00e1veis. O painel traseiro apresenta m\u00faltiplas sa\u00eddas vari\u00e1veis balanceadas e n\u00e3o balanceadas.<\/p>\n<p data-path-to-node=\"5\"><strong>Recursos e Funcionalidades<\/strong><\/p>\n<p data-path-to-node=\"6\">O <strong>C2800<\/strong> inclui um Loop de Processador (Processor Loop), um recurso que retorna \u00e0s novas gera\u00e7\u00f5es de pr\u00e9-amplificadores McIntosh, permitindo a f\u00e1cil integra\u00e7\u00e3o de processadores externos. Para fones de ouvido, o m\u00f3dulo amplificador &#8220;High Drive&#8221; de 6,35 mm apresenta a tecnologia Headphone Crossfeed Director (HXD\u00ae), que proporciona uma experi\u00eancia sonora mais semelhante \u00e0 de caixas ac\u00fasticas. Ele tamb\u00e9m \u00e9 certificado como &#8220;Roon Tested&#8221; e possui a fun\u00e7\u00e3o Home Theater PassThru, simplificando a integra\u00e7\u00e3o em um sistema de home theater multicanal. Controles de tom eletr\u00f4nicos para graves e agudos permitem ajustes de n\u00edvel em passos precisos de 1dB, com a op\u00e7\u00e3o de bypass de tonalidade.<\/p>\n","protected":false},"excerpt":{"rendered":"<p>O McIntosh C2800 \u00e9 um pr\u00e9-amplificador de dois canais que se destaca por sua arquitetura valvulada (Vacuum Tube), utilizando tr\u00eas v\u00e1lvulas 12AX7A e uma 12AT7 para moldar o seu som. Ele \u00e9 a companhia ideal para sistemas de \u00e1udio de alta fidelidade e \u00e9 apresentado em um chassi robusto de duas camadas, que separa a [&hellip;]<\/p>\n","protected":false},"featured_media":28508,"template":"","meta":{"_acf_changed":false},"product_brand":[],"product_cat":[39,38],"product_tag":[],"class_list":{"0":"post-28502","1":"product","2":"type-product","3":"status-publish","4":"has-post-thumbnail","6":"product_cat-mcintosh","7":"product_cat-pre-amplificador","9":"first","10":"instock","11":"sold-individually","12":"shipping-taxable","13":"product-type-simple"},"acf":[],"aioseo_notices":[],"_links":{"self":[{"href":"https:\/\/hificlub.com.br\/loja\/wp-json\/wp\/v2\/product\/28502","targetHints":{"allow":["GET"]}}],"collection":[{"href":"https:\/\/hificlub.com.br\/loja\/wp-json\/wp\/v2\/product"}],"about":[{"href":"https:\/\/hificlub.com.br\/loja\/wp-json\/wp\/v2\/types\/product"}],"wp:featuredmedia":[{"embeddable":true,"href":"https:\/\/hificlub.com.br\/loja\/wp-json\/wp\/v2\/media\/28508"}],"wp:attachment":[{"href":"https:\/\/hificlub.com.br\/loja\/wp-json\/wp\/v2\/media?parent=28502"}],"wp:term":[{"taxonomy":"product_brand","embeddable":true,"href":"https:\/\/hificlub.com.br\/loja\/wp-json\/wp\/v2\/product_brand?post=28502"},{"taxonomy":"product_cat","embeddable":true,"href":"https:\/\/hificlub.com.br\/loja\/wp-json\/wp\/v2\/product_cat?post=28502"},{"taxonomy":"product_tag","embeddable":true,"href":"https:\/\/hificlub.com.br\/loja\/wp-json\/wp\/v2\/product_tag?post=28502"}],"curies":[{"name":"wp","href":"https:\/\/api.w.org\/{rel}","templated":true}]}}