{"id":2844,"date":"2023-10-17T20:03:27","date_gmt":"2023-10-17T23:03:27","guid":{"rendered":"https:\/\/hificlub.com.br\/loja2\/produto\/ps-audio-directstream-dsd-mqa-dac\/"},"modified":"2025-08-02T14:01:06","modified_gmt":"2025-08-02T17:01:06","slug":"ps-audio-directstream-dsd-mqa-dac","status":"publish","type":"product","link":"https:\/\/hificlub.com.br\/loja\/produto\/ps-audio-directstream-dsd-mqa-dac\/","title":{"rendered":"PS AUDIO DIRECTSTREAM MK1 DSD\/MQA DAC com Network Bridge"},"content":{"rendered":"<p>ESTADO 9\/10<\/p>\n<p id=\"-product-title-911-109607\" class=\"oxy-product-title product_title entry-title oxy-woo-element\">DirectStream\u00a0 DAC<\/p>\n<div id=\"text_block-912-109607\" class=\"ct-text-block\">\n<div id=\"text_block-4880-109667\" class=\"ct-text-block\"><span id=\"span-4881-109667\" class=\"ct-span\"><span data-sheets-value=\"{&quot;1&quot;:2,&quot;2&quot;:&quot;The DirectStream DAC is our reference standard D to A converter. It is unlike any standard chip-based DAC, and has received countless awards, worldwide.&quot;}\" data-sheets-userformat=\"{&quot;2&quot;:897,&quot;3&quot;:{&quot;1&quot;:0},&quot;10&quot;:1,&quot;11&quot;:1,&quot;12&quot;:0}\">O DirectStream DAC \u00e9 nosso conversor D para A padr\u00e3o de refer\u00eancia.\u00a0\u00c9 diferente de qualquer DAC baseado em chip padr\u00e3o e recebeu in\u00fameros pr\u00eamios em todo o mundo.<\/span><\/span><\/div>\n<div id=\"text_block-4877-109667\" class=\"ct-text-block\">\n<p>O DirectStream \u00e9 um dos DACS mais not\u00e1veis \u200b\u200bj\u00e1 constru\u00eddos, como concordam todos os principais revisores.\u00a0Convers\u00e3o escrita \u00e0 m\u00e3o, discreta e baseada na perfei\u00e7\u00e3o que revela todas as informa\u00e7\u00f5es que faltam escondidas em sua m\u00eddia de \u00e1udio digital.\u00a0CDs, streaming de \u00e1udio, m\u00eddia baseada em PCM ou DSD de alta resolu\u00e7\u00e3o s\u00e3o habilmente aprimorados no DirectStream para vinte vezes a taxa DSD e emitidos como anal\u00f3gicos puros diretamente em seu amplificador ou pr\u00e9-amplificador.\u00a0Nunca houve um DAC com melhor som em qualquer lugar perto do pre\u00e7o do DirectStream.\u00a0\u00c9 a primeira escolha de milhares de ouvintes cr\u00edticos em todo o mundo e, com sua capacidade de aceitar nossas atualiza\u00e7\u00f5es gratuitas do sistema operacional, nunca se tornar\u00e1 obsoleto.<\/p>\n<p>O PROJETO<\/p>\n<p>O DirectStream converte todos os sinais de entrada, PCM e DSD, em um sinal DSD de 20X com alta taxa de amostragem e um \u00fanico bit.\u00a0O uso de um FPGA em vez de um chip DAC pronto para uso fornece imenso poder de processamento, resultando em total aus\u00eancia de brilho digital e permite que o propriet\u00e1rio baixe as atualiza\u00e7\u00f5es do sistema operacional \u00e0 medida que s\u00e3o lan\u00e7adas.<\/p>\n<p>&nbsp;<\/p>\n<\/div>\n<p><span id=\"span-913-109607\" class=\"ct-span\">APLICATIVO<\/span><\/p>\n<\/div>\n<div class=\"ct-text-block\"><\/div>\n<div class=\"ct-text-block\"><span class=\"ct-span\">DirectStream \u00e9 o cora\u00e7\u00e3o de um sistema baseado em \u00e1udio digital de qualidade de refer\u00eancia.\u00a0Ele lida com todas as fontes PCM de at\u00e9 352,8 kHz e DSD 64 e 128 (USB e I\u00a02\u00a0S) e DSD256 (somente I\u00a02\u00a0S, com o\u00a0<a href=\"https:\/\/www-psaudio-com.translate.goog\/downloads\/sunlight-for-dsd?_x_tr_sl=en&amp;_x_tr_tl=pt&amp;_x_tr_hl=pt-BR&amp;_x_tr_pto=sc\">Sunlight<\/a>\u00a0OS).\u00a0Seu controle de volume digital de perda zero permite que ele seja usado como um pr\u00e9-amplificador, alimentando diretamente um amplificador de pot\u00eancia.\u00a0Inclua a ponte de rede para transmitir Qobuz, Tidal e Spotify.\u00a0Quarto pronto.<\/span><\/div>\n<div class=\"ct-text-block\"><\/div>\n<div class=\"ct-text-block\"><span class=\"ct-span\">VIS\u00c3O GERAL<\/span><\/div>\n<div class=\"ct-text-block\"><\/div>\n<div class=\"ct-text-block\"><span class=\"ct-span\">O DirectStream DAC classificado como estere\u00f3filo Classe A+ converte qualquer formato de entrada digital de CDs, servidores e streamers em um formato DSD puro e emite anal\u00f3gico quase perfeito diretamente para seu amplificador de pot\u00eancia ou pr\u00e9-amplificador.\u00a0Qualquer que seja o formato, a taxa de amostragem ou o meio, o DirectStream fornece uma sa\u00edda pura que cumpre a promessa de desempenho anal\u00f3gico de alta resolu\u00e7\u00e3o a partir de fontes digitais.\u00a0DirectStream \u00e9 o trabalho do g\u00eanio do \u00e1udio digital, Ted Smith.\u00a0Ao contr\u00e1rio dos DACs convencionais que dependem de chips DAC prontos para uso, o DirectStream \u00e9 escrito \u00e0 m\u00e3o em um FPGA (Field Programmable Gate Array).\u00a0Isso permite um processamento muito mais preciso e preciso do sinal digital, resultando em qualidade de som significativamente melhor e capacidade de atualiza\u00e7\u00e3o no campo.\u00a0A cada seis meses, mais ou menos, Ted Smith&#8217;\u00a0A pesquisa cont\u00ednua da empresa em reprodu\u00e7\u00e3o de \u00e1udio digital resulta em outro avan\u00e7o no desempenho.\u00a0Os propriet\u00e1rios do DirectStream DAC recebem gratuitamente na forma de uma atualiza\u00e7\u00e3o para download.\u00a0Dessa forma, os propriet\u00e1rios do DirectStream podem ter certeza de que sua unidade continuar\u00e1 a melhorar com o tempo e nunca se tornar\u00e1 obsoleta.\u00a0Ou\u00e7a o que est\u00e1 faltando em sua m\u00fasica por todos esses anos.\u00a0Se voc\u00ea conhece o som da m\u00fasica e dos instrumentos e deseja ouvir o que est\u00e1 faltando em seus discos, este DAC \u00e9 ideal para voc\u00ea.<\/span><\/div>\n<div class=\"ct-text-block\"><\/div>\n<div class=\"ct-text-block\"><\/div>\n<div class=\"ct-text-block\">CONVERS\u00c3O DSD<\/div>\n<div class=\"ct-text-block\"><\/div>\n<div class=\"ct-text-block\">Converter uns e zeros do \u00e1udio digital em m\u00fasica que n\u00e3o conseguimos distinguir entre ao vivo ou gravado \u00e9 uma arte.\u00a0A maioria dos DACs sofisticados de hoje s\u00e3o instrumentos baseados em IC usando chips de prateleira que dependem de fun\u00e7\u00f5es Sigma-Delta Multi-bit para processar o \u00e1udio digital de entrada.\u00a0Embora sejam relativamente simples de projetar e produzir, raramente oferecem os melhores resultados sonoros.\u00a0O DirectStream adota uma abordagem diferente, convertendo primeiro todos os sinais de \u00e1udio digital em uma forma mais pura de \u00e1udio digital conhecida como DSD.\u00a0O DSD \u00e9 um processo de codifica\u00e7\u00e3o e decodifica\u00e7\u00e3o muito mais anal\u00f3gico do que o cl\u00e1ssico PCM baseado em CD.\u00a0Na verdade, a maioria dos conversores A\/D modernos usados \u200b\u200bpara fazer grava\u00e7\u00f5es j\u00e1 s\u00e3o baseados em DSD.\u00a0O DirectStream pega PCM e DSD, faz upsampling dos dados e converte para DSD de bit \u00fanico e, em seguida, reproduz m\u00fasica pura, independentemente do formato de entrada dos dados.\u00a0Os resultados desse design podem ser ouvidos em informa\u00e7\u00f5es musicais aumentadas apresentadas ao ouvinte em todas as oportunidades.\u00a0Quando voc\u00ea ouve o DirectStream, nunca \u00e9 abordado por um brilho forte e intenso na m\u00fasica, como acontece com muitos designs ativos.\u00a0Em vez disso, a m\u00fasica limpa e pura flui do DirectStream diretamente para o seu pr\u00e9-amplificador ou amplificador de pot\u00eancia.<\/div>\n<div class=\"ct-text-block\"><\/div>\n<div class=\"ct-text-block\">SAIDA e VOLUME<\/div>\n<div class=\"ct-text-block\"><\/div>\n<div class=\"ct-text-block\">A maioria dos DACs modernos usa alguma forma de tubo ativo ou est\u00e1gio de sa\u00edda de estado s\u00f3lido para amplificar, filtrar e conduzir a sa\u00edda do DAC.\u00a0DirectStream adota uma abordagem diferente: passiva.\u00a0Em uma das execu\u00e7\u00f5es mais simples, elegantes e musicalmente corretas de um est\u00e1gio de sa\u00edda, amplificadores de v\u00eddeo classe A de alta velocidade s\u00e3o usados \u200b\u200bcomo o interruptor final que alimenta um transformador de sa\u00edda de \u00e1udio passivo de alto desempenho.\u00a0O transformador \u00e9 especialmente projetado para atuar tanto como isolamento galv\u00e2nico entre o DAC e o mundo externo, quanto como o filtro passa-baixa prim\u00e1rio necess\u00e1rio para apresentar um sinal de sa\u00edda perfeito, de baixa distor\u00e7\u00e3o e baixo ru\u00eddo que \u00e9 alimentado diretamente no filtro de perda zero do DirectStream controle de volume.\u00a0O designer Smith aperfei\u00e7oou um controle de volume e equil\u00edbrio 100% bit-perfeito integrado ao DirectStream,\u00a0permitindo que os usu\u00e1rios controlem o n\u00edvel de sa\u00edda ao alimentar diretamente um amplificador de pot\u00eancia ou pr\u00e9-amplificador.\u00a0A capacidade de eliminar o pr\u00e9-amplificador no sistema sem nenhuma perda de resolu\u00e7\u00e3o \u00e9 um grande benef\u00edcio para o excelente desempenho musical do DirectStream.\u00a0Imagine ir a um est\u00fadio de grava\u00e7\u00e3o e ouvir uma fita master de qualquer grava\u00e7\u00e3o feita.\u00a0Esta \u00e9 a experi\u00eancia que o DirectStream oferece aos seus propriet\u00e1rios que desfrutam de uma sensa\u00e7\u00e3o renovada de prazer e descoberta ao ouvir tudo em sua biblioteca: CDs, downloads, DSD.<\/div>\n<div class=\"ct-text-block\"><\/div>\n<div class=\"ct-text-block\"><\/div>\n<div class=\"ct-text-block\">\n<p id=\"headline-637-280\" class=\"ct-headline\">Especifica\u00e7\u00f5es<\/p>\n<table id=\"tablepress-7\" class=\"tablepress tablepress-id-7\">\n<tbody>\n<tr class=\"row-1 odd\">\n<td class=\"column-1\">\n<h4>F\u00edsico<\/h4>\n<\/td>\n<td class=\"column-2\"><\/td>\n<\/tr>\n<tr class=\"row-2 even\">\n<td class=\"column-1\">Unidade de peso<\/td>\n<td class=\"column-2\">22 libras [9,97 kg]<\/td>\n<\/tr>\n<tr class=\"row-3 odd\">\n<td class=\"column-1\">Dimens\u00f5es da unidade<\/td>\n<td class=\"column-2\">14&#8243; x 17&#8243; x 4&#8243; [36cm x 43cm x 10cm]<\/td>\n<\/tr>\n<tr class=\"row-4 even\">\n<td class=\"column-1\">Peso<\/td>\n<td class=\"column-2\">31 libras [14 kg]<\/td>\n<\/tr>\n<tr class=\"row-5 odd\">\n<td class=\"column-1\">Dimens\u00f5es da embalagem<\/td>\n<td class=\"column-2\">20,5\u201d x 24\u201d x 10\u201d [52cm x 61cm x 25cm]<\/td>\n<\/tr>\n<tr class=\"row-6 even\">\n<td class=\"column-1\">\n<h4>Requerimentos poderosos<\/h4>\n<\/td>\n<td class=\"column-2\"><\/td>\n<\/tr>\n<tr class=\"row-7 odd\">\n<td class=\"column-1\">Pot\u00eancia de entrada<\/td>\n<td class=\"column-2\">Modelo espec\u00edfico 100VAC, 120VAC ou 230VAC 50 ou 60Hz<\/td>\n<\/tr>\n<tr class=\"row-8 even\">\n<td class=\"column-1\">Consumo de energia<\/td>\n<td class=\"column-2\">30W<\/td>\n<\/tr>\n<tr class=\"row-9 odd\">\n<td class=\"column-1\">\n<h4>Entradas de \u00e1udio digitais<\/h4>\n<\/td>\n<td class=\"column-2\">I2S(2), Coaxial, XLR balanceado, TOSLINK, USB, slot de ponte de rede<\/td>\n<\/tr>\n<tr class=\"row-10 even\">\n<td class=\"column-1\">\n<h4>Taxas de amostragem<\/h4>\n<\/td>\n<td class=\"column-2\">I2S e USB \u2014 44,1 kHz a 352,8 kHz 16 bits, 24 bits, DSD 64, DSD 128 (I2S DSD 256 com atualiza\u00e7\u00e3o Sunlight)<br \/>\nTOSLINK \u2013 44,1 kHz a 96 kHz 16 bits, 24 bits<br \/>\nXLR (AES\/EBU) S\/PDIF (coaxial) \u2013 44,1 kHz a 192 kHz 16 bits, 24 bits, DSD 64<\/td>\n<\/tr>\n<tr class=\"row-11 odd\">\n<td class=\"column-1\">\n<h4>Sa\u00edda de \u00c1udio Anal\u00f3gica<\/h4>\n<\/td>\n<td class=\"column-2\"><\/td>\n<\/tr>\n<tr class=\"row-12 even\">\n<td class=\"column-1\">Conector<\/td>\n<td class=\"column-2\">RCA\/XLR Desbalanceado\/Balanceado (X2)<\/td>\n<\/tr>\n<tr class=\"row-13 odd\">\n<td class=\"column-1\">N\u00edvel de sa\u00edda, baixo<\/td>\n<td class=\"column-2\">0,282 VRMS balanceado<br \/>\n0,141 VRMS de termina\u00e7\u00e3o simples<\/td>\n<\/tr>\n<tr class=\"row-14 even\">\n<td class=\"column-1\">N\u00edvel de sa\u00edda alto, m\u00e1ximo<\/td>\n<td class=\"column-2\">2,818 VRMS balanceado<br \/>\n1,414 VRMS de termina\u00e7\u00e3o \u00fanica<\/td>\n<\/tr>\n<tr class=\"row-15 odd\">\n<td class=\"column-1\">Imped\u00e2ncia de sa\u00edda<\/td>\n<td class=\"column-2\">100\u03a9\/200\u03a9<\/td>\n<\/tr>\n<tr class=\"row-16 even\">\n<td class=\"column-1\">Resposta de frequ\u00eancia<\/td>\n<td class=\"column-2\">20-20KHz +\/- 0,25dB<\/td>\n<\/tr>\n<tr class=\"row-17 odd\">\n<td class=\"column-1\">THD&amp;IM @ 1KHz (escala total)<\/td>\n<td class=\"column-2\">&lt;0,03%<\/td>\n<\/tr>\n<tr class=\"row-18 even\">\n<td class=\"column-1\">Est\u00e1gio de Sa\u00edda<\/td>\n<td class=\"column-2\">Transformador de \u00e1udio passivo, alimentado por amplificadores anal\u00f3gicos de alta corrente e alta velocidade, produzindo DSD de taxa dupla.<\/td>\n<\/tr>\n<tr class=\"row-19 odd\">\n<td class=\"column-1\">\n<h4>Tratamento de dados<\/h4>\n<\/td>\n<td class=\"column-2\"><\/td>\n<\/tr>\n<tr class=\"row-20 even\">\n<td class=\"column-1\">Formato<\/td>\n<td class=\"column-2\">PCM ou DSD<\/td>\n<\/tr>\n<tr class=\"row-21 odd\">\n<td class=\"column-1\">Taxa de amostragem (PCM)<\/td>\n<td class=\"column-2\">44,1kHz, 48,0kHz, 88,2kHz, 96,0kHz, 176,4kHz, 192kHz, 352,8kHz<\/td>\n<\/tr>\n<tr class=\"row-22 even\">\n<td class=\"column-1\">Comprimento da palavra (PCM)<\/td>\n<td class=\"column-2\">16b, 18b, 20b, 24b<\/td>\n<\/tr>\n<tr class=\"row-23 odd\">\n<td class=\"column-1\">Taxa de dados (DSD)<\/td>\n<td class=\"column-2\">DoP padr\u00e3o (2,8 MHz) ou duplo (5,6 MHz), bem como DSD bruto em entradas I2S e USB<\/td>\n<\/tr>\n<tr class=\"row-24 even\">\n<td class=\"column-1\">Redu\u00e7\u00e3o de jitter de entrada<\/td>\n<td class=\"column-2\">efetivamente 100%, residual imensur\u00e1vel.\u00a0Sem PLLs de entrada, FLLs.<\/td>\n<\/tr>\n<tr class=\"row-25 odd\">\n<td class=\"column-1\">Processamento de entrada<\/td>\n<td class=\"column-2\">170MHz<\/td>\n<\/tr>\n<tr class=\"row-26 even\">\n<td class=\"column-1\">Processamento de Sinal<\/td>\n<td class=\"column-2\">50MHz<\/td>\n<\/tr>\n<tr class=\"row-27 odd\">\n<td class=\"column-1\">Upsampling s\u00edncrono, todas as entradas<\/td>\n<td class=\"column-2\">28.224MHz<\/td>\n<\/tr>\n<tr class=\"row-28 even\">\n<td class=\"column-1\">Ra\u00e7\u00e3o S\/N de Processamento Digital<\/td>\n<td class=\"column-2\">&gt;146 dB<\/td>\n<\/tr>\n<tr class=\"row-29 odd\">\n<td class=\"column-1\">Controle de volume digital<\/td>\n<td class=\"column-2\">Zero perda de precis\u00e3o<\/td>\n<\/tr>\n<tr class=\"row-30 even\">\n<td class=\"column-1\">M\u00e9todo de convers\u00e3o anal\u00f3gica<\/td>\n<td class=\"column-2\">Taxa dupla de bit \u00fanico Delta Sigma (DSD)<\/td>\n<\/tr>\n<tr class=\"row-31 odd\">\n<td class=\"column-1\">\n<h4>Entrada Digital I2S<\/h4>\n<\/td>\n<td class=\"column-2\"><\/td>\n<\/tr>\n<tr class=\"row-32 even\">\n<td class=\"column-1\">Conector<\/td>\n<td class=\"column-2\">HDMI<\/td>\n<\/tr>\n<tr class=\"row-33 odd\">\n<td class=\"column-1\">Formato<\/td>\n<td class=\"column-2\">PCM ou DSD.\u00a0DoP em todas as entradas, bem como DSD bruto nas entradas I2S<\/td>\n<\/tr>\n<tr class=\"row-34 even\">\n<td class=\"column-1\">\n<h4>Entrada Digital USB<\/h4>\n<\/td>\n<td class=\"column-2\"><\/td>\n<\/tr>\n<tr class=\"row-35 odd\">\n<td class=\"column-1\">Conector<\/td>\n<td class=\"column-2\">USB Tipo \u201cB\u201d<\/td>\n<\/tr>\n<tr class=\"row-36 even\">\n<td class=\"column-1\">Formato<\/td>\n<td class=\"column-2\">PCM ou DoP v1.1 (DSD sobre PCM)<\/td>\n<\/tr>\n<tr class=\"row-37 odd\">\n<td class=\"column-1\">Modo de transfer\u00eancia<\/td>\n<td class=\"column-2\">Ass\u00edncrono<\/td>\n<\/tr>\n<\/tbody>\n<\/table>\n<\/div>\n","protected":false},"excerpt":{"rendered":"<p>ESTADO 9\/10 DirectStream\u00a0 DAC O DirectStream DAC \u00e9 nosso conversor D para A padr\u00e3o de refer\u00eancia.\u00a0\u00c9 diferente de qualquer DAC baseado em chip padr\u00e3o e recebeu in\u00fameros pr\u00eamios em todo o mundo. O DirectStream \u00e9 um dos DACS mais not\u00e1veis \u200b\u200bj\u00e1 constru\u00eddos, como concordam todos os principais revisores.\u00a0Convers\u00e3o escrita \u00e0 m\u00e3o, discreta e baseada na [&hellip;]<\/p>\n","protected":false},"featured_media":20762,"template":"","meta":{"_acf_changed":false},"product_brand":[],"product_cat":[43,41,54,142],"product_tag":[],"class_list":{"0":"post-2844","1":"product","2":"type-product","3":"status-publish","4":"has-post-thumbnail","6":"product_cat-dac","7":"product_cat-digital","8":"product_cat-ps-audio","9":"product_cat-streamers","11":"first","12":"instock","13":"sold-individually","14":"shipping-taxable","15":"purchasable","16":"product-type-simple"},"acf":[],"aioseo_notices":[],"_links":{"self":[{"href":"https:\/\/hificlub.com.br\/loja\/wp-json\/wp\/v2\/product\/2844","targetHints":{"allow":["GET"]}}],"collection":[{"href":"https:\/\/hificlub.com.br\/loja\/wp-json\/wp\/v2\/product"}],"about":[{"href":"https:\/\/hificlub.com.br\/loja\/wp-json\/wp\/v2\/types\/product"}],"wp:featuredmedia":[{"embeddable":true,"href":"https:\/\/hificlub.com.br\/loja\/wp-json\/wp\/v2\/media\/20762"}],"wp:attachment":[{"href":"https:\/\/hificlub.com.br\/loja\/wp-json\/wp\/v2\/media?parent=2844"}],"wp:term":[{"taxonomy":"product_brand","embeddable":true,"href":"https:\/\/hificlub.com.br\/loja\/wp-json\/wp\/v2\/product_brand?post=2844"},{"taxonomy":"product_cat","embeddable":true,"href":"https:\/\/hificlub.com.br\/loja\/wp-json\/wp\/v2\/product_cat?post=2844"},{"taxonomy":"product_tag","embeddable":true,"href":"https:\/\/hificlub.com.br\/loja\/wp-json\/wp\/v2\/product_tag?post=2844"}],"curies":[{"name":"wp","href":"https:\/\/api.w.org\/{rel}","templated":true}]}}