{"id":28378,"date":"2025-12-10T18:24:03","date_gmt":"2025-12-10T21:24:03","guid":{"rendered":"https:\/\/hificlub.com.br\/loja\/?post_type=product&#038;p=28378"},"modified":"2025-12-10T18:25:47","modified_gmt":"2025-12-10T21:25:47","slug":"dynaudio-contour-20i-caixa-bookshelf-com-pedestais-250-watts","status":"publish","type":"product","link":"https:\/\/hificlub.com.br\/loja\/produto\/dynaudio-contour-20i-caixa-bookshelf-com-pedestais-250-watts\/","title":{"rendered":"DYNAUDIO Contour 20i &#8211; Caixa Bookshelf com Pedestais, 250 Watts"},"content":{"rendered":"<div id=\"model-response-message-contentr_713092b37631f8c0\" class=\"markdown markdown-main-panel enable-updated-hr-color\" dir=\"ltr\" aria-live=\"polite\">\n<p data-path-to-node=\"0\">A caixa ac\u00fastica <strong>DYNAUDIO Contour 20i<\/strong> \u00e9 o modelo de suporte (standmount) ou bookshelf da linha Contour i, representando uma evolu\u00e7\u00e3o da cl\u00e1ssica s\u00e9rie Contour. Ela incorpora inova\u00e7\u00f5es de design e tecnologia da Dynaudio, buscando entregar um desempenho audi\u00f3filo de alta qualidade em um formato compacto.<\/p>\n<p><strong>Novo tweeter esotar 2i<\/strong><\/p>\n<p>A Contour 20i est\u00e1 equipada com o novo tweeter Esotar 2i, que \u00e9 uma vers\u00e3o aprimorada do famoso Esotar 2. Ele agora apresenta a c\u00e2mara interna Hexis, uma tecnologia derivada da linha Confidence. A c\u00e2mara Hexis \u00e9 uma c\u00fapula interna que otimiza o fluxo de ar, controlando as resson\u00e2ncias e suavizando a resposta de frequ\u00eancia, o que resulta em agudos mais doces, detalhados e livres de compress\u00e3o.<\/p>\n<p><strong>Woofer de nova gera\u00e7\u00e3o<\/strong><\/p>\n<p>O woofer de 18 cm (7 polegadas) da Contour 20i utiliza um cone MSP (Magnesium Silicate Polymer), material exclusivo da Dynaudio, reconhecido por sua combina\u00e7\u00e3o ideal de rigidez, leveza e amortecimento. O woofer foi redesenhado com um sistema de motor (bobina e \u00edm\u00e3) aprimorado para fornecer graves mais profundos, r\u00e1pidos e controlados. Ele tamb\u00e9m possui uma bobina de voz de alum\u00ednio, leve e grande, que proporciona maior controle sobre o movimento do cone.<\/p>\n<p><strong>Divisor de frequ\u00eancia (crossover) aprimorado<\/strong><\/p>\n<p>O divisor de frequ\u00eancia da Contour 20i \u00e9 novo e otimizado para trabalhar em perfeita sintonia com os novos drivers Esotar 2i e o woofer revisado. Os componentes internos s\u00e3o de alta qualidade e s\u00e3o utilizados para refinar a resposta de frequ\u00eancia, garantindo uma transi\u00e7\u00e3o suave entre o woofer e o tweeter, resultando em uma imagem sonora coesa e precisa.<\/p>\n<p><strong>Design do gabinete<\/strong><\/p>\n<p>O gabinete apresenta o distinto defletor frontal curvo de alum\u00ednio, que n\u00e3o s\u00f3 contribui para a est\u00e9tica moderna, mas tamb\u00e9m fornece uma plataforma extremamente r\u00edgida e inerte para os drivers. O gabinete em si \u00e9 altamente refor\u00e7ado e possui cantos arredondados, minimizando difra\u00e7\u00f5es e colora\u00e7\u00f5es sonoras. A porta bass-reflex traseira \u00e9 cuidadosamente ajustada para estender a resposta de baixa frequ\u00eancia.<\/p>\n<p data-path-to-node=\"5\">\n<\/div>\n","protected":false},"excerpt":{"rendered":"<p>A caixa ac\u00fastica DYNAUDIO Contour 20i \u00e9 o modelo de suporte (standmount) ou bookshelf da linha Contour i, representando uma evolu\u00e7\u00e3o da cl\u00e1ssica s\u00e9rie Contour. Ela incorpora inova\u00e7\u00f5es de design e tecnologia da Dynaudio, buscando entregar um desempenho audi\u00f3filo de alta qualidade em um formato compacto. Novo tweeter esotar 2i A Contour 20i est\u00e1 equipada [&hellip;]<\/p>\n","protected":false},"featured_media":28379,"template":"","meta":{"_acf_changed":false},"product_brand":[],"product_cat":[25,17,44],"product_tag":[],"class_list":{"0":"post-28378","1":"product","2":"type-product","3":"status-publish","4":"has-post-thumbnail","6":"product_cat-bookshelf","7":"product_cat-caixas","8":"product_cat-dynaudio","10":"first","11":"instock","12":"sold-individually","13":"shipping-taxable","14":"purchasable","15":"product-type-simple"},"acf":[],"aioseo_notices":[],"_links":{"self":[{"href":"https:\/\/hificlub.com.br\/loja\/wp-json\/wp\/v2\/product\/28378","targetHints":{"allow":["GET"]}}],"collection":[{"href":"https:\/\/hificlub.com.br\/loja\/wp-json\/wp\/v2\/product"}],"about":[{"href":"https:\/\/hificlub.com.br\/loja\/wp-json\/wp\/v2\/types\/product"}],"wp:featuredmedia":[{"embeddable":true,"href":"https:\/\/hificlub.com.br\/loja\/wp-json\/wp\/v2\/media\/28379"}],"wp:attachment":[{"href":"https:\/\/hificlub.com.br\/loja\/wp-json\/wp\/v2\/media?parent=28378"}],"wp:term":[{"taxonomy":"product_brand","embeddable":true,"href":"https:\/\/hificlub.com.br\/loja\/wp-json\/wp\/v2\/product_brand?post=28378"},{"taxonomy":"product_cat","embeddable":true,"href":"https:\/\/hificlub.com.br\/loja\/wp-json\/wp\/v2\/product_cat?post=28378"},{"taxonomy":"product_tag","embeddable":true,"href":"https:\/\/hificlub.com.br\/loja\/wp-json\/wp\/v2\/product_tag?post=28378"}],"curies":[{"name":"wp","href":"https:\/\/api.w.org\/{rel}","templated":true}]}}