{"id":28366,"date":"2025-12-10T11:15:07","date_gmt":"2025-12-10T14:15:07","guid":{"rendered":"https:\/\/hificlub.com.br\/loja\/?post_type=product&#038;p=28366"},"modified":"2025-12-11T06:35:36","modified_gmt":"2025-12-11T09:35:36","slug":"audioquest-kilimanjaro-cabo-de-caixa-biwire-24m","status":"publish","type":"product","link":"https:\/\/hificlub.com.br\/loja\/produto\/audioquest-kilimanjaro-cabo-de-caixa-biwire-24m\/","title":{"rendered":"AUDIOQUEST KILIMANJARO &#8211; Cabo de Caixa de Prata Biwire, 2,4m"},"content":{"rendered":"<div id=\"model-response-message-contentr_d5065838a72dcd2b\" class=\"markdown markdown-main-panel enable-updated-hr-color\" dir=\"ltr\" aria-live=\"polite\">\n<p data-path-to-node=\"0\">O cabo <strong>AUDIOQUEST Kilimanjaro<\/strong> \u00e9 um dos produtos de destaque na s\u00e9rie de cabos de alta fidelidade da AudioQuest, posicionado como um cabo de caixa ac\u00fastica (speaker cable) de refer\u00eancia. Ele integra diversas tecnologias propriet\u00e1rias da marca no tempo presente para garantir a m\u00ednima distor\u00e7\u00e3o e a m\u00e1xima fidelidade sonora.<\/p>\n<p><strong>Condutores de Prata S\u00f3lida com Superf\u00edcie Perfeita (PSS)<\/strong><\/p>\n<p>O Kilimanjaro utiliza condutores s\u00f3lidos de Prata de Superf\u00edcie Perfeita (PSS &#8211; Perfect-Surface Silver). Esta tecnologia de condutor aplica prata de extrema pureza e uma superf\u00edcie polida, minimizando a distor\u00e7\u00e3o causada pela intera\u00e7\u00e3o dos fios (strand interaction distortion), o que resulta em um som mais limpo, claro e din\u00e2mico. A constru\u00e7\u00e3o s\u00f3lida do condutor \u00e9 crucial para evitar a compress\u00e3o e o armazenamento de energia que os condutores multifilares causam.<\/p>\n<p><strong>Isolamento e Geometria<\/strong><\/p>\n<p>O Kilimanjaro emprega o isolamento em Polietileno Espumado (Foamed PE), que absorve significativamente menos energia do que outros materiais de isolamento comuns, como o PVC. A geometria do cabo \u00e9 otimizada para ser Bi-wire Simples (Single Biwire), o que significa que ele possui quatro grupos de condutores (dois positivos e dois negativos) dentro de uma \u00fanica capa, permitindo uma conex\u00e3o Bi-wire com um \u00fanico cabo para as caixas ac\u00fasticas que aceitam este tipo de liga\u00e7\u00e3o.<\/p>\n<p><strong>Conectores e Termina\u00e7\u00f5es<\/strong><\/p>\n<p>O cabo \u00e9 terminado com conectores de alta qualidade, como spades (terminais tipo forquilha) ou bananas, que muitas vezes apresentam revestimento de prata ou ouro. Estes s\u00e3o soldados a frio, um processo que garante uma conex\u00e3o superior e que n\u00e3o degrada o condutor pelo calor, mantendo a integridade do sinal.<\/p>\n<p data-path-to-node=\"5\">\n<\/div>\n","protected":false},"excerpt":{"rendered":"<p>O cabo AUDIOQUEST Kilimanjaro \u00e9 um dos produtos de destaque na s\u00e9rie de cabos de alta fidelidade da AudioQuest, posicionado como um cabo de caixa ac\u00fastica (speaker cable) de refer\u00eancia. Ele integra diversas tecnologias propriet\u00e1rias da marca no tempo presente para garantir a m\u00ednima distor\u00e7\u00e3o e a m\u00e1xima fidelidade sonora. Condutores de Prata S\u00f3lida com [&hellip;]<\/p>\n","protected":false},"featured_media":28371,"template":"","meta":{"_acf_changed":false},"product_brand":[],"product_cat":[68,61,62],"product_tag":[],"class_list":{"0":"post-28366","1":"product","2":"type-product","3":"status-publish","4":"has-post-thumbnail","6":"product_cat-audioquest","7":"product_cat-cabos","8":"product_cat-caixa","10":"first","11":"instock","12":"sold-individually","13":"shipping-taxable","14":"purchasable","15":"product-type-simple"},"acf":[],"aioseo_notices":[],"_links":{"self":[{"href":"https:\/\/hificlub.com.br\/loja\/wp-json\/wp\/v2\/product\/28366","targetHints":{"allow":["GET"]}}],"collection":[{"href":"https:\/\/hificlub.com.br\/loja\/wp-json\/wp\/v2\/product"}],"about":[{"href":"https:\/\/hificlub.com.br\/loja\/wp-json\/wp\/v2\/types\/product"}],"wp:featuredmedia":[{"embeddable":true,"href":"https:\/\/hificlub.com.br\/loja\/wp-json\/wp\/v2\/media\/28371"}],"wp:attachment":[{"href":"https:\/\/hificlub.com.br\/loja\/wp-json\/wp\/v2\/media?parent=28366"}],"wp:term":[{"taxonomy":"product_brand","embeddable":true,"href":"https:\/\/hificlub.com.br\/loja\/wp-json\/wp\/v2\/product_brand?post=28366"},{"taxonomy":"product_cat","embeddable":true,"href":"https:\/\/hificlub.com.br\/loja\/wp-json\/wp\/v2\/product_cat?post=28366"},{"taxonomy":"product_tag","embeddable":true,"href":"https:\/\/hificlub.com.br\/loja\/wp-json\/wp\/v2\/product_tag?post=28366"}],"curies":[{"name":"wp","href":"https:\/\/api.w.org\/{rel}","templated":true}]}}