{"id":28226,"date":"2025-12-03T10:36:00","date_gmt":"2025-12-03T13:36:00","guid":{"rendered":"https:\/\/hificlub.com.br\/loja\/?post_type=product&#038;p=28226"},"modified":"2025-12-03T10:47:12","modified_gmt":"2025-12-03T13:47:12","slug":"kef-reference-202-2c-caixa-central-200-watts-par","status":"publish","type":"product","link":"https:\/\/hificlub.com.br\/loja\/produto\/kef-reference-202-2c-caixa-central-200-watts-par\/","title":{"rendered":"KEF Reference 202\/2C &#8211; Caixa Central, 200 Watts, (par)"},"content":{"rendered":"<p>A<strong> KEF Reference 202\/2C<\/strong> \u00e9 a caixa ac\u00fastica de canal central projetada especificamente para ser usada em sistemas de home cinema de alta performance que utilizam as caixas da s\u00e9rie KEF Reference. Ela tem a fun\u00e7\u00e3o crucial de reproduzir a maior parte do di\u00e1logo e informa\u00e7\u00f5es cr\u00edticas do palco sonoro frontal.<\/p>\n<p><strong>Design e Configura\u00e7\u00e3o<\/strong><\/p>\n<p>Como um canal central, o 202\/2C possui um design horizontal e \u00e9 tipicamente posicionado sob a tela de proje\u00e7\u00e3o ou a televis\u00e3o. Ele utiliza uma configura\u00e7\u00e3o de tr\u00eas vias e reflexo de graves. O design \u00e9 otimizado para a inteligibilidade da voz, garantindo que os di\u00e1logos permane\u00e7am claros, articulados e ancorados no centro da tela, mesmo em cenas de a\u00e7\u00e3o complexas.<\/p>\n<p><strong>Tecnologia Uni-Q<\/strong><\/p>\n<p>O elemento central da 202\/2C \u00e9 a matriz de *drivers* **Uni-Q**, a mesma utilizada nos modelos de ch\u00e3o e monitor da s\u00e9rie Reference. O **tweeter de 19 mm** \u00e9 montado no centro do **driver de m\u00e9dias frequ\u00eancias de 165 mm**. Esta tecnologia de fonte de ponto \u00fanico \u00e9 vital para um canal central, pois garante a coer\u00eancia e a ampla dispers\u00e3o do som, permitindo que os di\u00e1logos soem naturais, mesmo para ouvintes sentados fora do eixo central.<\/p>\n<p><strong>Extens\u00e3o e *Drivers* de Graves<\/strong><\/p>\n<p>Para complementar o m\u00f3dulo Uni-Q e fornecer a extens\u00e3o din\u00e2mica necess\u00e1ria em filmes, o 202\/2C utiliza **dois *woofers* de 165 mm (6,5 polegadas)**. Estes *woofers* s\u00e3o montados simetricamente ao lado do conjunto Uni-Q, em uma configura\u00e7\u00e3o que oferece pot\u00eancia e autoridade. A inclus\u00e3o de *drivers* de graves dedicados permite que a caixa cubra uma ampla gama de frequ\u00eancias, desde os di\u00e1logos mais agudos at\u00e9 os efeitos sonoros de baixa frequ\u00eancia.<\/p>\n<p><strong>Integra\u00e7\u00e3o S\u00f4nica<\/strong><\/p>\n<p>A principal virtude do KEF Reference 202\/2C \u00e9 sua **correspond\u00eancia s\u00f4nica perfeita** (*timbre-matching*) com o resto das caixas Reference, como a 201\/2 e a 205\/2. Essa uniformidade tonal \u00e9 essencial para que os sons que se movem de um lado para o outro da tela (panor\u00e2mica) o fa\u00e7am de forma cont\u00ednua e sem mudan\u00e7as percept\u00edveis na qualidade do tom.<\/p>\n<p>A <strong>KEF Reference 202\/2C<\/strong> \u00e9 uma caixa de canal central de refer\u00eancia, constru\u00edda com engenharia de ponta para fornecer di\u00e1logos cristalinos, din\u00e2mica ampla e integra\u00e7\u00e3o tonal perfeita em um sistema de home cinema de alto n\u00edvel.<\/p>\n<p>&nbsp;<\/p>\n","protected":false},"excerpt":{"rendered":"<p>A KEF Reference 202\/2C \u00e9 a caixa ac\u00fastica de canal central projetada especificamente para ser usada em sistemas de home cinema de alta performance que utilizam as caixas da s\u00e9rie KEF Reference. Ela tem a fun\u00e7\u00e3o crucial de reproduzir a maior parte do di\u00e1logo e informa\u00e7\u00f5es cr\u00edticas do palco sonoro frontal. Design e Configura\u00e7\u00e3o Como [&hellip;]<\/p>\n","protected":false},"featured_media":28227,"template":"","meta":{"_acf_changed":false},"product_brand":[],"product_cat":[35,17],"product_tag":[],"class_list":{"0":"post-28226","1":"product","2":"type-product","3":"status-publish","4":"has-post-thumbnail","6":"product_cat-caixas-centrais","7":"product_cat-caixas","9":"first","10":"instock","11":"sold-individually","12":"shipping-taxable","13":"purchasable","14":"product-type-simple"},"acf":[],"aioseo_notices":[],"_links":{"self":[{"href":"https:\/\/hificlub.com.br\/loja\/wp-json\/wp\/v2\/product\/28226","targetHints":{"allow":["GET"]}}],"collection":[{"href":"https:\/\/hificlub.com.br\/loja\/wp-json\/wp\/v2\/product"}],"about":[{"href":"https:\/\/hificlub.com.br\/loja\/wp-json\/wp\/v2\/types\/product"}],"wp:featuredmedia":[{"embeddable":true,"href":"https:\/\/hificlub.com.br\/loja\/wp-json\/wp\/v2\/media\/28227"}],"wp:attachment":[{"href":"https:\/\/hificlub.com.br\/loja\/wp-json\/wp\/v2\/media?parent=28226"}],"wp:term":[{"taxonomy":"product_brand","embeddable":true,"href":"https:\/\/hificlub.com.br\/loja\/wp-json\/wp\/v2\/product_brand?post=28226"},{"taxonomy":"product_cat","embeddable":true,"href":"https:\/\/hificlub.com.br\/loja\/wp-json\/wp\/v2\/product_cat?post=28226"},{"taxonomy":"product_tag","embeddable":true,"href":"https:\/\/hificlub.com.br\/loja\/wp-json\/wp\/v2\/product_tag?post=28226"}],"curies":[{"name":"wp","href":"https:\/\/api.w.org\/{rel}","templated":true}]}}