{"id":28188,"date":"2025-12-02T17:07:39","date_gmt":"2025-12-02T20:07:39","guid":{"rendered":"https:\/\/hificlub.com.br\/loja\/?post_type=product&#038;p=28188"},"modified":"2026-03-03T22:14:58","modified_gmt":"2026-03-04T01:14:58","slug":"nordost-qrt-qk1-amplificador-de-linha-ca","status":"publish","type":"product","link":"https:\/\/hificlub.com.br\/loja\/produto\/nordost-qrt-qk1-amplificador-de-linha-ca\/","title":{"rendered":"NORDOST QRT QK1 &#8211; Cancelador de Ruido, Amplificador de Linha CA (Corrente Alternada)"},"content":{"rendered":"<div id=\"model-response-message-contentr_558feae9665355a8\" class=\"markdown markdown-main-panel enable-updated-hr-color\" dir=\"ltr\" aria-live=\"polite\">\n<p data-path-to-node=\"0\">O <strong>Nordost QRT Qk1<\/strong> \u00e9 um aprimorador de energia CA projetado para ser usado em conjunto com o Nordost Qv2 e outros produtos de condicionamento de energia da linha QRT. Assim como o Qv2, o Qk1 \u00e9 um dispositivo de campo em <i>shunt<\/i> (paralelo) que se conecta em qualquer tomada CA n\u00e3o utilizada no mesmo circuito que o equipamento de \u00e1udio ou v\u00eddeo.<\/p>\n<p data-path-to-node=\"1\"><strong>Princ\u00edpio de Funcionamento<\/strong><\/p>\n<p data-path-to-node=\"2\">Enquanto o Qv2 foca na resson\u00e2ncia de baixa frequ\u00eancia para combater o ru\u00eddo, o Qk1 atua de maneira complementar. O Qk1 emprega a tecnologia de Cancelamento de Ru\u00eddo de Linha (LNC), desenvolvida pela Nordost. Seu prop\u00f3sito \u00e9 criar um campo eletromagn\u00e9tico negativo (campo virtual de &#8220;terra&#8221; ou &#8220;terra virtual&#8221;) que reduz o ru\u00eddo de alta frequ\u00eancia presente na linha de energia CA. Este ru\u00eddo, muitas vezes gerado por fontes dom\u00e9sticas ou pela pr\u00f3pria rede el\u00e9trica, pode degradar significativamente a performance de componentes eletr\u00f4nicos sens\u00edveis.<\/p>\n<p data-path-to-node=\"3\"><strong>Efeitos no Sistema de \u00c1udio<\/strong><\/p>\n<p data-path-to-node=\"4\">Ao reduzir o ru\u00eddo da linha de energia, o Qk1 contribui para um fornecimento de energia mais limpo e est\u00e1vel para os componentes de \u00e1udio. Os resultados aud\u00edveis incluem uma melhora na clareza e no detalhe da m\u00fasica, uma extens\u00e3o da largura de banda efetiva e uma melhoria na precis\u00e3o e no <i>timing<\/i> dos transientes. Em ess\u00eancia, o ru\u00eddo reduzido permite que o sistema de \u00e1udio reproduza informa\u00e7\u00f5es de baixo n\u00edvel que, de outra forma, estariam mascaradas. Muitos audi\u00f3filos notam um &#8220;sil\u00eancio de fundo&#8221; mais profundo, o que real\u00e7a o contraste din\u00e2mico.<\/p>\n<p data-path-to-node=\"5\"><strong>Design e Uso<\/strong><\/p>\n<p data-path-to-node=\"6\">O Qk1 compartilha o design discreto e robusto com o Qv2, apresentando um corpo feito de <b>alum\u00ednio anodizado e blindado<\/b> e um plugue IEC de alta qualidade. Ele \u00e9 extremamente f\u00e1cil de usar: basta conect\u00e1-lo a uma tomada livre. A Nordost geralmente incentiva a experimenta\u00e7\u00e3o com a localiza\u00e7\u00e3o, sugerindo que o Qk1 pode ser particularmente eficaz quando conectado pr\u00f3ximo a componentes que consomem muita energia ou que s\u00e3o fontes de ru\u00eddo (como amplificadores de pot\u00eancia). O Qk1 \u00e9 frequentemente usado em conjunto com o Qv2 e o QBASE (um distribuidor de energia) para maximizar os benef\u00edcios da otimiza\u00e7\u00e3o de energia.<\/p>\n<p data-path-to-node=\"7\">O <strong>Nordost QRT Qk1<\/strong> \u00e9 uma ferramenta eficaz de redu\u00e7\u00e3o de ru\u00eddo que atua passivamente na linha de energia para melhorar a pureza do fornecimento el\u00e9trico, resultando em um som mais detalhado, claro e com melhor din\u00e2mica no sistema de \u00e1udio.<\/p>\n<p data-path-to-node=\"8\">\n<\/div>\n","protected":false},"excerpt":{"rendered":"<p>O Nordost QRT Qk1 \u00e9 um aprimorador de energia CA projetado para ser usado em conjunto com o Nordost Qv2 e outros produtos de condicionamento de energia da linha QRT. Assim como o Qv2, o Qk1 \u00e9 um dispositivo de campo em shunt (paralelo) que se conecta em qualquer tomada CA n\u00e3o utilizada no mesmo [&hellip;]<\/p>\n","protected":false},"featured_media":28189,"template":"","meta":{"_acf_changed":false},"product_brand":[],"product_cat":[89,106,118],"product_tag":[],"class_list":{"0":"post-28188","1":"product","2":"type-product","3":"status-publish","4":"has-post-thumbnail","6":"product_cat-acessorios","7":"product_cat-energia","8":"product_cat-nordost","10":"first","11":"instock","12":"sold-individually","13":"shipping-taxable","14":"purchasable","15":"product-type-simple"},"acf":[],"aioseo_notices":[],"_links":{"self":[{"href":"https:\/\/hificlub.com.br\/loja\/wp-json\/wp\/v2\/product\/28188","targetHints":{"allow":["GET"]}}],"collection":[{"href":"https:\/\/hificlub.com.br\/loja\/wp-json\/wp\/v2\/product"}],"about":[{"href":"https:\/\/hificlub.com.br\/loja\/wp-json\/wp\/v2\/types\/product"}],"wp:featuredmedia":[{"embeddable":true,"href":"https:\/\/hificlub.com.br\/loja\/wp-json\/wp\/v2\/media\/28189"}],"wp:attachment":[{"href":"https:\/\/hificlub.com.br\/loja\/wp-json\/wp\/v2\/media?parent=28188"}],"wp:term":[{"taxonomy":"product_brand","embeddable":true,"href":"https:\/\/hificlub.com.br\/loja\/wp-json\/wp\/v2\/product_brand?post=28188"},{"taxonomy":"product_cat","embeddable":true,"href":"https:\/\/hificlub.com.br\/loja\/wp-json\/wp\/v2\/product_cat?post=28188"},{"taxonomy":"product_tag","embeddable":true,"href":"https:\/\/hificlub.com.br\/loja\/wp-json\/wp\/v2\/product_tag?post=28188"}],"curies":[{"name":"wp","href":"https:\/\/api.w.org\/{rel}","templated":true}]}}