{"id":28183,"date":"2025-12-02T11:09:29","date_gmt":"2025-12-02T14:09:29","guid":{"rendered":"https:\/\/hificlub.com.br\/loja\/?post_type=product&#038;p=28183"},"modified":"2026-03-20T16:27:40","modified_gmt":"2026-03-20T19:27:40","slug":"nordost-qv2-harmonizador-de-linha-ca","status":"publish","type":"product","link":"https:\/\/hificlub.com.br\/loja\/produto\/nordost-qv2-harmonizador-de-linha-ca\/","title":{"rendered":"NORDOST Qv2 &#8211; Harmonizador, Redutor de Ru\u00eddo e de Distor\u00e7\u00f5es Harm\u00f4nicas de Linha CA (Corrente Alternada)"},"content":{"rendered":"<div id=\"model-response-message-contentr_a67c12312693d8e3\" class=\"markdown markdown-main-panel enable-updated-hr-color\" dir=\"ltr\" aria-live=\"polite\">\n<p data-path-to-node=\"0\">O <strong>Nordost Qv2<\/strong> \u00e9 um dispositivo de aprimoramento de energia CA que opera como um <b>ressonador de campo em <i>shunt<\/i><\/b>. Sua fun\u00e7\u00e3o principal \u00e9 ser plugado em qualquer tomada CA n\u00e3o utilizada no mesmo circuito do seu equipamento de \u00e1udio ou v\u00eddeo, atuando em paralelo (shunt) com a corrente que alimenta o sistema. Ele n\u00e3o \u00e9 um filtro tradicional nem um condicionador de energia, mas sim um otimizador de qualidade de linha.<\/p>\n<p data-path-to-node=\"1\"><strong>Princ\u00edpio de Funcionamento<\/strong><\/p>\n<p data-path-to-node=\"2\">O Qv2 trabalha introduzindo no circuito uma resson\u00e2ncia de baixa frequ\u00eancia e baixa amplitude. Este dispositivo cont\u00e9m um oscilador de forma de onda propriet\u00e1rio da Nordost. Ao injetar essa resson\u00e2ncia, o Qv2 tem o objetivo de combater e reduzir o ru\u00eddo eletromagn\u00e9tico de alta frequ\u00eancia e outras distor\u00e7\u00f5es harm\u00f4nicas que viajam pela linha de energia CA. A teoria por tr\u00e1s disso \u00e9 que, ao &#8220;estabilizar&#8221; o campo eletromagn\u00e9tico da corrente, ele permite que o equipamento conectado funcione de forma mais eficaz e com menos interfer\u00eancia.<\/p>\n<p data-path-to-node=\"3\"><strong>Efeitos no Sistema de \u00c1udio<\/strong><\/p>\n<p data-path-to-node=\"4\">Os usu\u00e1rios e a Nordost afirmam que o uso do Qv2 resulta em melhorias not\u00e1veis na performance do sistema. Essas melhorias incluem um <b>palco sonoro mais profundo e tridimensional<\/b>, maior foco e clareza nos instrumentos e vocais, e uma <b>redu\u00e7\u00e3o no ru\u00eddo de fundo percebido<\/b> (blackness). O resultado \u00e9 uma apresenta\u00e7\u00e3o musical mais din\u00e2mica, detalhada e realista. Para sistemas de v\u00eddeo, o Qv2 tamb\u00e9m \u00e9 creditado por melhorar a satura\u00e7\u00e3o de cores e a defini\u00e7\u00e3o da imagem.<\/p>\n<p data-path-to-node=\"5\"><strong>Design e Uso<\/strong><\/p>\n<p data-path-to-node=\"6\">O Qv2 apresenta um design discreto e elegante, com seu corpo feito de <b>alum\u00ednio anodizado e blindado<\/b> que ajuda a proteger os componentes internos de interfer\u00eancias externas. O dispositivo possui um plugue IEC de alta qualidade, pronto para ser inserido em uma tomada de parede, r\u00e9gua de energia ou condicionador de energia que possua uma porta dispon\u00edvel. Para sistemas maiores, a Nordost frequentemente recomenda o uso de m\u00faltiplos Qv2s, e tamb\u00e9m sua combina\u00e7\u00e3o com o <b>Nordost Qk1<\/b>, outro dispositivo da linha QRT que atua na energia.<\/p>\n<p data-path-to-node=\"7\">O <strong>Nordost Qv2<\/strong> \u00e9 uma ferramenta de otimiza\u00e7\u00e3o de energia que busca refinar a qualidade da eletricidade que alimenta os componentes de \u00e1udio, resultando em uma melhoria aud\u00edvel e vis\u00edvel no desempenho geral do sistema.<\/p>\n<p data-path-to-node=\"8\">\n<\/div>\n","protected":false},"excerpt":{"rendered":"<p>O Nordost Qv2 \u00e9 um dispositivo de aprimoramento de energia CA que opera como um ressonador de campo em shunt. Sua fun\u00e7\u00e3o principal \u00e9 ser plugado em qualquer tomada CA n\u00e3o utilizada no mesmo circuito do seu equipamento de \u00e1udio ou v\u00eddeo, atuando em paralelo (shunt) com a corrente que alimenta o sistema. Ele n\u00e3o [&hellip;]<\/p>\n","protected":false},"featured_media":28184,"template":"","meta":{"_acf_changed":false},"product_brand":[],"product_cat":[89,106,118,130],"product_tag":[],"class_list":{"0":"post-28183","1":"product","2":"type-product","3":"status-publish","4":"has-post-thumbnail","6":"product_cat-acessorios","7":"product_cat-energia","8":"product_cat-nordost","9":"product_cat-outros-acessorios","11":"first","12":"outofstock","13":"sold-individually","14":"shipping-taxable","15":"purchasable","16":"product-type-simple"},"acf":[],"aioseo_notices":[],"_links":{"self":[{"href":"https:\/\/hificlub.com.br\/loja\/wp-json\/wp\/v2\/product\/28183","targetHints":{"allow":["GET"]}}],"collection":[{"href":"https:\/\/hificlub.com.br\/loja\/wp-json\/wp\/v2\/product"}],"about":[{"href":"https:\/\/hificlub.com.br\/loja\/wp-json\/wp\/v2\/types\/product"}],"wp:featuredmedia":[{"embeddable":true,"href":"https:\/\/hificlub.com.br\/loja\/wp-json\/wp\/v2\/media\/28184"}],"wp:attachment":[{"href":"https:\/\/hificlub.com.br\/loja\/wp-json\/wp\/v2\/media?parent=28183"}],"wp:term":[{"taxonomy":"product_brand","embeddable":true,"href":"https:\/\/hificlub.com.br\/loja\/wp-json\/wp\/v2\/product_brand?post=28183"},{"taxonomy":"product_cat","embeddable":true,"href":"https:\/\/hificlub.com.br\/loja\/wp-json\/wp\/v2\/product_cat?post=28183"},{"taxonomy":"product_tag","embeddable":true,"href":"https:\/\/hificlub.com.br\/loja\/wp-json\/wp\/v2\/product_tag?post=28183"}],"curies":[{"name":"wp","href":"https:\/\/api.w.org\/{rel}","templated":true}]}}