{"id":28170,"date":"2025-12-02T10:39:10","date_gmt":"2025-12-02T13:39:10","guid":{"rendered":"https:\/\/hificlub.com.br\/loja\/?post_type=product&#038;p=28170"},"modified":"2026-03-03T22:14:58","modified_gmt":"2026-03-04T01:14:58","slug":"magnetar-udp900-blu-ray-player-4k-magnetar-dolby-atmos-dtsx-dolby-truehd-dts-hd-dolby-vision-hdr10-bivolt","status":"publish","type":"product","link":"https:\/\/hificlub.com.br\/loja\/produto\/magnetar-udp900-blu-ray-player-4k-magnetar-dolby-atmos-dtsx-dolby-truehd-dts-hd-dolby-vision-hdr10-bivolt\/","title":{"rendered":"MAGNETAR UDP900 &#8211; Bluray Player 4K HDR10+ , DVD, CD, SACD,  Bivolt"},"content":{"rendered":"<div id=\"model-response-message-contentr_550feedf6d3e74a8\" class=\"markdown markdown-main-panel enable-updated-hr-color\" dir=\"ltr\" aria-live=\"polite\">\n<p data-path-to-node=\"0\">O <strong>Magnetar UDP900<\/strong> \u00e9 um leitor universal de discos Blu-ray de alta fidelidade que se posiciona como um dos melhores do mercado, atendendo aos audi\u00f3filos e entusiastas de home cinema mais exigentes.<\/p>\n<p data-path-to-node=\"2\">O UDP900 possui uma constru\u00e7\u00e3o robusta e sofisticada, com um chassi de liga de alum\u00ednio de camada dupla que minimiza vibra\u00e7\u00f5es e interfer\u00eancias eletromagn\u00e9ticas, garantindo uma reprodu\u00e7\u00e3o de sinal pura. Seu peso e acabamento refletem sua qualidade premium.<\/p>\n<p data-path-to-node=\"3\"><strong>Compatibilidade de Discos<\/strong><\/p>\n<p data-path-to-node=\"4\">Este leitor \u00e9 verdadeiramente universal, suportando uma ampla gama de formatos de disco. Ele reproduz <b>Blu-ray 4K UHD<\/b>, <b>Blu-ray<\/b>, <b>Blu-ray 3D<\/b>, <b>DVD-Video<\/b>, <b>DVD-Audio<\/b>, <b>SACD<\/b> (Super Audio CD), e <b>CDs<\/b> de \u00e1udio padr\u00e3o, incluindo formatos como HRx e DSD. Essa versatilidade o torna um hub central para qualquer cole\u00e7\u00e3o de m\u00eddia f\u00edsica.<\/p>\n<p data-path-to-node=\"5\"><strong>Processamento de V\u00eddeo e \u00c1udio<\/strong><\/p>\n<p data-path-to-node=\"6\">O cora\u00e7\u00e3o do processamento de v\u00eddeo \u00e9 um chipset de alto desempenho que garante uma qualidade de imagem excepcional. O leitor suporta <b>Dolby Vision<\/b> e <b>HDR10+<\/b>, os principais padr\u00f5es de High Dynamic Range, oferecendo cores vibrantes, contraste profundo e detalhes finos em cenas claras e escuras.<\/p>\n<p data-path-to-node=\"7\">Para o \u00e1udio, o UDP900 \u00e9 equipado com <b>conversores digital-anal\u00f3gico (DACs) de n\u00edvel audi\u00f3filo<\/b> que se dedicam a fornecer a mais alta fidelidade. Ele processa formatos de \u00e1udio de alta resolu\u00e7\u00e3o como <b>Dolby Atmos<\/b> e <b>DTS:X<\/b>, garantindo uma experi\u00eancia sonora imersiva e multidimensional.<\/p>\n<p data-path-to-node=\"8\"><strong>Conectividade<\/strong><\/p>\n<p data-path-to-node=\"9\">O leitor oferece uma variedade abrangente de op\u00e7\u00f5es de conectividade para se integrar perfeitamente a qualquer sistema de entretenimento de ponta. Ele geralmente inclui <b>sa\u00eddas HDMI duplas<\/b>, permitindo separar o caminho do \u00e1udio e do v\u00eddeo para reduzir a interfer\u00eancia e maximizar a qualidade em ambos os aspectos. Al\u00e9m disso, conta com <b>sa\u00eddas de \u00e1udio anal\u00f3gicas balanceadas (XLR)<\/b> e <b>n\u00e3o balanceadas (RCA)<\/b>, essenciais para conectar a pr\u00e9-amplificadores est\u00e9reo ou amplificadores de pot\u00eancia de alta fidelidade, al\u00e9m das sa\u00eddas digitais \u00f3pticas e coaxiais.<\/p>\n<p data-path-to-node=\"10\"><strong>Funcionalidade de Rede e Multim\u00eddi<\/strong>a<\/p>\n<p data-path-to-node=\"11\">O UDP900 tamb\u00e9m funciona como um player de multim\u00eddia de rede. Ele permite a reprodu\u00e7\u00e3o de arquivos de \u00e1udio e v\u00eddeo de alta resolu\u00e7\u00e3o armazenados em dispositivos de armazenamento USB ou de rede (como NAS &#8211; Network Attached Storage), suportando os formatos de arquivo mais recentes e de alta qualidade.<\/p>\n<p data-path-to-node=\"13\">O <strong>Magnetar UDP900<\/strong> \u00e9 um aparelho de ponta que representa o auge da reprodu\u00e7\u00e3o de m\u00eddia f\u00edsica. Seu foco na qualidade de constru\u00e7\u00e3o, processamento de sinal impec\u00e1vel e compatibilidade universal o consolidam como uma escolha de refer\u00eancia para quem busca a melhor experi\u00eancia de v\u00eddeo e \u00e1udio em um \u00fanico componente.<\/p>\n<p data-path-to-node=\"14\">\n<\/div>\n","protected":false},"excerpt":{"rendered":"<p>O Magnetar UDP900 \u00e9 um leitor universal de discos Blu-ray de alta fidelidade que se posiciona como um dos melhores do mercado, atendendo aos audi\u00f3filos e entusiastas de home cinema mais exigentes. O UDP900 possui uma constru\u00e7\u00e3o robusta e sofisticada, com um chassi de liga de alum\u00ednio de camada dupla que minimiza vibra\u00e7\u00f5es e interfer\u00eancias [&hellip;]<\/p>\n","protected":false},"featured_media":28172,"template":"","meta":{"_acf_changed":false},"product_brand":[],"product_cat":[42,41,21,346,101],"product_tag":[],"class_list":{"0":"post-28170","1":"product","2":"type-product","3":"status-publish","4":"has-post-thumbnail","6":"product_cat-cd-players","7":"product_cat-digital","8":"product_cat-home-theater","9":"product_cat-magnetar","10":"product_cat-players-dvd-blu-ray","12":"first","13":"instock","14":"sold-individually","15":"shipping-taxable","16":"purchasable","17":"product-type-simple"},"acf":[],"aioseo_notices":[],"_links":{"self":[{"href":"https:\/\/hificlub.com.br\/loja\/wp-json\/wp\/v2\/product\/28170","targetHints":{"allow":["GET"]}}],"collection":[{"href":"https:\/\/hificlub.com.br\/loja\/wp-json\/wp\/v2\/product"}],"about":[{"href":"https:\/\/hificlub.com.br\/loja\/wp-json\/wp\/v2\/types\/product"}],"wp:featuredmedia":[{"embeddable":true,"href":"https:\/\/hificlub.com.br\/loja\/wp-json\/wp\/v2\/media\/28172"}],"wp:attachment":[{"href":"https:\/\/hificlub.com.br\/loja\/wp-json\/wp\/v2\/media?parent=28170"}],"wp:term":[{"taxonomy":"product_brand","embeddable":true,"href":"https:\/\/hificlub.com.br\/loja\/wp-json\/wp\/v2\/product_brand?post=28170"},{"taxonomy":"product_cat","embeddable":true,"href":"https:\/\/hificlub.com.br\/loja\/wp-json\/wp\/v2\/product_cat?post=28170"},{"taxonomy":"product_tag","embeddable":true,"href":"https:\/\/hificlub.com.br\/loja\/wp-json\/wp\/v2\/product_tag?post=28170"}],"curies":[{"name":"wp","href":"https:\/\/api.w.org\/{rel}","templated":true}]}}