{"id":28128,"date":"2025-12-01T12:01:30","date_gmt":"2025-12-01T15:01:30","guid":{"rendered":"https:\/\/hificlub.com.br\/loja\/?post_type=product&#038;p=28128"},"modified":"2025-12-01T12:03:28","modified_gmt":"2025-12-01T15:03:28","slug":"sonos-connect-streamer-de-audio-em-rede-wi-fi-spotify-apple-music-tidal","status":"publish","type":"product","link":"https:\/\/hificlub.com.br\/loja\/produto\/sonos-connect-streamer-de-audio-em-rede-wi-fi-spotify-apple-music-tidal\/","title":{"rendered":"SONOS Connect &#8211; Streamer de \u00c1udio em Rede, Wi-Fi, Spotify, Apple Music, Tidal"},"content":{"rendered":"<div id=\"model-response-message-contentr_7575d0158e00eea3\" class=\"markdown markdown-main-panel enable-updated-hr-color\" dir=\"ltr\" aria-live=\"polite\">\n<p data-path-to-node=\"0\">O <strong>Sonos Connect<\/strong> \u00e9 um <i>streamer<\/i> de \u00e1udio em rede que serve como ponte entre o ecossistema de \u00e1udio multiambiente da Sonos e os sistemas de som tradicionais. Ele permite que recetores, amplificadores ou colunas ativos que n\u00e3o s\u00e3o &#8220;inteligentes&#8221; se juntem \u00e0 rede Sonos, permitindo-lhes transmitir m\u00fasica digital e fazer parte de um sistema multiambiente sincronizado.<\/p>\n<p data-path-to-node=\"1\"><strong>Funcionalidade e Integra\u00e7\u00e3o<\/strong><\/p>\n<p data-path-to-node=\"2\">O dispositivo \u00e9 projetado para ser discreto e simples de usar, com a principal funcionalidade de converter sinais digitais recebidos via rede Sonos em sinais anal\u00f3gicos e digitais compat\u00edveis com equipamentos de \u00e1udio existentes. Ele \u00e9 controlado inteiramente atrav\u00e9s da aplica\u00e7\u00e3o Sonos, que unifica servi\u00e7os de <i>streaming<\/i>, r\u00e1dio pela internet e bibliotecas de m\u00fasica armazenadas localmente. O Connect (que foi sucedido pelo modelo Sonos Port, mantendo uma funcionalidade similar) permite acesso a servi\u00e7os populares como Spotify, Apple Music, Deezer e muitos outros.<\/p>\n<p data-path-to-node=\"3\"><strong>Conectividade de \u00c1udio<\/strong><\/p>\n<p data-path-to-node=\"4\">O Sonos Connect oferece diversas op\u00e7\u00f5es de conectividade para integrar-se a um sistema de \u00e1udio. Para a sa\u00edda, ele possui sa\u00eddas anal\u00f3gicas RCA est\u00e9reo, permitindo a conex\u00e3o a amplificadores e recetores. Para quem busca uma qualidade de \u00e1udio digital, ele tamb\u00e9m inclui sa\u00eddas digitais \u00f3tica (Toslink) e coaxial, possibilitando a conex\u00e3o a um DAC ou a um recetor com um DAC superior. Al\u00e9m disso, o Connect possui uma entrada de linha anal\u00f3gica RCA, que permite que fontes de \u00e1udio externas, como um gira-discos ou um leitor de CD, sejam conectadas ao ecossistema Sonos. Isso significa que a m\u00fasica desta fonte externa pode ser transmitida para qualquer outra coluna Sonos na casa.<\/p>\n<p data-path-to-node=\"5\"><strong>Rede e Multiambiente<\/strong><\/p>\n<p data-path-to-node=\"6\">Em termos de rede, o <strong>Sonos Connect<\/strong> utiliza Wi-Fi de 2.4 GHz e inclui duas portas Ethernet 10\/100 Mbps. Essas portas n\u00e3o apenas conectam o dispositivo \u00e0 rede, mas tamb\u00e9m permitem que o Connect funcione como uma ponte de rede, estendendo a conex\u00e3o a outro dispositivo pr\u00f3ximo. A caracter\u00edstica central \u00e9 a sua integra\u00e7\u00e3o com o sistema multiambiente da Sonos, onde o dispositivo garante que o \u00e1udio seja reproduzido em perfeita sincronia com outras colunas Sonos, criando uma experi\u00eancia de \u00e1udio coesa em toda a casa.<\/p>\n<p data-path-to-node=\"7\">\n<\/div>\n","protected":false},"excerpt":{"rendered":"<p>O Sonos Connect \u00e9 um streamer de \u00e1udio em rede que serve como ponte entre o ecossistema de \u00e1udio multiambiente da Sonos e os sistemas de som tradicionais. Ele permite que recetores, amplificadores ou colunas ativos que n\u00e3o s\u00e3o &#8220;inteligentes&#8221; se juntem \u00e0 rede Sonos, permitindo-lhes transmitir m\u00fasica digital e fazer parte de um sistema [&hellip;]<\/p>\n","protected":false},"featured_media":28129,"template":"","meta":{"_acf_changed":false},"product_brand":[],"product_cat":[41,253,142],"product_tag":[],"class_list":{"0":"post-28128","1":"product","2":"type-product","3":"status-publish","4":"has-post-thumbnail","6":"product_cat-digital","7":"product_cat-sonos","8":"product_cat-streamers","10":"first","11":"instock","12":"sold-individually","13":"shipping-taxable","14":"purchasable","15":"product-type-simple"},"acf":[],"aioseo_notices":[],"_links":{"self":[{"href":"https:\/\/hificlub.com.br\/loja\/wp-json\/wp\/v2\/product\/28128","targetHints":{"allow":["GET"]}}],"collection":[{"href":"https:\/\/hificlub.com.br\/loja\/wp-json\/wp\/v2\/product"}],"about":[{"href":"https:\/\/hificlub.com.br\/loja\/wp-json\/wp\/v2\/types\/product"}],"wp:featuredmedia":[{"embeddable":true,"href":"https:\/\/hificlub.com.br\/loja\/wp-json\/wp\/v2\/media\/28129"}],"wp:attachment":[{"href":"https:\/\/hificlub.com.br\/loja\/wp-json\/wp\/v2\/media?parent=28128"}],"wp:term":[{"taxonomy":"product_brand","embeddable":true,"href":"https:\/\/hificlub.com.br\/loja\/wp-json\/wp\/v2\/product_brand?post=28128"},{"taxonomy":"product_cat","embeddable":true,"href":"https:\/\/hificlub.com.br\/loja\/wp-json\/wp\/v2\/product_cat?post=28128"},{"taxonomy":"product_tag","embeddable":true,"href":"https:\/\/hificlub.com.br\/loja\/wp-json\/wp\/v2\/product_tag?post=28128"}],"curies":[{"name":"wp","href":"https:\/\/api.w.org\/{rel}","templated":true}]}}