{"id":28095,"date":"2025-11-30T21:02:29","date_gmt":"2025-12-01T00:02:29","guid":{"rendered":"https:\/\/hificlub.com.br\/loja\/?post_type=product&#038;p=28095"},"modified":"2026-03-03T22:14:59","modified_gmt":"2026-03-04T01:14:59","slug":"esoteric-n-01xd-se-network-streamer-e-dac-conversor-digital-analogico","status":"publish","type":"product","link":"https:\/\/hificlub.com.br\/loja\/produto\/esoteric-n-01xd-se-network-streamer-e-dac-conversor-digital-analogico\/","title":{"rendered":"ESOTERIC N-01XD SE &#8211; Network Streamer e DAC (Conversor Digital-Anal\u00f3gico)"},"content":{"rendered":"<div id=\"model-response-message-contentr_69fdf4ad3284e71e\" class=\"markdown markdown-main-panel enable-updated-hr-color\" dir=\"ltr\" aria-live=\"polite\">\n<p data-path-to-node=\"0\">O <strong>ESOTERIC N-01XD SE<\/strong> \u00e9 um <b>Network Streamer<\/b> e <b>DAC<\/b> (Digital-to-Analog Converter) de refer\u00eancia, atuando como o centro de um sistema de \u00e1udio digital de alta fidelidade. Ele \u00e9 a vers\u00e3o Special Edition (SE) do modelo N-01XD.<\/p>\n<p data-path-to-node=\"1\"><strong>Caracter\u00edsticas e Design<\/strong><\/p>\n<p data-path-to-node=\"2\">O N-01XD SE utiliza o <b>Esoteric Master Sound Discrete DAC<\/b>, um circuito de convers\u00e3o D\/A que \u00e9 constru\u00eddo com componentes discretos (transistores, resistores, capacitores) montados em um layout exclusivo, diferente dos chips DAC integrados convencionais. Este design \u00e9 otimizado para reproduzir a musicalidade e a energia do \u00e1udio original.<\/p>\n<p data-path-to-node=\"3\">A se\u00e7\u00e3o de streaming suporta uma vasta gama de formatos de arquivo de \u00e1udio digital, incluindo <b>PCM<\/b> de alta resolu\u00e7\u00e3o e formatos <b>DSD<\/b> de alt\u00edssima taxa (at\u00e9 22,5 MHz). O streamer \u00e9 compat\u00edvel com servi\u00e7os de m\u00fasica online como TIDAL e Qobuz, e permite a reprodu\u00e7\u00e3o de arquivos a partir de servidores de rede (NAS) e unidades USB.<\/p>\n<p data-path-to-node=\"4\"><strong>Conectividade e Clocking<\/strong><\/p>\n<p data-path-to-node=\"5\">Para garantir a m\u00e1xima precis\u00e3o do sinal de \u00e1udio, o N-01XD SE incorpora uma <b>Entrada de Clock Externa BNC<\/b>. O dispositivo pode ser sincronizado com um gerador de clock mestre de alta precis\u00e3o (como o Esoteric Grandioso G1X) , o que minimiza o <i>jitter<\/i> e aprimora drasticamente a qualidade sonora.<\/p>\n<p data-path-to-node=\"6\">Ele est\u00e1 equipado com as <b>sa\u00eddas de \u00e1udio anal\u00f3gicas<\/b> balanceadas (XLR\/ESL-A) e n\u00e3o balanceadas (RCA). O N-01XD SE tamb\u00e9m utiliza o sistema de transmiss\u00e3o de sinal propriet\u00e1rio <b>ES-LINK Analog<\/b> para se conectar a amplificadores compat\u00edveis, garantindo a integridade do sinal em alta corrente. A conectividade de rede \u00e9 robusta, incluindo portas <b>Ethernet (LAN)<\/b> e <b>SFP<\/b> para conex\u00e3o de fibra \u00f3ptica, isolando o \u00e1udio do ru\u00eddo el\u00e9trico da rede.<\/p>\n<p data-path-to-node=\"7\"><strong>Qualidade de Constru\u00e7\u00e3o<\/strong><\/p>\n<p data-path-to-node=\"8\">A qualidade de constru\u00e7\u00e3o do chassi \u00e9 extremamente r\u00edgida e pesada, t\u00edpica dos equipamentos Esoteric. Este design antivibrat\u00f3rio minimiza as resson\u00e2ncias e protege os circuitos sens\u00edveis de convers\u00e3o D\/A e de clock. O dispositivo usa <b>m\u00faltiplas fontes de alimenta\u00e7\u00e3o<\/b> independentes e lineares para isolar digital, clock e se\u00e7\u00f5es anal\u00f3gicas, garantindo um fornecimento de energia limpo e est\u00e1vel.<\/p>\n<p data-path-to-node=\"9\">O <b>ESOTERIC N-01XD SE<\/b> \u00e9, portanto, um streamer de rede de ponta que integra tecnologia DAC discreta e op\u00e7\u00f5es de sincroniza\u00e7\u00e3o de clock mestre, sendo uma pe\u00e7a central que busca a reprodu\u00e7\u00e3o de \u00e1udio digital com a mais alta fidelidade poss\u00edvel.<\/p>\n<\/div>\n","protected":false},"excerpt":{"rendered":"<p>O ESOTERIC N-01XD SE \u00e9 um Network Streamer e DAC (Digital-to-Analog Converter) de refer\u00eancia, atuando como o centro de um sistema de \u00e1udio digital de alta fidelidade. Ele \u00e9 a vers\u00e3o Special Edition (SE) do modelo N-01XD. Caracter\u00edsticas e Design O N-01XD SE utiliza o Esoteric Master Sound Discrete DAC, um circuito de convers\u00e3o D\/A [&hellip;]<\/p>\n","protected":false},"featured_media":28096,"template":"","meta":{"_acf_changed":false},"product_brand":[],"product_cat":[43,41,142],"product_tag":[],"class_list":{"0":"post-28095","1":"product","2":"type-product","3":"status-publish","4":"has-post-thumbnail","6":"product_cat-dac","7":"product_cat-digital","8":"product_cat-streamers","10":"first","11":"instock","12":"sold-individually","13":"shipping-taxable","14":"product-type-simple"},"acf":[],"aioseo_notices":[],"_links":{"self":[{"href":"https:\/\/hificlub.com.br\/loja\/wp-json\/wp\/v2\/product\/28095","targetHints":{"allow":["GET"]}}],"collection":[{"href":"https:\/\/hificlub.com.br\/loja\/wp-json\/wp\/v2\/product"}],"about":[{"href":"https:\/\/hificlub.com.br\/loja\/wp-json\/wp\/v2\/types\/product"}],"wp:featuredmedia":[{"embeddable":true,"href":"https:\/\/hificlub.com.br\/loja\/wp-json\/wp\/v2\/media\/28096"}],"wp:attachment":[{"href":"https:\/\/hificlub.com.br\/loja\/wp-json\/wp\/v2\/media?parent=28095"}],"wp:term":[{"taxonomy":"product_brand","embeddable":true,"href":"https:\/\/hificlub.com.br\/loja\/wp-json\/wp\/v2\/product_brand?post=28095"},{"taxonomy":"product_cat","embeddable":true,"href":"https:\/\/hificlub.com.br\/loja\/wp-json\/wp\/v2\/product_cat?post=28095"},{"taxonomy":"product_tag","embeddable":true,"href":"https:\/\/hificlub.com.br\/loja\/wp-json\/wp\/v2\/product_tag?post=28095"}],"curies":[{"name":"wp","href":"https:\/\/api.w.org\/{rel}","templated":true}]}}