{"id":28088,"date":"2025-11-30T18:29:22","date_gmt":"2025-11-30T21:29:22","guid":{"rendered":"https:\/\/hificlub.com.br\/loja\/?post_type=product&#038;p=28088"},"modified":"2026-03-03T22:14:59","modified_gmt":"2026-03-04T01:14:59","slug":"esoteric-k-03xd-se-super-audio-cd-sacd-cd-player-cd-r-e-cd-rw-dac","status":"publish","type":"product","link":"https:\/\/hificlub.com.br\/loja\/produto\/esoteric-k-03xd-se-super-audio-cd-sacd-cd-player-cd-r-e-cd-rw-dac\/","title":{"rendered":"ESOTERIC K-03XD SE &#8211; Super Audio CD (SACD), CD Player (CD-R e CD-RW), DAC"},"content":{"rendered":"<p><span dir=\"auto\">Mecanismo de transporte SACD VRDS-ATLAS + DAC discreto Master Sound. <\/span><span dir=\"auto\">O K-03XD evoluiu para o mais recente modelo SE com qualidade de som avan\u00e7ada.<\/span><\/p>\n<p><span dir=\"auto\">Desde sua funda\u00e7\u00e3o em 1987, a Esoteric tem estado na vanguarda da inova\u00e7\u00e3o como uma marca de \u00e1udio de alta fidelidade do Jap\u00e3o, continuamente expandindo os limites da reprodu\u00e7\u00e3o sonora de alta qualidade. A marca Esoteric \u00e9 conhecida por sua excepcional engenharia ac\u00fastica, que sustenta sua reputa\u00e7\u00e3o e prest\u00edgio, por seus investimentos maci\u00e7os sem levar em conta os custos, por seu acabamento de &#8220;qualidade de museu&#8221; e por seus belos designs dignos da reprodu\u00e7\u00e3o musical.<\/span><\/p>\n<p><span dir=\"auto\">A Esoteric trouxe diversas inova\u00e7\u00f5es originais para o mundo do \u00e1udio de alta fidelidade, incluindo o lend\u00e1rio mecanismo de transporte de Super Audio CD VRDS-ATLAS, o DAC Master Sound Discrete e o Master Sound Discrete Clock com circuitos discretos propriet\u00e1rios; n\u00e3o \u00e9 exagero dizer que a hist\u00f3ria da Esoteric \u00e9 sin\u00f4nimo de inova\u00e7\u00e3o na reprodu\u00e7\u00e3o digital em \u00e1udio de alta fidelidade.<\/span><\/p>\n<p><span dir=\"auto\">Finalmente, as vers\u00f5es SE do K-01XD e do <strong>K-03XD<\/strong> est\u00e3o agora dispon\u00edveis com a nova tecnologia de clock discreto e circuitos anal\u00f3gicos aprimorados no DAC. Temos orgulho da nossa marca e sempre buscamos o melhor som.<\/span><\/p>\n<p><span dir=\"auto\">Os modelos SE que estamos lan\u00e7ando desta vez refletem todos os avan\u00e7os tecnol\u00f3gicos imagin\u00e1veis \u200b\u200bdesde o lan\u00e7amento do modelo original at\u00e9 os dias atuais. Desfrute da presen\u00e7a, din\u00e2mica e texturas org\u00e2nicas e musicais aprimoradas dos novos modelos SE.<\/span><\/p>\n<p>Desde o seu lan\u00e7amento em 2010, a S\u00e9rie K tem sido aclamada pelas suas excepcionais capacidades de reprodu\u00e7\u00e3o musical e consolidou-se como o reprodutor digital de refer\u00eancia mundial. Desfrute do nosso som caracter\u00edstico que cativou os amantes da m\u00fasica em todo o mundo.<\/p>\n<p><b><span dir=\"auto\">Principais caracter\u00edsticas do K-03XD SE<\/span><\/b><\/p>\n<ul>\n<li><span dir=\"auto\">Mecanismo de transporte de Super Audio CD \u201cVRDS-ATLAS (ATLAS 03)\u201d com ponte para toca-discos de 18 mm<\/span><\/li>\n<li><span dir=\"auto\">\u201cMaster Sound Discrete DAC\u201d \u2013 DAC ladder desenvolvido internamente com FPGA exclusivo, modulador Delta-Sigma de 64 bits\/512Fs<\/span><\/li>\n<li><span dir=\"auto\">Placa DAC atualizada com componentes de alta qualidade.<\/span><\/li>\n<li><span dir=\"auto\">Driver de linha de alta corrente &#8220;Esoteric-HCLD&#8221; com taxa de varia\u00e7\u00e3o extremamente alta (2.000 V\/\u03bcs)<\/span><\/li>\n<li><span dir=\"auto\">Sa\u00edda de transmiss\u00e3o de sinal de corrente \u201cES-Link Analog\u201d<\/span><\/li>\n<li><span dir=\"auto\">\u201cMaster Sound Discrete Clock para reprodutor digital\u201d \u2013 m\u00f3dulo de clock discreto desenvolvido internamente<\/span><\/li>\n<li><span dir=\"auto\">Fun\u00e7\u00e3o de sincroniza\u00e7\u00e3o de rel\u00f3gio<\/span><\/li>\n<li><span dir=\"auto\">Dois transformadores toroidais independentes para alimenta\u00e7\u00e3o de circuitos (digitais e anal\u00f3gicos)<\/span><\/li>\n<li><span dir=\"auto\">Reguladores CC discretos de baixa realimenta\u00e7\u00e3o<\/span><\/li>\n<li><span dir=\"auto\">26 supercapacitores EDLC* (capacit\u00e2ncia total: 650.000 \u03bcF = 0,65 F)<\/span><\/li>\n<li><span dir=\"auto\">Fun\u00e7\u00e3o de sobreamostragem (x2\/x4\/x8\/x16, m\u00e1x. 768kHz), fun\u00e7\u00e3o de convers\u00e3o PCM para DSD (22,5MHz)<\/span><\/li>\n<li><span dir=\"auto\">Porta USB tipo B com suporte para DSD de 22,5 MHz e transmiss\u00e3o ass\u00edncrona.<\/span><\/li>\n<li><span dir=\"auto\">O RC-1333 \u00e9 um controle remoto de dupla face que tamb\u00e9m pode controlar amplificadores Esoteric.<\/span><\/li>\n<\/ul>\n<p>&nbsp;<\/p>\n","protected":false},"excerpt":{"rendered":"<p>Mecanismo de transporte SACD VRDS-ATLAS + DAC discreto Master Sound. O K-03XD evoluiu para o mais recente modelo SE com qualidade de som avan\u00e7ada. Desde sua funda\u00e7\u00e3o em 1987, a Esoteric tem estado na vanguarda da inova\u00e7\u00e3o como uma marca de \u00e1udio de alta fidelidade do Jap\u00e3o, continuamente expandindo os limites da reprodu\u00e7\u00e3o sonora de [&hellip;]<\/p>\n","protected":false},"featured_media":28089,"template":"","meta":{"_acf_changed":false},"product_brand":[],"product_cat":[42,43,41,304],"product_tag":[],"class_list":{"0":"post-28088","1":"product","2":"type-product","3":"status-publish","4":"has-post-thumbnail","6":"product_cat-cd-players","7":"product_cat-dac","8":"product_cat-digital","9":"product_cat-sacd","11":"first","12":"instock","13":"sold-individually","14":"shipping-taxable","15":"product-type-simple"},"acf":[],"aioseo_notices":[],"_links":{"self":[{"href":"https:\/\/hificlub.com.br\/loja\/wp-json\/wp\/v2\/product\/28088","targetHints":{"allow":["GET"]}}],"collection":[{"href":"https:\/\/hificlub.com.br\/loja\/wp-json\/wp\/v2\/product"}],"about":[{"href":"https:\/\/hificlub.com.br\/loja\/wp-json\/wp\/v2\/types\/product"}],"wp:featuredmedia":[{"embeddable":true,"href":"https:\/\/hificlub.com.br\/loja\/wp-json\/wp\/v2\/media\/28089"}],"wp:attachment":[{"href":"https:\/\/hificlub.com.br\/loja\/wp-json\/wp\/v2\/media?parent=28088"}],"wp:term":[{"taxonomy":"product_brand","embeddable":true,"href":"https:\/\/hificlub.com.br\/loja\/wp-json\/wp\/v2\/product_brand?post=28088"},{"taxonomy":"product_cat","embeddable":true,"href":"https:\/\/hificlub.com.br\/loja\/wp-json\/wp\/v2\/product_cat?post=28088"},{"taxonomy":"product_tag","embeddable":true,"href":"https:\/\/hificlub.com.br\/loja\/wp-json\/wp\/v2\/product_tag?post=28088"}],"curies":[{"name":"wp","href":"https:\/\/api.w.org\/{rel}","templated":true}]}}