{"id":28073,"date":"2025-11-30T17:44:17","date_gmt":"2025-11-30T20:44:17","guid":{"rendered":"https:\/\/hificlub.com.br\/loja\/?post_type=product&#038;p=28073"},"modified":"2026-03-03T22:14:59","modified_gmt":"2026-03-04T01:14:59","slug":"esoteric-grandioso-n-1t-reprodutor-de-streaming-transporte-de-audio-em-rede","status":"publish","type":"product","link":"https:\/\/hificlub.com.br\/loja\/produto\/esoteric-grandioso-n-1t-reprodutor-de-streaming-transporte-de-audio-em-rede\/","title":{"rendered":"ESOTERIC Grandioso N-1T &#8211; Reprodutor de Streaming, Transporte de \u00c1udio em Rede"},"content":{"rendered":"<p>A nova era do streaming de alta qualidade chegou e, com ela, um novo padr\u00e3o de desempenho: o <strong>Grandioso N1T<\/strong>, o primeiro transporte de streaming de alta gama da prestigiada s\u00e9rie Grandioso. Projetado para oferecer a melhor reprodu\u00e7\u00e3o de streaming poss\u00edvel, o Grandioso N1T combina a tecnologia de ponta exclusiva da Esoteric com o incompar\u00e1vel requinte da marca e um mecanismo de rede de nova gera\u00e7\u00e3o com suporte para porta SFP e poderosos recursos de processamento que garantem um n\u00edvel de qualidade sonora digno do nome Grandioso. O mecanismo e os circuitos de \u00e1udio s\u00e3o meticulosamente projetados para isolamento completo, protegendo a pureza do sinal. Fontes de alimenta\u00e7\u00e3o lineares independentes para cada circuito elevam ainda mais a experi\u00eancia, produzindo um som incrivelmente suave, realista e que remete \u00e0 sensa\u00e7\u00e3o da reprodu\u00e7\u00e3o de vinil.<\/p>\n<p>Flexibilidade incompar\u00e1vel aliada \u00e0 perfei\u00e7\u00e3o sonora: Com seus recursos avan\u00e7ados de rede e sa\u00edda totalmente digital, o Grandioso N1T se integra perfeitamente a uma ampla gama de sistemas de \u00e1udio de alto desempenho. Voc\u00ea pode montar um conjunto Grandioso completo com seis unidades \u2014 Grandioso N1T, P1X SE, D1X SE e G1X \u2014 para o sistema de \u00e1udio digital definitivo. Combine-o com os DACs monobloco Grandioso D1X SE, o modelo topo de linha, para a melhor experi\u00eancia de streaming com tr\u00eas unidades de alta qualidade, conecte-o ao Grandioso K1X SE ou combine-o com seu DAC favorito.<\/p>\n<p>Sua porta de entrada para o mundo da m\u00fasica: do conforto da sua poltrona, o <strong>Grandioso N1T<\/strong> lhe d\u00e1 acesso a toda a m\u00fasica do mundo. Transmita sem esfor\u00e7o e vivencie uma jornada musical luxuosa e on\u00edrica com uma qualidade de som impressionante.<\/p>\n","protected":false},"excerpt":{"rendered":"<p>A nova era do streaming de alta qualidade chegou e, com ela, um novo padr\u00e3o de desempenho: o Grandioso N1T, o primeiro transporte de streaming de alta gama da prestigiada s\u00e9rie Grandioso. Projetado para oferecer a melhor reprodu\u00e7\u00e3o de streaming poss\u00edvel, o Grandioso N1T combina a tecnologia de ponta exclusiva da Esoteric com o incompar\u00e1vel [&hellip;]<\/p>\n","protected":false},"featured_media":28075,"template":"","meta":{"_acf_changed":false},"product_brand":[],"product_cat":[41,154,88],"product_tag":[],"class_list":{"0":"post-28073","1":"product","2":"type-product","3":"status-publish","4":"has-post-thumbnail","6":"product_cat-digital","7":"product_cat-esoteric","8":"product_cat-transporte","10":"first","11":"instock","12":"sold-individually","13":"shipping-taxable","14":"product-type-simple"},"acf":[],"aioseo_notices":[],"_links":{"self":[{"href":"https:\/\/hificlub.com.br\/loja\/wp-json\/wp\/v2\/product\/28073","targetHints":{"allow":["GET"]}}],"collection":[{"href":"https:\/\/hificlub.com.br\/loja\/wp-json\/wp\/v2\/product"}],"about":[{"href":"https:\/\/hificlub.com.br\/loja\/wp-json\/wp\/v2\/types\/product"}],"wp:featuredmedia":[{"embeddable":true,"href":"https:\/\/hificlub.com.br\/loja\/wp-json\/wp\/v2\/media\/28075"}],"wp:attachment":[{"href":"https:\/\/hificlub.com.br\/loja\/wp-json\/wp\/v2\/media?parent=28073"}],"wp:term":[{"taxonomy":"product_brand","embeddable":true,"href":"https:\/\/hificlub.com.br\/loja\/wp-json\/wp\/v2\/product_brand?post=28073"},{"taxonomy":"product_cat","embeddable":true,"href":"https:\/\/hificlub.com.br\/loja\/wp-json\/wp\/v2\/product_cat?post=28073"},{"taxonomy":"product_tag","embeddable":true,"href":"https:\/\/hificlub.com.br\/loja\/wp-json\/wp\/v2\/product_tag?post=28073"}],"curies":[{"name":"wp","href":"https:\/\/api.w.org\/{rel}","templated":true}]}}