{"id":28065,"date":"2025-11-30T13:08:40","date_gmt":"2025-11-30T16:08:40","guid":{"rendered":"https:\/\/hificlub.com.br\/loja\/?post_type=product&#038;p=28065"},"modified":"2026-03-03T22:15:00","modified_gmt":"2026-03-04T01:15:00","slug":"esoteric-grandioso-d-1xse-dac-conversor-digital-analogico-monobloco-de-alta-fidelidade","status":"publish","type":"product","link":"https:\/\/hificlub.com.br\/loja\/produto\/esoteric-grandioso-d-1xse-dac-conversor-digital-analogico-monobloco-de-alta-fidelidade\/","title":{"rendered":"ESOTERIC Grandioso D-1XSE &#8211; DAC (Conversor Digital-Anal\u00f3gico), Monobloco, HI-FI"},"content":{"rendered":"<p><span dir=\"auto\">Desde sua funda\u00e7\u00e3o em 1987, a Esoteric tem estado na vanguarda da inova\u00e7\u00e3o como uma marca japonesa de \u00e1udio de alta fidelidade, continuamente expandindo os limites da reprodu\u00e7\u00e3o sonora de alta qualidade. A marca Esoteric \u00e9 conhecida por sua excepcional engenharia ac\u00fastica, que sustenta sua reputa\u00e7\u00e3o e prest\u00edgio, por seus investimentos maci\u00e7os sem levar em conta os custos, por seu acabamento de &#8220;qualidade de museu&#8221; e por seus belos designs dignos da reprodu\u00e7\u00e3o musical. &#8220;<strong>Grandioso<\/strong>&#8221; \u00e9 o modelo topo de linha em cada categoria de produto, que atingiu o mais alto n\u00edvel de qualidade definido pela marca.<\/span><\/p>\n<p><span dir=\"auto\">Na m\u00fasica cl\u00e1ssica, uma frase que indica como uma pe\u00e7a musical deve ser executada \u00e9 chamada de f\u00e1bula conceitual. Por exemplo, &#8220;cantabile&#8221; (como se estivesse cantando), &#8220;legato&#8221; (suavemente), e assim por diante. Um modelo de ponta deve ter a dignidade e a estatura de um produto de alta qualidade. N\u00f3s o nomeamos &#8220;Grandioso&#8221; (grandioso, majestoso, digno), que comparamos \u00e0 f\u00e1bula conceitual da m\u00fasica cl\u00e1ssica. A Grandioso trouxe diversas inova\u00e7\u00f5es originais para o mundo do \u00e1udio de alta fidelidade, incluindo o lend\u00e1rio mecanismo de transporte de Super Audio CD VRDS-ATLAS, o DAC Master Sound Discrete e o Master Sound Discrete Clock, que consistem em circuitos discretos exclusivos.<\/span><\/p>\n<p><span dir=\"auto\">Finalmente, tr\u00eas modelos SE est\u00e3o agora dispon\u00edveis com a nova tecnologia de clock discreto e circuitos anal\u00f3gicos aprimorados no DAC. Temos orgulho da nossa marca e sempre buscamos o melhor som.<\/span><\/p>\n<p><span dir=\"auto\">O modelo <strong>SE<\/strong> que estamos lan\u00e7ando agora reflete toda a evolu\u00e7\u00e3o tecnol\u00f3gica imagin\u00e1vel desde o lan\u00e7amento do modelo original at\u00e9 os dias atuais. Desfrute da presen\u00e7a, din\u00e2mica e texturas musicais org\u00e2nicas e refinadas dos tr\u00eas novos modelos SE.<\/span><\/p>\n","protected":false},"excerpt":{"rendered":"<p>Desde sua funda\u00e7\u00e3o em 1987, a Esoteric tem estado na vanguarda da inova\u00e7\u00e3o como uma marca japonesa de \u00e1udio de alta fidelidade, continuamente expandindo os limites da reprodu\u00e7\u00e3o sonora de alta qualidade. A marca Esoteric \u00e9 conhecida por sua excepcional engenharia ac\u00fastica, que sustenta sua reputa\u00e7\u00e3o e prest\u00edgio, por seus investimentos maci\u00e7os sem levar em [&hellip;]<\/p>\n","protected":false},"featured_media":28066,"template":"","meta":{"_acf_changed":false},"product_brand":[],"product_cat":[43,41,154],"product_tag":[],"class_list":{"0":"post-28065","1":"product","2":"type-product","3":"status-publish","4":"has-post-thumbnail","6":"product_cat-dac","7":"product_cat-digital","8":"product_cat-esoteric","10":"first","11":"instock","12":"sold-individually","13":"shipping-taxable","14":"product-type-simple"},"acf":[],"aioseo_notices":[],"_links":{"self":[{"href":"https:\/\/hificlub.com.br\/loja\/wp-json\/wp\/v2\/product\/28065","targetHints":{"allow":["GET"]}}],"collection":[{"href":"https:\/\/hificlub.com.br\/loja\/wp-json\/wp\/v2\/product"}],"about":[{"href":"https:\/\/hificlub.com.br\/loja\/wp-json\/wp\/v2\/types\/product"}],"wp:featuredmedia":[{"embeddable":true,"href":"https:\/\/hificlub.com.br\/loja\/wp-json\/wp\/v2\/media\/28066"}],"wp:attachment":[{"href":"https:\/\/hificlub.com.br\/loja\/wp-json\/wp\/v2\/media?parent=28065"}],"wp:term":[{"taxonomy":"product_brand","embeddable":true,"href":"https:\/\/hificlub.com.br\/loja\/wp-json\/wp\/v2\/product_brand?post=28065"},{"taxonomy":"product_cat","embeddable":true,"href":"https:\/\/hificlub.com.br\/loja\/wp-json\/wp\/v2\/product_cat?post=28065"},{"taxonomy":"product_tag","embeddable":true,"href":"https:\/\/hificlub.com.br\/loja\/wp-json\/wp\/v2\/product_tag?post=28065"}],"curies":[{"name":"wp","href":"https:\/\/api.w.org\/{rel}","templated":true}]}}