{"id":28061,"date":"2025-11-30T12:48:02","date_gmt":"2025-11-30T15:48:02","guid":{"rendered":"https:\/\/hificlub.com.br\/loja\/?post_type=product&#038;p=28061"},"modified":"2026-03-03T22:15:00","modified_gmt":"2026-03-04T01:15:00","slug":"esoteric-f-02-amplificador-integrado-120w-120w-8%cf%89","status":"publish","type":"product","link":"https:\/\/hificlub.com.br\/loja\/produto\/esoteric-f-02-amplificador-integrado-120w-120w-8%cf%89\/","title":{"rendered":"ESOTERIC F-02 &#8211; Amplificador Integrado, 120W + 120W (8\u03a9)"},"content":{"rendered":"<p><strong>Esoteric<\/strong>\u00a0\u00e9 uma das marcas mais respeitadas do universo hi-fi e high-end, conhecida por representar o auge da engenharia japonesa em \u00e1udio. Fundada em 1987 como uma divis\u00e3o da TEAC Corporation, a Esoteric nasceu com a miss\u00e3o de criar equipamentos que levassem a reprodu\u00e7\u00e3o musical \u00e0 perfei\u00e7\u00e3o absoluta \u2014 uma filosofia que orienta a marca at\u00e9 hoje. Desde o in\u00edcio, a Esoteric destacou-se por seus transportes de CD e SACD de precis\u00e3o extrema, como o lend\u00e1rio VRDS (Vibration-Free Rigid Disc-Clamping System), que minimiza vibra\u00e7\u00f5es e distor\u00e7\u00f5es durante a leitura dos discos. Esse sistema consolidou a reputa\u00e7\u00e3o da marca como refer\u00eancia mundial em mecanismos de transporte digital. Com o passar dos anos, a Esoteric expandiu seu cat\u00e1logo para incluir DACs, amplificadores integrados, pr\u00e9-amplificadores e players de rede, sempre com a mesma obsess\u00e3o por detalhes, circuitos de alt\u00edssima pureza e constru\u00e7\u00e3o artesanal impec\u00e1vel. Cada componente \u00e9 projetado e montado no Jap\u00e3o, com foco em isolamento de ru\u00eddos, fontes de alimenta\u00e7\u00e3o robustas e uso de materiais nobres. Hoje, a Esoteric \u00e9 sin\u00f4nimo de desempenho absoluto e musicalidade refinada, sendo presen\u00e7a constante em sistemas high-end de refer\u00eancia no mundo todo. Sua filosofia une tradi\u00e7\u00e3o, inova\u00e7\u00e3o e paix\u00e3o pela reprodu\u00e7\u00e3o fiel da m\u00fasica \u2014 transformando cada audi\u00e7\u00e3o em uma experi\u00eancia quase espiritual.<\/p>\n<p><span dir=\"auto\">O <strong>F-02<\/strong> foi significativamente aprimorado em rela\u00e7\u00e3o \u00e0 S\u00e9rie F anterior, tanto em funcionalidade quanto em qualidade de som, incorporando diversas novas tecnologias provenientes do desenvolvimento do pr\u00e9-amplificador Grandioso C1X, o modelo topo de linha. O pr\u00e9-amplificador dual mono balanceado de grande escala, compar\u00e1vel a um pr\u00e9-amplificador dedicado, vem de f\u00e1brica com tr\u00eas entradas anal\u00f3gicas ES-Link que permitem a entrada de sinal baseada em corrente, proveniente dos reprodutores digitais da S\u00e9rie K\/N da Esoteric, para uma experi\u00eancia de audi\u00e7\u00e3o ao vivo como se estivesse sendo monitorado diretamente de um console anal\u00f3gico de est\u00fadio de grava\u00e7\u00e3o. A nova S\u00e9rie F tamb\u00e9m apresenta um exclusivo &#8220;Sistema de Atenua\u00e7\u00e3o de Ultra Fidelidade&#8221;, e a se\u00e7\u00e3o de alimenta\u00e7\u00e3o do pr\u00e9-amplificador foi ainda mais aprimorada. Outros recursos importantes do pr\u00e9-amplificador incluem um amplificador de fone de ouvido totalmente balanceado, um pr\u00e9-amplificador de fono dual mono e um controle de tom balanceado de 3 bandas de alta qualidade.<\/span><\/p>\n<p><span dir=\"auto\">Ele tamb\u00e9m pode ser expandido para um sistema multi-amplificador conectando o amplificador de pot\u00eancia S-05 \u00e0s sa\u00eddas pr\u00e9-amplificadas anal\u00f3gicas ES-Link. Para uma qualidade de som ainda superior, pode-se conectar uma fonte de alimenta\u00e7\u00e3o externa PS-01F opcional dedicada ao pr\u00e9-amplificador (a ser anunciada). Este design exclusivo, que parece contradizer o conceito integrado, \u00e9 uma prova da alta capacidade de expans\u00e3o do F-02 e a melhor demonstra\u00e7\u00e3o de que o pr\u00e9-amplificador dual mono totalmente balanceado integrado foi projetado com uma \u00eanfase intransigente na qualidade.<\/span><\/p>\n<p>&nbsp;<\/p>\n","protected":false},"excerpt":{"rendered":"<p>Esoteric\u00a0\u00e9 uma das marcas mais respeitadas do universo hi-fi e high-end, conhecida por representar o auge da engenharia japonesa em \u00e1udio. Fundada em 1987 como uma divis\u00e3o da TEAC Corporation, a Esoteric nasceu com a miss\u00e3o de criar equipamentos que levassem a reprodu\u00e7\u00e3o musical \u00e0 perfei\u00e7\u00e3o absoluta \u2014 uma filosofia que orienta a marca at\u00e9 [&hellip;]<\/p>\n","protected":false},"featured_media":28062,"template":"","meta":{"_acf_changed":false},"product_brand":[],"product_cat":[27,154,51],"product_tag":[],"class_list":{"0":"post-28061","1":"product","2":"type-product","3":"status-publish","4":"has-post-thumbnail","6":"product_cat-amplificador","7":"product_cat-esoteric","8":"product_cat-integrado","10":"first","11":"instock","12":"sold-individually","13":"shipping-taxable","14":"product-type-simple"},"acf":[],"aioseo_notices":[],"_links":{"self":[{"href":"https:\/\/hificlub.com.br\/loja\/wp-json\/wp\/v2\/product\/28061","targetHints":{"allow":["GET"]}}],"collection":[{"href":"https:\/\/hificlub.com.br\/loja\/wp-json\/wp\/v2\/product"}],"about":[{"href":"https:\/\/hificlub.com.br\/loja\/wp-json\/wp\/v2\/types\/product"}],"wp:featuredmedia":[{"embeddable":true,"href":"https:\/\/hificlub.com.br\/loja\/wp-json\/wp\/v2\/media\/28062"}],"wp:attachment":[{"href":"https:\/\/hificlub.com.br\/loja\/wp-json\/wp\/v2\/media?parent=28061"}],"wp:term":[{"taxonomy":"product_brand","embeddable":true,"href":"https:\/\/hificlub.com.br\/loja\/wp-json\/wp\/v2\/product_brand?post=28061"},{"taxonomy":"product_cat","embeddable":true,"href":"https:\/\/hificlub.com.br\/loja\/wp-json\/wp\/v2\/product_cat?post=28061"},{"taxonomy":"product_tag","embeddable":true,"href":"https:\/\/hificlub.com.br\/loja\/wp-json\/wp\/v2\/product_tag?post=28061"}],"curies":[{"name":"wp","href":"https:\/\/api.w.org\/{rel}","templated":true}]}}