{"id":28029,"date":"2025-11-28T10:12:52","date_gmt":"2025-11-28T13:12:52","guid":{"rendered":"https:\/\/hificlub.com.br\/loja\/?post_type=product&#038;p=28029"},"modified":"2025-11-28T10:13:48","modified_gmt":"2025-11-28T13:13:48","slug":"classe-cp500-pre-amplificador-estereo","status":"publish","type":"product","link":"https:\/\/hificlub.com.br\/loja\/produto\/classe-cp500-pre-amplificador-estereo\/","title":{"rendered":"CLASS\u00c9\u00a0CP-500 &#8211; Pr\u00e9-Amplificador Est\u00e9reo"},"content":{"rendered":"<div id=\"model-response-message-contentr_a42fc8d44c69af12\" class=\"markdown markdown-main-panel enable-updated-hr-color\" dir=\"ltr\" aria-live=\"polite\">\n<p data-path-to-node=\"0\">O pr\u00e9 amplificador <strong>Class\u00e9 CP500<\/strong> \u00e9 um componente est\u00e9reo de \u00e1udio que atua como o centro de controle em um sistema de alta fidelidade.<\/p>\n<p data-path-to-node=\"1\"><strong>Caracter\u00edsticas Principais<\/strong><\/p>\n<p data-path-to-node=\"2\">O CP500 utiliza um design totalmente balanceado do in\u00edcio ao fim, o que significa que o sinal de \u00e1udio \u00e9 transmitido por dois condutores, um para o sinal positivo e outro para o negativo, minimizando o ru\u00eddo e a interfer\u00eancia. A convers\u00e3o de n\u00e3o balanceado para balanceado \u00e9 feita por um amplificador de alto desempenho.<\/p>\n<p data-path-to-node=\"3\">A sua constru\u00e7\u00e3o \u00e9 baseada em circuitos de \u00e1udio discretos. Isso significa que, em vez de usar circuitos integrados prontos (chips), ele usa componentes individuais como transistores, resistores e capacitores, que s\u00e3o cuidadosamente selecionados e combinados para otimizar o desempenho s\u00f4nico.<\/p>\n<p data-path-to-node=\"4\"><strong>Controles e Conectividade<\/strong><\/p>\n<p data-path-to-node=\"5\">O pr\u00e9 amplificador Class\u00e9 CP500 oferece uma ampla gama de op\u00e7\u00f5es de conectividade para v\u00e1rias fontes de \u00e1udio. Ele est\u00e1 equipado com entradas balanceadas (XLR) e n\u00e3o balanceadas (RCA), o que garante compatibilidade com praticamente qualquer componente de fonte.<\/p>\n<p data-path-to-node=\"6\">Na parte frontal, possui um painel de controle simples e elegante. Um visor de f\u00e1cil leitura exibe o status operacional e as sele\u00e7\u00f5es de entrada. O ajuste de volume \u00e9 preciso e implementado por um sistema que preserva a integridade do sinal em qualquer n\u00edvel de audi\u00e7\u00e3o.<\/p>\n<p data-path-to-node=\"7\"><strong>Qualidade Sonora<\/strong><\/p>\n<p data-path-to-node=\"8\">A Class\u00e9 projeta o CP500 com o objetivo de ter uma transpar\u00eancia s\u00f4nica excepcional. A filosofia de design \u00e9 que o pr\u00e9 amplificador deve ser uma &#8220;janela s\u00f4nica&#8221;, colorindo o m\u00ednimo poss\u00edvel o sinal de \u00e1udio que passa por ele.<\/p>\n<p data-path-to-node=\"9\">O resultado \u00e9 uma reprodu\u00e7\u00e3o de som que \u00e9 caracterizada por sua clareza, detalhes finos e uma not\u00e1vel sensa\u00e7\u00e3o de espa\u00e7o e profundidade (palco sonoro). Ele \u00e9 capaz de revelar nuances na grava\u00e7\u00e3o que pr\u00e9 amplificadores de menor qualidade podem obscurecer.<\/p>\n<p data-path-to-node=\"10\">O <strong>Class\u00e9 CP500<\/strong> funciona como uma pe\u00e7a central de \u00e1udio de alta performance, controlando o volume e selecionando a fonte, enquanto mant\u00e9m a m\u00e1xima fidelidade do sinal antes de envi\u00e1 lo ao amplificador de pot\u00eancia.<\/p>\n<\/div>\n","protected":false},"excerpt":{"rendered":"<p>O pr\u00e9 amplificador Class\u00e9 CP500 \u00e9 um componente est\u00e9reo de \u00e1udio que atua como o centro de controle em um sistema de alta fidelidade. Caracter\u00edsticas Principais O CP500 utiliza um design totalmente balanceado do in\u00edcio ao fim, o que significa que o sinal de \u00e1udio \u00e9 transmitido por dois condutores, um para o sinal positivo [&hellip;]<\/p>\n","protected":false},"featured_media":28030,"template":"","meta":{"_acf_changed":false},"product_brand":[],"product_cat":[123,38],"product_tag":[],"class_list":{"0":"post-28029","1":"product","2":"type-product","3":"status-publish","4":"has-post-thumbnail","6":"product_cat-classe","7":"product_cat-pre-amplificador","9":"first","10":"instock","11":"sold-individually","12":"shipping-taxable","13":"purchasable","14":"product-type-simple"},"acf":[],"aioseo_notices":[],"_links":{"self":[{"href":"https:\/\/hificlub.com.br\/loja\/wp-json\/wp\/v2\/product\/28029","targetHints":{"allow":["GET"]}}],"collection":[{"href":"https:\/\/hificlub.com.br\/loja\/wp-json\/wp\/v2\/product"}],"about":[{"href":"https:\/\/hificlub.com.br\/loja\/wp-json\/wp\/v2\/types\/product"}],"wp:featuredmedia":[{"embeddable":true,"href":"https:\/\/hificlub.com.br\/loja\/wp-json\/wp\/v2\/media\/28030"}],"wp:attachment":[{"href":"https:\/\/hificlub.com.br\/loja\/wp-json\/wp\/v2\/media?parent=28029"}],"wp:term":[{"taxonomy":"product_brand","embeddable":true,"href":"https:\/\/hificlub.com.br\/loja\/wp-json\/wp\/v2\/product_brand?post=28029"},{"taxonomy":"product_cat","embeddable":true,"href":"https:\/\/hificlub.com.br\/loja\/wp-json\/wp\/v2\/product_cat?post=28029"},{"taxonomy":"product_tag","embeddable":true,"href":"https:\/\/hificlub.com.br\/loja\/wp-json\/wp\/v2\/product_tag?post=28029"}],"curies":[{"name":"wp","href":"https:\/\/api.w.org\/{rel}","templated":true}]}}