{"id":28023,"date":"2025-11-27T21:57:43","date_gmt":"2025-11-28T00:57:43","guid":{"rendered":"https:\/\/hificlub.com.br\/loja\/?post_type=product&#038;p=28023"},"modified":"2025-11-29T05:17:38","modified_gmt":"2025-11-29T08:17:38","slug":"classe-ca-d200-amplificador-estereo-classe-ab-200-watts-rms","status":"publish","type":"product","link":"https:\/\/hificlub.com.br\/loja\/produto\/classe-ca-d200-amplificador-estereo-classe-ab-200-watts-rms\/","title":{"rendered":"CLASS\u00c9 CA-D200  Amplificador Est\u00e9reo Class D 200 watts"},"content":{"rendered":"<p data-path-to-node=\"3\">O amplificador est\u00e9reo CA-D200 \u00e9 o primeiro amplificador Classe D a ostentar o nome Class\u00e9 \u2014 um desenvolvimento importante para uma empresa tradicionalmente dedicada \u00e0 Classe AB.<\/p>\n<p data-path-to-node=\"3\">O CA-D200 tem pot\u00eancia nominal de 200 W por canal em 8 ohms (400 W por canal em 4 ohms) e utiliza uma fonte de alimenta\u00e7\u00e3o chaveada (SMPS) de design pr\u00f3prio com corre\u00e7\u00e3o do fator de pot\u00eancia (PFC) e est\u00e1gios de amplifica\u00e7\u00e3o por chaveamento.<\/p>\n<p data-path-to-node=\"3\">A Class\u00e9 afirma que o DSP \u00e9 utilizado para \u201cotimizar o desempenho do sistema, reduzindo o tempo morto \u2014 a lacuna produzida quando as metades positiva e negativa do est\u00e1gio de sa\u00edda do amplificador de chaveamento est\u00e3o desligadas, considerada o calcanhar de Aquiles dos projetos Classe D anteriores \u2014 para um valor extremamente baixo de tr\u00eas nanossegundos ou menos\u201d.<\/p>\n<p data-path-to-node=\"3\">Devido a essa redu\u00e7\u00e3o, a distor\u00e7\u00e3o e o ru\u00eddo foram significativamente reduzidos. Isso tamb\u00e9m permite o uso m\u00ednimo de realimenta\u00e7\u00e3o negativa geral, outra vantagem potencial para o desempenho.<\/p>\n<p data-path-to-node=\"4\"><strong>Conex\u00f5es e Constru\u00e7\u00e3o<\/strong><\/p>\n<p data-path-to-node=\"5\">O painel traseiro do amplificador oferece op\u00e7\u00f5es de <b>entrada balanceada (XLR)<\/b> e <b>n\u00e3o balanceada (RCA)<\/b>, permitindo flexibilidade na conex\u00e3o com diferentes pr\u00e9-amplificadores. O amplificador \u00e9 constru\u00eddo com componentes de alta qualidade e um <b>grande transformador toroidal<\/b> para garantir fornecimento de energia limpo e est\u00e1vel. Sua estrutura f\u00edsica \u00e9 imponente, com dimens\u00f5es consider\u00e1veis e um peso de <b>32 kg<\/b>, indicando a robustez de seus componentes internos, incluindo os grandes dissipadores de calor necess\u00e1rios para gerenciar a opera\u00e7\u00e3o em Classe AB.<\/p>\n<p data-path-to-node=\"6\"><strong>Qualidade Sonora<\/strong><\/p>\n<p data-path-to-node=\"7\">O design do <strong>CAD200<\/strong> foca na minimiza\u00e7\u00e3o de ru\u00eddo e distor\u00e7\u00e3o harm\u00f4nica (THD), que tipicamente fica em torno de 0,1% em 8 ohms. Esta baixa distor\u00e7\u00e3o, juntamente com uma rela\u00e7\u00e3o sinal-ru\u00eddo (SNR) de -100 dB, resulta em um fundo silencioso sobre o qual a m\u00fasica \u00e9 apresentada com clareza e precis\u00e3o, permitindo que os detalhes mais sutis da grava\u00e7\u00e3o sejam revelados.<\/p>\n","protected":false},"excerpt":{"rendered":"<p>O amplificador est\u00e9reo CA-D200 \u00e9 o primeiro amplificador Classe D a ostentar o nome Class\u00e9 \u2014 um desenvolvimento importante para uma empresa tradicionalmente dedicada \u00e0 Classe AB. O CA-D200 tem pot\u00eancia nominal de 200 W por canal em 8 ohms (400 W por canal em 4 ohms) e utiliza uma fonte de alimenta\u00e7\u00e3o chaveada (SMPS) [&hellip;]<\/p>\n","protected":false},"featured_media":28024,"template":"","meta":{"_acf_changed":false},"product_brand":[],"product_cat":[27,123,28],"product_tag":[],"class_list":{"0":"post-28023","1":"product","2":"type-product","3":"status-publish","4":"has-post-thumbnail","6":"product_cat-amplificador","7":"product_cat-classe","8":"product_cat-estereo","10":"first","11":"instock","12":"sold-individually","13":"shipping-taxable","14":"purchasable","15":"product-type-simple"},"acf":[],"aioseo_notices":[],"_links":{"self":[{"href":"https:\/\/hificlub.com.br\/loja\/wp-json\/wp\/v2\/product\/28023","targetHints":{"allow":["GET"]}}],"collection":[{"href":"https:\/\/hificlub.com.br\/loja\/wp-json\/wp\/v2\/product"}],"about":[{"href":"https:\/\/hificlub.com.br\/loja\/wp-json\/wp\/v2\/types\/product"}],"wp:featuredmedia":[{"embeddable":true,"href":"https:\/\/hificlub.com.br\/loja\/wp-json\/wp\/v2\/media\/28024"}],"wp:attachment":[{"href":"https:\/\/hificlub.com.br\/loja\/wp-json\/wp\/v2\/media?parent=28023"}],"wp:term":[{"taxonomy":"product_brand","embeddable":true,"href":"https:\/\/hificlub.com.br\/loja\/wp-json\/wp\/v2\/product_brand?post=28023"},{"taxonomy":"product_cat","embeddable":true,"href":"https:\/\/hificlub.com.br\/loja\/wp-json\/wp\/v2\/product_cat?post=28023"},{"taxonomy":"product_tag","embeddable":true,"href":"https:\/\/hificlub.com.br\/loja\/wp-json\/wp\/v2\/product_tag?post=28023"}],"curies":[{"name":"wp","href":"https:\/\/api.w.org\/{rel}","templated":true}]}}