{"id":27994,"date":"2025-11-27T17:18:23","date_gmt":"2025-11-27T20:18:23","guid":{"rendered":"https:\/\/hificlub.com.br\/loja\/?post_type=product&#038;p=27994"},"modified":"2026-03-03T22:15:00","modified_gmt":"2026-03-04T01:15:00","slug":"jbl-stage-220p-subwoofer-500-watts-rms","status":"publish","type":"product","link":"https:\/\/hificlub.com.br\/loja\/produto\/jbl-stage-220p-subwoofer-500-watts-rms\/","title":{"rendered":"JBL Stage 220P &#8211; Subwoofer Ativo, 500 Watts RMS"},"content":{"rendered":"<p>O <strong>JBL Stage 220P<\/strong> \u00e9 um <b>subwoofer ativo<\/b> projetado para complementar sistemas de \u00e1udio dom\u00e9sticos, adicionando graves potentes e profundos, tanto para m\u00fasica quanto para filmes. Ele se integra \u00e0 s\u00e9rie Stage, conhecida por oferecer excelente custo-benef\u00edcio.<\/p>\n<p>Projetado em nosso mundialmente famoso Centro de Excel\u00eancia em Engenharia Ac\u00fastica em Northridge, Calif\u00f3rnia, EUA, o <strong>Stage 220P<\/strong> \u00e9 um subwoofer de 500W RMS, o mais potente da S\u00e9rie Stage, que entrega a emo\u00e7\u00e3o dos graves que os clientes desejam. Este subwoofer apresenta um woofer de baixa frequ\u00eancia de policelulose de 300\u00a0mm (12 pol.) de alta excurs\u00e3o com duas portas traseiras sintonizadas por disparo que fornecem graves JBL profundos, potentes e exclusivos. Uma completa op\u00e7\u00e3o de controles proporciona f\u00e1cil integra\u00e7\u00e3o do sistema.<\/p>\n<p><strong>Woofer de baixa frequ\u00eancia em cone canelado de policelulose de 300\u00a0mm (12\u00a0pol.)<\/strong><\/p>\n<p>Cada caixa da s\u00e9rie Stage 2 apresenta woofers de cone canelados de policelulose. Este cone de polpa pura tem uma mistura exclusiva de outros materiais adicionados para melhorar sua rigidez e os frisos lembram os lend\u00e1rios designs da JBL. Esses woofers produzem graves profundos, precisos e que preenchem a sala.<\/p>\n<p><strong>Amplificador de 300W RMS (Pico de pot\u00eancia de 500W RMS)<\/strong><\/p>\n<p>O amplificador integrado de 500 watts RMS de alto desempenho oferece qualidade de som impactante e memor\u00e1vel, merecendo o nome JBL. O 220P pode ser colocado em qualquer lugar da sala e se conecta ao seu AVR para criar um sistema de home theater est\u00e9reo ou multicanal com graves impactantes e desempenho sem precedentes.<\/p>\n<p><strong>Design de refletor de graves com duas portas de disparo traseiro<\/strong><\/p>\n<p>O design de refletor de graves do 200P usa duas portas alargadas traseiras. Este novo design alargado reduz a velocidade do ar ao sair do gabinete da caixa, eliminando qualquer distor\u00e7\u00e3o ou colora\u00e7\u00e3o da sa\u00edda.<\/p>\n","protected":false},"excerpt":{"rendered":"<p>O JBL Stage 220P \u00e9 um subwoofer ativo projetado para complementar sistemas de \u00e1udio dom\u00e9sticos, adicionando graves potentes e profundos, tanto para m\u00fasica quanto para filmes. Ele se integra \u00e0 s\u00e9rie Stage, conhecida por oferecer excelente custo-benef\u00edcio. Projetado em nosso mundialmente famoso Centro de Excel\u00eancia em Engenharia Ac\u00fastica em Northridge, Calif\u00f3rnia, EUA, o Stage 220P [&hellip;]<\/p>\n","protected":false},"featured_media":28012,"template":"","meta":{"_acf_changed":false},"product_brand":[],"product_cat":[17,46,36],"product_tag":[],"class_list":{"0":"post-27994","1":"product","2":"type-product","3":"status-publish","4":"has-post-thumbnail","6":"product_cat-caixas","7":"product_cat-jbl","8":"product_cat-subwoofer","10":"first","11":"instock","12":"sold-individually","13":"shipping-taxable","14":"purchasable","15":"product-type-simple"},"acf":[],"aioseo_notices":[],"_links":{"self":[{"href":"https:\/\/hificlub.com.br\/loja\/wp-json\/wp\/v2\/product\/27994","targetHints":{"allow":["GET"]}}],"collection":[{"href":"https:\/\/hificlub.com.br\/loja\/wp-json\/wp\/v2\/product"}],"about":[{"href":"https:\/\/hificlub.com.br\/loja\/wp-json\/wp\/v2\/types\/product"}],"wp:featuredmedia":[{"embeddable":true,"href":"https:\/\/hificlub.com.br\/loja\/wp-json\/wp\/v2\/media\/28012"}],"wp:attachment":[{"href":"https:\/\/hificlub.com.br\/loja\/wp-json\/wp\/v2\/media?parent=27994"}],"wp:term":[{"taxonomy":"product_brand","embeddable":true,"href":"https:\/\/hificlub.com.br\/loja\/wp-json\/wp\/v2\/product_brand?post=27994"},{"taxonomy":"product_cat","embeddable":true,"href":"https:\/\/hificlub.com.br\/loja\/wp-json\/wp\/v2\/product_cat?post=27994"},{"taxonomy":"product_tag","embeddable":true,"href":"https:\/\/hificlub.com.br\/loja\/wp-json\/wp\/v2\/product_tag?post=27994"}],"curies":[{"name":"wp","href":"https:\/\/api.w.org\/{rel}","templated":true}]}}