{"id":27981,"date":"2025-11-27T10:51:27","date_gmt":"2025-11-27T13:51:27","guid":{"rendered":"https:\/\/hificlub.com.br\/loja\/?post_type=product&#038;p=27981"},"modified":"2025-11-28T10:27:03","modified_gmt":"2025-11-28T13:27:03","slug":"emm-labs-ns-1-network-streamer-dsd-mqa-2","status":"publish","type":"product","link":"https:\/\/hificlub.com.br\/loja\/produto\/emm-labs-ns-1-network-streamer-dsd-mqa-2\/","title":{"rendered":"EMMLabs NS-1 &#8211; Network Streamer, DSD, MQA"},"content":{"rendered":"<p><span dir=\"auto\">O <strong>EMM Labs NS1<\/strong> Streamer funciona como uma ponte poderosa e vers\u00e1til entre a internet, sua rede e seu sistema de som. Ele permite acessar as vastas bibliotecas de m\u00fasica dispon\u00edveis em diversos servi\u00e7os de streaming online. Tamb\u00e9m reproduz arquivos de \u00e1udio conectados via pen drive e dispositivos de armazenamento em rede (NAS).<\/span><\/p>\n<p><strong><span dir=\"auto\">Streaming e reprodu\u00e7\u00e3o de \u00e1udio<\/span><\/strong><\/p>\n<p><span dir=\"auto\">Utilizando os padr\u00f5es de streaming de m\u00eddia UPnP\/DLNA, o NS1 Streamer consegue compartilhar conte\u00fado e se comunicar com diversos dispositivos. Atrav\u00e9s do aplicativo, ele pode ser facilmente controlado remotamente por celulares e tablets. Al\u00e9m do suporte a UPnP\/DLNA, o NS1 tamb\u00e9m \u00e9 compat\u00edvel com o Roon e funciona como um endpoint Roon.<\/span><\/p>\n<p><span dir=\"auto\">O NS1 pode se conectar a diversos servi\u00e7os de streaming de alta resolu\u00e7\u00e3o, como TIDAL e QOBUZ. Ele tamb\u00e9m \u00e9 compat\u00edvel com servi\u00e7os populares como SPOTIFY, DEEZER, vTUNER e muitos outros. O NS1 suporta reprodu\u00e7\u00e3o de arquivos via rede e USB, incluindo AAC, AIFF, ALAC, FLAC, MP3, WAV e WMA, al\u00e9m de arquivos MQA\u00ae e DSD (DFF, DSF).<\/span><\/p>\n<p><strong><span dir=\"auto\">EMM Optilink e Controle<\/span><\/strong><\/p>\n<p><span dir=\"auto\">O NS1 est\u00e1 equipado com a interface propriet\u00e1ria EMM Optilink da EMM. A interface EMM Optilink permite que o NS1 seja isolado galvanicamente dos conversores D\/A da EMM. Al\u00e9m do Optilink da EMM, os conversores D\/A da EMM, como o DA2 V2 e o DV2, podem receber informa\u00e7\u00f5es de m\u00eddia e faixas em seus displays via conex\u00e3o RS232. O NS1 \u00e9 controlado facilmente com o aplicativo mConnect Control para dispositivos m\u00f3veis (Android\/iOS) e o mConnect HD para tablets.<\/span><\/p>\n<p><strong><span dir=\"auto\">Qualidade do som<\/span><\/strong><\/p>\n<p><span dir=\"auto\">\u00c9 aqui que a vasta experi\u00eancia de Ed Meitner e da equipe de engenharia da EMM Labs entra em a\u00e7\u00e3o. Funcionalidade e especifica\u00e7\u00f5es contam apenas parte da hist\u00f3ria. O aspecto mais importante de um streamer audi\u00f3filo \u00e9 que a qualidade do som seja do mais alto padr\u00e3o, e \u00e9 nesse quesito que o NS1 se destaca. Grande cuidado foi tomado para garantir que o NS1 processe arquivos de m\u00fasica com integridade, incluindo diversas t\u00e9cnicas de isolamento e blindagem eletr\u00f4nica, sele\u00e7\u00e3o de componentes de refer\u00eancia, fontes de alimenta\u00e7\u00e3o de alta qualidade e topologias projetadas por especialistas para assegurar a pureza do sinal.<\/span><\/p>\n<p><span dir=\"auto\">Muitos audi\u00f3filos resistiram \u00e0 introdu\u00e7\u00e3o de streamers em seus sistemas porque a qualidade do som simplesmente n\u00e3o era compar\u00e1vel \u00e0 de seus transportes audi\u00f3filos padr\u00e3o ou aos sistemas anal\u00f3gicos, mas agora o NS1 permite a adapta\u00e7\u00e3o das pr\u00e1ticas modernas de streaming com grande seguran\u00e7a. O NS1 \u00e9 um divisor de \u00e1guas e est\u00e1 rapidamente se tornando presen\u00e7a constante em sistemas de refer\u00eancia ao redor do mundo.<\/span><\/p>\n","protected":false},"excerpt":{"rendered":"<p>O EMM Labs NS1 Streamer funciona como uma ponte poderosa e vers\u00e1til entre a internet, sua rede e seu sistema de som. Ele permite acessar as vastas bibliotecas de m\u00fasica dispon\u00edveis em diversos servi\u00e7os de streaming online. Tamb\u00e9m reproduz arquivos de \u00e1udio conectados via pen drive e dispositivos de armazenamento em rede (NAS). Streaming e [&hellip;]<\/p>\n","protected":false},"featured_media":27982,"template":"","meta":{"_acf_changed":false},"product_brand":[],"product_cat":[43,41,345,50,142],"product_tag":[],"class_list":{"0":"post-27981","1":"product","2":"type-product","3":"status-publish","4":"has-post-thumbnail","6":"product_cat-dac","7":"product_cat-digital","8":"product_cat-emm-labs","9":"product_cat-music-server","10":"product_cat-streamers","12":"first","13":"instock","14":"sold-individually","15":"shipping-taxable","16":"purchasable","17":"product-type-simple"},"acf":[],"aioseo_notices":[],"_links":{"self":[{"href":"https:\/\/hificlub.com.br\/loja\/wp-json\/wp\/v2\/product\/27981","targetHints":{"allow":["GET"]}}],"collection":[{"href":"https:\/\/hificlub.com.br\/loja\/wp-json\/wp\/v2\/product"}],"about":[{"href":"https:\/\/hificlub.com.br\/loja\/wp-json\/wp\/v2\/types\/product"}],"wp:featuredmedia":[{"embeddable":true,"href":"https:\/\/hificlub.com.br\/loja\/wp-json\/wp\/v2\/media\/27982"}],"wp:attachment":[{"href":"https:\/\/hificlub.com.br\/loja\/wp-json\/wp\/v2\/media?parent=27981"}],"wp:term":[{"taxonomy":"product_brand","embeddable":true,"href":"https:\/\/hificlub.com.br\/loja\/wp-json\/wp\/v2\/product_brand?post=27981"},{"taxonomy":"product_cat","embeddable":true,"href":"https:\/\/hificlub.com.br\/loja\/wp-json\/wp\/v2\/product_cat?post=27981"},{"taxonomy":"product_tag","embeddable":true,"href":"https:\/\/hificlub.com.br\/loja\/wp-json\/wp\/v2\/product_tag?post=27981"}],"curies":[{"name":"wp","href":"https:\/\/api.w.org\/{rel}","templated":true}]}}